{"id":3530,"date":"2024-11-06T09:00:03","date_gmt":"2024-11-06T09:00:03","guid":{"rendered":"https:\/\/nfc-readers.com\/?post_type=product&#038;p=3530"},"modified":"2024-11-06T09:00:03","modified_gmt":"2024-11-06T09:00:03","slug":"iso14443a-high-security-anti-fake-ntag-424-nfc-sticker","status":"publish","type":"product","link":"https:\/\/nfc-readers.com\/fr\/ic-reader\/iso14443a-high-security-anti-fake-ntag-424-nfc-sticker\/","title":{"rendered":"Autocollant NFC NTAG 424 anti-contrefa\u00e7on haute s\u00e9curit\u00e9 ISO14443A"},"content":{"rendered":"<h1 style=\"text-align: center;\"><strong>Autocollant NFC NTAG 424 anti-contrefa\u00e7on haute s\u00e9curit\u00e9 ISO14443A<\/strong><\/h1>\n<p>&nbsp;<\/p>\n<p>Le <strong>\u00c9tiquette NFC ADN NTAG 424<\/strong>\u00a0est une solution de pointe con\u00e7ue pour des applications anti-contrefa\u00e7on am\u00e9lior\u00e9es. Tirant parti du protocole ISO 14443A et dot\u00e9 de fonctionnalit\u00e9s de s\u00e9curit\u00e9 avanc\u00e9es, cet autocollant NFC est essentiel pour les marques qui cherchent \u00e0 prot\u00e9ger leur propri\u00e9t\u00e9 intellectuelle et \u00e0 renforcer la confiance des clients. Avec ses capacit\u00e9s de haute performance, sa conception facile \u00e0 utiliser et ses applications polyvalentes, l&#039;autocollant NFC NTAG 424 DNA n&#039;est pas seulement un produit, c&#039;est une passerelle s\u00e9curis\u00e9e vers un avenir plus intelligent.<\/p>\n<p>&nbsp;<\/p>\n<h3>Pr\u00e9sentation de l&#039;autocollant NFC NTAG 424 DNA<\/h3>\n<p>Le\u00a0<strong>\u00c9tiquette NFC ADN NTAG 424<\/strong>\u00a0repr\u00e9sente l&#039;avant-garde de la technologie NFC, en mettant l&#039;accent sur la maximisation de la s\u00e9curit\u00e9 pour diverses applications, en particulier dans le domaine de l&#039;authentification des produits. Cet autocollant NFC int\u00e8gre des fonctionnalit\u00e9s avanc\u00e9es de la puce ADN NTAG424, qui est capable de communiquer de mani\u00e8re s\u00e9curis\u00e9e et offre une excellente protection contre la contrefa\u00e7on. Avec des dimensions de\u00a0<strong>25 mm<\/strong>\u00a0diam\u00e8tre et\u00a0<strong>45 mm x 30 mm<\/strong>\u00a0pour les options rectangulaires, ce produit est con\u00e7u pour les marques qui valorisent l&#039;efficacit\u00e9 sans compromettre l&#039;esth\u00e9tique.<\/p>\n<p>&nbsp;<\/p>\n<h3>Principales caract\u00e9ristiques de l&#039;\u00e9tiquette NFC NTAG 424<\/h3>\n<p>L&#039;\u00e9tiquette NFC NTAG 424 DNA pr\u00e9sente plusieurs fonctionnalit\u00e9s sp\u00e9ciales con\u00e7ues pour am\u00e9liorer la fonctionnalit\u00e9 et la s\u00e9curit\u00e9 :<\/p>\n<ul>\n<li><strong>Conformit\u00e9 au protocole<\/strong>: La balise fonctionne sur le\u00a0<strong>OIN 14443A<\/strong>\u00a0protocole, garantissant la compatibilit\u00e9 avec une large gamme d&#039;appareils compatibles NFC.<\/li>\n<li><strong>Haute fr\u00e9quence de communication<\/strong>:Avec une fr\u00e9quence de\u00a0<strong>13,56 MHz<\/strong>, ces autocollants offrent des capacit\u00e9s de communication optimales pour un \u00e9change de donn\u00e9es fiable.<\/li>\n<li><strong>Options personnalisables<\/strong>:Les utilisateurs peuvent choisir parmi diff\u00e9rentes tailles et options d&#039;impression, notamment\u00a0<strong>Impression en couleurs CMJN<\/strong>,\u00a0<strong>impression offset<\/strong>, et\u00a0<strong>s\u00e9rigraphie<\/strong>, permettant des opportunit\u00e9s de branding uniques.<\/li>\n<\/ul>\n<p>Le NTAG 424 DNA prend \u00e9galement en charge la communication crypt\u00e9e, ce qui le rend id\u00e9al pour les applications sensibles telles que les syst\u00e8mes de paiement et l&#039;authentification s\u00e9curis\u00e9e.<\/p>\n<p>&nbsp;<\/p>\n<h3>Avantages des autocollants NFC pour la protection de la marque<\/h3>\n<p>Investir dans\u00a0<strong>Technologie NFC<\/strong>\u00a0comme l&#039;autocollant ADN NTAG 424 offre de nombreux avantages :<\/p>\n<ul>\n<li><strong>S\u00e9curit\u00e9 renforc\u00e9e<\/strong>:Avec ses fonctionnalit\u00e9s de haute s\u00e9curit\u00e9, l&#039;\u00e9tiquette NFC offre aux marques la tranquillit\u00e9 d&#039;esprit que leurs produits sont prot\u00e9g\u00e9s contre les contrefacteurs.<\/li>\n<li><strong>Augmentation de la confiance des consommateurs<\/strong>: Offrir aux consommateurs un moyen simple de v\u00e9rifier l&#039;authenticit\u00e9 du produit via leur\u00a0<strong>Smartphones compatibles NFC<\/strong>\u00a0peut renforcer la fid\u00e9lit\u00e9 et la confiance envers la marque.<\/li>\n<li><strong>Rentabilit\u00e9<\/strong>:Par rapport aux mesures de s\u00e9curit\u00e9 traditionnelles, les tags NFC offrent souvent une solution plus abordable pour prot\u00e9ger les produits.<\/li>\n<\/ul>\n<p>&nbsp;<\/p>\n<h3>Sp\u00e9cifications techniques de l&#039;ADN NTAG 424<\/h3>\n<table class=\"w-fit !mb-0 !max-w-none\">\n<thead>\n<tr>\n<th>Sp\u00e9cification<\/th>\n<th>D\u00e9tails<\/th>\n<\/tr>\n<\/thead>\n<tbody>\n<tr>\n<td><strong>\u00c9br\u00e9cher<\/strong><\/td>\n<td>ADN NTAG424<\/td>\n<\/tr>\n<tr>\n<td><strong>Fr\u00e9quence<\/strong><\/td>\n<td>13,56 MHz<\/td>\n<\/tr>\n<tr>\n<td><strong>Interface de Communication<\/strong><\/td>\n<td>NFC, RFID<\/td>\n<\/tr>\n<tr>\n<td><strong>Distance de lecture<\/strong><\/td>\n<td>1-10 cm<\/td>\n<\/tr>\n<tr>\n<td><strong>Mat\u00e9riel<\/strong><\/td>\n<td>Papier couch\u00e9, PET<\/td>\n<\/tr>\n<tr>\n<td><strong>Options de taille<\/strong><\/td>\n<td>Diam\u00e8tre : 25 mm, Rectangulaire : 45 mm x 30 mm ou personnalis\u00e9<\/td>\n<\/tr>\n<tr>\n<td><strong>Taille de l&#039;emballage<\/strong><\/td>\n<td>0,3 x 0,3 x 0,02 cm<\/td>\n<\/tr>\n<tr>\n<td><strong>Poids brut<\/strong><\/td>\n<td>0,001 kg<\/td>\n<\/tr>\n<\/tbody>\n<\/table>\n<p>&nbsp;<\/p>\n<h3>Questions fr\u00e9quemment pos\u00e9es (FAQ)<\/h3>\n<h4>1.\u00a0<strong>Qu&#039;est-ce que le tag NFC NTAG 424 DNA et comment fonctionne-t-il ?<\/strong><\/h4>\n<p>Le tag NFC NTAG 424 DNA est un autocollant NFC haute s\u00e9curit\u00e9 qui permet aux utilisateurs d&#039;authentifier des produits \u00e0 l&#039;aide de leurs smartphones compatibles NFC. Il fonctionne sur le protocole ISO 14443A \u00e0 une fr\u00e9quence de 13,56 MHz, ce qui permet une communication et un transfert de donn\u00e9es s\u00e9curis\u00e9s entre le tag et les appareils compatibles.<\/p>\n<h4>2.\u00a0<strong>Quelles sont les principales caract\u00e9ristiques de l\u2019ADN NTAG 424 ?<\/strong><\/h4>\n<p>Les principales caract\u00e9ristiques comprennent\u00a0:<\/p>\n<ul>\n<li>Authentification dynamique pour une s\u00e9curit\u00e9 renforc\u00e9e.<\/li>\n<li>Technologie anti-effraction pour emp\u00eacher tout acc\u00e8s non autoris\u00e9.<\/li>\n<li>Tailles personnalisables et options d&#039;impression pour la personnalisation.<\/li>\n<li>Distance de lecture de 1 \u00e0 10 cm, adapt\u00e9e \u00e0 diverses applications.<\/li>\n<\/ul>\n<h4>3.\u00a0<strong>Comment puis-je utiliser le tag NFC NTAG 424 DNA ?<\/strong><\/h4>\n<p>Le tag NFC peut \u00eatre utilis\u00e9 pour :<\/p>\n<ul>\n<li>Authentification des produits pour v\u00e9rifier la l\u00e9gitimit\u00e9 des articles.<\/li>\n<li>Billetterie \u00e9v\u00e9nementielle en fournissant un moyen d&#039;acc\u00e8s s\u00e9curis\u00e9 et facilement lisible.<\/li>\n<li>Emballage intelligent pour am\u00e9liorer l&#039;engagement client gr\u00e2ce aux informations sur les produits et au contenu promotionnel.<\/li>\n<\/ul>\n<h4>4.\u00a0<strong>Quels mat\u00e9riaux sont utilis\u00e9s dans l&#039;\u00e9tiquette NFC NTAG 424 DNA ?<\/strong><\/h4>\n<p>L&#039;\u00e9tiquette NFC NTAG 424 DNA est principalement compos\u00e9e de papier couch\u00e9 et de PET, offrant durabilit\u00e9 et flexibilit\u00e9 pour diverses applications.<\/p>","protected":false},"excerpt":{"rendered":"<p>Le\u00a0<strong>Autocollant NFC NTAG 424 anti-contrefa\u00e7on haute s\u00e9curit\u00e9 ISO14443A<\/strong>\u00a0est une solution de pointe con\u00e7ue pour l&#039;authentification s\u00e9curis\u00e9e des produits et les mesures anti-contrefa\u00e7on. Gr\u00e2ce \u00e0 un cryptage avanc\u00e9 et \u00e0 des fonctionnalit\u00e9s d&#039;authentification dynamique, cet autocollant NFC permet aux marques de prot\u00e9ger leurs produits et de renforcer la confiance des consommateurs sans effort.<\/p>","protected":false},"featured_media":3531,"template":"","meta":[],"product_brand":[],"product_cat":[48],"product_tag":[],"class_list":{"0":"post-3530","1":"product","2":"type-product","3":"status-publish","4":"has-post-thumbnail","6":"product_cat-nfc-stickers","8":"first","9":"instock","10":"shipping-taxable","11":"product-type-simple"},"_links":{"self":[{"href":"https:\/\/nfc-readers.com\/fr\/wp-json\/wp\/v2\/product\/3530","targetHints":{"allow":["GET"]}}],"collection":[{"href":"https:\/\/nfc-readers.com\/fr\/wp-json\/wp\/v2\/product"}],"about":[{"href":"https:\/\/nfc-readers.com\/fr\/wp-json\/wp\/v2\/types\/product"}],"wp:featuredmedia":[{"embeddable":true,"href":"https:\/\/nfc-readers.com\/fr\/wp-json\/wp\/v2\/media\/3531"}],"wp:attachment":[{"href":"https:\/\/nfc-readers.com\/fr\/wp-json\/wp\/v2\/media?parent=3530"}],"wp:term":[{"taxonomy":"product_brand","embeddable":true,"href":"https:\/\/nfc-readers.com\/fr\/wp-json\/wp\/v2\/product_brand?post=3530"},{"taxonomy":"product_cat","embeddable":true,"href":"https:\/\/nfc-readers.com\/fr\/wp-json\/wp\/v2\/product_cat?post=3530"},{"taxonomy":"product_tag","embeddable":true,"href":"https:\/\/nfc-readers.com\/fr\/wp-json\/wp\/v2\/product_tag?post=3530"}],"curies":[{"name":"wp","href":"https:\/\/api.w.org\/{rel}","templated":true}]}}