{"id":3537,"date":"2024-11-06T10:55:59","date_gmt":"2024-11-06T10:55:59","guid":{"rendered":"https:\/\/nfc-readers.com\/?post_type=product&#038;p=3537"},"modified":"2024-11-06T10:56:00","modified_gmt":"2024-11-06T10:56:00","slug":"customize-replicable-uid-iso14443a-rfid-card-for-attendance","status":"publish","type":"product","link":"https:\/\/nfc-readers.com\/fr\/ic-reader\/customize-replicable-uid-iso14443a-rfid-card-for-attendance\/","title":{"rendered":"personnaliser la carte RFID uid r\u00e9plicable iso14443A pour la pr\u00e9sence"},"content":{"rendered":"<h1 style=\"text-align: center;\"><span style=\"color: #000080;\"><strong>personnaliser la carte RFID uid r\u00e9plicable iso14443A pour la pr\u00e9sence<\/strong><\/span><\/h1>\n<p><span style=\"color: #666699;\"><strong>La carte RFID ISO14443A UID r\u00e9plicable et personnalisable pour la pr\u00e9sence r\u00e9volutionne la fa\u00e7on dont les organisations g\u00e8rent la pr\u00e9sence et le contr\u00f4le d&#039;acc\u00e8s. Con\u00e7ues pour \u00eatre polyvalentes et fiables, ces cartes offrent une exp\u00e9rience transparente pour le suivi des pr\u00e9sences, l&#039;am\u00e9lioration de la s\u00e9curit\u00e9 et la simplification du flux de travail dans diverses applications. Avec des fonctionnalit\u00e9s robustes et une conception conviviale, cette carte RFID est un incontournable pour les entreprises en qu\u00eate d&#039;efficacit\u00e9 et de s\u00e9curit\u00e9.<\/strong><\/span><\/p>\n<p><span style=\"color: #666699;\"><strong>Avantages du produit et pourquoi vous devriez l&#039;acheter - Suivi transparent des pr\u00e9sences : la carte RFID UID ISO14443A simplifie le processus de pr\u00e9sence. Les utilisateurs peuvent rapidement placer leurs cartes sur un lecteur, enregistrant instantan\u00e9ment leur pr\u00e9sence sans avoir \u00e0 effectuer des enregistrements manuels.<\/strong><\/span><\/p>\n<ul>\n<li><strong>Options personnalisables<\/strong>:Adaptez la conception et les fonctionnalit\u00e9s de ces cartes RFID pour r\u00e9pondre aux besoins sp\u00e9cifiques de votre organisation. Que ce soit pour une entreprise, une \u00e9cole ou un \u00e9v\u00e9nement, la personnalisation garantit que chaque carte est parfaitement adapt\u00e9e \u00e0 son objectif.<\/li>\n<li><strong>Fiabilit\u00e9 et durabilit\u00e9<\/strong>:Fabriqu\u00e9es \u00e0 partir de mat\u00e9riaux PVC\/PET de haute qualit\u00e9, ces cartes sont con\u00e7ues pour r\u00e9sister \u00e0 une utilisation quotidienne. Leurs caract\u00e9ristiques d&#039;\u00e9tanch\u00e9it\u00e9 et de r\u00e9sistance aux intemp\u00e9ries garantissent long\u00e9vit\u00e9 et fiabilit\u00e9, essentielles pour tout syst\u00e8me de contr\u00f4le d&#039;acc\u00e8s.<\/li>\n<li><strong>Solution \u00e9conomique<\/strong>:L&#039;investissement dans ces cartes RFID r\u00e9duit le temps et les ressources consacr\u00e9s aux syst\u00e8mes de pr\u00e9sence manuels. De plus, leur faible co\u00fbt initial et leur grande durabilit\u00e9 signifient qu&#039;elles dureront plus longtemps que les syst\u00e8mes papier traditionnels.<\/li>\n<\/ul>\n<p>&nbsp;<\/p>\n<p>&nbsp;<\/p>\n<h2 style=\"text-align: center;\"><span style=\"color: #000080;\"><em><strong>Pr\u00e9sentation des produits MIFARE<\/strong><\/em><\/span><\/h2>\n<p><strong>La technologie MIFARE, d\u00e9velopp\u00e9e par NXP Semiconductors, est une solution leader pour les cartes \u00e0 puce sans contact et les applications RFID. <\/strong><\/p>\n<p><span style=\"color: #008080;\"><strong>La carte MIFARE Classic1K, pr\u00e9sente dans nos cartes UID personnalis\u00e9es, est particuli\u00e8rement reconnue pour sa fiabilit\u00e9 dans les syst\u00e8mes de contr\u00f4le d&#039;acc\u00e8s et d&#039;identification s\u00e9curis\u00e9e. Cette carte \u00e0 puce fonctionne parfaitement avec diff\u00e9rents lecteurs, ce qui en fait un standard du secteur.<\/strong><\/span><\/p>\n<p>&nbsp;<\/p>\n<p>&nbsp;<\/p>\n<h2 style=\"text-align: center;\"><em><span style=\"color: #000080;\"><strong>Principales caract\u00e9ristiques de la carte RFID UID personnalis\u00e9e<\/strong><\/span><\/em><\/h2>\n<h4>Le\u00a0<strong>Personnalisez la carte RFID ISO14443A UID r\u00e9plicable pour la pr\u00e9sence<\/strong>\u00a0est livr\u00e9 avec des fonctionnalit\u00e9s de pointe :<\/h4>\n<ul>\n<li><strong>Imperm\u00e9able et r\u00e9sistant aux intemp\u00e9ries<\/strong>:Ces cartes peuvent r\u00e9sister aux environnements difficiles, garantissant des performances continues.<\/li>\n<li><strong>Personnalisation facile<\/strong>: Choisissez parmi diff\u00e9rentes options d&#039;impression telles que\u00a0<strong>Impression CMJN4C<\/strong>, l&#039;offset, la s\u00e9rigraphie, le codage laser et l&#039;encre UV, permettant aux organisations de personnaliser efficacement chaque carte.<\/li>\n<li><strong>Interface de Communication<\/strong>:Les cartes utilisent la technologie RFID et NFC, permettant une communication rapide avec les lecteurs \u00e0 une fr\u00e9quence de 13,56 MHz.<\/li>\n<\/ul>\n<p>&nbsp;<\/p>\n<p>&nbsp;<\/p>\n<h2 style=\"text-align: center;\"><em><span style=\"color: #000080;\"><strong>Sp\u00e9cifications techniques<\/strong><\/span><\/em><\/h2>\n<p style=\"text-align: left;\">\n|\u00a0<strong>Mod\u00e8le de puce<\/strong>\u00a0|MIFARE Classic1K |<br \/>\n|\u00a0<strong>Distance de lecture<\/strong> |2-10 cm |<br \/>\n|\u00a0<strong>Taille<\/strong>\u00a0|85,5 x 54 mm |<br \/>\n|\u00a0<strong>Mat\u00e9riel<\/strong>\u00a0| PVC\/PET |<br \/>\n|\u00a0<strong>Fonctionnalit\u00e9s sp\u00e9ciales<\/strong>\u00a0| Imperm\u00e9able, r\u00e9sistant aux intemp\u00e9ries |<br \/>\n|\u00a0<strong>Lieu d&#039;origine<\/strong>\u00a0| Guangdong, Chine |<br \/>\n|\u00a0<strong>Artisanat<\/strong>\u00a0| Code laser, encre UV, num\u00e9ro de s\u00e9rie, gaufrage, impression thermique |<br \/>\n|\u00a0<strong>Unit\u00e9s de vente<\/strong>\u00a0| Article unique |<br \/>\n|\u00a0<strong>Taille de l&#039;emballage<\/strong>\u00a0|8,55 x 5,4 x 0,08 cm |<br \/>\n|\u00a0<strong>Poids<\/strong>\u00a0|0,006 kg |<\/p>\n<p>&nbsp;<\/p>\n<p>&nbsp;<\/p>\n<h3 style=\"text-align: center;\"><span style=\"color: #000080;\"><em><strong>Applications des cartes RFID<\/strong><\/em><\/span><\/h3>\n<h4>Le\u00a0<strong>Personnalisez la carte RFID ISO14443A UID r\u00e9plicable pour la pr\u00e9sence<\/strong>\u00a0peut \u00eatre utilis\u00e9 dans divers secteurs, notamment :<\/h4>\n<ul>\n<li><strong>Contr\u00f4le d&#039;acc\u00e8s<\/strong>:Id\u00e9ales pour contr\u00f4ler l&#039;entr\u00e9e dans les zones s\u00e9curis\u00e9es, ces cartes garantissent que seul le personnel autoris\u00e9 peut y acc\u00e9der.<\/li>\n<li><strong>Suivi de pr\u00e9sence<\/strong>:Parfait pour les \u00e9coles et les bureaux d&#039;entreprise o\u00f9 l&#039;enregistrement des pr\u00e9sences est essentiel. La fonction de saisie rapide r\u00e9duit consid\u00e9rablement le temps consacr\u00e9 aux journaux manuels.<\/li>\n<li><strong>Transports en commun<\/strong>:Am\u00e9liorer le confort des utilisateurs dans les syst\u00e8mes de transport en commun en permettant un embarquement rapide gr\u00e2ce \u00e0 la technologie sans contact.<\/li>\n<\/ul>\n<p>&nbsp;<\/p>\n<p>&nbsp;<\/p>\n<h2 style=\"text-align: center;\"><span style=\"color: #000080;\"><em><strong>Impact environnemental et durabilit\u00e9<\/strong><\/em><\/span><\/h2>\n<p><strong>Le choix des cartes RFID personnalisables UID r\u00e9plicables ISO14443A contribue \u00e0 des pratiques durables. Leur durabilit\u00e9 signifie moins de remplacements et de d\u00e9chets, minimisant ainsi l&#039;empreinte environnementale associ\u00e9e aux cartes papier ou plastique standard.<\/strong><\/p>\n<p>&nbsp;<\/p>\n<p>&nbsp;<\/p>\n<h2 style=\"text-align: center;\"><em><span style=\"color: #000080;\"><strong>Avis et t\u00e9moignages de clients<\/strong><\/span><\/em><\/h2>\n<p><span style=\"color: #008080;\">\u00ab Ces cartes RFID ont rendu le suivi des pr\u00e9sences dans notre \u00e9cole beaucoup plus simple ! Les options de personnalisation ont \u00e9t\u00e9 un \u00e9norme avantage. \u00bb \u2013 <em>Emily R., administratrice scolaire<\/em><\/span><\/p>\n<blockquote><p>\u00ab Tr\u00e8s fiables et durables. Nous les utilisons dans notre syst\u00e8me de contr\u00f4le d&#039;acc\u00e8s depuis des mois maintenant sans aucun probl\u00e8me. \u00bb<\/p><\/blockquote>","protected":false},"excerpt":{"rendered":"<p>Carte RFID personnalisable pour un suivi efficace des pr\u00e9sences et un contr\u00f4le d&#039;acc\u00e8s s\u00e9curis\u00e9, dot\u00e9e de la technologie MIFARE Classic1K et d&#039;un mat\u00e9riau PVC\/PET durable.<\/p>","protected":false},"featured_media":3357,"template":"","meta":[],"product_brand":[],"product_cat":[46],"product_tag":[],"class_list":{"0":"post-3537","1":"product","2":"type-product","3":"status-publish","4":"has-post-thumbnail","6":"product_cat-nfc-cards","8":"first","9":"instock","10":"shipping-taxable","11":"product-type-simple"},"_links":{"self":[{"href":"https:\/\/nfc-readers.com\/fr\/wp-json\/wp\/v2\/product\/3537","targetHints":{"allow":["GET"]}}],"collection":[{"href":"https:\/\/nfc-readers.com\/fr\/wp-json\/wp\/v2\/product"}],"about":[{"href":"https:\/\/nfc-readers.com\/fr\/wp-json\/wp\/v2\/types\/product"}],"wp:featuredmedia":[{"embeddable":true,"href":"https:\/\/nfc-readers.com\/fr\/wp-json\/wp\/v2\/media\/3357"}],"wp:attachment":[{"href":"https:\/\/nfc-readers.com\/fr\/wp-json\/wp\/v2\/media?parent=3537"}],"wp:term":[{"taxonomy":"product_brand","embeddable":true,"href":"https:\/\/nfc-readers.com\/fr\/wp-json\/wp\/v2\/product_brand?post=3537"},{"taxonomy":"product_cat","embeddable":true,"href":"https:\/\/nfc-readers.com\/fr\/wp-json\/wp\/v2\/product_cat?post=3537"},{"taxonomy":"product_tag","embeddable":true,"href":"https:\/\/nfc-readers.com\/fr\/wp-json\/wp\/v2\/product_tag?post=3537"}],"curies":[{"name":"wp","href":"https:\/\/api.w.org\/{rel}","templated":true}]}}