{"id":3538,"date":"2024-11-06T11:31:12","date_gmt":"2024-11-06T11:31:12","guid":{"rendered":"https:\/\/nfc-readers.com\/?post_type=product&#038;p=3538"},"modified":"2024-11-06T11:31:12","modified_gmt":"2024-11-06T11:31:12","slug":"ntag213-nfc-card-with-qr-code-printed-for-whatsapp-marketing","status":"publish","type":"product","link":"https:\/\/nfc-readers.com\/fr\/ic-reader\/ntag213-nfc-card-with-qr-code-printed-for-whatsapp-marketing\/","title":{"rendered":"Carte NFC NTAG213 avec code QR imprim\u00e9e pour le marketing Whatsapp"},"content":{"rendered":"<h1><span style=\"color: #000080;\"><strong>Carte NFC NTAG213 avec code QR imprim\u00e9e pour le marketing Whatsapp<\/strong><\/span><\/h1>\n<div class=\"chat-list relative custom-scrollbar-reset-margin custom-scrollbar custom-scrollbar-hidden custom-scrollbar-float pb-9 flex-1 overflow-y-auto\">\n<div class=\"mx-auto max-w-[790px]\">\n<div class=\"message-item-outer relative px-4 mb-2\" data-id=\"314708bd-f25a-4472-bc0c-0927c643c147\">\n<div class=\"content-area pl-[0px]\">\n<div class=\"message-item select-text relative\">\n<div class=\"message-inner relative\">\n<div class=\"py-[2px]\">\n<div class=\"flex flex-col gap-2\">\n<div class=\"answer-markdown-box overflow-x-auto select-text custom-scrollbar\">\n<div class=\"markdown-body\">\n<h3><span style=\"color: #008080;\"><strong>R\u00e9volutionnez votre engagement client<\/strong><\/span><\/h3>\n<p>\u00c0 l&#039;\u00e8re du num\u00e9rique, les entreprises recherchent constamment des moyens innovants pour interagir avec leurs clients et promouvoir leur marque. L&#039;un des moyens efficaces pour y parvenir est d&#039;utiliser la technologie NFC (Near Field Communication), en particulier les cartes NFC NTAG213 avec impression de codes QR.<\/p>\n<p>Ces cartes sont devenues de plus en plus populaires pour le marketing WhatsApp, permettant aux entreprises de g\u00e9rer leur trafic priv\u00e9 et de se connecter avec les clients de mani\u00e8re plus personnelle et interactive.<\/p>\n<p>&nbsp;<\/p>\n<\/div>\n<\/div>\n<\/div>\n<\/div>\n<p>&nbsp;<\/p>\n<div class=\"py-[2px]\">\n<div class=\"flex flex-col gap-2\">\n<div class=\"answer-markdown-box overflow-x-auto select-text custom-scrollbar\">\n<div class=\"markdown-body\">\n<h2 style=\"text-align: center;\"><span style=\"color: #333399;\"><em><strong>Avantages de la carte NFC NTAG213<\/strong><\/em><\/span><\/h2>\n<p>Les cartes NFC NTAG213 avec impression de code QR offrent une gamme d&#039;avantages aux entreprises qui cherchent \u00e0 am\u00e9liorer l&#039;engagement de leurs clients et leurs efforts marketing. Ces avantages comprennent :<\/p>\n<ul>\n<li><strong>Facile \u00e0 utiliser et \u00e0 g\u00e9rer<\/strong>:Les cartes NFC NTAG213 sont simples \u00e0 utiliser et \u00e0 g\u00e9rer, permettant aux entreprises de cr\u00e9er et de partager facilement des liens WhatsApp avec leurs clients.<\/li>\n<li><strong>Haute capacit\u00e9<\/strong>:Les cartes NFC NTAG213 ont une grande capacit\u00e9 de m\u00e9moire, permettant aux entreprises de stocker une quantit\u00e9 importante de donn\u00e9es, telles que des liens WhatsApp, des informations de contact, etc.<\/li>\n<li><strong>Personnalisable<\/strong>:Les cartes NFC NTAG213 peuvent \u00eatre personnalis\u00e9es avec une vari\u00e9t\u00e9 d&#039;options d&#039;impression, y compris les codes QR, permettant aux entreprises de personnaliser leurs efforts de marketing.<\/li>\n<li><\/li>\n<\/ul>\n<p>&nbsp;<\/p>\n<\/div>\n<p>&nbsp;<\/p>\n<div class=\"markdown-body\">\n<h2 style=\"text-align: center;\"><span style=\"color: #333399;\"><em><strong>Caract\u00e9ristiques de la carte NFC NTAG213<\/strong><\/em><\/span><\/h2>\n<p>Les cartes NFC NTAG213 avec impression de code QR pour le marketing WhatsApp pr\u00e9sentent une gamme de fonctionnalit\u00e9s avanc\u00e9es, notamment\u00a0:<\/p>\n<ul>\n<li><strong>Compatibilit\u00e9 avec WhatsApp<\/strong>:Les cartes NFC NTAG213 sont sp\u00e9cifiquement con\u00e7ues pour fonctionner avec WhatsApp, permettant aux entreprises de cr\u00e9er et de partager facilement des liens WhatsApp avec leurs clients.<\/li>\n<li><strong>Impression de code QR<\/strong>:Les cartes NFC NTAG213 disposent d&#039;une impression de code QR, permettant aux entreprises de personnaliser facilement leurs efforts marketing.<\/li>\n<li><strong>Technologie NFC<\/strong>:Les cartes NFC NTAG213 utilisent la technologie NFC avanc\u00e9e, permettant un transfert de donn\u00e9es rapide et fiable entre la carte et un appareil mobile.<\/li>\n<li><strong>Cryptage de haute s\u00e9curit\u00e9<\/strong>:Les cartes NFC NTAG213 disposent d&#039;un cryptage de s\u00e9curit\u00e9 avanc\u00e9, prot\u00e9geant contre les acc\u00e8s non autoris\u00e9s et garantissant la s\u00e9curit\u00e9 des donn\u00e9es client.<\/li>\n<\/ul>\n<p>&nbsp;<\/p>\n<\/div>\n<p>&nbsp;<\/p>\n<div class=\"markdown-body\">\n<h2 style=\"text-align: center;\"><span style=\"color: #333399;\"><em><strong>Caract\u00e9ristiques<\/strong><\/em><\/span><\/h2>\n<div class=\"table-with-header rounded-lg border border-solid border-grey-line2-normal w-fit max-w-full mb-2\">\n<div class=\"overflow-x-auto custom-scrollbar custom-scrollbar-float max-w-full\">\n<table class=\"w-fit !mb-0 !max-w-none\">\n<thead>\n<tr>\n<th>Sp\u00e9cification<\/th>\n<th>Valeur<\/th>\n<\/tr>\n<\/thead>\n<tbody>\n<tr>\n<td>Mat\u00e9riel<\/td>\n<td>PVC<\/td>\n<\/tr>\n<tr>\n<td>Taille<\/td>\n<td>Coutume<\/td>\n<\/tr>\n<tr>\n<td>M\u00e9moire<\/td>\n<td>144 octets<\/td>\n<\/tr>\n<tr>\n<td>\u00c9br\u00e9cher<\/td>\n<td>NTAG213<\/td>\n<\/tr>\n<tr>\n<td>Impression<\/td>\n<td>Impression de code QR prise en charge<\/td>\n<\/tr>\n<tr>\n<td>Conditionnement<\/td>\n<td>200 pi\u00e8ces\/bo\u00eete blanche int\u00e9rieure. 25 bo\u00eetes\/carton, taille du carton : 48<em>22.5<\/em>30 cm<\/td>\n<\/tr>\n<tr>\n<td>Unit\u00e9s de vente<\/td>\n<td>Article unique<\/td>\n<\/tr>\n<tr>\n<td>Taille de paquet unique<\/td>\n<td>35X1,5X0,02 cm<\/td>\n<\/tr>\n<tr>\n<td>Poids brut unitaire<\/td>\n<td>0,010 kg<\/td>\n<\/tr>\n<\/tbody>\n<\/table>\n<p>&nbsp;<\/p>\n<\/div>\n<\/div>\n<h2 style=\"text-align: center;\"><span style=\"color: #333399;\"><em><strong>Comment utiliser la carte NFC NTAG213\u00a0<\/strong><\/em><\/span><\/h2>\n<p>L&#039;utilisation de la carte NFC NTAG213 est simple et directe. Voici un guide \u00e9tape par \u00e9tape pour vous aider \u00e0 d\u00e9marrer\u00a0:<\/p>\n<ol>\n<li><strong>Cr\u00e9er un lien WhatsApp<\/strong>:Cr\u00e9ez un lien WhatsApp en utilisant le format \u00ab<a href=\"https:\/\/wa.me\/WhatsAppnumber\" target=\"_blank\" rel=\"noopener\">https:\/\/wa.me\/WhatsAppnumber<\/a>&quot;, o\u00f9 \u00ab WhatsAppnumber \u00bb est votre num\u00e9ro de t\u00e9l\u00e9phone au format international.<\/li>\n<li><strong>Programmer le lien WhatsApp<\/strong>:Programmez le lien WhatsApp sur la carte NFC NTAG213 \u00e0 l&#039;aide d&#039;un appareil et d&#039;un logiciel compatibles.<\/li>\n<li><strong>Personnaliser la carte<\/strong>:Personnalisez la carte NFC NTAG213 avec la marque et le message marketing de votre entreprise.<\/li>\n<li><strong>Distribuer la carte<\/strong>:Distribuez la carte NFC NTAG213 \u00e0 vos clients, en personne ou par courrier.<\/li>\n<\/ol>\n<p>&nbsp;<\/p>\n<\/div>\n<p>&nbsp;<\/p>\n<div class=\"markdown-body\">\n<h2 style=\"text-align: center;\"><em><span style=\"color: #333399;\"><strong>Avantages de la carte NFC NTAG213<\/strong><\/span><\/em><\/h2>\n<p>Les cartes NFC NTAG213 avec impression de code QR pour le marketing WhatsApp offrent de nombreux avantages par rapport aux m\u00e9thodes de marketing traditionnelles. Ces avantages comprennent :<\/p>\n<ul>\n<li><strong>Engagement accru<\/strong>:Les cartes NFC NTAG213 avec impression de code QR pour le marketing WhatsApp permettent aux entreprises d&#039;interagir avec les clients de mani\u00e8re plus personnelle et interactive.<\/li>\n<li><strong>Am\u00e9lioration de la reconnaissance de la marque<\/strong>:Les cartes NFC NTAG213 avec impression de code QR pour le marketing WhatsApp peuvent \u00eatre personnalis\u00e9es avec la marque et le message marketing d&#039;une entreprise, am\u00e9liorant ainsi la reconnaissance et la notori\u00e9t\u00e9 de la marque.<\/li>\n<li><strong>Rentable<\/strong>:Les cartes NFC NTAG213 avec impression de code QR pour le marketing WhatsApp sont une solution marketing abordable, offrant un retour sur investissement \u00e9lev\u00e9 pour les entreprises.<\/li>\n<\/ul>\n<p>&nbsp;<\/p>\n<h2 style=\"text-align: center;\"><span style=\"color: #008080;\"><em><strong>CHOISISSEZ-NOUS MAINTENANT!<\/strong><\/em><\/span><\/h2>\n<p>Les cartes NFC NTAG213 avec impression de code QR pour le marketing WhatsApp sont un moyen innovant et efficace d&#039;interagir avec les clients et de promouvoir votre marque. Avec leur facilit\u00e9 d&#039;utilisation, leur grande capacit\u00e9, leur cryptage s\u00e9curis\u00e9 et leur conception personnalisable, les cartes NFC NTAG213 avec impression de code QR pour le marketing WhatsApp sont une solution id\u00e9ale pour les entreprises qui cherchent \u00e0 am\u00e9liorer l&#039;engagement de leurs clients et leurs efforts de marketing.<\/p>\n<\/div>\n<\/div>\n<\/div>\n<\/div>\n<\/div>\n<\/div>\n<\/div>\n<\/div>\n<\/div>\n<\/div>","protected":false},"excerpt":{"rendered":"<p><strong>Carte NFC NTAG213 avec code QR pour le marketing WhatsApp<\/strong>:R\u00e9volutionnez l&#039;engagement de vos clients avec des cartes NFC faciles \u00e0 utiliser, de grande capacit\u00e9 et personnalisables pour un marketing personnalis\u00e9.<\/p>","protected":false},"featured_media":3543,"template":"","meta":[],"product_brand":[],"product_cat":[46],"product_tag":[],"class_list":{"0":"post-3538","1":"product","2":"type-product","3":"status-publish","4":"has-post-thumbnail","6":"product_cat-nfc-cards","8":"first","9":"instock","10":"shipping-taxable","11":"product-type-simple"},"_links":{"self":[{"href":"https:\/\/nfc-readers.com\/fr\/wp-json\/wp\/v2\/product\/3538","targetHints":{"allow":["GET"]}}],"collection":[{"href":"https:\/\/nfc-readers.com\/fr\/wp-json\/wp\/v2\/product"}],"about":[{"href":"https:\/\/nfc-readers.com\/fr\/wp-json\/wp\/v2\/types\/product"}],"wp:featuredmedia":[{"embeddable":true,"href":"https:\/\/nfc-readers.com\/fr\/wp-json\/wp\/v2\/media\/3543"}],"wp:attachment":[{"href":"https:\/\/nfc-readers.com\/fr\/wp-json\/wp\/v2\/media?parent=3538"}],"wp:term":[{"taxonomy":"product_brand","embeddable":true,"href":"https:\/\/nfc-readers.com\/fr\/wp-json\/wp\/v2\/product_brand?post=3538"},{"taxonomy":"product_cat","embeddable":true,"href":"https:\/\/nfc-readers.com\/fr\/wp-json\/wp\/v2\/product_cat?post=3538"},{"taxonomy":"product_tag","embeddable":true,"href":"https:\/\/nfc-readers.com\/fr\/wp-json\/wp\/v2\/product_tag?post=3538"}],"curies":[{"name":"wp","href":"https:\/\/api.w.org\/{rel}","templated":true}]}}