{"id":3553,"date":"2024-11-06T12:50:53","date_gmt":"2024-11-06T12:50:53","guid":{"rendered":"https:\/\/nfc-readers.com\/?post_type=product&#038;p=3553"},"modified":"2024-11-06T12:50:53","modified_gmt":"2024-11-06T12:50:53","slug":"nfc-rfid-sticker-alien-h9-9662-9654-9610-9640-long-read-range","status":"publish","type":"product","link":"https:\/\/nfc-readers.com\/fr\/ic-reader\/nfc-rfid-sticker-alien-h9-9662-9654-9610-9640-long-read-range\/","title":{"rendered":"Autocollant NFC RFID Alien H9 9662 9654 9610 9640 Longue port\u00e9e de lecture"},"content":{"rendered":"<h1 style=\"text-align: center;\"><strong>Autocollant NFC RFID Alien H9 9662 9654 9610 9640 Longue port\u00e9e de lecture<\/strong><\/h1>\n<p>Dans le monde num\u00e9rique d&#039;aujourd&#039;hui, o\u00f9 tout \u00e9volue \u00e0 un rythme effr\u00e9n\u00e9, une communication et un transfert d&#039;informations efficaces peuvent grandement am\u00e9liorer l&#039;efficacit\u00e9 op\u00e9rationnelle. <strong>Autocollant NFC RFID Alien H9<\/strong>\u00a0est une solution exceptionnelle, b\u00e9n\u00e9ficiant d&#039;une\u00a0<strong>longue port\u00e9e de lecture<\/strong>\u00a0et des fonctionnalit\u00e9s avanc\u00e9es qui r\u00e9pondent \u00e0 diverses applications, notamment le stationnement, la gestion des stocks, etc. Avec une distance de lecture impressionnante de\u00a0<strong>3-7 m\u00e8tres<\/strong>, cet autocollant polyvalent assure une interaction transparente entre les appareils compatibles NFC, r\u00e9volutionnant la fa\u00e7on dont les utilisateurs interagissent avec les donn\u00e9es.<\/p>\n<p>En int\u00e9grant une technologie de pointe dans un format compact, l&#039;\u00e9tiquette Alien H9 peut am\u00e9liorer vos processus commerciaux, am\u00e9liorer l&#039;exp\u00e9rience client et faciliter une connectivit\u00e9 sans effort. D\u00e9couvrez les avantages incroyables de l&#039;autocollant RFID NFC Alien H9 pour comprendre pourquoi il s&#039;agit d&#039;un investissement rentable pour vos besoins.<\/p>\n<p>&nbsp;<\/p>\n<h2>Pr\u00e9sentation des technologies NFC et RFID<\/h2>\n<p>NFC (Near Field Communication) et RFID (Radio Frequency Identification) sont des technologies de communication sans fil puissantes qui facilitent l&#039;\u00e9change de donn\u00e9es entre les appareils. NFC permet des transactions et des interactions s\u00e9curis\u00e9es \u00e0 courte distance, tandis que RFID permet des lectures \u00e0 plus longue port\u00e9e, ce qui la rend essentielle pour divers secteurs.\u00a0<strong>Alien H9<\/strong>\u00a0L&#039;autocollant RFID NFC combine ces deux technologies, exploitant une fr\u00e9quence de\u00a0<strong>860-960 MHz<\/strong>, garantissant des performances optimales dans diverses applications.<\/p>\n<p>&nbsp;<\/p>\n<h2>Sp\u00e9cifications principales de l&#039;autocollant NFC RFID Alien H9<\/h2>\n<p>Le\u00a0<strong>Autocollant NFC RFID Alien H9<\/strong>\u00a0est \u00e9quip\u00e9 d&#039;une vari\u00e9t\u00e9 de fonctionnalit\u00e9s et de sp\u00e9cifications con\u00e7ues pour r\u00e9pondre aux exigences technologiques modernes\u00a0:<\/p>\n<ul>\n<li><strong>Type de puce<\/strong>: Alien H9<\/li>\n<li><strong>Taille de l&#039;\u00e9tiquette<\/strong>: 92 x 26 mm<\/li>\n<li><strong>Taille de l&#039;antenne<\/strong>: 70 x 17 mm<\/li>\n<li><strong>M\u00e9moire EPC<\/strong>: 128 bits<\/li>\n<li><strong>Distance de lecture<\/strong>:En moyenne, 3 \u00e0 7 m\u00e8tres<\/li>\n<li><strong>Fr\u00e9quence<\/strong>:Fonctionne \u00e0 860-960 MHz<\/li>\n<li><strong>Origine de la production<\/strong>:Guangdong, Chine<\/li>\n<li><strong>Marque<\/strong>:SX<\/li>\n<li><strong>Num\u00e9ro de mod\u00e8le<\/strong>:SX-050<\/li>\n<\/ul>\n<p>Ces sp\u00e9cifications mettent en \u00e9vidence la conception haute performance et efficace qui fait de l&#039;Alien H9 un leader sur le march\u00e9.<\/p>\n<p>&nbsp;<\/p>\n<h2>Sp\u00e9cifications techniques d\u00e9taill\u00e9es<\/h2>\n<table class=\"w-fit !mb-0 !max-w-none\" style=\"height: 196px;\" width=\"401\">\n<thead>\n<tr>\n<th>Sp\u00e9cification<\/th>\n<th>D\u00e9tails<\/th>\n<\/tr>\n<\/thead>\n<tbody>\n<tr>\n<td><strong>Interface de Communication<\/strong><\/td>\n<td>RFID<\/td>\n<\/tr>\n<tr>\n<td><strong>Type de carte<\/strong><\/td>\n<td>Lecture\/\u00e9criture<\/td>\n<\/tr>\n<tr>\n<td><strong>Finition de surface<\/strong><\/td>\n<td>Brillant \/ Mat<\/td>\n<\/tr>\n<tr>\n<td><strong>Impression<\/strong><\/td>\n<td>Impression offset sur rouleau CMJN<\/td>\n<\/tr>\n<tr>\n<td><strong>Taille du paquet<\/strong><\/td>\n<td>20 x 10 x 1 cm<\/td>\n<\/tr>\n<tr>\n<td><strong>Poids brut<\/strong><\/td>\n<td>0,100 kg<\/td>\n<\/tr>\n<\/tbody>\n<\/table>\n<p>&nbsp;<\/p>\n<h2>FAQ sur l&#039;autocollant NFC RFID Alien H9<\/h2>\n<p><strong>Q1 : Quelle est la distance de lecture ?<\/strong><br \/>\nA1 : La distance de lecture varie g\u00e9n\u00e9ralement de\u00a0<strong>3 \u00e0 7 m\u00e8tres<\/strong>, en fonction des conditions environnementales.<\/p>\n<p><strong>Q2 : L&#039;autocollant est-il personnalisable ?<\/strong><br \/>\nA2\u00a0: Oui, l\u2019Alien H9 prend en charge la personnalisation via l\u2019impression et l\u2019encodage de codes pour des applications uniques.<\/p>","protected":false},"excerpt":{"rendered":"<p>L&#039;autocollant NFC RFID Alien H9 est con\u00e7u pour des performances optimales avec une longue port\u00e9e de lecture, ce qui le rend id\u00e9al pour diverses applications telles que la gestion des stocks et le contr\u00f4le d&#039;acc\u00e8s s\u00e9curis\u00e9. Sa construction durable garantit une fiabilit\u00e9 dans divers environnements.<\/p>","protected":false},"featured_media":3558,"template":"","meta":[],"product_brand":[],"product_cat":[48],"product_tag":[],"class_list":{"0":"post-3553","1":"product","2":"type-product","3":"status-publish","4":"has-post-thumbnail","6":"product_cat-nfc-stickers","8":"first","9":"instock","10":"shipping-taxable","11":"product-type-simple"},"_links":{"self":[{"href":"https:\/\/nfc-readers.com\/fr\/wp-json\/wp\/v2\/product\/3553","targetHints":{"allow":["GET"]}}],"collection":[{"href":"https:\/\/nfc-readers.com\/fr\/wp-json\/wp\/v2\/product"}],"about":[{"href":"https:\/\/nfc-readers.com\/fr\/wp-json\/wp\/v2\/types\/product"}],"wp:featuredmedia":[{"embeddable":true,"href":"https:\/\/nfc-readers.com\/fr\/wp-json\/wp\/v2\/media\/3558"}],"wp:attachment":[{"href":"https:\/\/nfc-readers.com\/fr\/wp-json\/wp\/v2\/media?parent=3553"}],"wp:term":[{"taxonomy":"product_brand","embeddable":true,"href":"https:\/\/nfc-readers.com\/fr\/wp-json\/wp\/v2\/product_brand?post=3553"},{"taxonomy":"product_cat","embeddable":true,"href":"https:\/\/nfc-readers.com\/fr\/wp-json\/wp\/v2\/product_cat?post=3553"},{"taxonomy":"product_tag","embeddable":true,"href":"https:\/\/nfc-readers.com\/fr\/wp-json\/wp\/v2\/product_tag?post=3553"}],"curies":[{"name":"wp","href":"https:\/\/api.w.org\/{rel}","templated":true}]}}