{"id":3564,"date":"2024-11-06T13:06:22","date_gmt":"2024-11-06T13:06:22","guid":{"rendered":"https:\/\/nfc-readers.com\/?post_type=product&#038;p=3564"},"modified":"2024-11-14T14:59:24","modified_gmt":"2024-11-14T14:59:24","slug":"t5577-dia-25mm-coated-paper-programmable-flexible-rfid-tag","status":"publish","type":"product","link":"https:\/\/nfc-readers.com\/fr\/ic-reader\/t5577-dia-25mm-coated-paper-programmable-flexible-rfid-tag\/","title":{"rendered":"\u00c9tiquette RFID flexible programmable en papier couch\u00e9 T5577 de 25 mm de diam\u00e8tre"},"content":{"rendered":"<h1 style=\"text-align: center;\"><strong>\u00c9tiquette RFID flexible programmable en papier couch\u00e9 T5577 de 25 mm de diam\u00e8tre<\/strong><\/h1>\n<p>Le <strong>\u00c9tiquette RFID flexible programmable en papier couch\u00e9 T5577 de 25 mm de diam\u00e8tre<\/strong>\u00a0est un produit remarquable dans le monde de la technologie NFC, con\u00e7u pour am\u00e9liorer les solutions de billetterie et rationaliser les processus d&#039;identification dans divers secteurs.<\/p>\n<p>Avec la puce avanc\u00e9e T5577 int\u00e9gr\u00e9e dans une conception r\u00e9sistante et polyvalente, cette \u00e9tiquette RFID allie fonctionnalit\u00e9 et commodit\u00e9. Cette description vous guidera \u00e0 travers les avantages, les fonctionnalit\u00e9s, les sp\u00e9cifications et plus encore, soulignant pourquoi cette \u00e9tiquette est indispensable pour vos besoins professionnels ou personnels.<\/p>\n<p>&nbsp;<\/p>\n<h3><strong>Interface de communication : comment fonctionne la RFID<\/strong><\/h3>\n<p>Equip\u00e9 d&#039;un puissant\u00a0<strong>RFID<\/strong>\u00a0interface de communication, le 12T5577 fonctionne \u00e0 une fr\u00e9quence de\u00a0<strong>125 kHz<\/strong>. Cela permet la communication entre l&#039;\u00e9tiquette et les appareils ou lecteurs compatibles NFC, facilitant ainsi les \u00e9changes de donn\u00e9es rapides. Appuyez simplement sur votre\u00a0<strong>T\u00e9l\u00e9phone mobile ou appareil compatible NFC<\/strong>\u00a0contre l&#039;\u00e9tiquette pour r\u00e9cup\u00e9rer ou \u00e9crire des informations instantan\u00e9ment.<\/p>\n<p>&nbsp;<\/p>\n<p>&nbsp;<\/p>\n<h3><strong>Domaines d&#039;application : de la billetterie \u00e0 la gestion des actifs<\/strong><\/h3>\n<p>Les \u00e9tiquettes RFID T5577 sont principalement con\u00e7ues pour <strong>billetterie<\/strong>\u00a0Les cartes \u00e0 puce sont peu utilis\u00e9es dans de nombreux domaines, notamment la gestion des stocks de d\u00e9tail, les syst\u00e8mes de contr\u00f4le d&#039;acc\u00e8s et la gestion d&#039;\u00e9v\u00e9nements. Leur capacit\u00e9 \u00e0 programmer et \u00e0 r\u00e9\u00e9crire facilement les donn\u00e9es les rend particuli\u00e8rement utiles dans les environnements dynamiques o\u00f9 les informations doivent \u00eatre fr\u00e9quemment mises \u00e0 jour.<\/p>\n<p>&nbsp;<\/p>\n<h3><strong>Pourquoi acheter l&#039;\u00e9tiquette RFID 12T5577 ?<\/strong><\/h3>\n<p>Investir dans le\u00a0<strong>\u00c9tiquette RFID 12T5577<\/strong>\u00a0signifie choisir l&#039;efficacit\u00e9, l&#039;adaptabilit\u00e9 et la durabilit\u00e9. Contrairement aux m\u00e9thodes d&#039;identification traditionnelles, les \u00e9tiquettes RFID offrent un acc\u00e8s rapide aux donn\u00e9es et peuvent \u00eatre programm\u00e9es pour stocker facilement diverses informations. Pour les entreprises impliqu\u00e9es dans la billetterie, la gestion des stocks ou l&#039;identification des services, ces \u00e9tiquettes simplifient consid\u00e9rablement les op\u00e9rations, r\u00e9duisent les erreurs humaines et am\u00e9liorent l&#039;exp\u00e9rience client.<\/p>\n<p>Fabriqu\u00e9e \u00e0 partir de papier couch\u00e9 d&#039;un diam\u00e8tre de 25 mm, l&#039;\u00e9tiquette est \u00e0 la fois l\u00e9g\u00e8re et flexible, ce qui la rend id\u00e9ale pour diverses applications allant du marquage \u00e0 la logistique. De plus, ce produit pr\u00e9sente des caract\u00e9ristiques telles que l&#039;\u00e9tanch\u00e9it\u00e9 \u00e0 l&#039;eau\/aux intemp\u00e9ries, une longue port\u00e9e de lecture de 2 \u00e0 10 cm et un cycle d&#039;\u00e9criture allant jusqu&#039;\u00e0 100 000 fois, garantissant une long\u00e9vit\u00e9 et des performances fiables.<\/p>\n<p>&nbsp;<\/p>\n<h3><strong>Sp\u00e9cifications techniques<\/strong><\/h3>\n<table class=\"w-fit !mb-0 !max-w-none\" style=\"height: 285px;\" width=\"426\">\n<thead>\n<tr>\n<th><strong>Sp\u00e9cification<\/strong><\/th>\n<th><strong>D\u00e9tails<\/strong><\/th>\n<\/tr>\n<\/thead>\n<tbody>\n<tr>\n<td><strong>\u00c9br\u00e9cher<\/strong><\/td>\n<td>T5577<\/td>\n<\/tr>\n<tr>\n<td><strong>Taille<\/strong><\/td>\n<td>Diam\u00e8tre 25 mm<\/td>\n<\/tr>\n<tr>\n<td><strong>Mat\u00e9riel<\/strong><\/td>\n<td>Papier couch\u00e9<\/td>\n<\/tr>\n<tr>\n<td><strong>Surface<\/strong><\/td>\n<td>Mat, brillant, givr\u00e9<\/td>\n<\/tr>\n<tr>\n<td><strong>Plage de lecture<\/strong><\/td>\n<td>2-10 cm<\/td>\n<\/tr>\n<tr>\n<td><strong>Protocole<\/strong><\/td>\n<td>ISO11784\/11785<\/td>\n<\/tr>\n<tr>\n<td><strong>Cycle d&#039;\u00e9criture<\/strong><\/td>\n<td>100 000 fois<\/td>\n<\/tr>\n<tr>\n<td><strong>Temp\u00e9rature de fonctionnement<\/strong><\/td>\n<td>20~+80\u00b0C<\/td>\n<\/tr>\n<tr>\n<td><strong>Lieu d&#039;origine<\/strong><\/td>\n<td>Guangdong, Chine<\/td>\n<\/tr>\n<tr>\n<td><strong>Option d&#039;impression<\/strong><\/td>\n<td>Impression offset\/s\u00e9rigraphie 4C<\/td>\n<\/tr>\n<\/tbody>\n<\/table>\n<p>&nbsp;<\/p>\n<h2><strong>Questions fr\u00e9quemment pos\u00e9es (FAQ)<\/strong><\/h2>\n<h3><strong>1. Que sont les technologies NFC et RFID ?<\/strong><\/h3>\n<p><strong>NFC (communication en champ proche)<\/strong>\u00a0et\u00a0<strong>RFID (identification par radiofr\u00e9quence)<\/strong>\u00a0sont des technologies de communication sans fil qui permettent aux appareils d&#039;\u00e9changer des donn\u00e9es sur de courtes distances. La NFC est souvent utilis\u00e9e pour les paiements mobiles et le transfert de donn\u00e9es, tandis que la RFID est couramment utilis\u00e9e pour le suivi et la gestion des stocks.<\/p>\n<h3><strong>2. Comment programmer les \u00e9tiquettes RFID T5577 ?<\/strong><\/h3>\n<p>Pour programmer les \u00e9tiquettes RFID 12T5577, vous avez besoin d&#039;un appareil compatible NFC et d&#039;une application compatible. T\u00e9l\u00e9chargez simplement une application d&#039;\u00e9criture NFC, ouvrez-la et suivez les instructions pour saisir les donn\u00e9es que vous souhaitez stocker sur l&#039;\u00e9tiquette. Une fois les donn\u00e9es programm\u00e9es, l&#039;\u00e9tiquette peut \u00eatre lue par n&#039;importe quel appareil compatible NFC.<\/p>\n<h3><strong>3. Quelle est la port\u00e9e de lecture de l&#039;\u00e9tiquette RFID T5577 ?<\/strong><\/h3>\n<p>La plage de lecture de l&#039;\u00e9tiquette RFID 12T5577 est\u00a0<strong>2 \u00e0 10 centim\u00e8tres<\/strong>. Cette gamme est optimale pour la plupart des applications, permettant des \u00e9changes de donn\u00e9es rapides et efficaces sans n\u00e9cessiter de contact physique.<\/p>\n<h3><strong>4. Ces \u00e9tiquettes sont-elles \u00e9tanches ?<\/strong><\/h3>\n<p>Oui, les \u00e9tiquettes RFID T5577 sont con\u00e7ues pour \u00eatre \u00e9tanches et r\u00e9sistantes aux intemp\u00e9ries, ce qui les rend adapt\u00e9es aux applications int\u00e9rieures et ext\u00e9rieures. Elles peuvent r\u00e9sister \u00e0 l&#039;exposition \u00e0 l&#039;humidit\u00e9 et \u00e0 diverses conditions environnementales.<\/p>","protected":false},"excerpt":{"rendered":"<p>Le <strong>\u00c9tiquette RFID flexible programmable en papier couch\u00e9 T5577 de 25 mm de diam\u00e8tre<\/strong>\u00a0est une solution polyvalente et durable pour le stockage et la r\u00e9cup\u00e9ration efficaces des donn\u00e9es, id\u00e9ale pour la billetterie et la gestion des stocks. Sa conception \u00e9tanche, combin\u00e9e \u00e0 la possibilit\u00e9 d&#039;\u00eatre facilement programm\u00e9 et personnalis\u00e9, en fait un choix fiable pour une vari\u00e9t\u00e9 d&#039;applications.<\/p>","protected":false},"featured_media":3565,"template":"","meta":[],"product_brand":[],"product_cat":[47],"product_tag":[],"class_list":{"0":"post-3564","1":"product","2":"type-product","3":"status-publish","4":"has-post-thumbnail","6":"product_cat-nfc-tags","8":"first","9":"instock","10":"shipping-taxable","11":"product-type-simple"},"_links":{"self":[{"href":"https:\/\/nfc-readers.com\/fr\/wp-json\/wp\/v2\/product\/3564","targetHints":{"allow":["GET"]}}],"collection":[{"href":"https:\/\/nfc-readers.com\/fr\/wp-json\/wp\/v2\/product"}],"about":[{"href":"https:\/\/nfc-readers.com\/fr\/wp-json\/wp\/v2\/types\/product"}],"wp:featuredmedia":[{"embeddable":true,"href":"https:\/\/nfc-readers.com\/fr\/wp-json\/wp\/v2\/media\/3565"}],"wp:attachment":[{"href":"https:\/\/nfc-readers.com\/fr\/wp-json\/wp\/v2\/media?parent=3564"}],"wp:term":[{"taxonomy":"product_brand","embeddable":true,"href":"https:\/\/nfc-readers.com\/fr\/wp-json\/wp\/v2\/product_brand?post=3564"},{"taxonomy":"product_cat","embeddable":true,"href":"https:\/\/nfc-readers.com\/fr\/wp-json\/wp\/v2\/product_cat?post=3564"},{"taxonomy":"product_tag","embeddable":true,"href":"https:\/\/nfc-readers.com\/fr\/wp-json\/wp\/v2\/product_tag?post=3564"}],"curies":[{"name":"wp","href":"https:\/\/api.w.org\/{rel}","templated":true}]}}