{"id":3571,"date":"2024-11-06T13:14:59","date_gmt":"2024-11-06T13:14:59","guid":{"rendered":"https:\/\/nfc-readers.com\/?post_type=product&#038;p=3571"},"modified":"2024-11-06T13:14:59","modified_gmt":"2024-11-06T13:14:59","slug":"factory-wholesale-roll-rfid-sticker-nfc-30mm-25mm","status":"publish","type":"product","link":"https:\/\/nfc-readers.com\/fr\/ic-reader\/factory-wholesale-roll-rfid-sticker-nfc-30mm-25mm\/","title":{"rendered":"Vente en gros d&#039;usine Rouleau d&#039;autocollant RFID NFC 30 mm 25 mm"},"content":{"rendered":"<h1 style=\"text-align: center;\"><strong>Vente en gros d&#039;usine Rouleau d&#039;autocollant RFID NFC 30 mm 25 mm<\/strong><\/h1>\n<p>Le <strong>Rouleau d&#039;autocollants RFID NFC en gros en usine<\/strong>, disponibles dans les tailles 30 mm et 25 mm, sont \u00e0 la pointe des solutions d&#039;\u00e9tiquetage innovantes. Aliment\u00e9s par la puce avanc\u00e9e NXP NTAG213, ces autocollants NFC offrent une polyvalence remarquable pour l&#039;identification, le contr\u00f4le d&#039;acc\u00e8s et l&#039;interaction avec les produits. Con\u00e7us pour des performances optimales, ces autocollants assurent une communication transparente entre les appareils, ce qui en fait un outil indispensable pour les entreprises qui souhaitent am\u00e9liorer leur efficacit\u00e9 op\u00e9rationnelle. Choisissez ce produit de qualit\u00e9 sup\u00e9rieure et ouvrez les portes \u00e0 un nouveau domaine de possibilit\u00e9s en mati\u00e8re de technologie NFC et de solutions RFID.<\/p>\n<p>&nbsp;<\/p>\n<h3><span style=\"font-size: 80%;\"><strong>Avantages du produit : pourquoi acheter nos autocollants NFC<\/strong><\/span><\/h3>\n<ol>\n<li><strong>Technologie avanc\u00e9e<\/strong>:Utilisant la puce de pointe NTAG213 et conformes au protocole ISO 14443A, ces autocollants garantissent une interface de communication robuste gr\u00e2ce aux technologies RFID et NFC.<\/li>\n<li><strong>Durabilit\u00e9 et polyvalence<\/strong>:Les caract\u00e9ristiques imperm\u00e9ables et r\u00e9sistantes aux intemp\u00e9ries de nos autocollants RFID garantissent qu&#039;ils peuvent r\u00e9sister \u00e0 des conditions environnementales difficiles, les rendant adapt\u00e9s aux applications int\u00e9rieures et ext\u00e9rieures.<\/li>\n<li><strong>Haute performance<\/strong>:Avec une distance de lecture de 1 \u00e0 10 cm, ces autocollants NFC offrent une port\u00e9e fiable pour un transfert de donn\u00e9es et une communication efficaces.<\/li>\n<li><strong>Options de personnalisation<\/strong>:Disponibles en diff\u00e9rentes tailles et impressions personnalisables, ces autocollants peuvent \u00eatre personnalis\u00e9s pour r\u00e9pondre \u00e0 des besoins de marque et op\u00e9rationnels sp\u00e9cifiques.<\/li>\n<li><strong>Rentabilit\u00e9<\/strong>:Les prix de gros d&#039;usine garantissent que les entreprises de toutes tailles peuvent se permettre cette technologie de haute qualit\u00e9 sans se ruiner.<\/li>\n<\/ol>\n<p>&nbsp;<\/p>\n<h3>Questions fr\u00e9quemment pos\u00e9es (FAQ)<\/h3>\n<h4>Q1 : Ces autocollants sont-ils imperm\u00e9ables ?<\/h4>\n<p><strong>A1<\/strong>:Oui ! Nos autocollants NFC sont \u00e9tanches et r\u00e9sistants aux intemp\u00e9ries, garantissant ainsi leur durabilit\u00e9 dans divers environnements.<\/p>\n<h4>Q2 : Puis-je personnaliser mon logo sur ces autocollants ?<\/h4>\n<p><strong>A2<\/strong>:Absolument ! Nous proposons diff\u00e9rentes options d&#039;impression, notamment l&#039;impression CMJN 4C, pour vous aider \u00e0 cr\u00e9er des \u00e9l\u00e9ments de marque distinctifs sur vos autocollants.<\/p>\n<h4>Q3 : Quels appareils sont compatibles avec vos autocollants NFC ?<\/h4>\n<p><strong>A3<\/strong>:Nos autocollants sont compatibles avec tous\u00a0<strong>Smartphone ou appareil compatible NFC<\/strong>, y compris les produits Android et iOS.<\/p>\n<p>&nbsp;<\/p>\n<h3>Options de taille : 30 mm et 25 mm<\/h3>\n<p>La disponibilit\u00e9 de deux tailles importantes,\u00a0<strong>30 mm<\/strong>\u00a0et\u00a0<strong>25 mm<\/strong>, r\u00e9pond \u00e0 des besoins vari\u00e9s dans de nombreux secteurs. Les deux tailles sont faciles \u00e0 fixer et peuvent \u00eatre appliqu\u00e9es sur des produits, des emballages ou m\u00eame des documents sans compromettre la fonctionnalit\u00e9. La nature compacte de ces autocollants garantit qu&#039;ils peuvent s&#039;adapter sans g\u00eaner l&#039;esth\u00e9tique g\u00e9n\u00e9rale du produit sur lequel ils sont fix\u00e9s.<\/p>\n<p>&nbsp;<\/p>\n<h3>Applications pratiques de nos autocollants RFID<\/h3>\n<p>Des syst\u00e8mes de contr\u00f4le d&#039;acc\u00e8s \u00e0 la v\u00e9rification des produits, le\u00a0<strong>application<\/strong>\u00a0de notre\u00a0<strong>Autocollants RFID<\/strong>\u00a0Les possibilit\u00e9s sont vastes. Les entreprises peuvent am\u00e9liorer leurs interactions avec leurs clients en int\u00e9grant du contenu num\u00e9rique ou des liens dans les autocollants, offrant ainsi aux clients un acc\u00e8s facile \u00e0 des promotions, des informations suppl\u00e9mentaires ou m\u00eame des exp\u00e9riences multim\u00e9dias qui enrichissent leur parcours. Des secteurs tels que la vente au d\u00e9tail, la logistique et la sant\u00e9 peuvent grandement b\u00e9n\u00e9ficier de ces autocollants polyvalents.<\/p>","protected":false},"excerpt":{"rendered":"<p>Pr\u00e9sentation de nos rouleaux d&#039;autocollants RFID en gros, disponibles en tailles 30 mm et 25 mm. Ces autocollants durables et personnalisables permettent une communication NFC transparente pour diverses applications.<\/p>","protected":false},"featured_media":3572,"template":"","meta":[],"product_brand":[],"product_cat":[48],"product_tag":[],"class_list":{"0":"post-3571","1":"product","2":"type-product","3":"status-publish","4":"has-post-thumbnail","6":"product_cat-nfc-stickers","8":"first","9":"instock","10":"shipping-taxable","11":"product-type-simple"},"_links":{"self":[{"href":"https:\/\/nfc-readers.com\/fr\/wp-json\/wp\/v2\/product\/3571","targetHints":{"allow":["GET"]}}],"collection":[{"href":"https:\/\/nfc-readers.com\/fr\/wp-json\/wp\/v2\/product"}],"about":[{"href":"https:\/\/nfc-readers.com\/fr\/wp-json\/wp\/v2\/types\/product"}],"wp:featuredmedia":[{"embeddable":true,"href":"https:\/\/nfc-readers.com\/fr\/wp-json\/wp\/v2\/media\/3572"}],"wp:attachment":[{"href":"https:\/\/nfc-readers.com\/fr\/wp-json\/wp\/v2\/media?parent=3571"}],"wp:term":[{"taxonomy":"product_brand","embeddable":true,"href":"https:\/\/nfc-readers.com\/fr\/wp-json\/wp\/v2\/product_brand?post=3571"},{"taxonomy":"product_cat","embeddable":true,"href":"https:\/\/nfc-readers.com\/fr\/wp-json\/wp\/v2\/product_cat?post=3571"},{"taxonomy":"product_tag","embeddable":true,"href":"https:\/\/nfc-readers.com\/fr\/wp-json\/wp\/v2\/product_tag?post=3571"}],"curies":[{"name":"wp","href":"https:\/\/api.w.org\/{rel}","templated":true}]}}