{"id":3578,"date":"2024-11-06T13:26:21","date_gmt":"2024-11-06T13:26:21","guid":{"rendered":"https:\/\/nfc-readers.com\/?post_type=product&#038;p=3578"},"modified":"2024-11-06T13:26:21","modified_gmt":"2024-11-06T13:26:21","slug":"nfc-sticker-manufacturer-customize-anti-counterfeiting-label","status":"publish","type":"product","link":"https:\/\/nfc-readers.com\/fr\/ic-reader\/nfc-sticker-manufacturer-customize-anti-counterfeiting-label\/","title":{"rendered":"Fabricant d&#039;autocollants NFC personnalisant une \u00e9tiquette anti-contrefa\u00e7on"},"content":{"rendered":"<h1 style=\"text-align: center;\"><strong>Fabricant d&#039;autocollants NFC personnalisant une \u00e9tiquette anti-contrefa\u00e7on<\/strong><\/h1>\n<p>&nbsp;<\/p>\n<p>\u00c0 l&#039;\u00e8re du num\u00e9rique, le besoin de solutions de branding s\u00fbres et fiables n&#039;a jamais \u00e9t\u00e9 aussi primordial. <strong>Autocollants NFC<\/strong>, sp\u00e9cialement con\u00e7us pour les applications anti-contrefa\u00e7on, offrent un moyen r\u00e9volutionnaire de garantir l&#039;authenticit\u00e9 des produits et de renforcer la confiance des clients. Con\u00e7us sur mesure et personnalis\u00e9s pour une vari\u00e9t\u00e9 d&#039;utilisations, nos\u00a0<strong>Balises NFC<\/strong>\u00a0sont plus que de simples autocollants ; ils constituent une signature de s\u00e9curit\u00e9 qui peut \u00eatre parfaitement int\u00e9gr\u00e9e \u00e0 votre entreprise. Gr\u00e2ce \u00e0 une technologie de pointe telle que\u00a0<strong>\u00c9tiquette NFC ADN NTAG 424<\/strong>, ces autocollants offrent une gamme de fonctionnalit\u00e9s qui non seulement prot\u00e8gent vos produits, mais engagent \u00e9galement vos clients de mani\u00e8re nouvelle et innovante.<\/p>\n<p>&nbsp;<\/p>\n<p><strong>Pourquoi acheter des autocollants NFC ?<\/strong><br \/>\nInvestir dans des stickers NFC de notre fabricant, c&#039;est prot\u00e9ger votre marque contre la contrefa\u00e7on tout en offrant une exp\u00e9rience interactive \u00e0 vos clients. L&#039;utilisation de stickers hautes performances <strong>RFID et NFC<\/strong>\u00a0La technologie garantit que chaque autocollant agit comme un identifiant unique, am\u00e9liorant non seulement la s\u00e9curit\u00e9, mais aussi l&#039;exp\u00e9rience globale de la marque. Il ne s&#039;agit pas de simples \u00e9tiquettes, mais d&#039;outils puissants pour renforcer la confiance des consommateurs.<\/p>\n<p>&nbsp;<\/p>\n<h3>Caract\u00e9ristiques sp\u00e9ciales des autocollants NFC<\/h3>\n<p>Les autocollants NFC sont dot\u00e9s de nombreuses fonctionnalit\u00e9s qui en font un choix id\u00e9al pour les applications anti-contrefa\u00e7on. Des options de personnalisation aux diff\u00e9rentes tailles et formes, ces autocollants combinent fonctionnalit\u00e9 et interfaces conviviales.<\/p>\n<h3>Interface de communication : RFID et NFC<\/h3>\n<p>D\u00e9couvrez l&#039;int\u00e9gration transparente de\u00a0<strong>RFID et NFC<\/strong>\u00a0technologies pr\u00e9sentes dans ces autocollants. D\u00e9couvrez comment elles fonctionnent ensemble pour fournir des capacit\u00e9s de communication robustes entre les \u00e9tiquettes et les appareils compatibles NFC.<\/p>\n<h3>Fr\u00e9quence et performance<\/h3>\n<p>Avec une fr\u00e9quence de\u00a0<strong>13,56 MHz<\/strong>, ces \u00e9tiquettes NFC offrent une distance de lecture fiable de 1 \u00e0 10 cm, garantissant une num\u00e9risation rapide et efficace, que ce soit dans les environnements de vente au d\u00e9tail ou dans les applications logistiques.<\/p>\n<h3>Mat\u00e9riaux utilis\u00e9s : papier couch\u00e9 et PET<\/h3>\n<p>Le choix des mat\u00e9riaux a un impact sur la durabilit\u00e9 et les performances des autocollants NFC. Cette section explique pourquoi nous utilisons\u00a0<strong>papier couch\u00e9 et PET<\/strong>\u00a0et comment ces mat\u00e9riaux contribuent \u00e0 la long\u00e9vit\u00e9 de l&#039;autocollant et \u00e0 sa facilit\u00e9 d&#039;utilisation dans divers environnements.<\/p>\n<p>&nbsp;<\/p>\n<h2>Questions fr\u00e9quemment pos\u00e9es (FAQ)<\/h2>\n<h3>1.\u00a0<strong>Que sont les autocollants NFC et comment fonctionnent-ils ?<\/strong><\/h3>\n<p>Les autocollants NFC (Near Field Communication) sont de petites \u00e9tiquettes dot\u00e9es de la technologie NFC qui permet une communication sans fil entre l&#039;autocollant et les appareils compatibles NFC, tels que les smartphones ou les tablettes. Lorsqu&#039;un utilisateur appuie son appareil contre l&#039;autocollant, celui-ci peut d\u00e9clencher diverses actions, comme l&#039;affichage d&#039;informations sur un produit, la visite d&#039;un site Web ou la confirmation de l&#039;authenticit\u00e9.<\/p>\n<hr \/>\n<h3>2.\u00a0<strong>Quelle est la distance de lecture maximale de vos autocollants NFC ?<\/strong><\/h3>\n<p>Nos autocollants NFC ont une distance de lecture de\u00a0<strong>1-10 cm<\/strong>\u00a0(environ 0,4 \u00e0 4 pouces). La port\u00e9e effective d\u00e9pend de l&#039;appareil utilis\u00e9 et de l&#039;environnement dans lequel il est scann\u00e9.<\/p>\n<hr \/>\n<h3>3.\u00a0<strong>Les stickers NFC sont-ils personnalisables ?<\/strong><\/h3>\n<p>Oui ! Nos autocollants NFC peuvent \u00eatre enti\u00e8rement personnalis\u00e9s en termes de taille, de forme, de design et de contenu imprim\u00e9. Nous proposons\u00a0<strong>Impression en quadrichromie CMJN, impression offset et s\u00e9rigraphie<\/strong>\u00a0options pour garantir que le message de votre marque soit affich\u00e9 de mani\u00e8re visible.<\/p>","protected":false},"excerpt":{"rendered":"<p>Nos autocollants NFC sont des \u00e9tiquettes anti-contrefa\u00e7on personnalis\u00e9es con\u00e7ues pour am\u00e9liorer la s\u00e9curit\u00e9 et l&#039;authenticit\u00e9 des produits. Gr\u00e2ce \u00e0 une technologie avanc\u00e9e et \u00e0 des designs uniques, ces autocollants offrent aux entreprises une solution fiable pour prot\u00e9ger leur marque et interagir avec les clients de mani\u00e8re interactive.<\/p>","protected":false},"featured_media":3579,"template":"","meta":[],"product_brand":[],"product_cat":[48],"product_tag":[],"class_list":{"0":"post-3578","1":"product","2":"type-product","3":"status-publish","4":"has-post-thumbnail","6":"product_cat-nfc-stickers","8":"first","9":"instock","10":"shipping-taxable","11":"product-type-simple"},"_links":{"self":[{"href":"https:\/\/nfc-readers.com\/fr\/wp-json\/wp\/v2\/product\/3578","targetHints":{"allow":["GET"]}}],"collection":[{"href":"https:\/\/nfc-readers.com\/fr\/wp-json\/wp\/v2\/product"}],"about":[{"href":"https:\/\/nfc-readers.com\/fr\/wp-json\/wp\/v2\/types\/product"}],"wp:featuredmedia":[{"embeddable":true,"href":"https:\/\/nfc-readers.com\/fr\/wp-json\/wp\/v2\/media\/3579"}],"wp:attachment":[{"href":"https:\/\/nfc-readers.com\/fr\/wp-json\/wp\/v2\/media?parent=3578"}],"wp:term":[{"taxonomy":"product_brand","embeddable":true,"href":"https:\/\/nfc-readers.com\/fr\/wp-json\/wp\/v2\/product_brand?post=3578"},{"taxonomy":"product_cat","embeddable":true,"href":"https:\/\/nfc-readers.com\/fr\/wp-json\/wp\/v2\/product_cat?post=3578"},{"taxonomy":"product_tag","embeddable":true,"href":"https:\/\/nfc-readers.com\/fr\/wp-json\/wp\/v2\/product_tag?post=3578"}],"curies":[{"name":"wp","href":"https:\/\/api.w.org\/{rel}","templated":true}]}}