{"id":3594,"date":"2024-11-07T11:55:05","date_gmt":"2024-11-07T11:55:05","guid":{"rendered":"https:\/\/nfc-readers.com\/?post_type=product&#038;p=3594"},"modified":"2024-11-07T11:55:05","modified_gmt":"2024-11-07T11:55:05","slug":"icodeslix2-iso15693-rfid-card-for-library-management","status":"publish","type":"product","link":"https:\/\/nfc-readers.com\/fr\/ic-reader\/icodeslix2-iso15693-rfid-card-for-library-management\/","title":{"rendered":"Carte RFID ICODESLIX2 ISO15693 pour la gestion de la biblioth\u00e8que"},"content":{"rendered":"<h1 style=\"text-align: center;\"><span style=\"color: #000080;\"><strong>Carte RFID ICODESLIX2 ISO15693 pour la gestion de la biblioth\u00e8que<\/strong><\/span><\/h1>\n<div class=\"chat-list relative custom-scrollbar-reset-margin custom-scrollbar custom-scrollbar-hidden custom-scrollbar-float pb-9 flex-1 overflow-y-auto\">\n<div class=\"mx-auto max-w-[790px]\">\n<div class=\"message-item-outer relative px-4 mb-2\" data-id=\"364de8f7-3595-4f4e-adbf-ca8cd06befd0\">\n<div class=\"content-area pl-[0px]\">\n<div class=\"message-item select-text relative\">\n<div class=\"message-inner relative\">\n<div class=\"py-[2px]\">\n<div class=\"flex flex-col gap-2\">\n<div class=\"answer-markdown-box overflow-x-auto select-text custom-scrollbar\">\n<div class=\"markdown-body\">\n<p><span style=\"color: #666699;\"><strong>\u00c0 une \u00e9poque o\u00f9 la technologie transforme rapidement les op\u00e9rations quotidiennes, l&#039;int\u00e9gration des cartes RFID ICODESLIX2 ISO15693 pour la gestion des biblioth\u00e8ques change la donne. Cette innovation simplifie non seulement les op\u00e9rations, mais enrichit \u00e9galement l&#039;exp\u00e9rience utilisateur, am\u00e9liorant consid\u00e9rablement l&#039;efficacit\u00e9 et la s\u00e9curit\u00e9 au sein des biblioth\u00e8ques. Ces cartes \u00e0 puce sont sp\u00e9cifiquement con\u00e7ues pour am\u00e9liorer la fa\u00e7on dont les biblioth\u00e8ques g\u00e8rent les stocks, suivent les ressources et interagissent avec leurs usagers.<\/strong><\/span><\/p>\n<p>&nbsp;<\/p>\n<\/div>\n<p>&nbsp;<\/p>\n<div class=\"markdown-body\">\n<h2 style=\"text-align: center;\"><span style=\"color: #000080;\"><em><strong>Avantages des cartes RFID ICODESLIX2 ISO15693<\/strong><\/em><\/span><\/h2>\n<p style=\"text-align: left;\">\n<span style=\"color: #008080;\">La carte RFID ICODESLIX2 ISO15693 offre aux biblioth\u00e8ques une solution transparente pour le suivi et la gestion des ressources. En utilisant cette technologie de pointe, les biblioth\u00e8ques peuvent automatiser de nombreux processus, r\u00e9duisant ainsi la charge de travail du personnel et minimisant les erreurs humaines. Ces cartes RFID ne sont pas seulement synonymes d&#039;efficacit\u00e9 ; elles offrent \u00e9galement une s\u00e9curit\u00e9 renforc\u00e9e et une facilit\u00e9 d&#039;utilisation, ce qui en fait un atout inestimable pour toute biblioth\u00e8que.<\/span><\/p>\n<p>&nbsp;<\/p>\n<p>&nbsp;<\/p>\n<h2 style=\"text-align: center;\"><em><span style=\"color: #000080;\"><strong>Mat\u00e9riau et conception de haute qualit\u00e9<\/strong><\/span><\/em><\/h2>\n<p>Notre carte RFID ICODESLIX2 ISO15693 est fabriqu\u00e9e \u00e0 partir d&#039;un mat\u00e9riau PVC durable, garantissant long\u00e9vit\u00e9 et r\u00e9sistance \u00e0 l&#039;usure. Avec des dimensions de <strong>85,5 mm x 54 mm<\/strong>, la carte est con\u00e7ue pour une manipulation et un stockage faciles. La carte comporte\u00a0<strong>Impression CMJN4C<\/strong>, permettant aux biblioth\u00e8ques de personnaliser la carte avec leur marque, ce qui en fait \u00e0 la fois un outil fonctionnel et un article promotionnel.<\/p>\n<p>&nbsp;<\/p>\n<\/div>\n<p>&nbsp;<\/p>\n<div class=\"markdown-body\">\n<h2 style=\"text-align: center;\"><span style=\"color: #000080;\"><em><strong>Attributs cl\u00e9s :<\/strong><\/em><\/span><\/h2>\n<ul>\n<li><strong>Mat\u00e9riel<\/strong>: PVC<\/li>\n<li><strong>Taille<\/strong>:85,5 x 54 mm<\/li>\n<li>Interface de communication am\u00e9lior\u00e9e<\/li>\n<li>La carte ICODESLIX2 fonctionne sur une fr\u00e9quence de <strong>13,56 MHz<\/strong>, utilisant \u00e0 la fois les interfaces de communication RFID et NFC. Cela garantit une interaction transparente avec divers lecteurs de cartes, renfor\u00e7ant l&#039;int\u00e9gration des syst\u00e8mes de contr\u00f4le d&#039;acc\u00e8s et des logiciels de gestion de biblioth\u00e8que.<\/li>\n<\/ul>\n<p>&nbsp;<\/p>\n<p>&nbsp;<\/p>\n<h2 style=\"text-align: center;\"><em><span style=\"color: #000080;\"><strong>Avantages pour les biblioth\u00e8ques<\/strong><\/span><\/em><\/h2>\n<ul>\n<li><strong>Gestion dynamique des donn\u00e9es<\/strong>:Des mises \u00e0 jour efficaces aident au suivi en temps r\u00e9el des processus d&#039;enregistrement\/de d\u00e9part.<\/li>\n<li><strong>Contr\u00f4le des stocks am\u00e9lior\u00e9<\/strong>:Minimisez les pertes gr\u00e2ce \u00e0 des capacit\u00e9s de suivi pr\u00e9cises.<\/li>\n<\/ul>\n<p>&nbsp;<\/p>\n<h3><strong><span style=\"color: #333399;\">Application conviviale<\/span><\/strong><\/h3>\n<p>L&#039;application de la technologie RFID ICODESLIX2 s&#039;\u00e9tend au-del\u00e0 de la gestion traditionnelle des ressources. Les biblioth\u00e8ques peuvent utiliser ces cartes pour :<\/p>\n<ul>\n<li><strong>Identification du client<\/strong>:Scans rapides aux caisses.<\/li>\n<li><strong>Suivi des \u00e9v\u00e9nements<\/strong>:Registres de pr\u00e9sence aux ateliers ou \u00e9v\u00e9nements.<\/li>\n<li><strong>Affectation des ressources<\/strong>:Journalisation automatique de la gestion des ressources.<\/li>\n<\/ul>\n<p>&nbsp;<\/p>\n<h3><strong><span style=\"color: #333399;\">Fonctionnalit\u00e9s centr\u00e9es sur l&#039;utilisateur\u00a0:<\/span><\/strong><\/h3>\n<ul>\n<li><strong>Int\u00e9gration facile<\/strong>:Simple \u00e0 int\u00e9grer dans les syst\u00e8mes de biblioth\u00e8que existants.<\/li>\n<li><strong>Formation minimale requise<\/strong>:Le personnel s\u2019adaptera rapidement \u00e0 l\u2019utilisation de nouveaux syst\u00e8mes de cartes.<\/li>\n<\/ul>\n<p>&nbsp;<\/p>\n<\/div>\n<p>&nbsp;<\/p>\n<div class=\"markdown-body\">\n<h2 style=\"text-align: center;\"><em><span style=\"color: #000080;\"><strong>Sp\u00e9cifications techniques et performances<\/strong><\/span><\/em><\/h2>\n<p>une compr\u00e9hension compl\u00e8te des sp\u00e9cifications de la carte aide \u00e0 prendre des d\u00e9cisions \u00e9clair\u00e9es.<\/p>\n<div class=\"table-with-header rounded-lg border border-solid border-grey-line2-normal w-fit max-w-full mb-2\">\n<div class=\"overflow-x-auto custom-scrollbar custom-scrollbar-float max-w-full\">\n<table class=\"w-fit !mb-0 !max-w-none\" style=\"height: 226px;\" width=\"440\">\n<thead>\n<tr>\n<th>Sp\u00e9cification<\/th>\n<th>Valeur<\/th>\n<\/tr>\n<\/thead>\n<tbody>\n<tr>\n<td>\u00c9br\u00e9cher<\/td>\n<td>ICODESLIX2<\/td>\n<\/tr>\n<tr>\n<td>Fr\u00e9quence<\/td>\n<td>13,56 MHz<\/td>\n<\/tr>\n<tr>\n<td>M\u00e9moire<\/td>\n<td>2 kbits<\/td>\n<\/tr>\n<tr>\n<td>Distance de lecture<\/td>\n<td>2-10 cm<\/td>\n<\/tr>\n<tr>\n<td>Mat\u00e9riel<\/td>\n<td>PVC<\/td>\n<\/tr>\n<tr>\n<td>Taille<\/td>\n<td>85<\/td>\n<\/tr>\n<\/tbody>\n<\/table>\n<\/div>\n<\/div>\n<p>&nbsp;<\/p>\n<h2 style=\"text-align: center;\"><em><span style=\"color: #000080;\"><strong>Avantages du NFC :<\/strong><\/span><\/em><\/h2>\n<ul>\n<li><strong>Transactions sans contact<\/strong>:Les utilisateurs peuvent rapidement appuyer sur leurs cartes pour acc\u00e9der aux syst\u00e8mes de la biblioth\u00e8que sans contact physique.<\/li>\n<li><strong>Compatibilit\u00e9<\/strong>:La technologie de la carte est d\u00e9velopp\u00e9e par NXP Semiconductors, garantissant son fonctionnement avec diff\u00e9rents syst\u00e8mes de lecture.<\/li>\n<li>M\u00e9moire et fonctionnalit\u00e9 robustes<\/li>\n<li>Equip\u00e9 de <strong style=\"color: #555555;\">M\u00e9moire de 2\u00a0ko<\/strong><span style=\"color: #555555;\">La carte RFID ICODESLIX2 ISO15693 offre un espace suffisant pour stocker les donn\u00e9es essentielles. La fonctionnalit\u00e9 de lecture\/\u00e9criture permet aux biblioth\u00e8ques de mettre \u00e0 jour les donn\u00e9es de mani\u00e8re dynamique, garantissant ainsi que les informations telles que la disponibilit\u00e9 des livres et les coordonn\u00e9es des usagers restent \u00e0 jour.<\/span><\/li>\n<\/ul>\n<p>&nbsp;<\/p>\n<\/div>\n<p>&nbsp;<\/p>\n<h2 style=\"text-align: center;\"><span style=\"color: #000080;\"><em><strong>Impact environnemental<\/strong><\/em><\/span><\/h2>\n<ul>\n<li><strong>Mat\u00e9riaux durables<\/strong>:Notre PVC est recyclable, contribuant ainsi moins aux d\u00e9chets environnementaux.<\/li>\n<li><strong>Long\u00e9vit\u00e9<\/strong>:R\u00e9duit le besoin de remplacements fr\u00e9quents.<\/li>\n<\/ul>\n<p>&nbsp;<\/p>\n<\/div>\n<p>&nbsp;<\/p>\n<div class=\"answer-markdown-box overflow-x-auto select-text custom-scrollbar\">\n<h3 style=\"text-align: center;\"><span style=\"color: #333399;\"><strong>Des outils d&#039;interaction et de gestion efficaces<\/strong><\/span><\/h3>\n<p>La carte RFID ICODESLIX2 simplifie les interactions entre les usagers et les syst\u00e8mes de la biblioth\u00e8que :<\/p>\n<ul>\n<li><strong>Processus simplifi\u00e9s<\/strong>:R\u00e9duisez les temps d\u2019attente aux caisses, am\u00e9liorant ainsi la satisfaction des utilisateurs.<\/li>\n<li><strong>Informations sur les donn\u00e9es<\/strong>:G\u00e9n\u00e9rer des rapports d\u2019utilisation qui fournissent des informations sur l\u2019allocation des ressources et l\u2019activit\u00e9 des clients.<\/li>\n<\/ul>\n<p>&nbsp;<\/p>\n<h3 style=\"text-align: center;\"><span style=\"color: #333399;\"><strong>Outils de gestion avanc\u00e9s<\/strong><\/span><\/h3>\n<ul>\n<li><strong>Int\u00e9gration avec les syst\u00e8mes num\u00e9riques<\/strong>:Connectez-vous de mani\u00e8re transparente \u00e0 divers syst\u00e8mes de gestion de biblioth\u00e8que.<\/li>\n<li><strong>Mises \u00e0 jour en temps r\u00e9el<\/strong>:Synchronisation imm\u00e9diate avec la base de donn\u00e9es d&#039;inventaire.<\/li>\n<\/ul>\n<\/div>\n<\/div>\n<\/div>\n<\/div>\n<\/div>\n<\/div>\n<\/div>\n<\/div>\n<\/div>","protected":false},"excerpt":{"rendered":"<p>Am\u00e9liorez la gestion de la biblioth\u00e8que avec les cartes RFID ICODESLIX2 ISO15693, offrant un suivi efficace des ressources, une int\u00e9gration facile et un engagement utilisateur am\u00e9lior\u00e9.<\/p>","protected":false},"featured_media":3480,"template":"","meta":[],"product_brand":[],"product_cat":[46],"product_tag":[],"class_list":{"0":"post-3594","1":"product","2":"type-product","3":"status-publish","4":"has-post-thumbnail","6":"product_cat-nfc-cards","8":"first","9":"instock","10":"shipping-taxable","11":"product-type-simple"},"_links":{"self":[{"href":"https:\/\/nfc-readers.com\/fr\/wp-json\/wp\/v2\/product\/3594","targetHints":{"allow":["GET"]}}],"collection":[{"href":"https:\/\/nfc-readers.com\/fr\/wp-json\/wp\/v2\/product"}],"about":[{"href":"https:\/\/nfc-readers.com\/fr\/wp-json\/wp\/v2\/types\/product"}],"wp:featuredmedia":[{"embeddable":true,"href":"https:\/\/nfc-readers.com\/fr\/wp-json\/wp\/v2\/media\/3480"}],"wp:attachment":[{"href":"https:\/\/nfc-readers.com\/fr\/wp-json\/wp\/v2\/media?parent=3594"}],"wp:term":[{"taxonomy":"product_brand","embeddable":true,"href":"https:\/\/nfc-readers.com\/fr\/wp-json\/wp\/v2\/product_brand?post=3594"},{"taxonomy":"product_cat","embeddable":true,"href":"https:\/\/nfc-readers.com\/fr\/wp-json\/wp\/v2\/product_cat?post=3594"},{"taxonomy":"product_tag","embeddable":true,"href":"https:\/\/nfc-readers.com\/fr\/wp-json\/wp\/v2\/product_tag?post=3594"}],"curies":[{"name":"wp","href":"https:\/\/api.w.org\/{rel}","templated":true}]}}