{"id":3595,"date":"2024-11-07T12:13:18","date_gmt":"2024-11-07T12:13:18","guid":{"rendered":"https:\/\/nfc-readers.com\/?post_type=product&#038;p=3595"},"modified":"2024-11-07T12:13:18","modified_gmt":"2024-11-07T12:13:18","slug":"custom-plastic-pvc-nfc-card-printing-for-business","status":"publish","type":"product","link":"https:\/\/nfc-readers.com\/fr\/ic-reader\/custom-plastic-pvc-nfc-card-printing-for-business\/","title":{"rendered":"Impression de cartes NFC en plastique PVC personnalis\u00e9es pour les entreprises"},"content":{"rendered":"<h1><span style=\"color: #000080;\"><strong>Impression de cartes NFC en plastique PVC personnalis\u00e9es pour les entreprises<\/strong><\/span><\/h1>\n<p><strong><span style=\"color: #666699;\">Dans le monde num\u00e9rique en \u00e9volution rapide d&#039;aujourd&#039;hui, l&#039;optimisation des op\u00e9rations commerciales est cruciale, et l&#039;impression de cartes NFC en PVC plastique personnalis\u00e9es pour les entreprises ouvre la voie. La technologie NFC (Near Field Communication) am\u00e9liore la fa\u00e7on dont les entreprises g\u00e8rent le contr\u00f4le d&#039;acc\u00e8s, les interactions avec les clients et les activit\u00e9s promotionnelles. Les cartes NFC personnalis\u00e9es am\u00e9liorent non seulement l&#039;engagement, mais permettent \u00e9galement des transactions transparentes, une image de marque personnalis\u00e9e et une gestion efficace des donn\u00e9es. Que vous recherchiez des cartes de contr\u00f4le d&#039;acc\u00e8s, des cartes Mifare ou des cartes de fid\u00e9lit\u00e9, investir dans des solutions NFC personnalis\u00e9es est une d\u00e9cision strat\u00e9gique qui peut am\u00e9liorer les fonctionnalit\u00e9s de votre entreprise.<\/span><\/strong><\/p>\n<p><span style=\"color: #008080;\">Dot\u00e9es de nombreux avantages, allant de la s\u00e9curit\u00e9 renforc\u00e9e \u00e0 l&#039;exp\u00e9rience client am\u00e9lior\u00e9e, ces cartes peuvent r\u00e9pondre aux besoins de divers secteurs, notamment la vente au d\u00e9tail, l&#039;h\u00f4tellerie et les transports publics. D\u00e9couvrons les multiples avantages et fonctionnalit\u00e9s des cartes NFC, pourquoi elles valent l&#039;investissement et comment elles peuvent am\u00e9liorer consid\u00e9rablement vos processus commerciaux.<\/span><\/p>\n<hr \/>\n<h2><\/h2>\n<h2 style=\"text-align: center;\"><span style=\"color: #333399;\"><em><strong>Principaux attributs des cartes NFC personnalis\u00e9es<\/strong><\/em><\/span><\/h2>\n<p><strong>Lorsque vous optez pour l&#039;impression de cartes NFC en plastique PVC personnalis\u00e9es pour votre entreprise, vous adoptez un outil polyvalent adapt\u00e9 \u00e0 vos besoins uniques. Ces cartes peuvent \u00eatre fabriqu\u00e9es \u00e0 partir d&#039;un mat\u00e9riau PVC + \u00e9poxy durable, garantissant ainsi leur r\u00e9sistance \u00e0 l&#039;usure quotidienne. La taille standard est de 85,5 mm x 54 mm, mais la personnalisation permet diff\u00e9rentes dimensions pour s&#039;adapter \u00e0 vos applications. De plus, vous pouvez opter pour une \u00e9paisseur personnalis\u00e9e de 0,85 mm pour une durabilit\u00e9 accrue.<\/strong><\/p>\n<p>&nbsp;<\/p>\n<h2 style=\"text-align: center;\"><em><span style=\"color: #333399;\"><strong>Avantages<\/strong><\/span><\/em><\/h2>\n<ul>\n<li><strong>Durabilit\u00e9<\/strong>:Le PVC personnalis\u00e9 garantit la long\u00e9vit\u00e9, ce qui rend votre investissement rentable.<\/li>\n<li><strong>Personnalisation<\/strong>:Choisissez des couleurs, des logos et des styles d\u2019impression qui refl\u00e8tent l\u2019identit\u00e9 de votre marque.<\/li>\n<\/ul>\n<p>&nbsp;<\/p>\n<h2 style=\"text-align: center;\"><em><span style=\"color: #333399;\"><strong>Fonctionnalit\u00e9s sp\u00e9ciales<\/strong><\/span><\/em><\/h2>\n<p><strong>Imperm\u00e9able et r\u00e9sistant aux intemp\u00e9ries<\/strong><\/p>\n<p><strong>Les cartes NFC personnalis\u00e9es offrent des fonctionnalit\u00e9s sp\u00e9cifiques con\u00e7ues pour am\u00e9liorer l&#039;exp\u00e9rience utilisateur et maximiser la polyvalence. Elles peuvent \u00eatre rendues \u00e9tanches et r\u00e9sistantes aux intemp\u00e9ries, ce qui est essentiel pour les entreprises qui op\u00e8rent dans des environnements divers.<\/strong><\/p>\n<h3><span style=\"color: #666699;\"><strong>Pourquoi c&#039;est important :<\/strong><\/span><\/h3>\n<ul>\n<li><strong>Versatilit\u00e9<\/strong>:Id\u00e9al pour les \u00e9v\u00e9nements en plein air, le contr\u00f4le d&#039;acc\u00e8s dans les lieux ext\u00e9rieurs et plus encore.<\/li>\n<li><strong>Long\u00e9vit\u00e9<\/strong>:Les cartes qui r\u00e9sistent aux d\u00e9g\u00e2ts des eaux durent plus longtemps, vous \u00e9vitant ainsi des frais de remplacement fr\u00e9quents.<\/li>\n<\/ul>\n<p>&nbsp;<\/p>\n<h2 style=\"text-align: center;\"><em><span style=\"color: #333399;\"><strong>Sp\u00e9cifications techniques des cartes NFC en PVC<\/strong><\/span><\/em><\/h2>\n<p><span style=\"color: #008080;\"><strong>Comprendre les sp\u00e9cifications techniques des cartes NFC est essentiel pour prendre une d\u00e9cision \u00e9clair\u00e9e. <\/strong><\/span><\/p>\n<p><span style=\"color: #008080;\"><strong>Voici une liste des d\u00e9tails essentiels\u00a0:<\/strong><\/span><\/p>\n<div class=\"table-with-header rounded-lg border border-solid border-grey-line2-normal w-fit max-w-full mb-2\">\n<div class=\"overflow-x-auto custom-scrollbar custom-scrollbar-float max-w-full\">\n<table class=\"w-fit !mb-0 !max-w-none\" style=\"height: 265px;\" width=\"435\">\n<thead>\n<tr>\n<th>Attribut<\/th>\n<th>Sp\u00e9cification<\/th>\n<\/tr>\n<\/thead>\n<tbody>\n<tr>\n<td>\u00c9br\u00e9cher<\/td>\n<td>F08\/NTag213\/Tag215\/Tag216 (2k\/4k\/8k)<\/td>\n<\/tr>\n<tr>\n<td>Taille<\/td>\n<td>85,5 mm x 54 mm\/personnalis\u00e9<\/td>\n<\/tr>\n<tr>\n<td>Options d&#039;impression<\/td>\n<td>Impression\/offset\/s\u00e9rigraphie CMYK4C<\/td>\n<\/tr>\n<tr>\n<td>Fr\u00e9quence<\/td>\n<td>13,56 MHz<\/td>\n<\/tr>\n<tr>\n<td>M\u00e9moire<\/td>\n<td>Jusqu&#039;\u00e0 8\u00a0000, personnalisable<\/td>\n<\/tr>\n<tr>\n<td>Taille de l&#039;emballage<\/td>\n<td>5,55 cm x 5,4 cm x 0,01 cm<\/td>\n<\/tr>\n<tr>\n<td>Poids brut<\/td>\n<td>0,010 kg<\/td>\n<\/tr>\n<\/tbody>\n<\/table>\n<\/div>\n<\/div>\n<h2><span style=\"color: #666699;\"><strong>Fonctionnalit\u00e9s suppl\u00e9mentaires\u00a0:<\/strong><\/span><\/h2>\n<ul>\n<li><strong>Logo personnalis\u00e9<\/strong>:L\u2019utilisation de votre image de marque am\u00e9liore la visibilit\u00e9 et le professionnalisme.<\/li>\n<li><strong>Mince mais solide<\/strong>:Une \u00e9paisseur de 0,85 mm garantit une carte l\u00e9g\u00e8re et durable.<\/li>\n<\/ul>\n<p>&nbsp;<\/p>\n<h2 style=\"text-align: center;\"><strong><em><span style=\"color: #000080;\">Interfaces de communication am\u00e9lior\u00e9es RFID et NFC<\/span><\/em><\/strong><\/h2>\n<p>Le <strong>interfaces de communication<\/strong>\u00a0des cartes NFC font partie int\u00e9grante de leur fonction. Fonctionnent \u00e0 une fr\u00e9quence de\u00a0<strong>13,56 MHz<\/strong>Les cartes NFC utilisent \u00e0 la fois les technologies RFID et NFC, qui permettent un \u00e9change de donn\u00e9es rapide et sans contact.<\/p>\n<h3><span style=\"color: #666699;\"><strong>Points cl\u00e9s :<\/strong><\/span><\/h3>\n<ul>\n<li><strong>Transactions fluides<\/strong>:Interactions utilisateur rapides et sans tracas pour les paiements et l&#039;acc\u00e8s.<\/li>\n<li><strong>Compatibilit\u00e9<\/strong>:Fonctionne parfaitement avec divers\u00a0<strong>lecteurs de cartes<\/strong>\u00a0et des syst\u00e8mes de gestion, rendant l&#039;int\u00e9gration simple.<\/li>\n<\/ul>\n<p>&nbsp;<\/p>\n<h3><span style=\"color: #666699;\"><strong>Applications industrielles : <\/strong><\/span><\/h3>\n<p><strong>Donnez du pouvoir \u00e0 votre entrepriseLes cartes NFC personnalis\u00e9es sont incroyablement polyvalentes et peuvent \u00eatre utilis\u00e9es dans de nombreux secteurs d&#039;activit\u00e9. Des cartes Mifare pour les transports publics aux cartes de contr\u00f4le d&#039;acc\u00e8s pour les environnements s\u00e9curis\u00e9s, les applications sont vastes.<\/strong><\/p>\n<p>&nbsp;<\/p>\n<h3><span style=\"color: #666699;\"><strong>Exemples d&#039;application :<\/strong><\/span><\/h3>\n<ul>\n<li><strong>Vente au d\u00e9tail<\/strong>:Utilisez des cartes de fid\u00e9lit\u00e9 pour engager directement les clients, en r\u00e9compensant les visites r\u00e9p\u00e9t\u00e9es tout en capturant des donn\u00e9es pr\u00e9cieuses.<\/li>\n<li><strong>Hospitalit\u00e9<\/strong>: Impl\u00e9menter des cl\u00e9s de chambre intelligentes pour les h\u00f4tels, offrant aux clients une exp\u00e9rience d&#039;enregistrement fluide.<\/li>\n<\/ul>\n<p>&nbsp;<\/p>\n<p>&nbsp;<\/p>\n<h2 style=\"text-align: center;\"><span style=\"color: #333399;\"><em><strong>Impact environnemental et durabilit\u00e9<\/strong><\/em><\/span><\/h2>\n<p><strong>L&#039;int\u00e9gration de pratiques respectueuses de l&#039;environnement est essentielle pour les entreprises d&#039;aujourd&#039;hui. Nos cartes NFC en PVC peuvent \u00eatre con\u00e7ues pour r\u00e9duire l&#039;impact environnemental. L&#039;utilisation de mat\u00e9riaux recyclables r\u00e9pond aux pr\u00e9occupations en mati\u00e8re de durabilit\u00e9 tout en conservant une fonctionnalit\u00e9 \u00e9lev\u00e9e.<\/strong><\/p>\n<ul>\n<li><strong>Empreinte carbone r\u00e9duite<\/strong>:L\u2019utilisation de mat\u00e9riaux durables r\u00e9duit les d\u00e9chets.<\/li>\n<li><strong>Dur\u00e9e de vie durable<\/strong>:Des cartes de haute qualit\u00e9 signifient moins de remplacements, ce qui est meilleur pour l&#039;environnement.<\/li>\n<\/ul>\n<p>&nbsp;<\/p>\n<h2 style=\"text-align: center;\"><em><span style=\"color: #333399;\"><strong>Avis des clients<\/strong><\/span><\/em><\/h2>\n<ul>\n<li><strong>Sarah K.<\/strong>:\u00ab Les options de personnalisation nous ont permis d\u2019int\u00e9grer parfaitement notre image de marque. Nos clients adorent les nouvelles cl\u00e9s de chambre intelligentes ! \u00bb<\/li>\n<li><strong>Mike R.<\/strong>\u00ab Ces cartes fonctionnent parfaitement avec notre syst\u00e8me de contr\u00f4le d&#039;acc\u00e8s. L&#039;installation a \u00e9t\u00e9 rapide et nous pouvons d\u00e9sormais g\u00e9rer nos identifiants facilement. \u00bb<\/li>\n<\/ul>","protected":false},"excerpt":{"rendered":"<p>Optimisez votre entreprise avec des cartes NFC en PVC personnalis\u00e9es, offrant durabilit\u00e9, fonctionnalit\u00e9s d&#039;\u00e9tanch\u00e9it\u00e9, transactions transparentes et image de marque personnalis\u00e9e pour diverses applications.<\/p>","protected":false},"featured_media":3597,"template":"","meta":[],"product_brand":[],"product_cat":[46],"product_tag":[],"class_list":{"0":"post-3595","1":"product","2":"type-product","3":"status-publish","4":"has-post-thumbnail","6":"product_cat-nfc-cards","8":"first","9":"instock","10":"shipping-taxable","11":"product-type-simple"},"_links":{"self":[{"href":"https:\/\/nfc-readers.com\/fr\/wp-json\/wp\/v2\/product\/3595","targetHints":{"allow":["GET"]}}],"collection":[{"href":"https:\/\/nfc-readers.com\/fr\/wp-json\/wp\/v2\/product"}],"about":[{"href":"https:\/\/nfc-readers.com\/fr\/wp-json\/wp\/v2\/types\/product"}],"wp:featuredmedia":[{"embeddable":true,"href":"https:\/\/nfc-readers.com\/fr\/wp-json\/wp\/v2\/media\/3597"}],"wp:attachment":[{"href":"https:\/\/nfc-readers.com\/fr\/wp-json\/wp\/v2\/media?parent=3595"}],"wp:term":[{"taxonomy":"product_brand","embeddable":true,"href":"https:\/\/nfc-readers.com\/fr\/wp-json\/wp\/v2\/product_brand?post=3595"},{"taxonomy":"product_cat","embeddable":true,"href":"https:\/\/nfc-readers.com\/fr\/wp-json\/wp\/v2\/product_cat?post=3595"},{"taxonomy":"product_tag","embeddable":true,"href":"https:\/\/nfc-readers.com\/fr\/wp-json\/wp\/v2\/product_tag?post=3595"}],"curies":[{"name":"wp","href":"https:\/\/api.w.org\/{rel}","templated":true}]}}