{"id":3602,"date":"2024-11-07T15:58:55","date_gmt":"2024-11-07T15:58:55","guid":{"rendered":"https:\/\/nfc-readers.com\/?post_type=product&#038;p=3602"},"modified":"2024-11-07T16:39:39","modified_gmt":"2024-11-07T16:39:39","slug":"write-url-dynamic-qr-code-ntag-213-nfc-card","status":"publish","type":"product","link":"https:\/\/nfc-readers.com\/fr\/ic-reader\/write-url-dynamic-qr-code-ntag-213-nfc-card\/","title":{"rendered":"\u00c9crire l&#039;URL du code QR dynamique de la carte NFC Ntag 213"},"content":{"rendered":"<h1 style=\"text-align: center;\"><span style=\"color: #000080;\"><strong>\u00c9crire l&#039;URL du code QR dynamique de la carte NFC Ntag 213<\/strong><\/span><\/h1>\n<p><span style=\"color: #666699;\"><strong>Carte NFC NTAG213 Write URL Dynamic QR Code : transformez vos interactions commercialesDans un monde de plus en plus num\u00e9rique, une communication efficace et une efficacit\u00e9 op\u00e9rationnelle sont primordiales pour toute entreprise. La carte NFC NTAG213 Write URL Dynamic QR Code est un produit r\u00e9volutionnaire qui am\u00e9liore les interactions, rationalise les processus et facilite la connexion entre les clients et les entreprises.<\/strong><\/span><\/p>\n<p>Ces cartes NFC utilisent des technologies de pointe\u00a0<strong>Technologie NTAG213<\/strong>\u00a0pour fournir des fonctionnalit\u00e9s d&#039;URL dynamiques, permettant aux entreprises de diriger les utilisateurs vers n&#039;importe quel site Web ou ressource num\u00e9rique de mani\u00e8re transparente. Cette puissante combinaison de la technologie NFC et du code QR permet des applications polyvalentes, notamment des campagnes marketing, la gestion d&#039;\u00e9v\u00e9nements, l&#039;authentification de produits et bien plus encore. Investir dans les cartes NFC NTAG213 n&#039;est pas seulement une d\u00e9cision strat\u00e9gique, mais aussi une \u00e9tape vers la modernisation de vos op\u00e9rations commerciales.<\/p>\n<hr \/>\n<p>&nbsp;<\/p>\n<p>&nbsp;<\/p>\n<h2 style=\"text-align: center;\"><em><strong><span style=\"color: #333399;\">Principaux attributs de la carte NFC NTAG213<\/span><\/strong><\/em><\/h2>\n<p><span style=\"color: #008080;\"><strong>La carte NFC NTAG213 se distingue par ses fonctionnalit\u00e9s innovantes et sa construction robuste. Voici ses attributs essentiels :<\/strong><\/span><\/p>\n<ul>\n<li><strong>Mat\u00e9riel<\/strong>:Fabriqu\u00e9 \u00e0 partir de mat\u00e9riaux de haute qualit\u00e9\u00a0<strong>PVC<\/strong>, ces cartes sont con\u00e7ues pour durer et durer longtemps. Elles peuvent r\u00e9sister aux rigueurs d&#039;une utilisation quotidienne, qu&#039;elles soient distribu\u00e9es lors d&#039;\u00e9v\u00e9nements ou utilis\u00e9es dans des syst\u00e8mes de contr\u00f4le d&#039;acc\u00e8s.<\/li>\n<li><strong>Technologie des puces<\/strong>:La puce NTAG213 est sp\u00e9cialement con\u00e7ue pour les applications n\u00e9cessitant des donn\u00e9es dynamiques, offrant une capacit\u00e9 de m\u00e9moire de\u00a0<strong>144 octets<\/strong>\u00a0et la possibilit\u00e9 de r\u00e9\u00e9crire les URL \u00e0 tout moment sans avoir besoin d&#039;imprimer de nouvelles cartes.<\/li>\n<li><strong>Taille et personnalisation<\/strong>:Les dimensions standard sont\u00a0<strong>85,5 mm x 54 mm<\/strong>, permettant une uniformit\u00e9 avec les formats de cartes de cr\u00e9dit traditionnels, les rendant faciles \u00e0 transporter. Des personnalisations de taille et de conception sont \u00e9galement possibles pour r\u00e9pondre \u00e0 vos besoins de marque.<\/li>\n<\/ul>\n<p>&nbsp;<\/p>\n<p>&nbsp;<\/p>\n<h2 style=\"text-align: center;\"><em><strong><span style=\"color: #333399;\">Fonctionnalit\u00e9s sp\u00e9ciales<\/span><\/strong><\/em><\/h2>\n<p style=\"text-align: left;\"><strong>Conception \u00e9tanche et r\u00e9sistante aux intemp\u00e9ries<\/strong><\/p>\n<p style=\"text-align: left;\">L\u2019une des caract\u00e9ristiques remarquables des cartes NFC Write URL est leur\u00a0<strong>imperm\u00e9able et r\u00e9sistant aux intemp\u00e9ries<\/strong>\u00a0propri\u00e9t\u00e9s. Les entreprises qui op\u00e8rent dans des environnements vari\u00e9s peuvent grandement b\u00e9n\u00e9ficier de ces fonctionnalit\u00e9s.<\/p>\n<ul>\n<li><strong>Versatilit\u00e9<\/strong>:Ces cartes sont id\u00e9ales pour les \u00e9v\u00e9nements en ext\u00e9rieur, o\u00f9 l&#039;exposition \u00e0 l&#039;humidit\u00e9 pourrait endommager les cartes standard. Qu&#039;il s&#039;agisse d&#039;un festival de musique, d&#039;un \u00e9v\u00e9nement sportif ou de campagnes de marketing en ext\u00e9rieur, votre\u00a0<strong>Carte NFC NTAG213<\/strong>\u00a0fonctionnera de mani\u00e8re fiable.<\/li>\n<li><strong>Long\u00e9vit\u00e9<\/strong>:R\u00e9sister aux d\u00e9g\u00e2ts des eaux prolonge non seulement la dur\u00e9e de vie de la carte, mais vous permet \u00e9galement d&#039;\u00e9conomiser les co\u00fbts associ\u00e9s aux remplacements fr\u00e9quents.<\/li>\n<\/ul>\n<p>&nbsp;<\/p>\n<h2 style=\"text-align: center;\"><em><strong><span style=\"color: #333399;\">Interfaces de communication<\/span><\/strong><\/em><\/h2>\n<ul>\n<li><strong>RFID et NFC<\/strong>:Fonctionnant \u00e0 une fr\u00e9quence de\u00a0<strong>13,56 MHz<\/strong>, ces cartes utilisent \u00e0 la fois les technologies RFID et NFC pour permettre une communication sans contact. Cela garantit un \u00e9change de donn\u00e9es rapide et efficace, am\u00e9liorant l&#039;exp\u00e9rience utilisateur lors des transactions.<\/li>\n<li><strong>Transactions fluides<\/strong>:L&#039;int\u00e9gration de la technologie NFC permet une interaction sans effort. Les utilisateurs peuvent simplement placer leur carte contre un lecteur compatible, ce qui fait appara\u00eetre instantan\u00e9ment l&#039;URL associ\u00e9e, qui peut les diriger vers un site Web, un formulaire ou un contenu multim\u00e9dia.<\/li>\n<\/ul>\n<p>&nbsp;<\/p>\n<p>&nbsp;<\/p>\n<h2 style=\"text-align: center;\"><em><span style=\"color: #333399;\"><strong>Sp\u00e9cifications techniques<\/strong><\/span><\/em><\/h2>\n<p><span style=\"color: #008080;\"><strong>Pour une prise de d\u00e9cision \u00e9clair\u00e9e, voici les sp\u00e9cifications techniques d\u00e9taill\u00e9es de la carte NFC Write URL Dynamic QR Code NTAG213 :<\/strong><\/span><\/p>\n<div class=\"table-with-header rounded-lg border border-solid border-grey-line2-normal w-fit max-w-full mb-2\">\n<div class=\"overflow-x-auto custom-scrollbar custom-scrollbar-float max-w-full\">\n<table class=\"w-fit !mb-0 !max-w-none\">\n<thead>\n<tr>\n<th><strong>Attribut<\/strong><\/th>\n<th><strong>Sp\u00e9cification<\/strong><\/th>\n<\/tr>\n<\/thead>\n<tbody>\n<tr>\n<td><strong>\u00c9br\u00e9cher<\/strong><\/td>\n<td>NTAG213 (marque d\u00e9pos\u00e9e NXP\u00ae)<\/td>\n<\/tr>\n<tr>\n<td><strong>Mat\u00e9riel<\/strong><\/td>\n<td>PVC<\/td>\n<\/tr>\n<tr>\n<td><strong>Taille<\/strong><\/td>\n<td>85,5 mm x 54 mm<\/td>\n<\/tr>\n<tr>\n<td><strong>M\u00e9moire<\/strong><\/td>\n<td>144 octets (options personnalis\u00e9es disponibles)<\/td>\n<\/tr>\n<tr>\n<td><strong>Fr\u00e9quence<\/strong><\/td>\n<td>13,56 MHz<\/td>\n<\/tr>\n<tr>\n<td><strong>Options d&#039;impression<\/strong><\/td>\n<td>Impression offset CMJN<\/td>\n<\/tr>\n<tr>\n<td><strong>Distance de lecture<\/strong><\/td>\n<td>2-10 cm<\/td>\n<\/tr>\n<tr>\n<td><strong>Lieu d&#039;origine<\/strong><\/td>\n<td>Guangdong, Chine<\/td>\n<\/tr>\n<tr>\n<td><strong>Artisanat<\/strong><\/td>\n<td>Diff\u00e9rentes options : Code Laser, Encre UV, etc.<\/td>\n<\/tr>\n<\/tbody>\n<\/table>\n<p>&nbsp;<\/p>\n<\/div>\n<\/div>\n<h2 style=\"text-align: center;\"><em><strong><span style=\"color: #333399;\">Applications dans tous les secteurs<\/span><\/strong><\/em><\/h2>\n<p><span style=\"color: #008080;\"><strong>La carte NFC NTAG213 \u00e0 code QR dynamique Write URL a diverses applications dans divers secteurs\u00a0:<\/strong><\/span><\/p>\n<ul>\n<li><strong>Vente au d\u00e9tail et marketing<\/strong>:Utilisez ces cartes pour les programmes de fid\u00e9lit\u00e9, permettant aux clients d&#039;acc\u00e9der facilement \u00e0 des liens promotionnels ou \u00e0 des offres sp\u00e9ciales.\u00a0<strong>URL dynamique<\/strong>\u00a0Cette fonctionnalit\u00e9 signifie que vous pouvez mettre \u00e0 jour les promotions instantan\u00e9ment sans avoir besoin de nouvelles cartes.<\/li>\n<li><strong>Gestion d&#039;\u00e9v\u00e9nements<\/strong>:Parfaites pour les conf\u00e9rences, les concerts ou les salons professionnels, ces cartes peuvent fournir un acc\u00e8s sans contact aux horaires, aux informations sur les intervenants et aux mises \u00e0 jour des \u00e9v\u00e9nements via des codes QR li\u00e9s \u00e0 la puce NFC.<\/li>\n<\/ul>","protected":false},"excerpt":{"rendered":"<p>La carte NFC NTAG213 \u00e0 code QR dynamique Write URL am\u00e9liore les interactions commerciales avec des URL dynamiques, la technologie NFC, une conception \u00e9tanche et des applications polyvalentes.<\/p>","protected":false},"featured_media":3604,"template":"","meta":[],"product_brand":[],"product_cat":[46],"product_tag":[],"class_list":{"0":"post-3602","1":"product","2":"type-product","3":"status-publish","4":"has-post-thumbnail","6":"product_cat-nfc-cards","8":"first","9":"instock","10":"shipping-taxable","11":"product-type-simple"},"_links":{"self":[{"href":"https:\/\/nfc-readers.com\/fr\/wp-json\/wp\/v2\/product\/3602","targetHints":{"allow":["GET"]}}],"collection":[{"href":"https:\/\/nfc-readers.com\/fr\/wp-json\/wp\/v2\/product"}],"about":[{"href":"https:\/\/nfc-readers.com\/fr\/wp-json\/wp\/v2\/types\/product"}],"wp:featuredmedia":[{"embeddable":true,"href":"https:\/\/nfc-readers.com\/fr\/wp-json\/wp\/v2\/media\/3604"}],"wp:attachment":[{"href":"https:\/\/nfc-readers.com\/fr\/wp-json\/wp\/v2\/media?parent=3602"}],"wp:term":[{"taxonomy":"product_brand","embeddable":true,"href":"https:\/\/nfc-readers.com\/fr\/wp-json\/wp\/v2\/product_brand?post=3602"},{"taxonomy":"product_cat","embeddable":true,"href":"https:\/\/nfc-readers.com\/fr\/wp-json\/wp\/v2\/product_cat?post=3602"},{"taxonomy":"product_tag","embeddable":true,"href":"https:\/\/nfc-readers.com\/fr\/wp-json\/wp\/v2\/product_tag?post=3602"}],"curies":[{"name":"wp","href":"https:\/\/api.w.org\/{rel}","templated":true}]}}