{"id":3610,"date":"2024-11-08T02:46:18","date_gmt":"2024-11-08T02:46:18","guid":{"rendered":"https:\/\/nfc-readers.com\/?post_type=product&#038;p=3610"},"modified":"2024-11-08T02:46:18","modified_gmt":"2024-11-08T02:46:18","slug":"nfc-soft-pvc-vinyl-wristband-card-for-rfid-fabric-wristband","status":"publish","type":"product","link":"https:\/\/nfc-readers.com\/fr\/ic-reader\/nfc-soft-pvc-vinyl-wristband-card-for-rfid-fabric-wristband\/","title":{"rendered":"Carte de bracelet en vinyle PVC souple NFC pour bracelet en tissu RFID"},"content":{"rendered":"<h1><strong>Carte de bracelet en vinyle PVC souple NFC pour bracelet en tissu RFID<\/strong><\/h1>\n<p>&nbsp;<\/p>\n<p>Dans le monde d&#039;aujourd&#039;hui, o\u00f9 tout \u00e9volue rapidement et o\u00f9 la technologie est omnipr\u00e9sente, <strong>Carte de bracelet en vinyle PVC souple NFC pour bracelet en tissu RFID<\/strong>\u00a0se distingue comme un outil essentiel pour un contr\u00f4le d&#039;acc\u00e8s transparent, des transactions sans esp\u00e8ces et des exp\u00e9riences utilisateur am\u00e9lior\u00e9es. Fabriqu\u00e9s \u00e0 partir de vinyle de haute qualit\u00e9, ces bracelets sont l\u00e9gers, color\u00e9s et incroyablement polyvalents, ce qui les rend parfaits pour divers \u00e9v\u00e9nements tels que des concerts, des festivals, des parcs \u00e0 th\u00e8me et des r\u00e9unions d&#039;entreprise. Avec une fr\u00e9quence op\u00e9rationnelle de\u00a0<strong>13,56 MHz<\/strong>\u00a0et compatibles avec les technologies RFID et NFC, ces bracelets offrent des solutions uniques aux organisateurs d&#039;\u00e9v\u00e9nements et aux entreprises cherchant \u00e0 am\u00e9liorer la s\u00e9curit\u00e9 et \u00e0 rationaliser les op\u00e9rations.<\/p>\n<p>&nbsp;<\/p>\n<h3><strong>Pourquoi choisir les bracelets en vinyle PVC souple NFC\u00a0?<\/strong><\/h3>\n<p>Investir dans des bracelets NFC n&#039;est pas seulement une question de mode, mais aussi une mise \u00e0 niveau fonctionnelle pour g\u00e9rer efficacement les \u00e9v\u00e9nements et les interactions des utilisateurs. Ces bracelets \u00e9liminent le besoin de syst\u00e8mes traditionnels de billetterie et de contr\u00f4le d&#039;acc\u00e8s, r\u00e9duisant ainsi les temps d&#039;attente et am\u00e9liorant l&#039;exp\u00e9rience des clients. Gr\u00e2ce aux options de personnalisation de la marque disponibles, les entreprises peuvent accro\u00eetre leur visibilit\u00e9 tout en offrant une m\u00e9thode fiable et s\u00e9curis\u00e9e pour les paiements sans esp\u00e8ces. Que vous organisiez des festivals de musique, des \u00e9v\u00e9nements sportifs ou des parcs d&#039;attractions, ces bracelets offrent la fiabilit\u00e9 et la fonctionnalit\u00e9 dont vous avez besoin.<\/p>\n<p>&nbsp;<\/p>\n<h2>Caract\u00e9ristiques des technologies RFID et NFC<\/h2>\n<h3>Contr\u00f4le d&#039;acc\u00e8s am\u00e9lior\u00e9<\/h3>\n<p>Le\u00a0<strong>Technologie RFID<\/strong>\u00a0int\u00e9gr\u00e9 dans ces bracelets permet\u00a0<strong>contr\u00f4le d&#039;acc\u00e8s rapide<\/strong>\u00a0lors d&#039;\u00e9v\u00e9nements, en veillant \u00e0 ce que les points d&#039;entr\u00e9e soient s\u00e9curis\u00e9s tout en r\u00e9duisant le temps pass\u00e9 par les invit\u00e9s \u00e0 faire la queue. Les organisateurs d&#039;\u00e9v\u00e9nements peuvent utiliser\u00a0<strong>Bracelets RFID<\/strong>\u00a0pour diverses fonctions, notamment :<\/p>\n<ul>\n<li><strong>Acc\u00e8s VIP<\/strong>:Faites la diff\u00e9rence entre l\u2019admission g\u00e9n\u00e9rale et les participants VIP pour les zones sp\u00e9ciales.<\/li>\n<li><strong>Paiements sans esp\u00e8ces<\/strong>:Permettez les transactions sans esp\u00e8ces pour les marchandises, la nourriture et les boissons sur place, rendant l&#039;exp\u00e9rience globale plus pratique.<\/li>\n<\/ul>\n<h3>Op\u00e9rations rationalis\u00e9es<\/h3>\n<p>En utilisant\u00a0<strong>Technologie de bracelet NFC<\/strong>\u00a0rationalise consid\u00e9rablement les op\u00e9rations \u00e9v\u00e9nementielles. La capacit\u00e9 \u00e0 mener\u00a0<strong>collecte de donn\u00e9es<\/strong>\u00a0Gr\u00e2ce \u00e0 ces appareils, les vendeurs peuvent analyser efficacement le comportement des participants et leurs habitudes de d\u00e9penses. Ces informations peuvent ensuite \u00eatre utilis\u00e9es pour am\u00e9liorer les \u00e9v\u00e9nements futurs, renforcer les strat\u00e9gies marketing et optimiser l&#039;exp\u00e9rience client.<\/p>\n<p>&nbsp;<\/p>\n<h3><strong>Avantages de l&#039;utilisation de bracelets en vinyle<\/strong><\/h3>\n<h3>Durabilit\u00e9 et confort<\/h3>\n<p>Fabriqu\u00e9 \u00e0 partir de mat\u00e9riaux de haute qualit\u00e9\u00a0<strong>mat\u00e9riau en vinyle<\/strong>Les bracelets NFC sont con\u00e7us pour r\u00e9sister \u00e0 divers \u00e9l\u00e9ments associ\u00e9s aux festivals, concerts et \u00e9v\u00e9nements en plein air. Contrairement aux billets en papier ou aux bracelets en tissu qui peuvent facilement se d\u00e9chirer ou \u00eatre endommag\u00e9s, les bracelets en vinyle sont imperm\u00e9ables, r\u00e9sistants aux d\u00e9chirures et \u00e0 la transpiration, ce qui garantit qu&#039;ils restent intacts tout au long de l&#039;\u00e9v\u00e9nement.<\/p>\n<h3>\u00c0 usage unique et inviolable<\/h3>\n<p>Le\u00a0<strong>usage unique<\/strong>\u00a0La nature de ces bracelets assure une s\u00e9curit\u00e9 maximale. Une fois qu&#039;un bracelet est utilis\u00e9 pour entrer, il devient nul et ne peut pas \u00eatre r\u00e9utilis\u00e9. Cela r\u00e9duit consid\u00e9rablement le risque de fraude aux billets, qui est un probl\u00e8me courant lors des grands \u00e9v\u00e9nements. Les organisateurs d&#039;\u00e9v\u00e9nements peuvent \u00eatre assur\u00e9s que leurs actifs et leurs op\u00e9rations sont prot\u00e9g\u00e9s.<\/p>\n<p>&nbsp;<\/p>\n<h3><strong>Options personnalisables pour la personnalisation de la marque<\/strong><\/h3>\n<h3>Cr\u00e9er une impression durable<\/h3>\n<p>Les bracelets NFC offrent plusieurs options de personnalisation \u00e0 des fins de valorisation de la marque. Les entreprises peuvent am\u00e9liorer leur visibilit\u00e9 gr\u00e2ce \u00e0 des bracelets personnalis\u00e9s\u00a0<strong>impression par transfert thermique<\/strong>, des logos, des codes-barres ou des codes QR sur les bracelets et les cartes d&#039;accompagnement. Ces opportunit\u00e9s de branding cr\u00e9ent une apparence professionnelle qui laisse une impression durable sur les invit\u00e9s, favorisant la reconnaissance de la marque m\u00eame apr\u00e8s l&#039;\u00e9v\u00e9nement.<\/p>\n<h3>Avantages du marketing<\/h3>\n<p>Le branding par le biais de bracelets personnalis\u00e9s s&#039;est av\u00e9r\u00e9 \u00eatre un outil marketing efficace. Les participants portant les bracelets de votre marque deviennent des publicit\u00e9s ambulantes, mettant en valeur votre logo et vos cr\u00e9ations bien apr\u00e8s la fin de l&#039;\u00e9v\u00e9nement. Cela am\u00e9liore la visibilit\u00e9 de la marque et peut potentiellement attirer de nouveaux clients qui verront votre marque dans des contextes vari\u00e9s.<\/p>\n<p>&nbsp;<\/p>\n<h3><strong>Questions fr\u00e9quemment pos\u00e9es (FAQ)<\/strong><\/h3>\n<h2>1. Que sont les bracelets en vinyle PVC souple NFC\u00a0?<\/h2>\n<p>Les bracelets en vinyle PVC souple NFC sont une technologie portable qui utilise la communication en champ proche (NFC) et l&#039;identification par radiofr\u00e9quence (RFID) pour fournir un contr\u00f4le d&#039;acc\u00e8s sans contact, la collecte de donn\u00e9es et des options de paiement sans esp\u00e8ces lors d&#039;\u00e9v\u00e9nements. Ils sont fabriqu\u00e9s \u00e0 partir d&#039;un mat\u00e9riau en vinyle durable et sont con\u00e7us pour le confort et la commodit\u00e9 de l&#039;utilisateur.<\/p>\n<h2>2. Quelle est la fr\u00e9quence de ces bracelets ?<\/h2>\n<p>Ces bracelets fonctionnent \u00e0 une fr\u00e9quence de\u00a0<strong>13,56 MHz<\/strong>, qui est commun aux technologies NFC et RFID, garantissant la compatibilit\u00e9 avec la plupart des lecteurs RFID et des appareils compatibles NFC.<\/p>\n<h2>3. Les bracelets sont-ils r\u00e9utilisables ?<\/h2>\n<p>Non, les bracelets en vinyle PVC souple NFC sont con\u00e7us pour\u00a0<strong>\u00e0 usage unique<\/strong>Cette fonctionnalit\u00e9 vise \u00e0 am\u00e9liorer la s\u00e9curit\u00e9 et \u00e0 minimiser le risque de fraude aux billets, ce qui les rend id\u00e9aux pour les \u00e9v\u00e9nements o\u00f9 le contr\u00f4le d&#039;acc\u00e8s est crucial.<\/p>\n<h2>4. Les bracelets peuvent-ils \u00eatre personnalis\u00e9s ?<\/h2>\n<p>Oui ! Vous pouvez personnaliser les bracelets de diff\u00e9rentes mani\u00e8res, notamment :<\/p>\n<ul>\n<li><strong>Impression de logo<\/strong><\/li>\n<li><strong>Codes-barres et codes QR<\/strong><\/li>\n<li><strong>Dessins de couleurs<\/strong><\/li>\n<li><strong>Techniques d&#039;artisanat sp\u00e9ciales<\/strong>\u00a0comme l&#039;impression par transfert thermique et le codage laser.<\/li>\n<\/ul>\n<p>Cette personnalisation permet aux entreprises d\u2019am\u00e9liorer leur image de marque et de cr\u00e9er une apparence professionnelle pour les \u00e9v\u00e9nements.<\/p>","protected":false},"excerpt":{"rendered":"<p>Le bracelet NFC en vinyle souple est une solution durable et personnalisable pour un acc\u00e8s s\u00e9curis\u00e9 et des transactions sans esp\u00e8ces lors d&#039;\u00e9v\u00e9nements. Con\u00e7us pour le confort et la fonctionnalit\u00e9, ces bracelets am\u00e9liorent l&#039;exp\u00e9rience globale des clients tout en garantissant un contr\u00f4le d&#039;acc\u00e8s fiable.<\/p>","protected":false},"featured_media":3611,"template":"","meta":[],"product_brand":[],"product_cat":[50],"product_tag":[],"class_list":{"0":"post-3610","1":"product","2":"type-product","3":"status-publish","4":"has-post-thumbnail","6":"product_cat-silicone-rfid-nfc-wristbands","8":"first","9":"instock","10":"shipping-taxable","11":"product-type-simple"},"_links":{"self":[{"href":"https:\/\/nfc-readers.com\/fr\/wp-json\/wp\/v2\/product\/3610","targetHints":{"allow":["GET"]}}],"collection":[{"href":"https:\/\/nfc-readers.com\/fr\/wp-json\/wp\/v2\/product"}],"about":[{"href":"https:\/\/nfc-readers.com\/fr\/wp-json\/wp\/v2\/types\/product"}],"wp:featuredmedia":[{"embeddable":true,"href":"https:\/\/nfc-readers.com\/fr\/wp-json\/wp\/v2\/media\/3611"}],"wp:attachment":[{"href":"https:\/\/nfc-readers.com\/fr\/wp-json\/wp\/v2\/media?parent=3610"}],"wp:term":[{"taxonomy":"product_brand","embeddable":true,"href":"https:\/\/nfc-readers.com\/fr\/wp-json\/wp\/v2\/product_brand?post=3610"},{"taxonomy":"product_cat","embeddable":true,"href":"https:\/\/nfc-readers.com\/fr\/wp-json\/wp\/v2\/product_cat?post=3610"},{"taxonomy":"product_tag","embeddable":true,"href":"https:\/\/nfc-readers.com\/fr\/wp-json\/wp\/v2\/product_tag?post=3610"}],"curies":[{"name":"wp","href":"https:\/\/api.w.org\/{rel}","templated":true}]}}