{"id":3619,"date":"2024-11-08T04:21:11","date_gmt":"2024-11-08T04:21:11","guid":{"rendered":"https:\/\/nfc-readers.com\/?post_type=product&#038;p=3619"},"modified":"2024-11-08T04:21:11","modified_gmt":"2024-11-08T04:21:11","slug":"mifare-ultralight-ev1-rfid-stretchy-woven-nfc-rfid-wristband","status":"publish","type":"product","link":"https:\/\/nfc-readers.com\/fr\/ic-reader\/mifare-ultralight-ev1-rfid-stretchy-woven-nfc-rfid-wristband\/","title":{"rendered":"Bracelet RFID NFC extensible tiss\u00e9 MIFARE Ultralight Ev1 RFID"},"content":{"rendered":"<h1 style=\"text-align: center;\"><strong>Bracelet RFID NFC extensible tiss\u00e9 MIFARE Ultralight Ev1 RFID<\/strong><\/h1>\n<p>&nbsp;<\/p>\n<p>Le <strong>Bracelet NFC extensible RFID MIFARE Ultralight EV1 tiss\u00e9<\/strong>\u00a0est la solution ultime pour la gestion d&#039;\u00e9v\u00e9nements modernes, offrant un contr\u00f4le d&#039;acc\u00e8s transparent, des solutions de paiement sans esp\u00e8ces et une exp\u00e9rience client am\u00e9lior\u00e9e. Con\u00e7u dans un souci d&#039;innovation, ce bracelet associe une technologie RFID de pointe \u00e0 des designs personnalisables, devenant un outil essentiel pour les organisateurs d&#039;\u00e9v\u00e9nements et les participants. Que vous organisiez un festival de musique, une attraction de parc aquatique ou un \u00e9v\u00e9nement d&#039;entreprise, ce bracelet RFID garantit des op\u00e9rations rationalis\u00e9es, une s\u00e9curit\u00e9 accrue et une exp\u00e9rience m\u00e9morable pour toutes les personnes impliqu\u00e9es.<\/p>\n<p>&nbsp;<\/p>\n<h3><strong>Avantages du produit<\/strong><\/h3>\n<ul>\n<li><strong>S\u00e9curit\u00e9 renforc\u00e9e<\/strong>:La puce MIFARE Ultralight EV1 garantit que votre bracelet est non seulement inviolable, mais \u00e9galement capable de transmettre des donn\u00e9es en toute s\u00e9curit\u00e9.<\/li>\n<li><strong>Imperm\u00e9able et durable<\/strong>:Class\u00e9 IP68, ce bracelet est \u00e0 la fois \u00e9tanche et r\u00e9sistant aux intemp\u00e9ries, con\u00e7u pour r\u00e9sister \u00e0 diverses conditions environnementales garantissant qu&#039;il ne sera pas endommag\u00e9 lors d&#039;\u00e9v\u00e9nements en plein air ou d&#039;activit\u00e9s li\u00e9es \u00e0 l&#039;eau.<\/li>\n<li><strong>Convivial<\/strong>:Le bracelet RFID \u00e9limine le besoin de transactions en esp\u00e8ces, permettant des paiements sans esp\u00e8ces qui am\u00e9liorent l&#039;efficacit\u00e9 et r\u00e9duisent les temps d&#039;attente pour les clients.<\/li>\n<li><strong>Mod\u00e8les personnalisables<\/strong>:Avec l\u2019option d\u2019impression CMJN en couleur, les organisateurs d\u2019\u00e9v\u00e9nements peuvent cr\u00e9er des bracelets visuellement attrayants qui am\u00e9liorent la visibilit\u00e9 de la marque.<\/li>\n<li><strong>Tailles et couleurs flexibles<\/strong>:Disponibles en diff\u00e9rentes tailles (145x25x1,5 mm et 185x25x1,5 mm) et couleurs (bleu, rouge, blanc, noir, vert, jaune, orange, gris), les bracelets r\u00e9pondent \u00e0 diverses pr\u00e9f\u00e9rences esth\u00e9tiques.<\/li>\n<\/ul>\n<p>&nbsp;<\/p>\n<h2><strong>Principales caract\u00e9ristiques et sp\u00e9cifications<\/strong><\/h2>\n<h3>Puce MIFARE haute performance<\/h3>\n<p>Le c\u0153ur du bracelet est le\u00a0<strong>Puce MIFARE Ultralight EV1<\/strong>, qui offre des performances fiables pour le contr\u00f4le d&#039;acc\u00e8s et la gestion des donn\u00e9es. La puce assure une communication s\u00e9curis\u00e9e avec les lecteurs RFID, ce qui la rend id\u00e9ale pour les \u00e9v\u00e9nements \u00e0 fort trafic o\u00f9 un traitement rapide est essentiel.<\/p>\n<h3>Conception \u00e9tanche et r\u00e9sistante aux intemp\u00e9ries<\/h3>\n<p>Avec un\u00a0<strong>Indice de protection IP68<\/strong>, le bracelet est \u00e9tanche, ce qui lui permet de rester fonctionnel m\u00eame dans des conditions m\u00e9t\u00e9orologiques difficiles. Qu&#039;il s&#039;agisse de pluie lors d&#039;un concert ou d&#039;\u00e9claboussures dans un parc aquatique, les utilisateurs peuvent profiter de leurs activit\u00e9s sans souci.<\/p>\n<h3>Solutions de paiement sans esp\u00e8ces<\/h3>\n<p>Fini le temps o\u00f9 il fallait transporter de l&#039;argent liquide ou des cartes. Ce bracelet permet un paiement rapide et facile\u00a0<strong>paiements sans esp\u00e8ces<\/strong>, parfait pour les \u00e9v\u00e9nements tr\u00e8s fr\u00e9quent\u00e9s o\u00f9 l&#039;efficacit\u00e9 est essentielle. Les organisateurs d&#039;\u00e9v\u00e9nements peuvent facilement surveiller les transactions et rationaliser les op\u00e9rations.<\/p>\n<h3>Personnalisation et image de marque<\/h3>\n<p>Les organisateurs d\u2019\u00e9v\u00e9nements peuvent tirer parti de la\u00a0<strong>impression CMJN en couleur<\/strong>\u00a0possibilit\u00e9 de cr\u00e9er des designs personnalis\u00e9s. Cela permet non seulement d&#039;am\u00e9liorer l&#039;image de marque, mais aussi d&#039;ajouter une touche unique, permettant aux participants de mettre en valeur leur exp\u00e9rience de l&#039;\u00e9v\u00e9nement.<\/p>\n<p>&nbsp;<\/p>\n<h2><strong>Questions fr\u00e9quemment pos\u00e9es (FAQ)<\/strong><\/h2>\n<h3>1.\u00a0<strong>Qu&#039;est-ce qu&#039;un bracelet RFID ?<\/strong><\/h3>\n<p>Un bracelet RFID est un dispositif portable qui utilise la technologie d&#039;identification par radiofr\u00e9quence (RFID) pour transmettre des donn\u00e9es par ondes radio. Il permet un contr\u00f4le d&#039;acc\u00e8s s\u00e9curis\u00e9, des paiements sans esp\u00e8ces et la collecte de donn\u00e9es lors d&#039;\u00e9v\u00e9nements.<\/p>\n<h3>2.\u00a0<strong>Comment fonctionne le bracelet RFID MIFARE Ultralight EV1 ?<\/strong><\/h3>\n<p>Le bracelet fonctionne gr\u00e2ce \u00e0 une puce qui communique avec des lecteurs RFID. Lorsque le bracelet est plac\u00e9 contre un lecteur, il transmet les donn\u00e9es stock\u00e9es, ce qui permet d&#039;autoriser l&#039;acc\u00e8s ou de traiter le paiement.<\/p>\n<h3>3.\u00a0<strong>Le bracelet est-il \u00e9tanche ?<\/strong><\/h3>\n<p>Oui, notre bracelet RFID MIFARE Ultralight EV1 est class\u00e9 IP68, ce qui signifie qu&#039;il est enti\u00e8rement \u00e9tanche et peut r\u00e9sister \u00e0 l&#039;immersion dans l&#039;eau, ce qui le rend adapt\u00e9 \u00e0 divers \u00e9v\u00e9nements en plein air, y compris les parcs aquatiques.<\/p>\n<h3>4.\u00a0<strong>Le bracelet peut-il \u00eatre personnalis\u00e9 ?<\/strong><\/h3>\n<p>Absolument ! Nous proposons des options de couleurs personnalisables et une impression CMJN en couleur, vous permettant de concevoir des bracelets qui correspondent \u00e0 l&#039;image de marque et au th\u00e8me de votre \u00e9v\u00e9nement.<\/p>\n<p>&nbsp;<\/p>","protected":false},"excerpt":{"rendered":"<p>Le bracelet NFC extensible RFID MIFARE Ultralight EV1 est con\u00e7u pour un contr\u00f4le d&#039;acc\u00e8s s\u00e9curis\u00e9 et des transactions sans esp\u00e8ces lors d&#039;\u00e9v\u00e9nements. Ses caract\u00e9ristiques imperm\u00e9ables et personnalisables le rendent id\u00e9al pour diverses occasions.<\/p>","protected":false},"featured_media":3620,"template":"","meta":[],"product_brand":[],"product_cat":[50],"product_tag":[],"class_list":{"0":"post-3619","1":"product","2":"type-product","3":"status-publish","4":"has-post-thumbnail","6":"product_cat-silicone-rfid-nfc-wristbands","8":"first","9":"instock","10":"shipping-taxable","11":"product-type-simple"},"_links":{"self":[{"href":"https:\/\/nfc-readers.com\/fr\/wp-json\/wp\/v2\/product\/3619","targetHints":{"allow":["GET"]}}],"collection":[{"href":"https:\/\/nfc-readers.com\/fr\/wp-json\/wp\/v2\/product"}],"about":[{"href":"https:\/\/nfc-readers.com\/fr\/wp-json\/wp\/v2\/types\/product"}],"wp:featuredmedia":[{"embeddable":true,"href":"https:\/\/nfc-readers.com\/fr\/wp-json\/wp\/v2\/media\/3620"}],"wp:attachment":[{"href":"https:\/\/nfc-readers.com\/fr\/wp-json\/wp\/v2\/media?parent=3619"}],"wp:term":[{"taxonomy":"product_brand","embeddable":true,"href":"https:\/\/nfc-readers.com\/fr\/wp-json\/wp\/v2\/product_brand?post=3619"},{"taxonomy":"product_cat","embeddable":true,"href":"https:\/\/nfc-readers.com\/fr\/wp-json\/wp\/v2\/product_cat?post=3619"},{"taxonomy":"product_tag","embeddable":true,"href":"https:\/\/nfc-readers.com\/fr\/wp-json\/wp\/v2\/product_tag?post=3619"}],"curies":[{"name":"wp","href":"https:\/\/api.w.org\/{rel}","templated":true}]}}