{"id":3626,"date":"2024-11-08T04:27:49","date_gmt":"2024-11-08T04:27:49","guid":{"rendered":"https:\/\/nfc-readers.com\/?post_type=product&#038;p=3626"},"modified":"2024-11-08T04:27:50","modified_gmt":"2024-11-08T04:27:50","slug":"concert-access-identification-tickets-nfc-elastic-wristband","status":"publish","type":"product","link":"https:\/\/nfc-readers.com\/fr\/ic-reader\/concert-access-identification-tickets-nfc-elastic-wristband\/","title":{"rendered":"Billets d&#039;identification d&#039;acc\u00e8s au concert Bracelet \u00e9lastique NFC"},"content":{"rendered":"<h1 style=\"text-align: center;\"><strong>Billets d&#039;identification d&#039;acc\u00e8s au concert Bracelet \u00e9lastique NFC<\/strong><\/h1>\n<p>&nbsp;<\/p>\n<p>Naviguer dans le monde des \u00e9v\u00e9nements et des festivals n&#039;a jamais \u00e9t\u00e9 aussi simple, gr\u00e2ce \u00e0 l&#039;introduction des bracelets \u00e9lastiques NFC. Dans un paysage de plus en plus d\u00e9pendant de la technologie pour la s\u00e9curit\u00e9 et la commodit\u00e9, <strong>Bracelet NFC<\/strong> Les bracelets RFID sont une solution r\u00e9volutionnaire pour l&#039;identification et la billetterie des concerts. Fabriqu\u00e9s \u00e0 partir de mat\u00e9riaux durables et dot\u00e9s d&#039;une technologie RFID de pointe, ces bracelets offrent une solution efficace et sans tracas pour les organisateurs d&#039;\u00e9v\u00e9nements et les participants. Que vous g\u00e9riez un festival de musique anim\u00e9 ou un concert intime, investir dans ces bracelets avanc\u00e9s peut rationaliser le contr\u00f4le d&#039;acc\u00e8s et am\u00e9liorer l&#039;exp\u00e9rience globale des invit\u00e9s.<\/p>\n<p>&nbsp;<\/p>\n<h2><strong>Pourquoi choisir le bracelet \u00e9lastique NFC ?<\/strong><\/h2>\n<p>Le bracelet \u00e9lastique NFC est con\u00e7u pour simplifier le processus d&#039;entr\u00e9e tout en garantissant s\u00e9curit\u00e9 et fiabilit\u00e9. Ces bracelets sont \u00e9tanches, personnalisables et \u00e9quip\u00e9s de la technologie NFC avanc\u00e9e, permettant des solutions de paiement sans esp\u00e8ces et une entr\u00e9e rapide. En int\u00e9grant des fonctionnalit\u00e9s sp\u00e9cialement con\u00e7ues pour les \u00e9v\u00e9nements \u00e0 grande capacit\u00e9, vous pouvez r\u00e9duire consid\u00e9rablement les temps d&#039;attente et am\u00e9liorer la s\u00e9curit\u00e9, tout en offrant une exp\u00e9rience m\u00e9morable aux participants.<\/p>\n<p>Ce guide complet explore les diff\u00e9rentes fonctionnalit\u00e9s et avantages du bracelet \u00e9lastique NFC, expliquant pourquoi il constitue un investissement rentable pour tout \u00e9v\u00e9nement.<\/p>\n<p>&nbsp;<\/p>\n<h2><strong>Caract\u00e9ristiques et avantages du produit<\/strong><\/h2>\n<h3>1.\u00a0<strong>Technologie avanc\u00e9e RFID et NFC<\/strong><\/h3>\n<p>Le bracelet \u00e9lastique NFC utilise des technologies avanc\u00e9es\u00a0<strong>RFID<\/strong>\u00a0(Identification par radiofr\u00e9quence) et\u00a0<strong>NFC<\/strong>\u00a0(Near Field Communication) technologies qui fonctionnent sur une fr\u00e9quence de\u00a0<strong>13,56 MHz<\/strong>Cette int\u00e9gration garantit une communication rapide entre le bracelet et l&#039;\u00e9quipement de num\u00e9risation, facilitant un contr\u00f4le d&#039;acc\u00e8s transparent sans avoir \u00e0 chercher des billets physiques.<\/p>\n<p>Int\u00e9grant \u00e0 la fois\u00a0<strong>RFID<\/strong>\u00a0et\u00a0<strong>NFC<\/strong>\u00a0Les nuances dans la configuration de votre \u00e9v\u00e9nement permettent une collecte de donn\u00e9es efficace, des informations marketing futures et des exp\u00e9riences clients am\u00e9lior\u00e9es. Les deux technologies ont fait leurs preuves\u00a0<strong>\u00e9tanche<\/strong>, ce qui les rend id\u00e9ales pour les concerts et festivals en plein air o\u00f9 des conditions m\u00e9t\u00e9orologiques impr\u00e9vues peuvent perturber les \u00e9v\u00e9nements.<\/p>\n<h3>2.\u00a0<strong>Options de personnalisation<\/strong><\/h3>\n<p>L\u2019une des caract\u00e9ristiques les plus remarquables de la\u00a0<strong>Bracelet NFC<\/strong>\u00a0est sa personnalisation. Gr\u00e2ce \u00e0\u00a0<strong>impression par transfert thermique<\/strong>, vous pouvez personnaliser ces bracelets avec des logos, des couleurs et des graphiques adapt\u00e9s \u00e0 votre \u00e9v\u00e9nement. Que vous organisiez un gala d&#039;entreprise, un festival d&#039;\u00e9t\u00e9 ou un concert, le fait de veiller \u00e0 ce que votre image de marque soit visible renforce la reconnaissance de votre marque aupr\u00e8s des participants.<\/p>\n<p>De plus, nos bracelets sont disponibles dans une vari\u00e9t\u00e9 de tailles, y compris\u00a0<strong>180x20mm<\/strong>, ou peut \u00eatre personnalis\u00e9 pour r\u00e9pondre \u00e0 vos besoins sp\u00e9cifiques. Ce niveau de personnalisation contribue \u00e0 favoriser un sentiment d&#039;appartenance et d&#039;identit\u00e9 chez vos participants.<\/p>\n<h3>3.\u00a0<strong>Exp\u00e9rience client am\u00e9lior\u00e9e<\/strong><\/h3>\n<p>Efficace\u00a0<strong>contr\u00f4le d&#039;acc\u00e8s<\/strong>\u00a0est crucial lors des grands \u00e9v\u00e9nements. Nos bracelets \u00e9lastiques NFC offrent une v\u00e9rification instantan\u00e9e, permettant aux invit\u00e9s d&#039;entrer rapidement dans les lieux. En minimisant les goulots d&#039;\u00e9tranglement et en r\u00e9duisant les temps d&#039;attente, vous cr\u00e9ez une exp\u00e9rience plus favorable et plus agr\u00e9able pour votre public.<\/p>\n<p>De plus, ces bracelets sont r\u00e9utilisables\u00a0; ils sont fabriqu\u00e9s \u00e0 partir de mat\u00e9riaux durables.\u00a0<strong>tissu\/PVC<\/strong>\u00a0mat\u00e9riaux capables de r\u00e9sister \u00e0 diverses conditions environnementales tout en pr\u00e9servant leur int\u00e9grit\u00e9. Cette r\u00e9silience est importante lors d&#039;\u00e9v\u00e9nements en ext\u00e9rieur o\u00f9 les bracelets peuvent \u00eatre expos\u00e9s \u00e0 l&#039;eau, \u00e0 la transpiration ou m\u00eame \u00e0 une manipulation brutale.<\/p>\n<h3>4.\u00a0<strong>Des solutions de paiement efficaces<\/strong><\/h3>\n<p>Dans la soci\u00e9t\u00e9 actuelle sans esp\u00e8ces, offrir\u00a0<strong>paiement sans esp\u00e8ces<\/strong>\u00a0Les options NFC sont devenues essentielles. Les bracelets \u00e9lastiques NFC facilitent les transactions sans contact, permettant aux utilisateurs d&#039;effectuer des achats sur les stands de nourriture, les stands de marchandises et plus encore sans avoir besoin d&#039;argent liquide. Cela am\u00e9liore non seulement l&#039;exp\u00e9rience des invit\u00e9s, mais rationalise \u00e9galement les op\u00e9rations \u00e9v\u00e9nementielles en r\u00e9duisant les probl\u00e8mes de manipulation d&#039;argent liquide.<\/p>\n<p>Les clients peuvent simplement passer leur bracelet sur n&#039;importe quel point de vente compatible NFC, r\u00e9duisant ainsi consid\u00e9rablement les temps de transaction et garantissant que personne ne manque d&#039;articles populaires !<\/p>\n<h3>5.\u00a0<strong>S\u00e9curit\u00e9 et collecte de donn\u00e9es<\/strong><\/h3>\n<p>Utilisation\u00a0<strong>RFID<\/strong>\u00a0La technologie augmente consid\u00e9rablement la s\u00e9curit\u00e9 de votre \u00e9v\u00e9nement. Chaque bracelet peut \u00eatre dot\u00e9 d&#039;identifiants uniques qui aident \u00e0 suivre et \u00e0 g\u00e9rer l&#039;acc\u00e8s des invit\u00e9s ; cette technologie permet de surveiller en temps r\u00e9el le flux des invit\u00e9s au sein du lieu.<\/p>\n<p>De plus, les capacit\u00e9s de collecte de donn\u00e9es vous permettent d&#039;analyser les tendances, de comprendre le comportement des participants et de mettre en \u0153uvre des strat\u00e9gies de tarification dynamique pour les \u00e9v\u00e9nements \u00e0 venir. Ces informations peuvent conduire \u00e0 une planification et une ex\u00e9cution am\u00e9lior\u00e9es pour\u00a0<strong>\u00c9v\u00e9nements RFID<\/strong>\u00a0\u00e0 l&#039;avenir.<\/p>\n<p>&nbsp;<\/p>\n<h2>Sp\u00e9cifications techniques<\/h2>\n<table class=\"w-fit !mb-0 !max-w-none\">\n<thead>\n<tr>\n<th><strong>Attribut<\/strong><\/th>\n<th><strong>Description<\/strong><\/th>\n<\/tr>\n<\/thead>\n<tbody>\n<tr>\n<td><strong>Nom du produit<\/strong><\/td>\n<td>Bracelet \u00e9lastique NFC<\/td>\n<\/tr>\n<tr>\n<td><strong>Mat\u00e9riel<\/strong><\/td>\n<td>Tissu\/PVC<\/td>\n<\/tr>\n<tr>\n<td><strong>Interface de Communication<\/strong><\/td>\n<td>RFID, NFC<\/td>\n<\/tr>\n<tr>\n<td><strong>Fr\u00e9quence<\/strong><\/td>\n<td>13,56 MHz<\/td>\n<\/tr>\n<tr>\n<td><strong>Options de puces<\/strong><\/td>\n<td>Balise213\/balise215\/balise216\/2k\/4k\/8k\/tk4100\/t5577<\/td>\n<\/tr>\n<tr>\n<td><strong>Protocole<\/strong><\/td>\n<td>OIN 14443A<\/td>\n<\/tr>\n<tr>\n<td><strong>Distance de lecture<\/strong><\/td>\n<td>1-10 cm<\/td>\n<\/tr>\n<tr>\n<td><strong>Personnalisation<\/strong><\/td>\n<td>Logo, Couleur, Graphique<\/td>\n<\/tr>\n<\/tbody>\n<\/table>\n<p>&nbsp;<\/p>\n<h2><strong>Questions fr\u00e9quemment pos\u00e9es (FAQ)<\/strong><\/h2>\n<h3>1.\u00a0<strong>Qu&#039;est-ce qu&#039;un bracelet \u00e9lastique NFC ?<\/strong><\/h3>\n<p>Un bracelet \u00e9lastique NFC est un appareil portable dot\u00e9 de la technologie NFC (Near Field Communication) et RFID (Radio Frequency Identification). Il permet un contr\u00f4le d&#039;acc\u00e8s rapide, des paiements sans esp\u00e8ces et la collecte de donn\u00e9es lors d&#039;\u00e9v\u00e9nements, am\u00e9liorant ainsi l&#039;exp\u00e9rience globale des invit\u00e9s.<\/p>\n<h3>2.\u00a0<strong>Comment fonctionnent les bracelets NFC ?<\/strong><\/h3>\n<p>Les bracelets NFC fonctionnent en transmettant des donn\u00e9es par ondes radio lorsqu&#039;ils sont rapproch\u00e9s d&#039;un lecteur compatible. Cela permet des interactions sans contact, telles que la lecture d&#039;entr\u00e9es ou le traitement de paiements, en touchant simplement le bracelet contre un capteur.<\/p>\n<h3>3.\u00a0<strong>Les bracelets NFC sont-ils \u00e9tanches ?<\/strong><\/h3>\n<p>Oui, nos bracelets \u00e9lastiques NFC sont con\u00e7us pour \u00eatre \u00e9tanches, ce qui les rend adapt\u00e9s \u00e0 une utilisation dans divers environnements, y compris les concerts et les \u00e9v\u00e9nements en plein air o\u00f9 une exposition \u00e0 l&#039;eau peut se produire.<\/p>\n<h3>4.\u00a0<strong>Les bracelets peuvent-ils \u00eatre personnalis\u00e9s ?<\/strong><\/h3>\n<p>Absolument ! Les bracelets \u00e9lastiques NFC peuvent \u00eatre personnalis\u00e9s avec votre logo, vos couleurs et vos graphismes gr\u00e2ce \u00e0 l&#039;impression par transfert thermique. Cette personnalisation est id\u00e9ale pour valoriser l&#039;image de marque et am\u00e9liorer l&#039;exp\u00e9rience de l&#039;\u00e9v\u00e9nement.<\/p>","protected":false},"excerpt":{"rendered":"<p>Le\u00a0<strong>Bracelet \u00e9lastique NFC d&#039;identification d&#039;acc\u00e8s aux concerts<\/strong>\u00a0est une solution de pointe con\u00e7ue pour simplifier l&#039;entr\u00e9e aux \u00e9v\u00e9nements et am\u00e9liorer l&#039;exp\u00e9rience des invit\u00e9s. Dot\u00e9s d&#039;une technologie RFID avanc\u00e9e, ces bracelets personnalisables et \u00e9tanches permettent un contr\u00f4le d&#039;acc\u00e8s transparent et des paiements sans esp\u00e8ces, ce qui les rend id\u00e9aux pour les concerts et les festivals de toute envergure.<\/p>","protected":false},"featured_media":3627,"template":"","meta":[],"product_brand":[],"product_cat":[50],"product_tag":[],"class_list":{"0":"post-3626","1":"product","2":"type-product","3":"status-publish","4":"has-post-thumbnail","6":"product_cat-silicone-rfid-nfc-wristbands","8":"first","9":"instock","10":"shipping-taxable","11":"product-type-simple"},"_links":{"self":[{"href":"https:\/\/nfc-readers.com\/fr\/wp-json\/wp\/v2\/product\/3626","targetHints":{"allow":["GET"]}}],"collection":[{"href":"https:\/\/nfc-readers.com\/fr\/wp-json\/wp\/v2\/product"}],"about":[{"href":"https:\/\/nfc-readers.com\/fr\/wp-json\/wp\/v2\/types\/product"}],"wp:featuredmedia":[{"embeddable":true,"href":"https:\/\/nfc-readers.com\/fr\/wp-json\/wp\/v2\/media\/3627"}],"wp:attachment":[{"href":"https:\/\/nfc-readers.com\/fr\/wp-json\/wp\/v2\/media?parent=3626"}],"wp:term":[{"taxonomy":"product_brand","embeddable":true,"href":"https:\/\/nfc-readers.com\/fr\/wp-json\/wp\/v2\/product_brand?post=3626"},{"taxonomy":"product_cat","embeddable":true,"href":"https:\/\/nfc-readers.com\/fr\/wp-json\/wp\/v2\/product_cat?post=3626"},{"taxonomy":"product_tag","embeddable":true,"href":"https:\/\/nfc-readers.com\/fr\/wp-json\/wp\/v2\/product_tag?post=3626"}],"curies":[{"name":"wp","href":"https:\/\/api.w.org\/{rel}","templated":true}]}}