{"id":3640,"date":"2024-11-08T04:40:44","date_gmt":"2024-11-08T04:40:44","guid":{"rendered":"https:\/\/nfc-readers.com\/?post_type=product&#038;p=3640"},"modified":"2024-11-08T04:40:44","modified_gmt":"2024-11-08T04:40:44","slug":"silicone-wristband-rfid-locker-silicone-wristband","status":"publish","type":"product","link":"https:\/\/nfc-readers.com\/fr\/ic-reader\/silicone-wristband-rfid-locker-silicone-wristband\/","title":{"rendered":"Bracelet en silicone RFID Locker Bracelet en silicone"},"content":{"rendered":"<h1 style=\"text-align: center;\"><strong>Bracelet en silicone RFID Locker Bracelet en silicone<\/strong><\/h1>\n<p>&nbsp;<\/p>\n<p>Dans le monde num\u00e9rique en \u00e9volution rapide d&#039;aujourd&#039;hui, des solutions de contr\u00f4le d&#039;acc\u00e8s efficaces sont primordiales pour les \u00e9v\u00e9nements, les lieux et les organisations. <strong>Bracelet RFID en silicone<\/strong>\u00a0n&#039;est pas seulement un accessoire tendance, mais une passerelle vers une s\u00e9curit\u00e9, une efficacit\u00e9 et une commodit\u00e9 am\u00e9lior\u00e9es. Con\u00e7us avec la technologie RFID de pointe, nos bracelets assurent un contr\u00f4le d&#039;acc\u00e8s transparent tout en offrant une option r\u00e9sistante \u00e0 l&#039;eau et durable pour diverses applications. Que ce soit pour un festival de musique, un parc d&#039;attractions ou un \u00e9v\u00e9nement d&#039;entreprise, ces bracelets sont un incontournable.<\/p>\n<p>&nbsp;<\/p>\n<h3><strong>Pourquoi choisir notre bracelet RFID en silicone ?<\/strong><\/h3>\n<p>Notre\u00a0<strong>Bracelets RFID<\/strong>\u00a0allient fonctionnalit\u00e9 et style, garantissant que votre \u00e9v\u00e9nement ou votre installation se d\u00e9roule sans probl\u00e8me et en toute s\u00e9curit\u00e9. Avec des fonctionnalit\u00e9s telles que des logos personnalisables et des capacit\u00e9s RFID robustes, ces bracelets sont parfaits pour am\u00e9liorer l&#039;exp\u00e9rience utilisateur tout en maintenant des niveaux de s\u00e9curit\u00e9 \u00e9lev\u00e9s. Les bracelets sont non seulement \u00e9tanches, mais \u00e9galement con\u00e7us pour une grande durabilit\u00e9, ce qui signifie qu&#039;ils r\u00e9sisteront aux rigueurs de tout \u00e9v\u00e9nement. Si vous recherchez une solution efficace et \u00e9l\u00e9gante pour\u00a0<strong>contr\u00f4le d&#039;acc\u00e8s<\/strong>, ne cherchez plus !<\/p>\n<p>&nbsp;<\/p>\n<h2>Avantages de l&#039;utilisation de bracelets RFID en silicone<\/h2>\n<h3>S\u00e9curit\u00e9 renforc\u00e9e<\/h3>\n<p>L\u2019un des atouts les plus forts de notre\u00a0<strong>bracelets RFID en silicone<\/strong>\u00a0est la s\u00e9curit\u00e9 accrue qu&#039;ils offrent. Avec\u00a0<strong>inviolable<\/strong>\u00a0Gr\u00e2ce \u00e0 leur conception, ces bracelets permettent d&#039;emp\u00eacher les personnes non autoris\u00e9es d&#039;acc\u00e9der aux zones r\u00e9glement\u00e9es. De plus, la technologie RFID permet un suivi et une collecte de donn\u00e9es en temps r\u00e9el, ce qui facilite le suivi des pr\u00e9sences et des d\u00e9placements.<\/p>\n<h3>Exp\u00e9rience conviviale<\/h3>\n<p>Notre\u00a0<strong>Bracelets RFID<\/strong>\u00a0sont exceptionnellement conviviaux. D&#039;un simple geste du poignet, les utilisateurs peuvent acc\u00e9der aux zones VIP, aux syst\u00e8mes de paiement sans esp\u00e8ces et bien plus encore. Cette fonctionnalit\u00e9 am\u00e9liore non seulement l&#039;exp\u00e9rience globale des clients, mais favorise \u00e9galement un environnement plus engageant et interactif.<\/p>\n<p>&nbsp;<\/p>\n<hr \/>\n<h2>Principales caract\u00e9ristiques des bracelets RFID ShunXin<\/h2>\n<h3>Conception \u00e9tanche et r\u00e9sistante aux intemp\u00e9ries<\/h3>\n<p>Con\u00e7us pour r\u00e9sister \u00e0 des conditions environnementales variables, nos bracelets sont dot\u00e9s d&#039;une conception \u00e9tanche et r\u00e9sistante aux intemp\u00e9ries. Ils sont donc adapt\u00e9s aux \u00e9v\u00e9nements en plein air comme les festivals et les parcs aquatiques, garantissant durabilit\u00e9 et fiabilit\u00e9 quelle que soit la m\u00e9t\u00e9o.<\/p>\n<h3>Options de personnalisation<\/h3>\n<p>La personnalisation est essentielle lorsqu&#039;il s&#039;agit de\u00a0<strong>bracelets RFID personnalis\u00e9s<\/strong>Nos bracelets peuvent \u00eatre personnalis\u00e9s avec des logos et des couleurs, vous aidant \u00e0 promouvoir votre marque tout en am\u00e9liorant la s\u00e9curit\u00e9. La possibilit\u00e9 d&#039;imprimer des motifs uniques fait de ces bracelets un excellent choix pour les \u00e9v\u00e9nements d&#039;entreprise et les occasions sp\u00e9ciales.<\/p>\n<p>&nbsp;<\/p>\n<h2>Sp\u00e9cifications techniques<\/h2>\n<table class=\"w-fit !mb-0 !max-w-none\" style=\"height: 266px;\" width=\"401\">\n<thead>\n<tr>\n<th>Sp\u00e9cification<\/th>\n<th>D\u00e9tail<\/th>\n<\/tr>\n<\/thead>\n<tbody>\n<tr>\n<td><strong>Nom du produit<\/strong><\/td>\n<td>Bracelet RFID<\/td>\n<\/tr>\n<tr>\n<td><strong>Marque<\/strong><\/td>\n<td>Shun Xin<\/td>\n<\/tr>\n<tr>\n<td><strong>Num\u00e9ro de mod\u00e8le<\/strong><\/td>\n<td>SX-008<\/td>\n<\/tr>\n<tr>\n<td><strong>Mat\u00e9riel<\/strong><\/td>\n<td>Silicone<\/td>\n<\/tr>\n<tr>\n<td><strong>Fr\u00e9quence<\/strong><\/td>\n<td>13,56 MHz<\/td>\n<\/tr>\n<tr>\n<td><strong>\u00c9br\u00e9cher<\/strong><\/td>\n<td>Icodeslix<\/td>\n<\/tr>\n<tr>\n<td><strong>Distance de lecture<\/strong><\/td>\n<td>1-30 cm<\/td>\n<\/tr>\n<tr>\n<td><strong>Taille<\/strong><\/td>\n<td>Taille personnalis\u00e9e<\/td>\n<\/tr>\n<tr>\n<td><strong>Logo<\/strong><\/td>\n<td>Logo personnalis\u00e9 accept\u00e9<\/td>\n<\/tr>\n<\/tbody>\n<\/table>\n<p>&nbsp;<\/p>\n<h3><strong>Questions fr\u00e9quemment pos\u00e9es (FAQ) sur les bracelets RFID en silicone<\/strong><\/h3>\n<h3>1. \u00c0 quoi servent les bracelets RFID en silicone ?<\/h3>\n<p>Les bracelets RFID en silicone sont principalement utilis\u00e9s pour le contr\u00f4le d&#039;acc\u00e8s lors d&#039;\u00e9v\u00e9nements, de festivals, de parcs d&#039;attractions et d&#039;\u00e9v\u00e9nements d&#039;entreprise. Ils facilitent l&#039;entr\u00e9e, les paiements sans esp\u00e8ces, la collecte de donn\u00e9es et les mesures de s\u00e9curit\u00e9 renforc\u00e9es.<\/p>\n<h3>2. Les bracelets RFID en silicone sont-ils \u00e9tanches ?<\/h3>\n<p>Oui, nos bracelets RFID en silicone sont con\u00e7us pour \u00eatre \u00e9tanches et r\u00e9sistants aux intemp\u00e9ries, ce qui les rend adapt\u00e9s aux \u00e9v\u00e9nements en plein air et aux sc\u00e9narios o\u00f9 l&#039;exposition \u00e0 l&#039;eau est probable.<\/p>\n<h3>3. Dans quelle mesure les bracelets sont-ils personnalisables ?<\/h3>\n<p>Nos bracelets peuvent \u00eatre personnalis\u00e9s avec des logos, des couleurs et des tailles pour r\u00e9pondre \u00e0 vos besoins de marque sp\u00e9cifiques. Cette option de personnalisation garantit que votre marque se d\u00e9marque lors de tout \u00e9v\u00e9nement.<\/p>\n<h3>4. Quelle est la distance de lecture des bracelets RFID ?<\/h3>\n<p>La distance de lecture de nos bracelets RFID en silicone est g\u00e9n\u00e9ralement comprise entre 1 et 10 centim\u00e8tres, permettant une r\u00e9cup\u00e9ration d&#039;acc\u00e8s rapide et efficace lors de la num\u00e9risation.<\/p>","protected":false},"excerpt":{"rendered":"<div class=\"chat-list relative custom-scrollbar-reset-margin custom-scrollbar custom-scrollbar-hidden custom-scrollbar-float pb-9 flex-1 overflow-y-auto\">\n<div class=\"mx-auto max-w-[790px]\">\n<div class=\"message-item-outer relative px-4 mb-2\" data-id=\"89b7e141-4a8f-450b-a58e-15b6a9288c93\">\n<div class=\"content-area pl-[0px]\">\n<div class=\"message-item select-text relative\">\n<div class=\"message-inner relative\">\n<div class=\"py-[2px]\">\n<div class=\"flex flex-col gap-2\">\n<div class=\"answer-markdown-box overflow-x-auto select-text custom-scrollbar\">\n<div class=\"markdown-body\"><\/div>\n<\/div>\n<\/div>\n<\/div>\n<\/div>\n<\/div>\n<\/div>\n<\/div>\n<\/div>\n<\/div>\n<div>\n<div class=\"input-box relative max-w-[790px] mx-auto\">\n<div class=\"chat-input-box relative bg-grey-layer2-normal px-3 max-w-[790px] mx-auto pb-1\">\n<div class=\"main-input-area\">\n<div class=\"chat-input-top-bar gap-2 py-2 flex justify-start items-center\">\n<div class=\"flex gap-[6px] min-w-[90px] max-w-[calc(100%-40px)]\">\n<div class=\"flex gap-0\">\n<div class=\"topbar-btn h-[30px] w-[30px] text-text-primary-1 flex overflow-hidden  items-center justify-center text-xs leading-4 rounded-lg model-btn model-btn-no-bg\" role=\"button\">Le <strong>Casier \u00e0 bracelet RFID en silicone<\/strong>\u00a0associe un design \u00e9l\u00e9gant \u00e0 une technologie RFID avanc\u00e9e pour offrir un acc\u00e8s s\u00e9curis\u00e9 et pratique aux syst\u00e8mes de casiers. Parfait pour les salles de sport, les parcs aquatiques et les \u00e9v\u00e9nements, ce bracelet durable garantit une entr\u00e9e sans effort tout en am\u00e9liorant l&#039;exp\u00e9rience utilisateur gr\u00e2ce \u00e0 son ajustement confortable et \u00e0 ses options personnalisables.<\/div>\n<\/div>\n<\/div>\n<\/div>\n<\/div>\n<\/div>\n<\/div>\n<\/div>","protected":false},"featured_media":3641,"template":"","meta":[],"product_brand":[],"product_cat":[50],"product_tag":[],"class_list":{"0":"post-3640","1":"product","2":"type-product","3":"status-publish","4":"has-post-thumbnail","6":"product_cat-silicone-rfid-nfc-wristbands","8":"first","9":"instock","10":"shipping-taxable","11":"product-type-simple"},"_links":{"self":[{"href":"https:\/\/nfc-readers.com\/fr\/wp-json\/wp\/v2\/product\/3640","targetHints":{"allow":["GET"]}}],"collection":[{"href":"https:\/\/nfc-readers.com\/fr\/wp-json\/wp\/v2\/product"}],"about":[{"href":"https:\/\/nfc-readers.com\/fr\/wp-json\/wp\/v2\/types\/product"}],"wp:featuredmedia":[{"embeddable":true,"href":"https:\/\/nfc-readers.com\/fr\/wp-json\/wp\/v2\/media\/3641"}],"wp:attachment":[{"href":"https:\/\/nfc-readers.com\/fr\/wp-json\/wp\/v2\/media?parent=3640"}],"wp:term":[{"taxonomy":"product_brand","embeddable":true,"href":"https:\/\/nfc-readers.com\/fr\/wp-json\/wp\/v2\/product_brand?post=3640"},{"taxonomy":"product_cat","embeddable":true,"href":"https:\/\/nfc-readers.com\/fr\/wp-json\/wp\/v2\/product_cat?post=3640"},{"taxonomy":"product_tag","embeddable":true,"href":"https:\/\/nfc-readers.com\/fr\/wp-json\/wp\/v2\/product_tag?post=3640"}],"curies":[{"name":"wp","href":"https:\/\/api.w.org\/{rel}","templated":true}]}}