{"id":3647,"date":"2024-11-08T04:47:36","date_gmt":"2024-11-08T04:47:36","guid":{"rendered":"https:\/\/nfc-readers.com\/?post_type=product&#038;p=3647"},"modified":"2024-11-08T04:47:36","modified_gmt":"2024-11-08T04:47:36","slug":"custom-laser-logo-waterproof-silicone-m1-nfc-rubber-wristband","status":"publish","type":"product","link":"https:\/\/nfc-readers.com\/fr\/ic-reader\/custom-laser-logo-waterproof-silicone-m1-nfc-rubber-wristband\/","title":{"rendered":"Bracelet en caoutchouc NFC M1 en silicone \u00e9tanche avec logo laser personnalis\u00e9"},"content":{"rendered":"<h1 style=\"text-align: center;\"><strong>Bracelet en caoutchouc NFC M1 en silicone \u00e9tanche avec logo laser personnalis\u00e9<\/strong><\/h1>\n<p>&nbsp;<\/p>\n<p>Le <strong>Bracelet en caoutchouc NFC M1 en silicone \u00e9tanche avec logo laser personnalis\u00e9<\/strong>\u00a0est une solution de pointe pour ceux qui recherchent un m\u00e9lange id\u00e9al de fonctionnalit\u00e9, de style et de marque. Fabriqu\u00e9 en silicone durable, ce bracelet RFID int\u00e8gre parfaitement la technologie NFC avanc\u00e9e, offrant une exp\u00e9rience utilisateur transparente dans le contr\u00f4le d&#039;acc\u00e8s et les transactions sans esp\u00e8ces. Avec des options de logo personnalisables, il sert non seulement d&#039;accessoire pratique, mais \u00e9galement d&#039;opportunit\u00e9 de marque pour les \u00e9v\u00e9nements, les concerts et les festivals.<\/p>\n<p>Dans un monde o\u00f9 confort et s\u00e9curit\u00e9 vont de pair, investir dans nos bracelets NFC am\u00e9liore la fonctionnalit\u00e9 de vos \u00e9v\u00e9nements tout en garantissant une apparence professionnelle. Que vous cherchiez \u00e0 am\u00e9liorer vos syst\u00e8mes de contr\u00f4le d&#039;acc\u00e8s ou \u00e0 cr\u00e9er des exp\u00e9riences de marque m\u00e9morables pour vos invit\u00e9s, ce bracelet est le choix id\u00e9al. Il est \u00e9tanche et con\u00e7u pour r\u00e9sister \u00e0 diverses conditions ext\u00e9rieures, ce qui le rend adapt\u00e9 \u00e0 divers \u00e9v\u00e9nements.<\/p>\n<p>&nbsp;<\/p>\n<h2>Caract\u00e9ristiques du produit<\/h2>\n<p>Le\u00a0<strong>Bracelet en caoutchouc et silicone NFC M1<\/strong>\u00a0propose une gamme de fonctionnalit\u00e9s qui s&#039;adressent aussi bien aux utilisateurs individuels qu&#039;aux organisations cherchant \u00e0 am\u00e9liorer leurs exp\u00e9riences \u00e9v\u00e9nementielles.<\/p>\n<p><strong>1. Conception \u00e9tanche et r\u00e9sistante aux intemp\u00e9ries :<\/strong><br \/>\nContrairement aux bracelets traditionnels, ce bracelet en silicone RFID garantit que vos donn\u00e9es restent en s\u00e9curit\u00e9 et intactes, m\u00eame dans des conditions humides. Cette fonctionnalit\u00e9 est essentielle pour les \u00e9v\u00e9nements organis\u00e9s dans des conditions m\u00e9t\u00e9orologiques impr\u00e9visibles ou pour les activit\u00e9s impliquant de l&#039;eau, comme les parcs aquatiques ou les festivals de musique.<\/p>\n<p><strong>2. Distance de lecture sup\u00e9rieure :<\/strong><br \/>\nGr\u00e2ce \u00e0 la technologie RFID, ces bracelets ont une distance de lecture comprise entre 1 et 10 cm, ce qui permet une num\u00e9risation et un acc\u00e8s rapides. Que vous g\u00e9riez une foule nombreuse lors d&#039;un festival ou que vous assuriez une entr\u00e9e facile dans un lieu, le\u00a0<strong>Technologie de bracelet RFID<\/strong>\u00a0fonctionne en douceur pour r\u00e9duire les temps d\u2019attente et am\u00e9liorer l\u2019exp\u00e9rience des clients.<\/p>\n<p>&nbsp;<\/p>\n<h2>Mat\u00e9riau et conception<\/h2>\n<p>Fabriqu\u00e9 \u00e0 partir de mat\u00e9riaux de haute qualit\u00e9\u00a0<strong>silicone<\/strong>, ce bracelet offre souplesse et confort au porteur. Sa conception l\u00e9g\u00e8re le rend adapt\u00e9 \u00e0 un port \u00e0 long terme sans g\u00eane. De plus, le\u00a0<strong>personnalisable<\/strong>\u00a0La nature du bracelet signifie qu&#039;il peut \u00eatre adapt\u00e9 \u00e0 toutes les exigences de taille, ce qui le rend id\u00e9al pour divers utilisateurs, des enfants aux adultes.<\/p>\n<ul>\n<li><strong>Tenue confortable :<\/strong>\u00a0Contrairement aux bracelets en vinyle ou en tissu, le silicone est doux pour la peau, ce qui le rend id\u00e9al pour un port toute la journ\u00e9e.<\/li>\n<li><strong>Mat\u00e9riau r\u00e9silient :<\/strong>\u00a0La durabilit\u00e9 du silicone garantit que votre bracelet ne s&#039;ab\u00eemera pas facilement, ce qui est particuli\u00e8rement important pour les \u00e9v\u00e9nements qui durent plusieurs jours.<\/li>\n<\/ul>\n<p>&nbsp;<\/p>\n<h2>Technologie NFC et RFID<\/h2>\n<p>Combiner les deux\u00a0<strong>NFC<\/strong>\u00a0et\u00a0<strong>RFID<\/strong>\u00a0capacit\u00e9s, ce bracelet refl\u00e8te les derni\u00e8res avanc\u00e9es en mati\u00e8re\u00a0<strong>Technologie RFID<\/strong>.<\/p>\n<ul>\n<li><strong>Fr\u00e9quence:<\/strong>\u00a0Fonctionnant \u00e0 une fr\u00e9quence de\u00a0<strong>13,56 MHz<\/strong>, ces bracelets exploitent la communication de proximit\u00e9. Ils peuvent \u00eatre programm\u00e9s pour diverses applications allant du paiement sans esp\u00e8ces \u00e0 l&#039;acc\u00e8s aux entr\u00e9es.<\/li>\n<li><strong>Conformit\u00e9 au protocole :<\/strong>\u00a0Les bracelets adh\u00e8rent \u00e0\u00a0<strong>OIN 14443A<\/strong>\u00a0Le protocole NFC garantit la compatibilit\u00e9 avec une large gamme de lecteurs NFC. Il offre aux utilisateurs une libert\u00e9 d&#039;utilisation sur plusieurs plateformes, ce qui en fait un atout pr\u00e9cieux pour diff\u00e9rents types d&#039;\u00e9v\u00e9nements.<\/li>\n<\/ul>\n<p>&nbsp;<\/p>\n<h2>Options de personnalisation de marque<\/h2>\n<p>Nos bracelets peuvent int\u00e9grer un\u00a0<strong>logo personnalis\u00e9<\/strong>, permettant aux entreprises d\u2019am\u00e9liorer la visibilit\u00e9 de leur marque dans n\u2019importe quel environnement.<\/p>\n<ul>\n<li><strong>Impression s\u00e9rigraphique :<\/strong>\u00a0Votre logo peut \u00eatre affich\u00e9 de mani\u00e8re visible sur le bracelet gr\u00e2ce \u00e0 des techniques de s\u00e9rigraphie de haute qualit\u00e9. Cela garantit non seulement des couleurs \u00e9clatantes, mais \u00e9galement une long\u00e9vit\u00e9 contre l&#039;usure.<\/li>\n<li><strong>Personnalisation laser :<\/strong>\u00a0De plus, nous proposons une gravure laser personnalis\u00e9e pour une solution de marque plus permanente, garantissant que votre logo se d\u00e9marque efficacement.<\/li>\n<\/ul>\n<p>&nbsp;<\/p>\n<h2>Applications du bracelet<\/h2>\n<p>Le\u00a0<strong>Bracelet en caoutchouc NFC M1 en silicone \u00e9tanche avec logo laser personnalis\u00e9<\/strong>\u00a0est polyvalent et applicable dans de nombreux secteurs et \u00e9v\u00e9nements.<\/p>\n<ul>\n<li><strong>Syst\u00e8mes de contr\u00f4le d&#039;acc\u00e8s :<\/strong>\u00a0Id\u00e9al pour\u00a0<strong>organisateurs d&#039;\u00e9v\u00e9nements<\/strong>, ces bracelets simplifient les processus d&#039;entr\u00e9e, permettant\u00a0<strong>contr\u00f4le d&#039;acc\u00e8s rapide<\/strong>\u00a0et une s\u00e9curit\u00e9 renforc\u00e9e gr\u00e2ce \u00e0 des conceptions inviolables.<\/li>\n<li><strong>Paiements sans esp\u00e8ces :<\/strong>\u00a0Avec l\u2019essor des transactions sans esp\u00e8ces, l\u2019utilisation de la technologie NFC permet une circulation fluide aux points de vente, r\u00e9duisant ainsi le besoin d\u2019esp\u00e8ces et am\u00e9liorant la vitesse des transactions.<\/li>\n<\/ul>\n<p>&nbsp;<\/p>\n<h2>Questions fr\u00e9quemment pos\u00e9es (FAQ)<\/h2>\n<p>Voici quelques questions et r\u00e9ponses courantes concernant la\u00a0<strong>Bracelet en caoutchouc NFC M1 en silicone \u00e9tanche avec logo laser personnalis\u00e9<\/strong>Si vous avez des questions suppl\u00e9mentaires, n&#039;h\u00e9sitez pas \u00e0 nous contacter !<\/p>\n<h3>1.\u00a0<strong>Quelle est l\u2019utilisation principale des bracelets RFID ?<\/strong><\/h3>\n<p>Les bracelets RFID sont principalement utilis\u00e9s pour le contr\u00f4le d&#039;acc\u00e8s, les paiements sans esp\u00e8ces et la gestion des invit\u00e9s lors d&#039;\u00e9v\u00e9nements tels que des concerts, des festivals et des parcs aquatiques. Ils contribuent \u00e0 rationaliser les op\u00e9rations, \u00e0 minimiser les temps d&#039;attente et \u00e0 am\u00e9liorer l&#039;exp\u00e9rience globale des clients.<\/p>\n<h3>2.\u00a0<strong>Peut-on personnaliser les bracelets ?<\/strong><\/h3>\n<p>Oui ! Nos bracelets peuvent \u00eatre enti\u00e8rement personnalis\u00e9s avec votre logo ou votre message de marque. Nous proposons des options de s\u00e9rigraphie et de gravure au laser pour r\u00e9pondre \u00e0 vos exigences de marque.<\/p>\n<h3>3.\u00a0<strong>De quels mat\u00e9riaux sont faits les bracelets ?<\/strong><\/h3>\n<p>Les bracelets sont fabriqu\u00e9s en silicone souple de haute qualit\u00e9, ce qui garantit un confort de port \u00e0 long terme. Ils sont \u00e9galement imperm\u00e9ables et r\u00e9sistants aux intemp\u00e9ries, ce qui les rend adapt\u00e9s aux environnements ext\u00e9rieurs et difficiles.<\/p>\n<h3>4.\u00a0<strong>Quelle technologie utilisent ces bracelets ?<\/strong><\/h3>\n<p>Les bracelets utilisent \u00e0 la fois\u00a0<strong>NFC (communication en champ proche)<\/strong>\u00a0et\u00a0<strong>RFID (identification par radiofr\u00e9quence)<\/strong>\u00a0technologie, fonctionnant \u00e0 une fr\u00e9quence de\u00a0<strong>13,56 MHz<\/strong>Cela permet une num\u00e9risation rapide et efficace.<\/p>\n<h3>5.\u00a0<strong>Comment puis-je m&#039;assurer que les bracelets conviennent \u00e0 diff\u00e9rents utilisateurs ?<\/strong><\/h3>\n<p>Nous proposons des tailles personnalisables pour garantir que les bracelets s&#039;adaptent confortablement \u00e0 diff\u00e9rents utilisateurs. Le mat\u00e9riau en silicone flexible s&#039;adapte \u00e9galement \u00e0 une gamme de tailles de poignet.<\/p>\n<p>&nbsp;<\/p>","protected":false},"excerpt":{"rendered":"<p>Le bracelet en caoutchouc NFC M1 en silicone \u00e9tanche avec logo laser personnalis\u00e9 allie durabilit\u00e9 et technologie NFC avanc\u00e9e, ce qui le rend id\u00e9al pour les \u00e9v\u00e9nements et les transactions sans esp\u00e8ces. Personnalisez-le avec votre logo pour une image de marque et une visibilit\u00e9 am\u00e9lior\u00e9es\u00a0!<\/p>","protected":false},"featured_media":3648,"template":"","meta":[],"product_brand":[],"product_cat":[50],"product_tag":[],"class_list":{"0":"post-3647","1":"product","2":"type-product","3":"status-publish","4":"has-post-thumbnail","6":"product_cat-silicone-rfid-nfc-wristbands","8":"first","9":"instock","10":"shipping-taxable","11":"product-type-simple"},"_links":{"self":[{"href":"https:\/\/nfc-readers.com\/fr\/wp-json\/wp\/v2\/product\/3647","targetHints":{"allow":["GET"]}}],"collection":[{"href":"https:\/\/nfc-readers.com\/fr\/wp-json\/wp\/v2\/product"}],"about":[{"href":"https:\/\/nfc-readers.com\/fr\/wp-json\/wp\/v2\/types\/product"}],"wp:featuredmedia":[{"embeddable":true,"href":"https:\/\/nfc-readers.com\/fr\/wp-json\/wp\/v2\/media\/3648"}],"wp:attachment":[{"href":"https:\/\/nfc-readers.com\/fr\/wp-json\/wp\/v2\/media?parent=3647"}],"wp:term":[{"taxonomy":"product_brand","embeddable":true,"href":"https:\/\/nfc-readers.com\/fr\/wp-json\/wp\/v2\/product_brand?post=3647"},{"taxonomy":"product_cat","embeddable":true,"href":"https:\/\/nfc-readers.com\/fr\/wp-json\/wp\/v2\/product_cat?post=3647"},{"taxonomy":"product_tag","embeddable":true,"href":"https:\/\/nfc-readers.com\/fr\/wp-json\/wp\/v2\/product_tag?post=3647"}],"curies":[{"name":"wp","href":"https:\/\/api.w.org\/{rel}","templated":true}]}}