{"id":3654,"date":"2024-11-10T06:01:49","date_gmt":"2024-11-10T06:01:49","guid":{"rendered":"https:\/\/nfc-readers.com\/?post_type=product&#038;p=3654"},"modified":"2024-11-10T06:01:49","modified_gmt":"2024-11-10T06:01:49","slug":"passive-iso-15693-protocol-5050mm-nfc-rfid-sticker","status":"publish","type":"product","link":"https:\/\/nfc-readers.com\/fr\/ic-reader\/passive-iso-15693-protocol-5050mm-nfc-rfid-sticker\/","title":{"rendered":"Autocollant RFID NFC passif 50*50 mm avec protocole ISO 15693"},"content":{"rendered":"<h1 style=\"text-align: center;\"><strong>Autocollant RFID NFC passif 50*50 mm avec protocole ISO 15693<\/strong><\/h1>\n<p>&nbsp;<\/p>\n<p>Pr\u00e9sentation de la <strong>Autocollant RFID NFC passif 50*50 mm avec protocole ISO 15693<\/strong>\u00a0\u2013 une solution compacte mais puissante pour diverses applications, le tout dans un design pratique et polyvalent. Parfait pour la gestion de biblioth\u00e8ques, la billetterie de divertissement et bien plus encore, cet autocollant NFC utilise la technologie RFID avanc\u00e9e pour offrir des capacit\u00e9s efficaces de transfert et de suivi des donn\u00e9es. \u00c9tanche et con\u00e7u pour durer, c&#039;est un excellent choix pour les entreprises \u00e0 la recherche de qualit\u00e9, de fiabilit\u00e9 et de polyvalence.<\/p>\n<p>&nbsp;<\/p>\n<h2>Avantages du produit<\/h2>\n<p>L&#039;autocollant RFID NFC passif du protocole ISO 15693 pr\u00e9sente de nombreux avantages :<\/p>\n<ul>\n<li><strong>Durabilit\u00e9:<\/strong>\u00a0Fabriqu\u00e9 \u00e0 partir de mat\u00e9riaux robustes comme le PET et le papier couch\u00e9, cet autocollant peut r\u00e9sister \u00e0 diff\u00e9rentes conditions environnementales.<\/li>\n<li><strong>Haute performance :<\/strong>\u00a0Avec une fr\u00e9quence d&#039;interface de communication de 13,56 MHz, il assure des \u00e9changes de donn\u00e9es rapides et efficaces.<\/li>\n<li><strong>S\u00e9curit\u00e9:<\/strong>\u00a0Des fonctionnalit\u00e9s telles que la protection par mot de passe 32 bits prot\u00e8gent vos donn\u00e9es, ce qui les rend parfaites pour les applications sensibles.<\/li>\n<\/ul>\n<p>Investir dans cet autocollant NFC signifie am\u00e9liorer vos op\u00e9rations commerciales avec un produit fiable qui r\u00e9pond aux exigences modernes de transfert de donn\u00e9es.<\/p>\n<p>&nbsp;<\/p>\n<h3>Fonctionnalit\u00e9s de s\u00e9curit\u00e9 : protection EAS et s\u00e9curit\u00e9 par mot de passe<\/h3>\n<p>La s\u00e9curit\u00e9 est une pr\u00e9occupation majeure dans le monde actuel ax\u00e9 sur la technologie. L&#039;autocollant RFID NFC passif ISO 15693 int\u00e8gre diverses fonctionnalit\u00e9s de s\u00e9curit\u00e9.<\/p>\n<h4>Protection EAS<\/h4>\n<p>Equip\u00e9 de\u00a0<strong>Protection EAS<\/strong>, l&#039;autocollant peut dissuader le vol et l&#039;acc\u00e8s non autoris\u00e9 aux informations. Cette couche de s\u00e9curit\u00e9 suppl\u00e9mentaire est essentielle pour les applications sensibles, garantissant que vos donn\u00e9es sont prot\u00e9g\u00e9es efficacement.<\/p>\n<h4>Protection par mot de passe 32 bits<\/h4>\n<p>Le\u00a0<strong>Protection par mot de passe 32 bits<\/strong>\u00a0Cette fonction offre un niveau de s\u00e9curit\u00e9 suppl\u00e9mentaire, permettant aux utilisateurs de restreindre l&#039;acc\u00e8s et de garantir que seul le personnel autoris\u00e9 peut lire ou \u00e9crire des donn\u00e9es sur l&#039;autocollant. Cela est particuli\u00e8rement utile dans les environnements qui traitent des informations confidentielles.<\/p>\n<p>&nbsp;<\/p>\n<h3>Capacit\u00e9s d&#039;impression pour une image de marque personnalis\u00e9e<\/h3>\n<p>Les options de personnalisation pour l&#039;impression permettent aux entreprises d&#039;am\u00e9liorer la visibilit\u00e9 de la marque tout en utilisant l&#039;autocollant RFID NFC passif ISO 15693.<\/p>\n<h4>Impression offset CMJN<\/h4>\n<p>Utilisation\u00a0<strong>Impression offset CMJN<\/strong>, l&#039;autocollant peut \u00eatre imprim\u00e9 avec des couleurs vives et des images de haute qualit\u00e9. Cette capacit\u00e9 le rend parfait pour le branding, le mat\u00e9riel promotionnel ou tout autre besoin d&#039;identit\u00e9 visuelle.<\/p>\n<h4>Options de personnalisation<\/h4>\n<p>Les entreprises peuvent choisir d&#039;imprimer leurs logos, leurs designs ou d&#039;autres informations utiles directement sur l&#039;autocollant NFC. Cela augmente la reconnaissance de la marque, ce qui en fait un choix privil\u00e9gi\u00e9 pour les articles promotionnels ou les badges d&#039;\u00e9v\u00e9nements.<\/p>\n<p>&nbsp;<\/p>\n<h1>Questions fr\u00e9quemment pos\u00e9es (FAQ) sur l&#039;autocollant RFID passif NFC ISO 15693<\/h1>\n<p>Vous trouverez ci-dessous une liste compl\u00e8te des questions fr\u00e9quemment pos\u00e9es concernant l&#039;autocollant RFID NFC passif ISO 15693, r\u00e9pondant aux pr\u00e9occupations concernant sa fonctionnalit\u00e9, ses applications et ses sp\u00e9cifications.<\/p>\n<h2>Questions g\u00e9n\u00e9rales<\/h2>\n<h3>1. Qu&#039;est-ce qu&#039;un autocollant RFID NFC ?<\/h3>\n<p>Un\u00a0<strong>Autocollant NFC RFID<\/strong>\u00a0Il s&#039;agit d&#039;une petite \u00e9tiquette adh\u00e9sive dot\u00e9e d&#039;une puce d&#039;identification par radiofr\u00e9quence (RFID). Elle permet le transfert de donn\u00e9es sans fil lorsqu&#039;elle est scann\u00e9e avec un appareil compatible NFC, tel qu&#039;un smartphone ou un lecteur RFID.<\/p>\n<h3>2. Quelles sont les applications typiques de cet autocollant ?<\/h3>\n<p>L&#039;autocollant RFID NFC passif ISO 15693 est polyvalent et peut \u00eatre utilis\u00e9 dans diverses applications, notamment\u00a0:<\/p>\n<ul>\n<li>Gestion de la biblioth\u00e8que<\/li>\n<li>Billetterie de divertissement<\/li>\n<li>Suivi des stocks<\/li>\n<li>Contr\u00f4le d&#039;acc\u00e8s<\/li>\n<li>Identification personnelle<\/li>\n<\/ul>","protected":false},"excerpt":{"rendered":"<p>L&#039;autocollant RFID NFC passif 50 x 50 mm avec protocole ISO 15693 est une \u00e9tiquette durable et \u00e9tanche con\u00e7ue pour un transfert et un suivi efficaces des donn\u00e9es. Id\u00e9al pour les applications de gestion de biblioth\u00e8que, de billetterie d&#039;\u00e9v\u00e9nements et de contr\u00f4le des stocks, il pr\u00e9sente des mesures de s\u00e9curit\u00e9 robustes et des options de personnalisation pour am\u00e9liorer l&#039;image de marque.<\/p>","protected":false},"featured_media":3661,"template":"","meta":[],"product_brand":[],"product_cat":[48],"product_tag":[],"class_list":{"0":"post-3654","1":"product","2":"type-product","3":"status-publish","4":"has-post-thumbnail","6":"product_cat-nfc-stickers","8":"first","9":"instock","10":"shipping-taxable","11":"product-type-simple"},"_links":{"self":[{"href":"https:\/\/nfc-readers.com\/fr\/wp-json\/wp\/v2\/product\/3654","targetHints":{"allow":["GET"]}}],"collection":[{"href":"https:\/\/nfc-readers.com\/fr\/wp-json\/wp\/v2\/product"}],"about":[{"href":"https:\/\/nfc-readers.com\/fr\/wp-json\/wp\/v2\/types\/product"}],"wp:featuredmedia":[{"embeddable":true,"href":"https:\/\/nfc-readers.com\/fr\/wp-json\/wp\/v2\/media\/3661"}],"wp:attachment":[{"href":"https:\/\/nfc-readers.com\/fr\/wp-json\/wp\/v2\/media?parent=3654"}],"wp:term":[{"taxonomy":"product_brand","embeddable":true,"href":"https:\/\/nfc-readers.com\/fr\/wp-json\/wp\/v2\/product_brand?post=3654"},{"taxonomy":"product_cat","embeddable":true,"href":"https:\/\/nfc-readers.com\/fr\/wp-json\/wp\/v2\/product_cat?post=3654"},{"taxonomy":"product_tag","embeddable":true,"href":"https:\/\/nfc-readers.com\/fr\/wp-json\/wp\/v2\/product_tag?post=3654"}],"curies":[{"name":"wp","href":"https:\/\/api.w.org\/{rel}","templated":true}]}}