{"id":3667,"date":"2024-11-10T06:11:18","date_gmt":"2024-11-10T06:11:18","guid":{"rendered":"https:\/\/nfc-readers.com\/?post_type=product&#038;p=3667"},"modified":"2024-11-10T06:11:19","modified_gmt":"2024-11-10T06:11:19","slug":"custom-nfc-sticker-for-brand-authentication-anti-counterfeiting","status":"publish","type":"product","link":"https:\/\/nfc-readers.com\/fr\/ic-reader\/custom-nfc-sticker-for-brand-authentication-anti-counterfeiting\/","title":{"rendered":"Autocollant NFC personnalis\u00e9 pour l&#039;authentification de la marque anti-contrefa\u00e7on"},"content":{"rendered":"<h1 style=\"text-align: center;\"><strong>Autocollant NFC personnalis\u00e9 pour l&#039;authentification de la marque anti-contrefa\u00e7on<\/strong><\/h1>\n<p>Dans un march\u00e9 en constante \u00e9volution, garantir la l\u00e9gitimit\u00e9 des produits est devenu plus crucial que jamais. Les autocollants NFC personnalis\u00e9s constituent une solution innovante pour l&#039;authentification de la marque et les mesures anti-contrefa\u00e7on. Ces autocollants avanc\u00e9s exploitent la technologie Near Field Communication (NFC) pour fournir un processus de v\u00e9rification transparent, am\u00e9liorant l&#039;int\u00e9grit\u00e9 de la marque et la confiance des clients. Ce produit sert non seulement de mesure de s\u00e9curit\u00e9, mais facilite \u00e9galement une exp\u00e9rience client engageante. Avec une gamme d&#039;options personnalisables, ces autocollants NFC constituent un investissement pr\u00e9cieux pour toute entreprise cherchant \u00e0 prot\u00e9ger son identit\u00e9 de marque.<\/p>\n<p>&nbsp;<\/p>\n<h2>Pourquoi choisir des autocollants NFC personnalis\u00e9s ?<\/h2>\n<p>Les autocollants NFC personnalis\u00e9s offrent de nombreux avantages qui en font un ajout pr\u00e9cieux \u00e0 l&#039;arsenal de s\u00e9curit\u00e9 de votre marque. En int\u00e9grant la technologie NFC, ces autocollants permettent une authentification rapide et sans effort via les smartphones et appareils compatibles NFC. Avec des caract\u00e9ristiques telles que la durabilit\u00e9 de l&#039;\u00e9tanch\u00e9it\u00e9, diff\u00e9rentes tailles et formes et des options d&#039;impression personnalisables, ces autocollants renforcent non seulement la s\u00e9curit\u00e9, mais am\u00e9liorent \u00e9galement l&#039;apparence de vos produits.<\/p>\n<p>L&#039;investissement dans des autocollants NFC personnalis\u00e9s peut r\u00e9duire consid\u00e9rablement le risque de contrefa\u00e7on, donnant aux consommateurs la confiance dans l&#039;authenticit\u00e9 de leurs achats. En fournissant de mani\u00e8re transparente des informations sur l&#039;origine du produit et les d\u00e9tails de fabrication, ces autocollants peuvent \u00e9galement am\u00e9liorer l&#039;exp\u00e9rience et l&#039;engagement du consommateur.<\/p>\n<p>&nbsp;<\/p>\n<h2>Caract\u00e9ristiques des autocollants NFC personnalis\u00e9s<\/h2>\n<h3>Technologie avanc\u00e9e et s\u00e9curit\u00e9<\/h3>\n<p>Les autocollants NFC personnalis\u00e9s sont \u00e9quip\u00e9s d&#039;une technologie de pointe, telle que des interfaces de communication RFID, ce qui les rend exceptionnellement efficaces dans l&#039;authentification de la marque.\u00a0<strong>NXP NTAG213<\/strong>\u00a0puce, ces autocollants fonctionnent \u00e0 une fr\u00e9quence de\u00a0<strong>13,56 MHz<\/strong>, garantissant une connexion fiable avec d&#039;autres appareils compatibles NFC. Qu&#039;ils soient appos\u00e9s sur l&#039;emballage ou l&#039;\u00e9tiquette d&#039;un produit, ces autocollants offrent une solution sophistiqu\u00e9e pour lutter contre la contrefa\u00e7on avec un minimum d&#039;effort.<\/p>\n<h3>Applications polyvalentes<\/h3>\n<p>La polyvalence des autocollants NFC personnalis\u00e9s les rend adapt\u00e9s \u00e0 un large \u00e9ventail de secteurs, des produits de luxe \u00e0 l&#039;\u00e9lectronique grand public. Ils peuvent \u00eatre appos\u00e9s sur diverses surfaces, notamment\u00a0<strong>PVC, PET<\/strong>et le m\u00e9tal, ce qui permet aux entreprises de les int\u00e9grer parfaitement \u00e0 leur image de marque. Les entreprises peuvent choisir parmi plusieurs mod\u00e8les, notamment\u00a0<strong>rond, carr\u00e9<\/strong>, et des configurations personnalis\u00e9es, pour s&#039;adapter au mieux \u00e0 l&#039;esth\u00e9tique de leur produit.<\/p>\n<h2>2. Durabilit\u00e9 et facilit\u00e9 d&#039;utilisation<\/h2>\n<h3>Conception \u00e9tanche et r\u00e9sistante aux intemp\u00e9ries<\/h3>\n<p>En mati\u00e8re d&#039;\u00e9tiquetage de produits, la durabilit\u00e9 est primordiale. Les autocollants NFC personnalis\u00e9s sont con\u00e7us pour r\u00e9sister aux conditions environnementales difficiles.\u00a0<strong>\u00e9tanche<\/strong>\u00a0et\u00a0<strong>imperm\u00e9abiliser<\/strong>\u00a0Les caract\u00e9ristiques de ces cartes les rendent id\u00e9ales pour les applications ext\u00e9rieures ou les produits expos\u00e9s \u00e0 l&#039;humidit\u00e9. Cela garantit que la technologie NFC reste pleinement op\u00e9rationnelle, quel que soit l&#039;environnement ext\u00e9rieur, prot\u00e9geant ainsi l&#039;int\u00e9grit\u00e9 de votre marque.<\/p>\n<h3>Interface conviviale<\/h3>\n<p>La simplicit\u00e9 d&#039;utilisation des autocollants NFC personnalis\u00e9s constitue un autre avantage important. Les clients peuvent facilement authentifier les produits en appuyant sur leur\u00a0<strong>Smartphones compatibles NFC<\/strong>\u00a0contre l&#039;autocollant. Cette interaction intuitive \u00e9limine les processus complexes, permettant aux utilisateurs de v\u00e9rifier l&#039;authenticit\u00e9 et d&#039;acc\u00e9der rapidement \u00e0 des informations suppl\u00e9mentaires sur le produit. Par cons\u00e9quent, cela augmente la satisfaction et l&#039;engagement des clients.<\/p>\n<p>&nbsp;<\/p>\n<p>&nbsp;<\/p>\n<h2>Sp\u00e9cifications techniques<\/h2>\n<table class=\"w-fit !mb-0 !max-w-none\">\n<thead>\n<tr>\n<th>Sp\u00e9cification<\/th>\n<th>D\u00e9tail<\/th>\n<\/tr>\n<\/thead>\n<tbody>\n<tr>\n<td><strong>\u00c9br\u00e9cher<\/strong><\/td>\n<td>Ntag213, Ntag215, Ntag216<\/td>\n<\/tr>\n<tr>\n<td><strong>Fr\u00e9quence<\/strong><\/td>\n<td>13,56 MHz<\/td>\n<\/tr>\n<tr>\n<td><strong>Protocole<\/strong><\/td>\n<td>OIN 14443A<\/td>\n<\/tr>\n<tr>\n<td><strong>Types de donn\u00e9es inscriptibles<\/strong><\/td>\n<td>Site Web, texte, codes QR, autres formats<\/td>\n<\/tr>\n<tr>\n<td><strong>Options d&#039;impression<\/strong><\/td>\n<td>Impression offset, Impression num\u00e9rique, Personnalisation<\/td>\n<\/tr>\n<tr>\n<td><strong>Options d&#039;artisanat<\/strong><\/td>\n<td>Brillant, Mat, \u00c9poxy, Hologramme<\/td>\n<\/tr>\n<tr>\n<td><strong>Options de taille<\/strong><\/td>\n<td>Rond (30 mm de diam\u00e8tre), Carr\u00e9, Personnalis\u00e9<\/td>\n<\/tr>\n<tr>\n<td><strong>D\u00e9tails de l&#039;emballage<\/strong><\/td>\n<td>200 pi\u00e8ces dans une bo\u00eete int\u00e9rieure, 25 bo\u00eetes par carton ; taille du carton : 48<em>22.5<\/em>30 cm<\/td>\n<\/tr>\n<tr>\n<td><strong>Poids<\/strong><\/td>\n<td>0,010 kg par autocollant<\/td>\n<\/tr>\n<\/tbody>\n<\/table>\n<p>&nbsp;<\/p>\n<p>&nbsp;<\/p>\n<h2>Questions fr\u00e9quemment pos\u00e9es (FAQ)<\/h2>\n<h3>1.\u00a0<strong>Qu&#039;est-ce que la technologie NFC et comment fonctionne-t-elle ?<\/strong><\/h3>\n<p>NFC (Near Field Communication) est une technologie sans fil \u00e0 courte port\u00e9e qui permet la communication entre des appareils compatibles lorsqu&#039;ils sont rapproch\u00e9s, g\u00e9n\u00e9ralement \u00e0 quelques centim\u00e8tres pr\u00e8s. Les autocollants NFC personnalis\u00e9s contiennent une puce NFC qui transmet des donn\u00e9es aux smartphones et appareils compatibles NFC lorsqu&#039;ils sont touch\u00e9s, ce qui permet aux utilisateurs de v\u00e9rifier rapidement l&#039;authenticit\u00e9 du produit ou d&#039;acc\u00e9der \u00e0 des informations suppl\u00e9mentaires.<\/p>\n<h3>2.\u00a0<strong>Quelle est la durabilit\u00e9 des autocollants NFC personnalis\u00e9s\u00a0?<\/strong><\/h3>\n<p>Les autocollants NFC personnalis\u00e9s sont con\u00e7us pour \u00eatre \u00e9tanches et r\u00e9sistants aux intemp\u00e9ries, ce qui les rend adapt\u00e9s aux applications int\u00e9rieures et ext\u00e9rieures. Ils peuvent r\u00e9sister \u00e0 diverses conditions environnementales, garantissant que la technologie NFC reste fonctionnelle pendant une p\u00e9riode prolong\u00e9e.<\/p>\n<h3>3.\u00a0<strong>Ces autocollants peuvent-ils \u00eatre personnalis\u00e9s ?<\/strong><\/h3>\n<p>Oui ! Nos autocollants NFC personnalis\u00e9s offrent une gamme d&#039;options de personnalisation, notamment la taille, la forme, le design et les m\u00e9thodes d&#039;impression. Vous pouvez imprimer des logos, des informations sur les produits, des codes QR et d&#039;autres \u00e9l\u00e9ments de marque pour les aligner sur l&#039;identit\u00e9 de votre marque.<\/p>\n<h3>4.\u00a0<strong>Quels mat\u00e9riaux sont utilis\u00e9s pour les autocollants ?<\/strong><\/h3>\n<p>Les autocollants NFC personnalis\u00e9s peuvent \u00eatre fabriqu\u00e9s \u00e0 partir de divers mat\u00e9riaux tels que le PVC, le PET ou le papier couch\u00e9. Chaque mat\u00e9riau est choisi pour sa durabilit\u00e9 et son ad\u00e9quation \u00e0 diff\u00e9rentes applications, garantissant que les autocollants peuvent adh\u00e9rer efficacement \u00e0 vos produits.<\/p>","protected":false},"excerpt":{"rendered":"<p>Les autocollants NFC personnalis\u00e9s offrent une solution sophistiqu\u00e9e pour l&#039;authentification de la marque et la lutte contre la contrefa\u00e7on. V\u00e9rifiez facilement la l\u00e9gitimit\u00e9 du produit d&#039;une simple pression sur un smartphone.<\/p>","protected":false},"featured_media":3668,"template":"","meta":[],"product_brand":[],"product_cat":[48],"product_tag":[],"class_list":{"0":"post-3667","1":"product","2":"type-product","3":"status-publish","4":"has-post-thumbnail","6":"product_cat-nfc-stickers","8":"first","9":"instock","10":"shipping-taxable","11":"product-type-simple"},"_links":{"self":[{"href":"https:\/\/nfc-readers.com\/fr\/wp-json\/wp\/v2\/product\/3667","targetHints":{"allow":["GET"]}}],"collection":[{"href":"https:\/\/nfc-readers.com\/fr\/wp-json\/wp\/v2\/product"}],"about":[{"href":"https:\/\/nfc-readers.com\/fr\/wp-json\/wp\/v2\/types\/product"}],"wp:featuredmedia":[{"embeddable":true,"href":"https:\/\/nfc-readers.com\/fr\/wp-json\/wp\/v2\/media\/3668"}],"wp:attachment":[{"href":"https:\/\/nfc-readers.com\/fr\/wp-json\/wp\/v2\/media?parent=3667"}],"wp:term":[{"taxonomy":"product_brand","embeddable":true,"href":"https:\/\/nfc-readers.com\/fr\/wp-json\/wp\/v2\/product_brand?post=3667"},{"taxonomy":"product_cat","embeddable":true,"href":"https:\/\/nfc-readers.com\/fr\/wp-json\/wp\/v2\/product_cat?post=3667"},{"taxonomy":"product_tag","embeddable":true,"href":"https:\/\/nfc-readers.com\/fr\/wp-json\/wp\/v2\/product_tag?post=3667"}],"curies":[{"name":"wp","href":"https:\/\/api.w.org\/{rel}","templated":true}]}}