{"id":3675,"date":"2024-11-10T06:17:39","date_gmt":"2024-11-10T06:17:39","guid":{"rendered":"https:\/\/nfc-readers.com\/?post_type=product&#038;p=3675"},"modified":"2024-11-10T06:17:39","modified_gmt":"2024-11-10T06:17:39","slug":"13-56mhz-iso14443a-mifare-ntag-424dna-rfid-nfc-coin-tag-token","status":"publish","type":"product","link":"https:\/\/nfc-readers.com\/fr\/ic-reader\/13-56mhz-iso14443a-mifare-ntag-424dna-rfid-nfc-coin-tag-token\/","title":{"rendered":"jeton d&#039;\u00e9tiquette de pi\u00e8ce de monnaie de 13.56mhz ISO14443A MIfare NTAG 424DNA RFID NFC"},"content":{"rendered":"<h1 style=\"text-align: center;\"><span style=\"font-size: 95%;\"><strong>jeton d&#039;\u00e9tiquette de pi\u00e8ce de monnaie de 13.56mhz ISO14443A MIfare NTAG 424DNA RFID NFC<\/strong><\/span><\/h1>\n<p>&nbsp;<\/p>\n<p>Dans le monde en \u00e9volution rapide des technologies sans contact, le\u00a0<strong>jeton d&#039;\u00e9tiquette de pi\u00e8ce de monnaie de 13.56mhz ISO14443A MIfare NTAG 424DNA RFID NFC<\/strong>\u00a0se distingue comme une solution polyvalente et puissante. Ces \u00e9tiquettes NFC offrent une utilit\u00e9 exceptionnelle pour diverses applications, des jeux aux communications s\u00e9curis\u00e9es. Con\u00e7us avec pr\u00e9cision, ces jetons combinent des capacit\u00e9s avanc\u00e9es avec des fonctionnalit\u00e9s conviviales, ce qui en fait un incontournable pour les passionn\u00e9s et les professionnels. Que vous cherchiez \u00e0 am\u00e9liorer vos op\u00e9rations commerciales, \u00e0 rationaliser le partage de donn\u00e9es ou simplement \u00e0 explorer une technologie innovante, investir dans ces \u00e9tiquettes NFC peut vous ouvrir de nouvelles opportunit\u00e9s.<\/p>\n<p>&nbsp;<\/p>\n<h2>Avantages du produit<\/h2>\n<ol>\n<li><strong>Utilitaire am\u00e9lior\u00e9<\/strong>:La puce NTAG 424DNA offre une m\u00e9moire robuste (416 octets) et un \u00e9change de donn\u00e9es s\u00e9curis\u00e9, id\u00e9al pour les applications n\u00e9cessitant un niveau de s\u00e9curit\u00e9 \u00e9lev\u00e9.<\/li>\n<li><strong>Durabilit\u00e9<\/strong>:Con\u00e7ues avec des caract\u00e9ristiques imperm\u00e9ables et r\u00e9sistantes aux intemp\u00e9ries, ces \u00e9tiquettes prosp\u00e8rent dans les environnements ext\u00e9rieurs, garantissant une long\u00e9vit\u00e9 m\u00eame dans des environnements difficiles.<\/li>\n<li><strong>Large compatibilit\u00e9<\/strong>:Compatibles avec divers appareils compatibles NFC, ces \u00e9tiquettes peuvent facilement s&#039;int\u00e9grer aux flux de travail existants, rendant la transition vers la technologie sans contact transparente.<\/li>\n<\/ol>\n<p>Avec ces avantages convaincants, il est clair pourquoi le\u00a0<strong>\u00c9tiquette NFC pour pi\u00e8ces de monnaie NTAG 424DNA<\/strong>\u00a0vaut la peine d&#039;\u00eatre achet\u00e9.<\/p>\n<p>&nbsp;<\/p>\n<h3>Sp\u00e9cifications techniques<\/h3>\n<p>Les sp\u00e9cifications techniques du\u00a0<strong>NTAG 424ADN<\/strong>\u00a0Les \u00e9tiquettes RFID NFC pour pi\u00e8ces de monnaie mettent en valeur leur robustesse et leur polyvalence. Voici les points cl\u00e9s \u00e0 prendre en compte\u00a0:<\/p>\n<ul>\n<li><strong>\u00c9br\u00e9cher<\/strong>:ADN NTAG 424<\/li>\n<li><strong>Capacit\u00e9 de m\u00e9moire<\/strong>: 416 octets<\/li>\n<li><strong>Fr\u00e9quence<\/strong>: 13,56 MHz<\/li>\n<li><strong>Distance de lecture<\/strong>: 2-10 cm<\/li>\n<li><strong>Mat\u00e9riel<\/strong>: PVC<\/li>\n<li><strong>Taille<\/strong>:Diam\u00e8tre de 25mm\/30mm<\/li>\n<li><strong>\u00c9paisseur<\/strong>: 0,84 mm (personnalisable)<\/li>\n<li><strong>Poids<\/strong>: 6,5 g<\/li>\n<\/ul>\n<p>Ces sp\u00e9cifications garantissent que l&#039;\u00e9tiquette NFC peut r\u00e9pondre \u00e0 divers besoins des utilisateurs, des applications de jeu aux op\u00e9rations commerciales s\u00e9curis\u00e9es.<\/p>\n<p>&nbsp;<\/p>\n<h3>Applications de l&#039;\u00e9tiquette de pi\u00e8ce NTAG 424DNA<\/h3>\n<p>Les applications pour le\u00a0<strong>NTAG 424ADN<\/strong>\u00a0Les tags de pi\u00e8ces sont tr\u00e8s r\u00e9pandus. Dans l&#039;industrie du jeu, ces tags peuvent am\u00e9liorer l&#039;exp\u00e9rience utilisateur en permettant l&#039;interaction avec les \u00e9l\u00e9ments du jeu via des appareils compatibles NFC. Ils peuvent \u00eatre programm\u00e9s pour d\u00e9bloquer du contenu exclusif, offrir des r\u00e9compenses instantan\u00e9es ou cr\u00e9er des liens vers des plateformes en ligne, stimulant ainsi l&#039;engagement des utilisateurs.<\/p>\n<p>De plus, dans un contexte commercial, les \u00e9tiquettes NFC peuvent fonctionner comme des cartes de visite num\u00e9riques, offrant un acc\u00e8s instantan\u00e9 aux coordonn\u00e9es ou aux liens du portefeuille, ou elles peuvent \u00eatre utilis\u00e9es pour le suivi des actifs et la gestion des stocks. La polyvalence des applications d\u00e9montre la\u00a0<strong>La fonctionnalit\u00e9 des tags NFC s&#039;applique aussi bien \u00e0 la vie quotidienne qu&#039;aux industries sp\u00e9cialis\u00e9es.<\/strong><\/p>\n<p>&nbsp;<\/p>\n<p>&nbsp;<\/p>\n<h2>Questions fr\u00e9quemment pos\u00e9es (FAQ) sur l&#039;\u00e9tiquette RFID NFC pour pi\u00e8ces de monnaie NTAG 424DNA<\/h2>\n<h3>1. Qu\u2019est-ce que la technologie NFC et comment fonctionne-t-elle ?<\/h3>\n<p>La technologie NFC (Near Field Communication) permet aux appareils de communiquer sans fil sur de courtes distances (g\u00e9n\u00e9ralement 2 \u00e0 10 cm). Elle permet l&#039;\u00e9change de donn\u00e9es entre les appareils et les \u00e9tiquettes compatibles NFC, comme le NTAG 424DNA, gr\u00e2ce \u00e0 un processus appel\u00e9 induction \u00e9lectromagn\u00e9tique. Pour interagir, il suffit de tenir votre t\u00e9l\u00e9phone ou appareil compatible NFC \u00e0 proximit\u00e9 de l&#039;\u00e9tiquette et les donn\u00e9es seront transmises instantan\u00e9ment.<\/p>\n<h3>2. Quels appareils sont compatibles avec le NTAG 424DNA NFC Coin Tag ?<\/h3>\n<p>L&#039;\u00e9tiquette NFC NTAG 424DNA est compatible avec tous les appareils mobiles compatibles NFC, notamment une large gamme de smartphones et tablettes Android, ainsi que certains mod\u00e8les d&#039;iPhone (iPhone 7 et versions ult\u00e9rieures). La plupart des appareils modernes dot\u00e9s de fonctionnalit\u00e9s NFC peuvent lire et \u00e9crire des donn\u00e9es sur ces \u00e9tiquettes.<\/p>\n<h3>3. L&#039;\u00e9tiquette de pi\u00e8ce NFC NTAG 424DNA est-elle r\u00e9inscriptible\u00a0?<\/h3>\n<p>Oui, le NTAG 424DNA NFC Coin Tag est r\u00e9inscriptible. La m\u00e9moire peut \u00eatre modifi\u00e9e, ce qui permet aux utilisateurs de mettre \u00e0 jour les donn\u00e9es stock\u00e9es chaque fois que n\u00e9cessaire. Cette fonctionnalit\u00e9 le rend tr\u00e8s polyvalent pour diverses applications, telles que la modification des coordonn\u00e9es sur une carte de visite num\u00e9rique ou la mise \u00e0 jour des informations relatives au jeu.<\/p>","protected":false},"excerpt":{"rendered":"<div class=\"message-item-outer relative px-4 mb-2\" data-id=\"ab1b65d0-6e69-4f08-ab26-216071361a06\">\n<div class=\"content-area pl-[0px]\">\n<div class=\"message-item select-text relative\">\n<div class=\"message-inner relative\">\n<div class=\"py-[2px]\">\n<div class=\"flex flex-col gap-2\">\n<div class=\"answer-markdown-box overflow-x-auto select-text custom-scrollbar\">\n<div class=\"markdown-body\">\n<p>Le jeton RFID NFC Mifare NTAG 424DNA ISO14443A 13,56 MHz offre une s\u00e9curit\u00e9 avanc\u00e9e des donn\u00e9es gr\u00e2ce \u00e0 sa m\u00e9moire de 416 octets, ce qui le rend id\u00e9al pour des applications telles que les transactions s\u00e9curis\u00e9es et le marketing interactif. Sa conception \u00e9tanche et sa compatibilit\u00e9 avec divers appareils compatibles NFC garantissent une utilisation polyvalente en int\u00e9rieur et en ext\u00e9rieur.<\/p>\n<\/div>\n<\/div>\n<\/div>\n<\/div>\n<\/div>\n<\/div>\n<\/div>\n<\/div>","protected":false},"featured_media":3676,"template":"","meta":[],"product_brand":[],"product_cat":[47],"product_tag":[],"class_list":{"0":"post-3675","1":"product","2":"type-product","3":"status-publish","4":"has-post-thumbnail","6":"product_cat-nfc-tags","8":"first","9":"instock","10":"shipping-taxable","11":"product-type-simple"},"_links":{"self":[{"href":"https:\/\/nfc-readers.com\/fr\/wp-json\/wp\/v2\/product\/3675","targetHints":{"allow":["GET"]}}],"collection":[{"href":"https:\/\/nfc-readers.com\/fr\/wp-json\/wp\/v2\/product"}],"about":[{"href":"https:\/\/nfc-readers.com\/fr\/wp-json\/wp\/v2\/types\/product"}],"wp:featuredmedia":[{"embeddable":true,"href":"https:\/\/nfc-readers.com\/fr\/wp-json\/wp\/v2\/media\/3676"}],"wp:attachment":[{"href":"https:\/\/nfc-readers.com\/fr\/wp-json\/wp\/v2\/media?parent=3675"}],"wp:term":[{"taxonomy":"product_brand","embeddable":true,"href":"https:\/\/nfc-readers.com\/fr\/wp-json\/wp\/v2\/product_brand?post=3675"},{"taxonomy":"product_cat","embeddable":true,"href":"https:\/\/nfc-readers.com\/fr\/wp-json\/wp\/v2\/product_cat?post=3675"},{"taxonomy":"product_tag","embeddable":true,"href":"https:\/\/nfc-readers.com\/fr\/wp-json\/wp\/v2\/product_tag?post=3675"}],"curies":[{"name":"wp","href":"https:\/\/api.w.org\/{rel}","templated":true}]}}