{"id":3683,"date":"2024-11-10T06:22:41","date_gmt":"2024-11-10T06:22:41","guid":{"rendered":"https:\/\/nfc-readers.com\/?post_type=product&#038;p=3683"},"modified":"2024-11-10T06:22:41","modified_gmt":"2024-11-10T06:22:41","slug":"wholesale-high-security-tamper-proof-nfc-tag-rfid-sticker","status":"publish","type":"product","link":"https:\/\/nfc-readers.com\/fr\/ic-reader\/wholesale-high-security-tamper-proof-nfc-tag-rfid-sticker\/","title":{"rendered":"\u00c9tiquette autocollante RFID NFC inviolable de haute s\u00e9curit\u00e9 en gros"},"content":{"rendered":"<h1 style=\"text-align: center;\"><strong>\u00c9tiquette autocollante RFID NFC inviolable de haute s\u00e9curit\u00e9 en gros<\/strong><\/h1>\n<p>&nbsp;<\/p>\n<p>D\u00e9verrouillez l&#039;avenir du partage s\u00e9curis\u00e9 d&#039;informations avec notre <strong>\u00c9tiquette autocollante RFID NFC inviolable de haute s\u00e9curit\u00e9 en gros<\/strong>. Id\u00e9als pour les solutions anti-contrefa\u00e7on, ces autocollants NFC innovants combinent des fonctionnalit\u00e9s de s\u00e9curit\u00e9 de premier ordre avec une grande polyvalence d&#039;application. Con\u00e7us pour les entreprises qui privil\u00e9gient la s\u00e9curit\u00e9 et l&#039;efficacit\u00e9, ces tags NFC repr\u00e9sentent la prochaine \u00e9tape de la technologie sans contact pour divers secteurs, notamment la vente au d\u00e9tail, la logistique et la gestion d&#039;\u00e9v\u00e9nements.<\/p>\n<p>&nbsp;<\/p>\n<p><strong>Pourquoi acheter nos tags NFC ?<\/strong><br \/>\nNos \u00e9tiquettes NFC offrent une solution s\u00fbre, efficace et pratique pour une gamme d&#039;applications, de l&#039;authentification des produits \u00e0 la fourniture d&#039;exp\u00e9riences utilisateur transparentes dans les transactions num\u00e9riques. En garantissant que vos informations sont prot\u00e9g\u00e9es contre la contrefa\u00e7on, nos \u00e9tiquettes NFC inviolables am\u00e9liorent non seulement la s\u00e9curit\u00e9, mais ajoutent \u00e9galement de la valeur \u00e0 votre marque. De plus, la nature personnalisable garantit que chaque \u00e9tiquette peut \u00eatre adapt\u00e9e \u00e0 vos besoins sp\u00e9cifiques, ce qui en fait un choix polyvalent pour toute entreprise.<\/p>\n<p>&nbsp;<\/p>\n<h2>Caract\u00e9ristiques de l&#039;\u00e9tiquette NFC inviolable<\/h2>\n<p>En mati\u00e8re de s\u00e9curit\u00e9, notre\u00a0<strong>\u00c9tiquette autocollante RFID NFC inviolable de haute s\u00e9curit\u00e9 en gros<\/strong>\u00a0se distingue par son\u00a0<strong>Caract\u00e9ristiques sp\u00e9ciales<\/strong>\u00a0con\u00e7u pour lutter contre la contrefa\u00e7on.<\/p>\n<ul>\n<li><strong>Conception inviolable<\/strong>:Une fois fix\u00e9es, ces \u00e9tiquettes NFC sont pratiquement impossibles \u00e0 retirer sans dommages importants, garantissant que toute alt\u00e9ration est facilement d\u00e9tectable.<\/li>\n<li><strong>Taille et impression personnalis\u00e9es<\/strong>:Nos \u00e9tiquettes sont disponibles dans une taille personnalisable et sont imprim\u00e9es \u00e0 l&#039;aide\u00a0<strong>Impression offset CMJN 4C<\/strong>\u00a0pour des graphismes dynamiques et de haute qualit\u00e9 qui am\u00e9liorent l&#039;image de marque.<\/li>\n<li><strong>Capacit\u00e9 de m\u00e9moire<\/strong>: Chaque balise comporte\u00a0<strong>416 octets<\/strong>\u00a0de m\u00e9moire, permettant le stockage des informations essentielles en toute s\u00e9curit\u00e9.<\/li>\n<\/ul>\n<p>Ces attributs rendent le tag NFC \u00e0 la fois fiable et efficace, ce qui en fait un outil essentiel pour les entreprises visant des mesures de s\u00e9curit\u00e9 de premier ordre dans leurs op\u00e9rations.<\/p>\n<p>&nbsp;<\/p>\n<h2>Applications des \u00e9tiquettes NFC<\/h2>\n<p>La polyvalence de nos tags NFC permet de les appliquer dans de nombreux secteurs, am\u00e9liorant ainsi les processus commerciaux tout en maintenant des transactions s\u00e9curis\u00e9es :<\/p>\n<ul>\n<li><strong>Lutte contre la contrefa\u00e7on<\/strong>:Les entreprises peuvent utiliser ces \u00e9tiquettes pour garantir l\u2019authenticit\u00e9 du produit, car elles sont con\u00e7ues pour \u00eatre solidement fix\u00e9es et inviolables, d\u00e9courageant ainsi les pratiques de contrefa\u00e7on.<\/li>\n<li><strong>Gestion d&#039;\u00e9v\u00e9nements<\/strong>:Utilisez des tags NFC pour la billetterie, permettant un contr\u00f4le d&#039;acc\u00e8s transparent et r\u00e9duisant l&#039;incidence de la fraude aux billets.<\/li>\n<li><strong>Marketing intelligent<\/strong>:Ces balises peuvent \u00eatre int\u00e9gr\u00e9es dans des supports marketing, permettant aux clients d&#039;interagir directement avec votre marque en appuyant sur leur t\u00e9l\u00e9phone pour acc\u00e9der aux promotions, aux d\u00e9tails du produit ou aux cartes de visite num\u00e9riques.<\/li>\n<\/ul>\n<p>En exploitant la puissance de ces applications, les entreprises peuvent prot\u00e9ger efficacement leurs op\u00e9rations et optimiser l\u2019interaction avec les clients.<\/p>\n<p>&nbsp;<\/p>\n<h2>Questions fr\u00e9quemment pos\u00e9es (FAQ)<\/h2>\n<h3>1.\u00a0<strong>Qu&#039;est-ce qu&#039;un tag NFC ?<\/strong><\/h3>\n<p>Une \u00e9tiquette NFC (Near Field Communication) est un petit appareil qui utilise la technologie RFID (Radio Frequency Identification) pour transmettre des informations sans fil sur de courtes distances (g\u00e9n\u00e9ralement dans une plage de 1 \u00e0 10 cm). Les utilisateurs peuvent toucher leur appareil compatible NFC contre l&#039;\u00e9tiquette pour acc\u00e9der aux informations stock\u00e9es ou effectuer une action.<\/p>\n<h3>2.\u00a0<strong>Comment programmer un tag NFC ?<\/strong><\/h3>\n<p>La programmation d&#039;une \u00e9tiquette NFC implique g\u00e9n\u00e9ralement l&#039;utilisation d&#039;un smartphone compatible NFC ou d&#039;autres appareils compatibles avec une application NFC. Vous pouvez \u00e9crire des donn\u00e9es sur l&#039;\u00e9tiquette (telles que des URL ou des informations de contact) \u00e0 l&#039;aide de ces applications. S\u00e9lectionnez simplement les donn\u00e9es que vous souhaitez \u00e9crire, appuyez votre appareil sur l&#039;\u00e9tiquette et les donn\u00e9es seront stock\u00e9es.<\/p>\n<h3>3.\u00a0<strong>Quels types de donn\u00e9es les tags NFC peuvent-ils stocker\u00a0?<\/strong><\/h3>\n<p>Les tags NFC peuvent stocker diff\u00e9rents types de donn\u00e9es, notamment des URL, du texte, des informations de contact, des d\u00e9tails sur les produits, des commandes pour les applications, etc. La quantit\u00e9 sp\u00e9cifique de donn\u00e9es pouvant \u00eatre stock\u00e9es d\u00e9pend de la capacit\u00e9 de m\u00e9moire du tag, nos tags NFC prenant en charge\u00a0<strong>416 octets<\/strong>.<\/p>\n<h3>4.\u00a0<strong>Vos tags NFC sont-ils r\u00e9inscriptibles ?<\/strong><\/h3>\n<p>Oui, nos tags NFC sont r\u00e9inscriptibles, ce qui signifie que vous pouvez les programmer avec diff\u00e9rentes donn\u00e9es selon vos besoins. Cette fonctionnalit\u00e9 est particuli\u00e8rement utile pour les entreprises qui souhaitent une certaine flexibilit\u00e9 dans leurs applications.<\/p>","protected":false},"excerpt":{"rendered":"<p>Renforcez la s\u00e9curit\u00e9 de votre marque gr\u00e2ce \u00e0 nos \u00e9tiquettes autocollantes RFID NFC inviolables de haute s\u00e9curit\u00e9. Con\u00e7ues pour lutter contre la contrefa\u00e7on, elles offrent des solutions personnalisables et un acc\u00e8s transparent aux donn\u00e9es.<\/p>","protected":false},"featured_media":3684,"template":"","meta":[],"product_brand":[],"product_cat":[47],"product_tag":[],"class_list":{"0":"post-3683","1":"product","2":"type-product","3":"status-publish","4":"has-post-thumbnail","6":"product_cat-nfc-tags","8":"first","9":"instock","10":"shipping-taxable","11":"product-type-simple"},"_links":{"self":[{"href":"https:\/\/nfc-readers.com\/fr\/wp-json\/wp\/v2\/product\/3683","targetHints":{"allow":["GET"]}}],"collection":[{"href":"https:\/\/nfc-readers.com\/fr\/wp-json\/wp\/v2\/product"}],"about":[{"href":"https:\/\/nfc-readers.com\/fr\/wp-json\/wp\/v2\/types\/product"}],"wp:featuredmedia":[{"embeddable":true,"href":"https:\/\/nfc-readers.com\/fr\/wp-json\/wp\/v2\/media\/3684"}],"wp:attachment":[{"href":"https:\/\/nfc-readers.com\/fr\/wp-json\/wp\/v2\/media?parent=3683"}],"wp:term":[{"taxonomy":"product_brand","embeddable":true,"href":"https:\/\/nfc-readers.com\/fr\/wp-json\/wp\/v2\/product_brand?post=3683"},{"taxonomy":"product_cat","embeddable":true,"href":"https:\/\/nfc-readers.com\/fr\/wp-json\/wp\/v2\/product_cat?post=3683"},{"taxonomy":"product_tag","embeddable":true,"href":"https:\/\/nfc-readers.com\/fr\/wp-json\/wp\/v2\/product_tag?post=3683"}],"curies":[{"name":"wp","href":"https:\/\/api.w.org\/{rel}","templated":true}]}}