{"id":3700,"date":"2024-11-10T06:34:49","date_gmt":"2024-11-10T06:34:49","guid":{"rendered":"https:\/\/nfc-readers.com\/?post_type=product&#038;p=3700"},"modified":"2024-11-10T06:38:34","modified_gmt":"2024-11-10T06:38:34","slug":"custom-nfc-fragile-sticker-for-commodity-label-product-tag","status":"publish","type":"product","link":"https:\/\/nfc-readers.com\/fr\/ic-reader\/custom-nfc-fragile-sticker-for-commodity-label-product-tag\/","title":{"rendered":"Autocollant NFC fragile personnalis\u00e9 pour \u00e9tiquette de produit \u00c9tiquette de produit"},"content":{"rendered":"<h1 style=\"text-align: center;\"><strong>Autocollant NFC fragile personnalis\u00e9 pour \u00e9tiquette de produit \u00c9tiquette de produit<\/strong><\/h1>\n<p>&nbsp;<\/p>\n<p>Le <strong>Sticker NFC Fragile Personnalis\u00e9<\/strong>\u00a0pour l&#039;\u00e9tiquetage des produits est un produit r\u00e9volutionnaire qui int\u00e8gre des\u00a0<strong>NFC (communication en champ proche)<\/strong>\u00a0La technologie NFC s&#039;int\u00e8gre parfaitement dans les solutions d&#039;\u00e9tiquetage quotidiennes. Con\u00e7us pour garantir un \u00e9tiquetage s\u00fbr et fiable des articles fragiles, ces autocollants permettent aux entreprises d&#039;am\u00e9liorer leurs protocoles de v\u00e9rification et de s\u00e9curit\u00e9 des produits. Avec un m\u00e9lange de praticit\u00e9 et de modernit\u00e9, investir dans la technologie NFC pour l&#039;\u00e9tiquetage n&#039;a jamais \u00e9t\u00e9 aussi crucial. Cet article se penche sur les caract\u00e9ristiques, les avantages et l&#039;utilit\u00e9 globale de l&#039;autocollant NFC fragile personnalis\u00e9, vous guidant pour prendre une d\u00e9cision \u00e9clair\u00e9e.<\/p>\n<p>&nbsp;<\/p>\n<h2>Pourquoi choisir les autocollants fragiles NFC ?<\/h2>\n<p>Le\u00a0<strong>Sticker NFC Fragile Personnalis\u00e9<\/strong>\u00a0est con\u00e7u pour r\u00e9pondre aux besoins des entreprises qui ont besoin d&#039;une m\u00e9thode fiable pour marquer et suivre les produits fragiles. Voici quelques raisons convaincantes pour lesquelles vous devriez envisager de mettre \u00e0 niveau votre processus d&#039;\u00e9tiquetage avec ce produit innovant :<\/p>\n<ol>\n<li><strong>S\u00e9curit\u00e9 et v\u00e9rification renforc\u00e9es<\/strong>:Ces autocollants garantissent que les processus de v\u00e9rification sont \u00e0 la fois efficaces et infaillibles. Gr\u00e2ce \u00e0 la puce NTAG213 int\u00e9gr\u00e9e, chaque autocollant peut stocker des informations en toute s\u00e9curit\u00e9 et v\u00e9rifier l&#039;authenticit\u00e9 du colis d&#039;un simple appui sur un bouton.\u00a0<strong>Smartphone compatible NFC<\/strong>.<\/li>\n<li><strong>Application conviviale<\/strong>: Oubliez les processus de configuration compliqu\u00e9s. Application de la\u00a0<strong>Autocollant NFC fragile<\/strong>\u00a0est incroyablement simple : il suffit de le d\u00e9coller et de le coller, ce qui le rend accessible \u00e0 n\u2019importe quel utilisateur de votre cha\u00eene d\u2019approvisionnement.<\/li>\n<li><strong>Durabilit\u00e9 et r\u00e9sistance aux intemp\u00e9ries<\/strong>:Fabriqu\u00e9 \u00e0 partir de mat\u00e9riaux de haute qualit\u00e9\u00a0<strong>PET\/PVC\/Papier<\/strong>\u00a0Mat\u00e9riaux de qualit\u00e9, ces autocollants sont con\u00e7us pour r\u00e9sister \u00e0 diverses conditions environnementales. Qu&#039;ils soient expos\u00e9s \u00e0 l&#039;humidit\u00e9 ou \u00e0 des temp\u00e9ratures variables, nos autocollants fragiles NFC conservent des performances et une fiabilit\u00e9 \u00e9lev\u00e9es.<\/li>\n<li><strong>Personnalisable et polyvalent<\/strong>: Notre\u00a0<strong>autocollant NFC personnalis\u00e9<\/strong>\u00a0peut \u00eatre adapt\u00e9 pour r\u00e9pondre \u00e0 des besoins sp\u00e9cifiques en mati\u00e8re de marque et d&#039;information, permettant des applications \u00e0 la fois fonctionnelles et promotionnelles.<\/li>\n<\/ol>\n<p>&nbsp;<\/p>\n<h2>Principales caract\u00e9ristiques des autocollants fragiles NFC<\/h2>\n<p>En utilisant\u00a0<strong>NFC (communication en champ proche)<\/strong>\u00a0technologie, nos autocollants fragiles personnalis\u00e9s sont \u00e9quip\u00e9s d&#039;une gamme de fonctionnalit\u00e9s sp\u00e9ciales qui les distinguent :<\/p>\n<ul>\n<li><strong>Conception \u00e9tanche\/r\u00e9sistante aux intemp\u00e9ries<\/strong>:Ces autocollants r\u00e9sistent aux conditions environnementales difficiles, ce qui les rend adapt\u00e9s aux applications int\u00e9rieures et ext\u00e9rieures.<\/li>\n<li><strong>Compatibilit\u00e9<\/strong>: Le\u00a0<strong>puce ntag213<\/strong>\u00a0est reconnu pour sa compatibilit\u00e9 g\u00e9n\u00e9ralis\u00e9e avec divers\u00a0<strong>Appareils NFC<\/strong>, garantissant une facilit\u00e9 d&#039;utilisation.<\/li>\n<\/ul>\n<h3>Comment \u00e7a marche<\/h3>\n<p>Appuyez simplement sur votre\u00a0<strong>Smartphone compatible NFC<\/strong>\u00a0contre l&#039;autocollant pour acc\u00e9der aux informations pr\u00e9enregistr\u00e9es ou v\u00e9rifier les d\u00e9tails du produit, ce qui peut consid\u00e9rablement rationaliser les processus d&#039;inventaire et de vente.<\/p>\n<p>&nbsp;<\/p>\n<h2>Sp\u00e9cifications techniques<\/h2>\n<table class=\"w-fit !mb-0 !max-w-none\">\n<thead>\n<tr>\n<th><strong>Sp\u00e9cification<\/strong><\/th>\n<th><strong>D\u00e9tails<\/strong><\/th>\n<\/tr>\n<\/thead>\n<tbody>\n<tr>\n<td><strong>\u00c9br\u00e9cher<\/strong><\/td>\n<td>NTAG213<\/td>\n<\/tr>\n<tr>\n<td><strong>Fr\u00e9quence<\/strong><\/td>\n<td>13,56 MHz<\/td>\n<\/tr>\n<tr>\n<td><strong>Taille de la m\u00e9moire<\/strong><\/td>\n<td>144 octets<\/td>\n<\/tr>\n<tr>\n<td><strong>Mat\u00e9riel<\/strong><\/td>\n<td>PET\/PVC\/Papier<\/td>\n<\/tr>\n<tr>\n<td><strong>Diam\u00e8tre<\/strong><\/td>\n<td>30 mm<\/td>\n<\/tr>\n<tr>\n<td><strong>Imprimer<\/strong><\/td>\n<td>Impression offset CMJN<\/td>\n<\/tr>\n<tr>\n<td><strong>Imperm\u00e9able<\/strong><\/td>\n<td>Oui<\/td>\n<\/tr>\n<tr>\n<td><strong>Taille du paquet<\/strong><\/td>\n<td>200 pi\u00e8ces\/bo\u00eete int\u00e9rieure ; 25 bo\u00eetes\/carton<\/td>\n<\/tr>\n<tr>\n<td><strong>Taille du carton<\/strong><\/td>\n<td>48 x 22,5 x 30 cm<\/td>\n<\/tr>\n<tr>\n<td><strong>Capacit\u00e9 d&#039;approvisionnement<\/strong><\/td>\n<td>5 000 000 de pi\u00e8ces par mois<\/td>\n<\/tr>\n<tr>\n<td><strong>Taille de paquet unique<\/strong><\/td>\n<td>35 x 1,5 x 0,02 cm<\/td>\n<\/tr>\n<tr>\n<td><strong>Poids brut<\/strong><\/td>\n<td>0,010 kg<\/td>\n<\/tr>\n<\/tbody>\n<\/table>\n<p>&nbsp;<\/p>\n<h2>FAQ<\/h2>\n<h3>Q : Les autocollants NFC Fragile sont-ils compatibles avec tous les smartphones ?<\/h3>\n<p><strong>UN<\/strong>:Oui, \u00e0 condition que le smartphone ait la fonction NFC activ\u00e9e.<\/p>\n<h3>Q : Combien de temps durent les autocollants ?<\/h3>\n<p><strong>UN<\/strong>:Nos autocollants sont durables et con\u00e7us pour r\u00e9sister \u00e0 diverses conditions, garantissant ainsi leur durabilit\u00e9 tout au long du cycle de vie du produit.<\/p>\n<h3>Q\u00a0:\u00a0Puis-je suivre l\u2019utilisation en temps r\u00e9el\u00a0?<\/h3>\n<p><strong>UN<\/strong>:Bien que ces autocollants offrent une v\u00e9rification imm\u00e9diate, le suivi en temps r\u00e9el peut n\u00e9cessiter une int\u00e9gration avec des syst\u00e8mes de gestion des stocks sp\u00e9cifiques.<\/p>","protected":false},"excerpt":{"rendered":"<p>L&#039;autocollant NFC personnalis\u00e9 pour l&#039;\u00e9tiquetage des produits fragiles est con\u00e7u pour assurer un suivi s\u00e9curis\u00e9 et une v\u00e9rification de l&#039;authenticit\u00e9 des produits fragiles. Sa conception conviviale garantit une application facile tout en am\u00e9liorant la gestion des stocks.<\/p>","protected":false},"featured_media":3708,"template":"","meta":[],"product_brand":[],"product_cat":[48],"product_tag":[],"class_list":{"0":"post-3700","1":"product","2":"type-product","3":"status-publish","4":"has-post-thumbnail","6":"product_cat-nfc-stickers","8":"first","9":"instock","10":"shipping-taxable","11":"product-type-simple"},"_links":{"self":[{"href":"https:\/\/nfc-readers.com\/fr\/wp-json\/wp\/v2\/product\/3700","targetHints":{"allow":["GET"]}}],"collection":[{"href":"https:\/\/nfc-readers.com\/fr\/wp-json\/wp\/v2\/product"}],"about":[{"href":"https:\/\/nfc-readers.com\/fr\/wp-json\/wp\/v2\/types\/product"}],"wp:featuredmedia":[{"embeddable":true,"href":"https:\/\/nfc-readers.com\/fr\/wp-json\/wp\/v2\/media\/3708"}],"wp:attachment":[{"href":"https:\/\/nfc-readers.com\/fr\/wp-json\/wp\/v2\/media?parent=3700"}],"wp:term":[{"taxonomy":"product_brand","embeddable":true,"href":"https:\/\/nfc-readers.com\/fr\/wp-json\/wp\/v2\/product_brand?post=3700"},{"taxonomy":"product_cat","embeddable":true,"href":"https:\/\/nfc-readers.com\/fr\/wp-json\/wp\/v2\/product_cat?post=3700"},{"taxonomy":"product_tag","embeddable":true,"href":"https:\/\/nfc-readers.com\/fr\/wp-json\/wp\/v2\/product_tag?post=3700"}],"curies":[{"name":"wp","href":"https:\/\/api.w.org\/{rel}","templated":true}]}}