{"id":1520,"date":"2024-04-07T03:57:14","date_gmt":"2024-04-07T03:57:14","guid":{"rendered":"https:\/\/nfc-readers.com\/?post_type=product&#038;p=1520"},"modified":"2024-10-16T08:07:41","modified_gmt":"2024-10-16T08:07:41","slug":"acr39u-uf-type-c-connector-smart-card-reader","status":"publish","type":"product","link":"https:\/\/nfc-readers.com\/hr\/ic-reader\/acr39u-uf-type-c-connector-smart-card-reader\/","title":{"rendered":"ACR39U-UF-TYPE C konektor-\u010dita\u010d pametnih kartica"},"content":{"rendered":"<h1>ACR39U-UF-TYPE C konektor-\u010dita\u010d pametnih kartica<\/h1>\n<p>\u010cita\u010d pametnih kartica ACR39U-UF pojavljuje se kao vrlo svestran i inovativan alat, koji uklju\u010duje USB Type C povezivanje za lak\u0161u i prilagodljiviju upotrebu. Njegova podr\u0161ka za \u0161irok raspon pametnih kartica i pridr\u017eavanje kriti\u010dnih industrijskih standarda \u010dine ga klju\u010dnim prijenosnim NFC \u010dita\u010dem za mno\u0161tvo sigurnih aplikacija na stolnim i mobilnim platformama.<\/p>\n<ul>\n<li>\n<h2>USB 2.0 su\u010delje pune brzine<\/h2>\n<\/li>\n<li>\n<h2>USB Type-C konektor<\/h2>\n<\/li>\n<li>\n<h2>Plug and Play \u2013 CCID podr\u0161ka donosi najve\u0107u mobilnost<\/h2>\n<\/li>\n<li>\n<h2>\u010cita\u010d pametnih kartica:<\/h2>\n<ul>\n<li>\n<h3>Podr\u017eava ISO 7816 kartice klase A, B i C (5 V, 3 V, 1,8 V)<\/h3>\n<\/li>\n<li>\n<h3>Podr\u017eava CAC<\/h3>\n<\/li>\n<li>\n<h3>Podr\u017eava SIPRNET karticu<\/h3>\n<\/li>\n<li>\n<h3>Podr\u017eava J-LIS karticu<\/h3>\n<\/li>\n<li>\n<h3>Podr\u017eava mikroprocesorske kartice s T=0 ili T=1 protokolom<\/h3>\n<\/li>\n<li>\n<h3>Podr\u017eava memorijske kartice<\/h3>\n<\/li>\n<li>\n<h3>Podr\u017eava Mykad karticu<\/h3>\n<\/li>\n<li>\n<h3>Podr\u017eava PPS (Protokol i odabir parametara)<\/h3>\n<\/li>\n<li>\n<h3>Sadr\u017ei za\u0161titu od kratkog spoja<\/h3>\n<\/li>\n<\/ul>\n<\/li>\n<li>\n<h2>Programsko su\u010delje aplikacije:<\/h2>\n<ul>\n<li>\n<h3>Podr\u017eava PC\/SC<\/h3>\n<\/li>\n<li>\n<h3>Podr\u017eava CT-API CT-API (kroz omot na vrhu PC\/SC)<\/h3>\n<\/li>\n<\/ul>\n<\/li>\n<li>\n<h2>Podr\u017eava Android\u2122 3.1 i novije<\/h2>\n<\/li>\n<li>\n<div>\n<table width=\"581\">\n<tbody>\n<tr>\n<td colspan=\"2\" width=\"581\">Fizi\u010dke karakteristike<\/td>\n<\/tr>\n<tr>\n<td width=\"236\">Dimenzije (mm)<\/td>\n<td width=\"345\">72,2 mm (D) x 69,0 mm (\u0160) x 14,5 mm (V)<\/td>\n<\/tr>\n<tr>\n<td width=\"236\">Te\u017eina (g)<\/td>\n<td width=\"345\">65,0 g<\/td>\n<\/tr>\n<tr>\n<td colspan=\"2\" width=\"581\">USB su\u010delje<\/td>\n<\/tr>\n<tr>\n<td width=\"236\">Protokol<\/td>\n<td width=\"345\">USB CCID<\/td>\n<\/tr>\n<tr>\n<td width=\"236\">Vrsta konektora<\/td>\n<td width=\"345\">Standardni tip-C<\/td>\n<\/tr>\n<tr>\n<td width=\"236\">Izvor napajanja<\/td>\n<td width=\"345\">Iz USB priklju\u010dka<\/td>\n<\/tr>\n<tr>\n<td width=\"236\">Ubrzati<\/td>\n<td width=\"345\">USB 2.0 pune brzine (12 Mbps)<\/td>\n<\/tr>\n<tr>\n<td width=\"236\">Du\u017eina kabela<\/td>\n<td width=\"345\">1,5 m, Fiksno<\/td>\n<\/tr>\n<tr>\n<td colspan=\"2\" width=\"581\">Kontaktirajte su\u010delje pametne kartice<\/td>\n<\/tr>\n<tr>\n<td width=\"236\">Broj utora<\/td>\n<td width=\"345\">1 utor za karticu pune veli\u010dine<\/td>\n<\/tr>\n<tr>\n<td width=\"236\">Standard<\/td>\n<td width=\"345\">ISO 7816, dijelovi 1-4, klasa A, B, C (5 V, 3 V, 1,8 V)<\/td>\n<\/tr>\n<tr>\n<td width=\"236\">Protokol<\/td>\n<td width=\"345\">T=0; T=1; Podr\u0161ka za memorijsku karticu<\/td>\n<\/tr>\n<tr>\n<td width=\"236\">Drugi<\/td>\n<td width=\"345\">Mykad kartica, CAC, PIV, SIPRNET, J-LIS pametne kartice<\/td>\n<\/tr>\n<tr>\n<td colspan=\"2\" width=\"581\">Certifikati\/sukladnost<\/td>\n<\/tr>\n<tr>\n<td rowspan=\"18\" width=\"236\">Certifikati\/sukladnost<\/td>\n<td width=\"345\">EN62368\/IEC 62368<\/td>\n<\/tr>\n<tr>\n<td width=\"345\">CE<\/td>\n<\/tr>\n<tr>\n<td width=\"345\">FCC<\/td>\n<\/tr>\n<tr>\n<td width=\"345\">RoHS<\/td>\n<\/tr>\n<tr>\n<td width=\"345\">DOHVATITI<\/td>\n<\/tr>\n<tr>\n<td width=\"345\">EMV\u2122 razina 1 (kontakt)<\/td>\n<\/tr>\n<tr>\n<td width=\"345\">J-LIS<\/td>\n<\/tr>\n<tr>\n<td width=\"345\">KCC<\/td>\n<\/tr>\n<tr>\n<td width=\"345\">PBOC<\/td>\n<\/tr>\n<tr>\n<td width=\"345\">TAA (SAD)<\/td>\n<\/tr>\n<tr>\n<td width=\"345\">UKCA<\/td>\n<\/tr>\n<tr>\n<td width=\"345\">VCCI<\/td>\n<\/tr>\n<tr>\n<td width=\"345\">WEEE<\/td>\n<\/tr>\n<tr>\n<td width=\"345\">ISO 7816<\/td>\n<\/tr>\n<tr>\n<td width=\"345\">USB 2.0 pune brzine<\/td>\n<\/tr>\n<tr>\n<td width=\"345\">PC\/SC<\/td>\n<\/tr>\n<tr>\n<td width=\"345\">CCID<\/td>\n<\/tr>\n<tr>\n<td width=\"345\">Microsoft\u00ae WHQL<\/td>\n<\/tr>\n<tr>\n<td colspan=\"2\" width=\"581\">Podr\u0161ka za operativni sustav upravlja\u010dkog programa ure\u0111aja<\/td>\n<\/tr>\n<tr>\n<td rowspan=\"5\" width=\"236\">Podr\u0161ka za operativni sustav upravlja\u010dkog programa ure\u0111aja<\/td>\n<td width=\"345\">Windows\u00ae<\/td>\n<\/tr>\n<tr>\n<td width=\"345\">Linux\u00ae<\/td>\n<\/tr>\n<tr>\n<td width=\"345\">macOS\u00ae<\/td>\n<\/tr>\n<tr>\n<td width=\"345\">Solaris\u2122<\/td>\n<\/tr>\n<tr>\n<td width=\"345\">Android\u2122<\/td>\n<\/tr>\n<\/tbody>\n<\/table>\n<\/div>\n<\/li>\n<\/ul>","protected":false},"excerpt":{"rendered":"<p>ACR39U-UF je kompaktni USB Type C Secure Reader i brzi kontakt, dizajniran za besprijekornu integraciju s raznim aplikacijama pametnih kartica na vi\u0161e ure\u0111aja.<\/p>","protected":false},"featured_media":1524,"template":"","meta":[],"product_brand":[],"product_cat":[39],"product_tag":[],"class_list":{"0":"post-1520","1":"product","2":"type-product","3":"status-publish","4":"has-post-thumbnail","6":"product_cat-usb-ic-smartcard-reader","8":"first","9":"instock","10":"shipping-taxable","11":"product-type-simple"},"_links":{"self":[{"href":"https:\/\/nfc-readers.com\/hr\/wp-json\/wp\/v2\/product\/1520","targetHints":{"allow":["GET"]}}],"collection":[{"href":"https:\/\/nfc-readers.com\/hr\/wp-json\/wp\/v2\/product"}],"about":[{"href":"https:\/\/nfc-readers.com\/hr\/wp-json\/wp\/v2\/types\/product"}],"wp:featuredmedia":[{"embeddable":true,"href":"https:\/\/nfc-readers.com\/hr\/wp-json\/wp\/v2\/media\/1524"}],"wp:attachment":[{"href":"https:\/\/nfc-readers.com\/hr\/wp-json\/wp\/v2\/media?parent=1520"}],"wp:term":[{"taxonomy":"product_brand","embeddable":true,"href":"https:\/\/nfc-readers.com\/hr\/wp-json\/wp\/v2\/product_brand?post=1520"},{"taxonomy":"product_cat","embeddable":true,"href":"https:\/\/nfc-readers.com\/hr\/wp-json\/wp\/v2\/product_cat?post=1520"},{"taxonomy":"product_tag","embeddable":true,"href":"https:\/\/nfc-readers.com\/hr\/wp-json\/wp\/v2\/product_tag?post=1520"}],"curies":[{"name":"wp","href":"https:\/\/api.w.org\/{rel}","templated":true}]}}