{"id":1537,"date":"2024-04-07T06:01:23","date_gmt":"2024-04-07T06:01:23","guid":{"rendered":"https:\/\/nfc-readers.com\/?post_type=product&#038;p=1537"},"modified":"2024-10-16T07:57:49","modified_gmt":"2024-10-16T07:57:49","slug":"acr3901u-s1-bluetooth-smart-card-reader-writer","status":"publish","type":"product","link":"https:\/\/nfc-readers.com\/hr\/ic-reader\/acr3901u-s1-bluetooth-smart-card-reader-writer\/","title":{"rendered":"ACR3901U-S1 Bluetooth\u00ae \u010dita\u010d pametnih kartica \u2013 zapisiva\u010d"},"content":{"rendered":"<h1>ACR3901U-S1 Bluetooth\u00ae \u010dita\u010d pametnih kartica \u2013 zapisiva\u010d<\/h1>\n<p>ACR3901U-S1 predstavlja se kao high-tech, nfc bluetooth \u010dita\u010d dobro prikladan za moderne pojedince upu\u0107ene u tehnologiju. Osigurava \u0161iroku kompatibilnost sa pametnim karticama i osobnim ure\u0111ajima, uparuju\u0107i brze brzine prijenosa podataka s prenosivo\u0161\u0107u, uzdignutom svojom sposobno\u0161\u0107u be\u017ei\u010dnog Bluetootha, \u0161to ga \u010dini nezamjenjivim alatom za one koji zahtijevaju sigurne i fleksibilne transakcije pametnim karticama.<\/p>\n<ul>\n<li>\n<h2>Bluetooth\u00ae su\u010delje<\/h2>\n<\/li>\n<li>\n<h2>USB 2.0 su\u010delje pune brzine<\/h2>\n<\/li>\n<li>\n<h2>Izvor napajanja<\/h2>\n<ul>\n<li>\n<h3>Napajanje na baterije (uklju\u010duje litij-ionsku bateriju koja se mo\u017ee puniti preko mikro-USB priklju\u010dka)<\/h3>\n<\/li>\n<li>\n<h3>Napajanje preko USB-a (putem na\u010dina rada povezanog s ra\u010dunalom)<\/h3>\n<\/li>\n<\/ul>\n<\/li>\n<li>\n<h2>CCID uskla\u0111enost<\/h2>\n<\/li>\n<li>\n<h2>\u010cita\u010d pametnih kartica:<\/h2>\n<ul>\n<li>\n<h3>Su\u010delje za kontakt:<\/h3>\n<ul>\n<li>\n<h4>Podr\u017eava ISO 7816 kartice klase A, B i C (5 V, 3 V, 1,8 V)<\/h4>\n<\/li>\n<li>\n<h4>Podr\u017eava mikroprocesorske kartice s T=0 ili T=1 protokolom<\/h4>\n<\/li>\n<li>\n<h4>Podr\u017eava memorijske kartice<\/h4>\n<\/li>\n<li>\n<h4>Podr\u017eava PPS (Protokol i odabir parametara)<\/h4>\n<\/li>\n<li>\n<h4>Sadr\u017ei za\u0161titu od kratkog spoja<\/h4>\n<\/li>\n<li>\n<h4>Podr\u017eava AES-128 algoritam \u0161ifriranja<\/h4>\n<\/li>\n<\/ul>\n<\/li>\n<\/ul>\n<\/li>\n<li>\n<h2>Ugra\u0111eni periferni ure\u0111aj:<\/h2>\n<ul>\n<li>\n<h3>Tri jednobojne LED diode<\/h3>\n<\/li>\n<\/ul>\n<\/li>\n<li>\n<h2>Programsko su\u010delje aplikacije:<\/h2>\n<ul>\n<li>\n<h3>Podr\u017eava PC\/SC<\/h3>\n<\/li>\n<li>\n<h3>Podr\u017eava CT-API (kroz omot na vrhu PC\/SC)<\/h3>\n<\/li>\n<\/ul>\n<\/li>\n<li>\n<h2>Mogu\u0107nost nadogradnje USB firmvera<\/h2>\n<\/li>\n<li>\n<h2>Podr\u017eava Android\u2122 4.3 i novije<\/h2>\n<\/li>\n<li>\n<h2>Podr\u017eava iOS 8.0 i novije<\/h2>\n<\/li>\n<li>\n<div>\n<table width=\"556\">\n<tbody>\n<tr>\n<td colspan=\"2\" width=\"556\">Fizi\u010dke karakteristike<\/td>\n<\/tr>\n<tr>\n<td width=\"190\">Dimenzije (mm)<\/td>\n<td width=\"366\">94 mm (D) \u00d7 60 mm (\u0160) \u00d7 12 mm (V)<\/td>\n<\/tr>\n<tr>\n<td width=\"190\">Te\u017eina (g)<\/td>\n<td width=\"366\">30,8 g (59,7 g s kabelom \u00b1 5 g tolerancije)<\/td>\n<\/tr>\n<tr>\n<td colspan=\"2\" width=\"556\">Bluetooth su\u010delje<\/td>\n<\/tr>\n<tr>\n<td width=\"190\">Protokol<\/td>\n<td width=\"366\">Bluetooth\u00ae (Bluetooth Low Energy \/ Bluetooth 4.0)<\/td>\n<\/tr>\n<tr>\n<td width=\"190\">Izvor napajanja<\/td>\n<td width=\"366\">Punjiva litij-ionska baterija (punjenje preko USB-a)<\/td>\n<\/tr>\n<tr>\n<td width=\"190\">Ubrzati<\/td>\n<td width=\"366\">1 Mbps<\/td>\n<\/tr>\n<tr>\n<td colspan=\"2\" width=\"556\">USB su\u010delje<\/td>\n<\/tr>\n<tr>\n<td width=\"190\">Protokol<\/td>\n<td width=\"366\">USB CCID<\/td>\n<\/tr>\n<tr>\n<td width=\"190\">Vrsta konektora<\/td>\n<td width=\"366\">Micro-USB<\/td>\n<\/tr>\n<tr>\n<td width=\"190\">Izvor napajanja<\/td>\n<td width=\"366\">Iz USB priklju\u010dka<\/td>\n<\/tr>\n<tr>\n<td width=\"190\">Ubrzati<\/td>\n<td width=\"366\">USB pune brzine (12 Mbps)<\/td>\n<\/tr>\n<tr>\n<td width=\"190\">Du\u017eina kabela<\/td>\n<td width=\"366\">1 m, Odvojivi<\/td>\n<\/tr>\n<tr>\n<td colspan=\"2\" width=\"556\">Kontaktirajte su\u010delje pametne kartice<\/td>\n<\/tr>\n<tr>\n<td width=\"190\">Broj utora<\/td>\n<td width=\"366\">1 utor za karticu pune veli\u010dine<\/td>\n<\/tr>\n<tr>\n<td width=\"190\">Standard<\/td>\n<td width=\"366\">ISO 7816, dijelovi 1-4, klasa A, B, C (5 V, 3 V, 1,8 V)<\/td>\n<\/tr>\n<tr>\n<td width=\"190\">Protokol<\/td>\n<td width=\"366\">T=0; T=1; Podr\u0161ka za memorijsku karticu<\/td>\n<\/tr>\n<tr>\n<td colspan=\"2\" width=\"556\">Ugra\u0111ene periferije<\/td>\n<\/tr>\n<tr>\n<td width=\"190\">LED<\/td>\n<td width=\"366\">3 jednobojne: crvena, plava i zelena<\/td>\n<\/tr>\n<tr>\n<td colspan=\"2\" width=\"556\">Druge zna\u010dajke<\/td>\n<\/tr>\n<tr>\n<td width=\"190\">\u0160ifriranje<\/td>\n<td width=\"366\">Algoritam AES \u0161ifriranja u ure\u0111aju<\/td>\n<\/tr>\n<tr>\n<td width=\"190\">Nadogradnja firmvera<\/td>\n<td width=\"366\">Podr\u017eano<\/td>\n<\/tr>\n<tr>\n<td colspan=\"2\" width=\"556\">Certifikati\/sukladnost<\/td>\n<\/tr>\n<tr>\n<td rowspan=\"14\" width=\"190\">Certifikati\/sukladnost<\/td>\n<td width=\"366\">EN 60950\/IEC 60950<\/td>\n<\/tr>\n<tr>\n<td width=\"366\">ISO 7816<\/td>\n<\/tr>\n<tr>\n<td width=\"366\">USB pune brzine<\/td>\n<\/tr>\n<tr>\n<td width=\"366\">Bluetooth\u00ae<\/td>\n<\/tr>\n<tr>\n<td width=\"366\">EMV\u2122 razina 1 (kontakt)<\/td>\n<\/tr>\n<tr>\n<td width=\"366\">PC\/SC<\/td>\n<\/tr>\n<tr>\n<td width=\"366\">CCID<\/td>\n<\/tr>\n<tr>\n<td width=\"366\">CE<\/td>\n<\/tr>\n<tr>\n<td width=\"366\">FCC<\/td>\n<\/tr>\n<tr>\n<td width=\"366\">RoHS<\/td>\n<\/tr>\n<tr>\n<td width=\"366\">DOHVATITI<\/td>\n<\/tr>\n<tr>\n<td width=\"366\">VCCI (Japan)<\/td>\n<\/tr>\n<tr>\n<td width=\"366\">MIC (Japan)<\/td>\n<\/tr>\n<tr>\n<td width=\"366\">Microsoft\u00ae WHQL<\/td>\n<\/tr>\n<tr>\n<td colspan=\"2\" width=\"556\">Podr\u0161ka za operativni sustav upravlja\u010dkog programa ure\u0111aja<\/td>\n<\/tr>\n<tr>\n<td rowspan=\"5\" width=\"190\">Podr\u0161ka za operativni sustav upravlja\u010dkog programa ure\u0111aja<\/td>\n<td width=\"366\">Windows\u00ae<\/td>\n<\/tr>\n<tr>\n<td width=\"366\">Linux\u00ae<\/td>\n<\/tr>\n<tr>\n<td width=\"366\">MAC OS\u00ae 10.7 i noviji<\/td>\n<\/tr>\n<tr>\n<td width=\"366\">Android\u2122 4.3 i noviji<\/td>\n<\/tr>\n<tr>\n<td width=\"366\">iOS 8.0 i noviji<\/td>\n<\/tr>\n<\/tbody>\n<\/table>\n<\/div>\n<\/li>\n<\/ul>","protected":false},"excerpt":{"rendered":"<p>ACR3901U-S1 je prijenosni USB Secure Reader i Bluetooth\u00ae Contact Reader koji nudi velike brzine za aplikacije pametnih kartica u pokretu.<\/p>","protected":false},"featured_media":1538,"template":"","meta":[],"product_brand":[],"product_cat":[39],"product_tag":[],"class_list":{"0":"post-1537","1":"product","2":"type-product","3":"status-publish","4":"has-post-thumbnail","6":"product_cat-usb-ic-smartcard-reader","8":"first","9":"instock","10":"shipping-taxable","11":"product-type-simple"},"_links":{"self":[{"href":"https:\/\/nfc-readers.com\/hr\/wp-json\/wp\/v2\/product\/1537","targetHints":{"allow":["GET"]}}],"collection":[{"href":"https:\/\/nfc-readers.com\/hr\/wp-json\/wp\/v2\/product"}],"about":[{"href":"https:\/\/nfc-readers.com\/hr\/wp-json\/wp\/v2\/types\/product"}],"wp:featuredmedia":[{"embeddable":true,"href":"https:\/\/nfc-readers.com\/hr\/wp-json\/wp\/v2\/media\/1538"}],"wp:attachment":[{"href":"https:\/\/nfc-readers.com\/hr\/wp-json\/wp\/v2\/media?parent=1537"}],"wp:term":[{"taxonomy":"product_brand","embeddable":true,"href":"https:\/\/nfc-readers.com\/hr\/wp-json\/wp\/v2\/product_brand?post=1537"},{"taxonomy":"product_cat","embeddable":true,"href":"https:\/\/nfc-readers.com\/hr\/wp-json\/wp\/v2\/product_cat?post=1537"},{"taxonomy":"product_tag","embeddable":true,"href":"https:\/\/nfc-readers.com\/hr\/wp-json\/wp\/v2\/product_tag?post=1537"}],"curies":[{"name":"wp","href":"https:\/\/api.w.org\/{rel}","templated":true}]}}