{"id":1550,"date":"2024-04-07T06:15:08","date_gmt":"2024-04-07T06:15:08","guid":{"rendered":"https:\/\/nfc-readers.com\/?post_type=product&#038;p=1550"},"modified":"2024-10-16T06:43:39","modified_gmt":"2024-10-16T06:43:39","slug":"acr1281u-c1-usb-dual-interface-reader","status":"publish","type":"product","link":"https:\/\/nfc-readers.com\/hr\/ic-reader\/acr1281u-c1-usb-dual-interface-reader\/","title":{"rendered":"ACR1281U-C1 usb \u010dita\u010d s dva su\u010delja"},"content":{"rendered":"<h1>ACR1281U-C1 usb \u010dita\u010d s dva su\u010delja<\/h1>\n<p>ACR1281U-C1 DualBoost II je nadogra\u0111ena verzija ACR128 DualBoost \u010dita\u010da. Slu\u017ee\u0107i kao \u010dita\u010d pametnih kartica, pru\u017ea u\u010dinkovito dvostruko su\u010delje sposobno za povezivanje s bilo kojom pametnom karticom koja je u skladu sa standardima ISO 7816 i ISO 14443. Ova druga generacija DualBoost II spaja tradicionalno razli\u010dite kontaktne i beskontaktne operacije pametnih kartica u jednu, kohezivnu jedinicu, dopu\u0161taju\u0107i kori\u0161tenje jedne kartice za razli\u010dite primjene. Njegova korisnost blista u e-trgovini, omogu\u0107avaju\u0107i sigurnu obradu online pla\u0107anja putem kreditnih kartica, a igra klju\u010dnu ulogu u javnom prijevozu, poma\u017eu\u0107i u ponovnom punjenju beskontaktnih kartica unutar automatiziranih sustava naplate karata. Utjelovljuje viziju rje\u0161enja s jednom karticom gdje je mno\u0161tvo funkcija pametnih kartica objedinjeno u jednu karticu. Nadogra\u0111ena DualBoost serija u potpunosti je kompatibilna s PC\/SC za besprijekornu interakciju s kontaktnim i beskontaktnim su\u010deljima. Kao prijenosni NFC \u010dita\u010d, pove\u0107ava komunikaciju za beskontaktne kartice do brzina do 848 kbps, zadovoljavaju\u0107i napredne aplikacije koje zahtijevaju visoke performanse. \u010cita\u010d je tako\u0111er opremljen inteligentnim mehanizmima za rukovanje hibridnim i kombiniranim karticama, nude\u0107i mogu\u0107nost identifikacije beskontaktnih kartica pogre\u0161no unesenih u utor za kontakt kartice. Sastavni dio njegovog dizajna je SAM utor koji poja\u010dava sigurnost na oba su\u010delja. Pobolj\u0161ane zna\u010dajke kao \u0161to su mogu\u0107nost nadogradnje firmvera putem USB-a, kompatibilnost s kontaktnim memorijskim karticama i podr\u0161ka za pro\u0161irene APDU naredbe nagla\u0161avaju ACR1281U-C1 DualBoost II kao jeftiniji u\u010dinkovit i sna\u017ean sveobuhvatan alat koji podi\u017ee prakti\u010dnost i svestranost unutar brojnih sustava pametnih kartica.<\/p>\n<p><iframe loading=\"lazy\" title=\"ACR1281U C1 \u010dita\u010d kontaktnih i beskontaktnih pametnih kartica\" width=\"1020\" height=\"574\" src=\"https:\/\/www.youtube.com\/embed\/dABTVMG9dvI?feature=oembed\" frameborder=\"0\" allow=\"accelerometer; autoplay; clipboard-write; encrypted-media; gyroscope; picture-in-picture; web-share\" referrerpolicy=\"strict-origin-when-cross-origin\" allowfullscreen><\/iframe><\/p>\n<ul>\n<li>\n<h2>USB 2.0 su\u010delje pune brzine<\/h2>\n<\/li>\n<li>\n<h2>CCID uskla\u0111enost<\/h2>\n<\/li>\n<li>\n<h2>Beskontaktni \u010dita\u010d pametnih kartica:<\/h2>\n<ul>\n<li>\n<h3>Brzina \u010ditanja\/pisanja do 848 kbps<\/h3>\n<\/li>\n<li>\n<h3>Ugra\u0111ena antena za beskontaktni pristup tagu, s udaljenosti \u010ditanja kartice do 50 mm (ovisno o tipu taga)<\/h3>\n<\/li>\n<li>\n<h3>Podr\u017eava ISO 14443 Dio 4 Tip A i B kartice i MIFARE\u00ae seriju<\/h3>\n<\/li>\n<li>\n<h3>Ugra\u0111ena zna\u010dajka protiv sudara (u svakom trenutku pristupa se samo jednoj oznaci)<\/h3>\n<\/li>\n<li>\n<h3>Podr\u017eava pro\u0161ireni APDU (maks. 64 kbajta)<\/h3>\n<\/li>\n<\/ul>\n<\/li>\n<li>\n<h2>\u010cita\u010d pametnih kartica za kontakt:<\/h2>\n<ul>\n<li>\n<h3>Podr\u017eava ISO 7816 klase A, B i C (5 V, 3 V i 1,8 V)<\/h3>\n<\/li>\n<li>\n<h3>Podr\u017eava CAC (Common Access Card)<\/h3>\n<\/li>\n<li>\n<h3>Podr\u017eava PIV (Personal Identity Verification Card)<\/h3>\n<\/li>\n<li>\n<h3>Podr\u017eava mikroprocesorske kartice s T=0 ili T=1 protokolom<\/h3>\n<\/li>\n<li>\n<h3>Podr\u017eava memorijske kartice<\/h3>\n<\/li>\n<li>\n<h3>SAM utor uskla\u0111en sa standardom ISO 7816<\/h3>\n<\/li>\n<\/ul>\n<\/li>\n<li>\n<h2>Programsko su\u010delje aplikacije:<\/h2>\n<ul>\n<li>\n<h3>Podr\u017eava PC\/SC<\/h3>\n<\/li>\n<li>\n<h3>Podr\u017eava CT-API (kroz omot na vrhu PC\/SC)<\/h3>\n<\/li>\n<\/ul>\n<\/li>\n<li>\n<h2>Ugra\u0111ene periferije:<\/h2>\n<ul>\n<li>\n<h3>Dvije LED diode koje kontrolira korisnik<\/h3>\n<\/li>\n<li>\n<h3>Zujalo koje kontrolira korisnik<\/h3>\n<\/li>\n<\/ul>\n<\/li>\n<li>\n<h2>Mogu\u0107nost nadogradnje USB firmvera<\/h2>\n<\/li>\n<li>\n<div>\n<table width=\"551\">\n<tbody>\n<tr>\n<td colspan=\"2\" width=\"551\">Fizi\u010dke karakteristike<\/td>\n<\/tr>\n<tr>\n<td width=\"230\">Dimenzije (mm)<\/td>\n<td width=\"321\">120,5 mm (D) x 72,0 mm (\u0160) x 20,4 mm (V)<\/td>\n<\/tr>\n<tr>\n<td width=\"230\">Te\u017eina (g)<\/td>\n<td width=\"321\">140 g<\/td>\n<\/tr>\n<tr>\n<td colspan=\"2\" width=\"551\">USB su\u010delje<\/td>\n<\/tr>\n<tr>\n<td width=\"230\">Protokol<\/td>\n<td width=\"321\">USB CCID<\/td>\n<\/tr>\n<tr>\n<td width=\"230\">Vrsta konektora<\/td>\n<td width=\"321\">Standardni tip A<\/td>\n<\/tr>\n<tr>\n<td width=\"230\">Izvor napajanja<\/td>\n<td width=\"321\">Iz USB priklju\u010dka<\/td>\n<\/tr>\n<tr>\n<td width=\"230\">Ubrzati<\/td>\n<td width=\"321\">USB pune brzine (12 Mbps)<\/td>\n<\/tr>\n<tr>\n<td width=\"230\">Du\u017eina kabela<\/td>\n<td width=\"321\">2,0 m, Fiksno<\/td>\n<\/tr>\n<tr>\n<td colspan=\"2\" width=\"551\">Kontaktirajte su\u010delje pametne kartice<\/td>\n<\/tr>\n<tr>\n<td width=\"230\">Broj utora<\/td>\n<td width=\"321\">1 utor za karticu pune veli\u010dine<\/td>\n<\/tr>\n<tr>\n<td width=\"230\">Standard<\/td>\n<td width=\"321\">ISO 7816 klasa A, B, C (5 V, 3 V, 1,8 V)<\/td>\n<\/tr>\n<tr>\n<td width=\"230\">Protokol<\/td>\n<td width=\"321\">T=0; T=1<\/td>\n<\/tr>\n<tr>\n<td colspan=\"2\" width=\"551\">Su\u010delje beskontaktne pametne kartice<\/td>\n<\/tr>\n<tr>\n<td width=\"230\">Standard<\/td>\n<td width=\"321\">ISO 14443 A &amp; B Dijelovi 1-4<\/td>\n<\/tr>\n<tr>\n<td rowspan=\"2\" width=\"230\">Protokol<\/td>\n<td width=\"321\">ISO 14443-4 kompatibilna kartica, T=CL<\/td>\n<\/tr>\n<tr>\n<td width=\"321\">MIFARE\u00ae Classic Card, T=CL<\/td>\n<\/tr>\n<tr>\n<td colspan=\"2\" width=\"551\">Su\u010delje SAM kartice<\/td>\n<\/tr>\n<tr>\n<td width=\"230\">Broj utora<\/td>\n<td width=\"321\">1 utor za standardnu SIM karticu<\/td>\n<\/tr>\n<tr>\n<td width=\"230\">Standard<\/td>\n<td width=\"321\">ISO 7816 Klasa A (5 V)<\/td>\n<\/tr>\n<tr>\n<td width=\"230\">Protokol<\/td>\n<td width=\"321\">T=0; T=1<\/td>\n<\/tr>\n<tr>\n<td colspan=\"2\" width=\"551\">Ugra\u0111ene periferije<\/td>\n<\/tr>\n<tr>\n<td width=\"230\">LED<\/td>\n<td width=\"321\">2 jednobojne: crvena i zelena<\/td>\n<\/tr>\n<tr>\n<td width=\"230\">Zujalo<\/td>\n<td width=\"321\">Monotonija<\/td>\n<\/tr>\n<tr>\n<td colspan=\"2\" width=\"551\">Druge zna\u010dajke<\/td>\n<\/tr>\n<tr>\n<td width=\"230\">Nadogradnja firmvera<\/td>\n<td width=\"321\">Podr\u017eano<\/td>\n<\/tr>\n<tr>\n<td colspan=\"2\" width=\"551\">Certifikati\/sukladnost<\/td>\n<\/tr>\n<tr>\n<td rowspan=\"10\" width=\"230\">Certifikati\/sukladnost<\/td>\n<td width=\"321\">ISO 14443<\/td>\n<\/tr>\n<tr>\n<td width=\"321\">ISO 7816<\/td>\n<\/tr>\n<tr>\n<td width=\"321\">USB pune brzine<\/td>\n<\/tr>\n<tr>\n<td width=\"321\">PC\/SC<\/td>\n<\/tr>\n<tr>\n<td width=\"321\">CCID<\/td>\n<\/tr>\n<tr>\n<td width=\"321\">Microsoft\u00ae WHQL<\/td>\n<\/tr>\n<tr>\n<td width=\"321\">CE<\/td>\n<\/tr>\n<tr>\n<td width=\"321\">FCC<\/td>\n<\/tr>\n<tr>\n<td width=\"321\">RoHS<\/td>\n<\/tr>\n<tr>\n<td width=\"321\">DOHVATITI<\/td>\n<\/tr>\n<tr>\n<td colspan=\"2\" width=\"551\">Podr\u0161ka za operativni sustav upravlja\u010dkog programa ure\u0111aja<\/td>\n<\/tr>\n<tr>\n<td rowspan=\"5\" width=\"230\">Podr\u0161ka za operativni sustav upravlja\u010dkog programa ure\u0111aja<\/td>\n<td width=\"321\">Windows\u00ae<\/td>\n<\/tr>\n<tr>\n<td width=\"321\">Linux\u00ae<\/td>\n<\/tr>\n<tr>\n<td width=\"321\">MAC OS\u00ae<\/td>\n<\/tr>\n<tr>\n<td width=\"321\">Solaris<\/td>\n<\/tr>\n<tr>\n<td width=\"321\">Android\u2122<\/td>\n<\/tr>\n<\/tbody>\n<\/table>\n<\/div>\n<\/li>\n<\/ul>","protected":false},"excerpt":{"rendered":"<p>ACR1281U-C1 svestrani je USB kontaktni i beskontaktni \u010dita\u010d, sa SAM utorom i prijenosnim NFC mogu\u0107nostima za pobolj\u0161ane performanse u aplikacijama za pametne kartice.<\/p>","protected":false},"featured_media":1557,"template":"","meta":[],"product_brand":[],"product_cat":[45],"product_tag":[],"class_list":{"0":"post-1550","1":"product","2":"type-product","3":"status-publish","4":"has-post-thumbnail","6":"product_cat-contactless-nfc-reader","8":"first","9":"instock","10":"shipping-taxable","11":"product-type-simple"},"_links":{"self":[{"href":"https:\/\/nfc-readers.com\/hr\/wp-json\/wp\/v2\/product\/1550","targetHints":{"allow":["GET"]}}],"collection":[{"href":"https:\/\/nfc-readers.com\/hr\/wp-json\/wp\/v2\/product"}],"about":[{"href":"https:\/\/nfc-readers.com\/hr\/wp-json\/wp\/v2\/types\/product"}],"wp:featuredmedia":[{"embeddable":true,"href":"https:\/\/nfc-readers.com\/hr\/wp-json\/wp\/v2\/media\/1557"}],"wp:attachment":[{"href":"https:\/\/nfc-readers.com\/hr\/wp-json\/wp\/v2\/media?parent=1550"}],"wp:term":[{"taxonomy":"product_brand","embeddable":true,"href":"https:\/\/nfc-readers.com\/hr\/wp-json\/wp\/v2\/product_brand?post=1550"},{"taxonomy":"product_cat","embeddable":true,"href":"https:\/\/nfc-readers.com\/hr\/wp-json\/wp\/v2\/product_cat?post=1550"},{"taxonomy":"product_tag","embeddable":true,"href":"https:\/\/nfc-readers.com\/hr\/wp-json\/wp\/v2\/product_tag?post=1550"}],"curies":[{"name":"wp","href":"https:\/\/api.w.org\/{rel}","templated":true}]}}