{"id":1555,"date":"2024-04-07T06:18:18","date_gmt":"2024-04-07T06:18:18","guid":{"rendered":"https:\/\/nfc-readers.com\/?post_type=product&#038;p=1555"},"modified":"2024-10-16T06:39:36","modified_gmt":"2024-10-16T06:39:36","slug":"acr1281s-c1-dualboost-ii-serial-reader","status":"publish","type":"product","link":"https:\/\/nfc-readers.com\/hr\/ic-reader\/acr1281s-c1-dualboost-ii-serial-reader\/","title":{"rendered":"ACR1281S-C1 DualBoost II serijski \u010dita\u010d"},"content":{"rendered":"<h1>ACR1281S-C1 DualBoost II serijski \u010dita\u010d<\/h1>\n<p>ACR1281S-C1 DualBoost II vi\u0161estruki je \u010dita\u010d koji olak\u0161ava interakciju s kontaktnim i beskontaktnim pametnim karticama u skladu sa standardima ISO 7816 i ISO 14443. Ovaj \u010dita\u010d s dvostrukim su\u010deljem besprijekorno kombinira funkcionalnosti koje se tradicionalno nalaze u diskretnim sustavima u jedinstvenu jedinicu koja prihva\u0107a i kontaktne i beskontaktne kartice. Pojednostavlja razli\u010dite transakcije, bilo da se radi o pla\u0107anjima u e-trgovini i bankarskom sektoru kori\u0161tenjem kreditnih kartica ili potvr\u0111ivanju beskontaktnih kartica za siguran ulazak u odre\u0111ena podru\u010dja ili sustave. Ovo se dobro integrira s konceptom univerzalne pametne kartice koja spaja vi\u0161estruke funkcije pametne kartice u jednu fizi\u010dku cjelinu. Karakteristi\u010dan za plug and play ure\u0111aje, ACR1281S-C1 ne zahtijeva slo\u017eene instalacije upravlja\u010dkog programa. Uklju\u010duje SAM (Secure Access Module) utor, \u010dime se ja\u010da sigurnost u kontaktnim i beskontaktnim interakcijama. Kapacitet ure\u0111aja za brzu komunikaciju dose\u017ee do 848 kbps pri rukovanju beskontaktnim karticama, osiguravaju\u0107i njegovu prikladnost za visokou\u010dinkovite i intenzivne aplikacije. Sadr\u017ei mogu\u0107nosti poput USB nadogradnje firmvera, podr\u0161ku za kontaktne memorijske kartice i mogu\u0107nost rukovanja pro\u0161irenim APDU, ACR1281S-C1 Serial DualBoost II predstavlja ekonomi\u010dno i robusno rje\u0161enje. Pru\u017ea dvostruku prednost pogodnosti i prilagodljivosti u \u0161irokom spektru aplikacija pametnih kartica.<\/p>\n<ul>\n<li>\n<h2>Serijsko RS232 su\u010delje<\/h2>\n<\/li>\n<li>\n<h2>USB su\u010delje za napajanje<\/h2>\n<\/li>\n<li>\n<h2>Format okvira sli\u010dan CCID-u (binarni format)<\/h2>\n<\/li>\n<li>\n<h2>Beskontaktni \u010dita\u010d pametnih kartica:<\/h2>\n<ul>\n<li>\n<h3>Brzina \u010ditanja\/pisanja do 848 kbps<\/h3>\n<\/li>\n<li>\n<h3>Ugra\u0111ena antena za beskontaktni pristup tagu, s udaljenosti \u010ditanja kartice do 50 mm (ovisno o tipu taga)<\/h3>\n<\/li>\n<li>\n<h3>Podr\u017eava ISO 14443 Dio 4 Tip A i B kartice i MIFARE\u00ae seriju<\/h3>\n<\/li>\n<li>\n<h3>Ugra\u0111ena zna\u010dajka protiv sudara (u svakom trenutku pristupa se samo jednoj oznaci)<\/h3>\n<\/li>\n<li>\n<h3>Podr\u017eava pro\u0161ireni APDU (maks. 64 kbajta)<\/h3>\n<\/li>\n<\/ul>\n<\/li>\n<li>\n<h2>\u010cita\u010d pametnih kartica za kontakt:<\/h2>\n<ul>\n<li>\n<h3>Podr\u017eava ISO 7816 klase A, B i C (5 V, 3 V i 1,8 V)<\/h3>\n<\/li>\n<li>\n<h3>Podr\u017eava mikroprocesorske kartice s T=0 ili T=1 protokolom<\/h3>\n<\/li>\n<li>\n<h3>Podr\u017eava memorijske kartice<\/h3>\n<\/li>\n<li>\n<h3>SAM utor uskla\u0111en sa standardom ISO 7816<\/h3>\n<\/li>\n<\/ul>\n<\/li>\n<li>\n<h2>Ugra\u0111ene periferije:<\/h2>\n<ul>\n<li>\n<h3>Dvije LED diode koje kontrolira korisnik<\/h3>\n<\/li>\n<li>\n<h3>Zujalo koje kontrolira korisnik<\/h3>\n<\/li>\n<\/ul>\n<\/li>\n<li>\n<h2>Mogu\u0107nost nadogradnje USB firmvera<\/h2>\n<\/li>\n<li>\n<div>\n<table width=\"500\">\n<tbody>\n<tr>\n<td colspan=\"2\" width=\"500\">Fizi\u010dke karakteristike<\/td>\n<\/tr>\n<tr>\n<td width=\"181\">Dimenzije (mm)<\/td>\n<td width=\"319\">120,5 mm (D) x 72,0 mm (\u0160) x 20,4 mm (V)<\/td>\n<\/tr>\n<tr>\n<td width=\"181\">Te\u017eina (g)<\/td>\n<td width=\"319\">150 g<\/td>\n<\/tr>\n<tr>\n<td colspan=\"2\" width=\"500\">Serijsko su\u010delje<\/td>\n<\/tr>\n<tr>\n<td width=\"181\">Protokol<\/td>\n<td width=\"319\">RS-232<\/td>\n<\/tr>\n<tr>\n<td width=\"181\">Vrsta konektora<\/td>\n<td width=\"319\">DB-9 konektor<\/td>\n<\/tr>\n<tr>\n<td width=\"181\">Izvor napajanja<\/td>\n<td width=\"319\">S USB priklju\u010dka<\/td>\n<\/tr>\n<tr>\n<td width=\"181\">Du\u017eina kabela<\/td>\n<td width=\"319\">1,5 m, fiksno (DB9 + USB)<\/td>\n<\/tr>\n<tr>\n<td colspan=\"2\" width=\"500\">Kontaktirajte su\u010delje pametne kartice<\/td>\n<\/tr>\n<tr>\n<td width=\"181\">Broj utora<\/td>\n<td width=\"319\">1 utor za karticu pune veli\u010dine<\/td>\n<\/tr>\n<tr>\n<td width=\"181\">Standard<\/td>\n<td width=\"319\">ISO 7816 klasa A, B, C (5 V, 3 V, 1,8 V)<\/td>\n<\/tr>\n<tr>\n<td width=\"181\">Protokol<\/td>\n<td width=\"319\">T=0; T=1<\/td>\n<\/tr>\n<tr>\n<td colspan=\"2\" width=\"500\">Su\u010delje beskontaktne pametne kartice<\/td>\n<\/tr>\n<tr>\n<td width=\"181\">Standard<\/td>\n<td width=\"319\">ISO 14443 A &amp; B Dijelovi 1-4<\/td>\n<\/tr>\n<tr>\n<td rowspan=\"2\" width=\"181\">Protokol<\/td>\n<td width=\"319\">ISO 14443-4 kompatibilna kartica, T=CL<\/td>\n<\/tr>\n<tr>\n<td width=\"319\">MIFARE\u00ae Classic Card, T=CL<\/td>\n<\/tr>\n<tr>\n<td colspan=\"2\" width=\"500\">Su\u010delje SAM kartice<\/td>\n<\/tr>\n<tr>\n<td width=\"181\">Broj utora<\/td>\n<td width=\"319\">1 utor za standardnu SIM karticu<\/td>\n<\/tr>\n<tr>\n<td width=\"181\">Standard<\/td>\n<td width=\"319\">ISO 7816 Klasa A (5 V)<\/td>\n<\/tr>\n<tr>\n<td width=\"181\">Protokol<\/td>\n<td width=\"319\">T=0; T=1<\/td>\n<\/tr>\n<tr>\n<td colspan=\"2\" width=\"500\">Ugra\u0111ene periferije<\/td>\n<\/tr>\n<tr>\n<td width=\"181\">LED<\/td>\n<td width=\"319\">2 jednobojne: crvena i zelena<\/td>\n<\/tr>\n<tr>\n<td width=\"181\">Zujalo<\/td>\n<td width=\"319\">Monotonija<\/td>\n<\/tr>\n<tr>\n<td colspan=\"2\" width=\"500\">Druge zna\u010dajke<\/td>\n<\/tr>\n<tr>\n<td width=\"181\">Nadogradnja firmvera<\/td>\n<td width=\"319\">Podr\u017eano<\/td>\n<\/tr>\n<tr>\n<td colspan=\"2\" width=\"500\">Certifikati\/sukladnost<\/td>\n<\/tr>\n<tr>\n<td rowspan=\"5\" width=\"181\">Certifikati\/sukladnost<\/td>\n<td width=\"319\">ISO 14443<\/td>\n<\/tr>\n<tr>\n<td width=\"319\">ISO 7816<\/td>\n<\/tr>\n<tr>\n<td width=\"319\">CE<\/td>\n<\/tr>\n<tr>\n<td width=\"319\">FCC<\/td>\n<\/tr>\n<tr>\n<td width=\"319\">RoHS<\/td>\n<\/tr>\n<tr>\n<td colspan=\"2\" width=\"500\">Podr\u0161ka za operativni sustav upravlja\u010dkog programa ure\u0111aja<\/td>\n<\/tr>\n<tr>\n<td rowspan=\"2\" width=\"181\">Podr\u0161ka za operativni sustav upravlja\u010dkog programa ure\u0111aja<\/td>\n<td width=\"319\">Windows\u00ae<\/td>\n<\/tr>\n<tr>\n<td width=\"319\">Linux\u00ae<\/td>\n<\/tr>\n<\/tbody>\n<\/table>\n<\/div>\n<\/li>\n<\/ul>","protected":false},"excerpt":{"rendered":"<p>ACR1281S-C1 je kontaktni i beskontaktni \u010dita\u010d s dvostrukom funkcijom, sa SAM utorom za pobolj\u0161anu sigurnost i performanse velike brzine u aplikacijama za pametne kartice.<\/p>","protected":false},"featured_media":1556,"template":"","meta":[],"product_brand":[],"product_cat":[45],"product_tag":[],"class_list":{"0":"post-1555","1":"product","2":"type-product","3":"status-publish","4":"has-post-thumbnail","6":"product_cat-contactless-nfc-reader","8":"first","9":"instock","10":"shipping-taxable","11":"product-type-simple"},"_links":{"self":[{"href":"https:\/\/nfc-readers.com\/hr\/wp-json\/wp\/v2\/product\/1555","targetHints":{"allow":["GET"]}}],"collection":[{"href":"https:\/\/nfc-readers.com\/hr\/wp-json\/wp\/v2\/product"}],"about":[{"href":"https:\/\/nfc-readers.com\/hr\/wp-json\/wp\/v2\/types\/product"}],"wp:featuredmedia":[{"embeddable":true,"href":"https:\/\/nfc-readers.com\/hr\/wp-json\/wp\/v2\/media\/1556"}],"wp:attachment":[{"href":"https:\/\/nfc-readers.com\/hr\/wp-json\/wp\/v2\/media?parent=1555"}],"wp:term":[{"taxonomy":"product_brand","embeddable":true,"href":"https:\/\/nfc-readers.com\/hr\/wp-json\/wp\/v2\/product_brand?post=1555"},{"taxonomy":"product_cat","embeddable":true,"href":"https:\/\/nfc-readers.com\/hr\/wp-json\/wp\/v2\/product_cat?post=1555"},{"taxonomy":"product_tag","embeddable":true,"href":"https:\/\/nfc-readers.com\/hr\/wp-json\/wp\/v2\/product_tag?post=1555"}],"curies":[{"name":"wp","href":"https:\/\/api.w.org\/{rel}","templated":true}]}}