{"id":1558,"date":"2024-04-07T06:20:55","date_gmt":"2024-04-07T06:20:55","guid":{"rendered":"https:\/\/nfc-readers.com\/?post_type=product&#038;p=1558"},"modified":"2024-10-16T06:35:34","modified_gmt":"2024-10-16T06:35:34","slug":"nfc-reader-with-lcd-acr1222l","status":"publish","type":"product","link":"https:\/\/nfc-readers.com\/hr\/ic-reader\/nfc-reader-with-lcd-acr1222l\/","title":{"rendered":"NFC \u010dita\u010d\/pisa\u010d s LCD-om | ACR1222L"},"content":{"rendered":"<h1>NFC \u010dita\u010d\/pisa\u010d s LCD-om | ACR1222L<\/h1>\n<p>ACR1222L isti\u010de se kao svestran i jednostavan NFC \u010dita\u010d pametnih kartica, idealan za aplikacije uklju\u010duju\u0107i e-pla\u0107anje, programe vjernosti i kontrolu pristupa. Njegov LCD i vi\u0161ejezi\u010dna podr\u0161ka, zajedno s robusnim sigurnosnim zna\u010dajkama s tri SAM utora, pozicioniraju ga kao ponudu visoke vrijednosti s obzirom na ravnote\u017eu izme\u0111u zna\u010dajki i cijene nfc \u010dita\u010da.<\/p>\n<p><iframe loading=\"lazy\" title=\"ACR1222L NFC \u010dita\u010d\" width=\"1020\" height=\"765\" src=\"https:\/\/www.youtube.com\/embed\/i-7zrKP8WJo?feature=oembed\" frameborder=\"0\" allow=\"accelerometer; autoplay; clipboard-write; encrypted-media; gyroscope; picture-in-picture; web-share\" referrerpolicy=\"strict-origin-when-cross-origin\" allowfullscreen><\/iframe><\/p>\n<h2>NFC \u010dita\u010d s LCD-om | ACR1222L<\/h2>\n<ul>\n<li data-sider-select-id=\"cbe5159f-0e15-4e91-8597-4873bf6b4e88\">\n<h2>USB 2.0 su\u010delje pune brzine<\/h2>\n<\/li>\n<li>\n<h2>CCID uskla\u0111enost<\/h2>\n<\/li>\n<li>\n<h2>\u010cita\u010d pametnih kartica:<\/h2>\n<ul>\n<li>\n<h3>Brzina \u010ditanja\/pisanja do 424 kbps<\/h3>\n<\/li>\n<li>\n<h3>Ugra\u0111ena antena za beskontaktni pristup tagu, s udaljenosti \u010ditanja kartice do 50 mm (ovisno o tipu taga)<\/h3>\n<\/li>\n<li>\n<h3>Podr\u017eava ISO 14443 kartice tipa A i B, MIFARE\u00ae, FeliCa i sve 4 vrste NFC (ISO\/IEC 18092) oznaka<\/h3>\n<\/li>\n<li>\n<h3>Ugra\u0111ena zna\u010dajka protiv sudara (u svakom trenutku pristupa se samo jednoj oznaci)<\/h3>\n<\/li>\n<li>\n<h3>Tri SAM utora uskla\u0111ena sa standardom ISO 7816<\/h3>\n<\/li>\n<\/ul>\n<\/li>\n<li>\n<h2>Ugra\u0111ene periferije:<\/h2>\n<ul>\n<li>\n<h3>Dvoredni grafi\u010dki LCD s interaktivnom upotrebljivo\u0161\u0107u (tj. pomicanje gore i dolje, lijevo i desno, itd.) i podr\u0161kom za vi\u0161e jezika (tj. kineski, engleski, japanski i nekoliko europskih jezika)<\/h3>\n<\/li>\n<li>\n<h3>\u010cetiri LED diode kojima mo\u017ee upravljati korisnik<\/h3>\n<\/li>\n<li>\n<h3>Zujalo koje kontrolira korisnik<\/h3>\n<\/li>\n<\/ul>\n<\/li>\n<li>\n<h2>Mogu\u0107nost nadogradnje USB firmvera<\/h2>\n<\/li>\n<\/ul>\n<div>\n<h2 data-sider-select-id=\"d4706cbf-1e8e-448d-9503-dfee41ca8b25\"><strong>Zna\u010dajke i funkcionalnosti ACR1222L NFC beskontaktnog \u010dita\u010da:<\/strong><\/h2>\n<ul>\n<li>\n<h3><strong>Integracija inovativne tehnologije<\/strong><\/h3>\n<p>ACR1222L besprijekorno integrira LCD tehnologiju s PC-Link NFC mogu\u0107nostima, nude\u0107i korisni\u010dko su\u010delje za laku interakciju.<\/li>\n<li>\n<h3><strong>Sveobuhvatna kompatibilnost<\/strong><\/h3>\n<p>Izgra\u0111en na temeljima RFID tehnologije od 13,56 MHz i standarda ISO\/IEC 18092, ACR1222L mo\u017ee se pohvaliti \u0161irokom kompatibilno\u0161\u0107u s ISO14443 karticama tipa A i B, MIFARE, FeliCa i sva \u010detiri tipa NFC oznaka.<\/li>\n<li>\n<h3><strong>Pobolj\u0161ano korisni\u010dko iskustvo<\/strong><\/h3>\n<\/li>\n<\/ul>\n<p style=\"text-align: left; padding-left: 40px;\"><span style=\"color: #555555; font-size: 14.4px;\">S PC\/SC uskla\u0111eno\u0161\u0107u, ACR1222L olak\u0161ava jednostavnu nadogradnju aplikacija pametnih kartica, osiguravaju\u0107i besprijekoran prijelaz za korisnike koji tra\u017ee pobolj\u0161ane funkcionalnosti i interakcije.<\/span><\/p>\n<ul>\n<li>\n<h3><strong>Intuitivno su\u010delje<\/strong><\/h3>\n<\/li>\n<\/ul>\n<p style=\"text-align: left; padding-left: 40px;\">\u00a0Opremljen s 4 LED diode, zujalicom i vi\u0161ejezi\u010dnim LCD zaslonom, ACR1222L pru\u017ea jasne indikacije statusa \u010dita\u010da i aplikacije, pobolj\u0161avaju\u0107i razumijevanje i anga\u017eman korisnika.<\/p>\n<ul>\n<li>\n<h3><strong>Vi\u0161ejezi\u010dna podr\u0161ka<\/strong><\/h3>\n<p>2-redni grafi\u010dki LCD podr\u017eava vi\u0161e jezika, uklju\u010duju\u0107i kineski, engleski, japanski i odabrane europske jezike, omogu\u0107uju\u0107i raznolikoj korisni\u010dkoj bazi da bez napora komunicira s ure\u0111ajem.<\/li>\n<li>\n<h3><strong>Interaktivna operacija<\/strong><\/h3>\n<p>LCD omogu\u0107uje interaktivne radnje kao \u0161to je listanje, dodatno pobolj\u0161avaju\u0107i korisni\u010dku prakti\u010dnost i pristupa\u010dnost.<\/li>\n<li>\n<h3><strong>Napredne sigurnosne zna\u010dajke<\/strong><\/h3>\n<p>Uz tri ugra\u0111ena SAM utora, ACR1222L osigurava pobolj\u0161anu sigurnost tijekom beskontaktnih operacija, \u0161tite\u0107i osjetljive podatke i transakcije.<\/li>\n<\/ul>\n<\/div>\n<div><\/div>\n<div>\n<table width=\"702\">\n<tbody>\n<tr>\n<td colspan=\"2\" width=\"702\">Fizi\u010dke karakteristike<\/td>\n<\/tr>\n<tr>\n<td rowspan=\"2\" width=\"250\">Dimenzije (mm)<\/td>\n<td width=\"452\">Glavno tijelo: 133,5 mm (D) x 88,5 mm (\u0160) x 21,0 mm (V)<\/td>\n<\/tr>\n<tr>\n<td width=\"452\">Sa postoljem: 158,0 mm (D) x 95,0 mm (\u0160) x 95,0 mm (V)<\/td>\n<\/tr>\n<tr>\n<td rowspan=\"2\" width=\"250\">Te\u017eina (g)<\/td>\n<td width=\"452\">Glavno tijelo: 173 g<\/td>\n<\/tr>\n<tr>\n<td width=\"452\">Sa postoljem: 415 g<\/td>\n<\/tr>\n<tr>\n<td colspan=\"2\" width=\"702\">USB su\u010delje<\/td>\n<\/tr>\n<tr>\n<td width=\"250\">Protokol<\/td>\n<td width=\"452\">USB CCID<\/td>\n<\/tr>\n<tr>\n<td width=\"250\">Vrsta konektora<\/td>\n<td width=\"452\">Standardni tip A<\/td>\n<\/tr>\n<tr>\n<td width=\"250\">Izvor napajanja<\/td>\n<td width=\"452\">S USB priklju\u010dka<\/td>\n<\/tr>\n<tr>\n<td width=\"250\">Ubrzati<\/td>\n<td width=\"452\">USB pune brzine (12 Mbps)<\/td>\n<\/tr>\n<tr>\n<td width=\"250\">Du\u017eina kabela<\/td>\n<td width=\"452\">1,5 m, Fiksno<\/td>\n<\/tr>\n<tr>\n<td colspan=\"2\" width=\"702\">Su\u010delje beskontaktne pametne kartice<\/td>\n<\/tr>\n<tr>\n<td width=\"250\">Standard<\/td>\n<td width=\"452\">ISO\/IEC 18092 NFC, ISO 14443 Tip A &amp; B, MIFARE\u00ae, FeliCa<\/td>\n<\/tr>\n<tr>\n<td rowspan=\"4\" width=\"250\">Protokol<\/td>\n<td width=\"452\">ISO 14443-4 kompatibilna kartica, T=CL<\/td>\n<\/tr>\n<tr>\n<td width=\"452\">MIFARE\u00ae Classic Card, T=CL<\/td>\n<\/tr>\n<tr>\n<td width=\"452\">ISO18092, NFC oznake<\/td>\n<\/tr>\n<tr>\n<td width=\"452\">FeliCa<\/td>\n<\/tr>\n<tr>\n<td colspan=\"2\" width=\"702\">Su\u010delje SAM kartice<\/td>\n<\/tr>\n<tr>\n<td width=\"250\">Broj utora<\/td>\n<td width=\"452\">3 utora za standardnu SIM karticu<\/td>\n<\/tr>\n<tr>\n<td width=\"250\">Standard<\/td>\n<td width=\"452\">ISO 7816 Klasa A (5 V)<\/td>\n<\/tr>\n<tr>\n<td width=\"250\">Protokol<\/td>\n<td width=\"452\">T=0; T=1<\/td>\n<\/tr>\n<tr>\n<td colspan=\"2\" width=\"702\">Ugra\u0111ene periferije<\/td>\n<\/tr>\n<tr>\n<td rowspan=\"3\" width=\"250\">LCD<\/td>\n<td width=\"452\">Grafi\u010dki LCD sa \u017euto-zelenim pozadinskim osvjetljenjem<\/td>\n<\/tr>\n<tr>\n<td width=\"452\">Rezolucija: 128 x 32 piksela<\/td>\n<\/tr>\n<tr>\n<td width=\"452\">Broj znakova: 16 znakova x 2 retka<\/td>\n<\/tr>\n<tr>\n<td width=\"250\">LED<\/td>\n<td width=\"452\">4 jednobojne: zelena, plava, naran\u010dasta i crvena<\/td>\n<\/tr>\n<tr>\n<td width=\"250\">Zujalo<\/td>\n<td width=\"452\">Monotonija<\/td>\n<\/tr>\n<tr>\n<td colspan=\"2\" width=\"702\">Druge zna\u010dajke<\/td>\n<\/tr>\n<tr>\n<td width=\"250\">Nadogradnja firmvera<\/td>\n<td width=\"452\">Podr\u017eano<\/td>\n<\/tr>\n<tr>\n<td colspan=\"2\" width=\"702\">Certifikati\/sukladnost<\/td>\n<\/tr>\n<tr>\n<td rowspan=\"13\" width=\"250\">Certifikati\/sukladnost<\/td>\n<td width=\"452\">ISO 18092<\/td>\n<\/tr>\n<tr>\n<td width=\"452\">ISO 14443<\/td>\n<\/tr>\n<tr>\n<td width=\"452\">ISO 7816 (SAM utor)<\/td>\n<\/tr>\n<tr>\n<td width=\"452\">USB pune brzine<\/td>\n<\/tr>\n<tr>\n<td width=\"452\">PC\/SC<\/td>\n<\/tr>\n<tr>\n<td width=\"452\">CCID<\/td>\n<\/tr>\n<tr>\n<td width=\"452\">VCCI (Japan)<\/td>\n<\/tr>\n<tr>\n<td width=\"452\">KC (Koreja)<\/td>\n<\/tr>\n<tr>\n<td width=\"452\">Microsoft\u00ae WHQL<\/td>\n<\/tr>\n<tr>\n<td width=\"452\">CE<\/td>\n<\/tr>\n<tr>\n<td width=\"452\">FCC<\/td>\n<\/tr>\n<tr>\n<td width=\"452\">RoHS<\/td>\n<\/tr>\n<tr>\n<td width=\"452\">DOHVATITI<\/td>\n<\/tr>\n<tr>\n<td colspan=\"2\" width=\"702\">Podr\u0161ka za operativni sustav upravlja\u010dkog programa ure\u0111aja<\/td>\n<\/tr>\n<tr>\n<td rowspan=\"5\" width=\"250\">Podr\u0161ka za operativni sustav upravlja\u010dkog programa ure\u0111aja<\/td>\n<td width=\"452\">Windows\u00ae<\/td>\n<\/tr>\n<tr>\n<td width=\"452\">Linux\u00ae<\/td>\n<\/tr>\n<tr>\n<td width=\"452\">MAC OS\u00ae<\/td>\n<\/tr>\n<tr>\n<td width=\"452\">Solaris<\/td>\n<\/tr>\n<tr>\n<td width=\"452\">Android\u2122<\/td>\n<\/tr>\n<\/tbody>\n<\/table>\n<\/div>\n<div><\/div>\n<div><\/div>\n<div><\/div>\n<div><\/div>","protected":false},"excerpt":{"rendered":"<p>ACR1222L je svestrani USB beskontaktni \u010dita\u010d s LCD-om, podr\u017eava RFID NFC tehnologiju i nudi pobolj\u0161anu sigurnost za aplikacije pametnih kartica.<\/p>","protected":false},"featured_media":1563,"template":"","meta":[],"product_brand":[],"product_cat":[45,40],"product_tag":[],"class_list":{"0":"post-1558","1":"product","2":"type-product","3":"status-publish","4":"has-post-thumbnail","6":"product_cat-contactless-nfc-reader","7":"product_cat-rfid-nfc-reader","9":"first","10":"instock","11":"shipping-taxable","12":"product-type-simple"},"_links":{"self":[{"href":"https:\/\/nfc-readers.com\/hr\/wp-json\/wp\/v2\/product\/1558","targetHints":{"allow":["GET"]}}],"collection":[{"href":"https:\/\/nfc-readers.com\/hr\/wp-json\/wp\/v2\/product"}],"about":[{"href":"https:\/\/nfc-readers.com\/hr\/wp-json\/wp\/v2\/types\/product"}],"wp:featuredmedia":[{"embeddable":true,"href":"https:\/\/nfc-readers.com\/hr\/wp-json\/wp\/v2\/media\/1563"}],"wp:attachment":[{"href":"https:\/\/nfc-readers.com\/hr\/wp-json\/wp\/v2\/media?parent=1558"}],"wp:term":[{"taxonomy":"product_brand","embeddable":true,"href":"https:\/\/nfc-readers.com\/hr\/wp-json\/wp\/v2\/product_brand?post=1558"},{"taxonomy":"product_cat","embeddable":true,"href":"https:\/\/nfc-readers.com\/hr\/wp-json\/wp\/v2\/product_cat?post=1558"},{"taxonomy":"product_tag","embeddable":true,"href":"https:\/\/nfc-readers.com\/hr\/wp-json\/wp\/v2\/product_tag?post=1558"}],"curies":[{"name":"wp","href":"https:\/\/api.w.org\/{rel}","templated":true}]}}