{"id":1566,"date":"2024-04-07T06:26:05","date_gmt":"2024-04-07T06:26:05","guid":{"rendered":"https:\/\/nfc-readers.com\/?post_type=product&#038;p=1566"},"modified":"2024-10-16T06:20:36","modified_gmt":"2024-10-16T06:20:36","slug":"acm1281s-c7-serial-contactless-reader-module-with-sam-slot","status":"publish","type":"product","link":"https:\/\/nfc-readers.com\/hr\/ic-reader\/acm1281s-c7-serial-contactless-reader-module-with-sam-slot\/","title":{"rendered":"ACM1281S-C7 serijski beskontaktni modul \u010dita\u010da sa SAM utorom"},"content":{"rendered":"<h1>ACM1281S-C7 serijski beskontaktni modul \u010dita\u010da sa SAM utorom<\/h1>\n<p>ACM1281S-C7 predstavlja napredni serijski beskontaktni \u010dita\u010d pametnih kartica s brzim i prijenosnim svojstvima, prikladan za \u0161irok niz aplikacija koje zahtijevaju brzu, pouzdanu i sigurnu interakciju. Njegova sposobnost podr\u017eavanja pro\u0161irenog APDU-a, zajedno s jednostavno\u0161\u0107u kori\u0161tenja, \u010dini ovaj \u010dita\u010d robusnim rje\u0161enjem za mobilna i fiksna okru\u017eenja.<\/p>\n<ul>\n<li>\n<h2>Serijsko RS232 su\u010delje<\/h2>\n<\/li>\n<li>\n<h2>USB su\u010delje za napajanje<\/h2>\n<\/li>\n<li>\n<h2>Format okvira sli\u010dan CCID-u (binarni format)<\/h2>\n<\/li>\n<li>\n<h2>Mogu\u0107nost nadogradnje USB firmvera<\/h2>\n<\/li>\n<li>\n<h2>\u010cita\u010d pametnih kartica:<\/h2>\n<ul>\n<li>\n<h3>Beskontaktno su\u010delje:<\/h3>\n<ul>\n<li>\n<h4>Brzina \u010ditanja\/pisanja do 848 kbps<\/h4>\n<\/li>\n<li>\n<h4>Ugra\u0111ena antena za beskontaktni pristup tagu, s udaljenosti \u010ditanja kartice do 50 mm (ovisno o tipu taga)<\/h4>\n<\/li>\n<li>\n<h4>Podr\u017eava ISO 14443 Dio 4 Tip A i B kartice i MIFARE\u00ae Classic seriju<\/h4>\n<\/li>\n<li>\n<h4>Ugra\u0111ena zna\u010dajka protiv sudara (u svakom trenutku se pristupa samo 1 oznaci)<\/h4>\n<\/li>\n<li>\n<h4>Podr\u017eava pro\u0161ireni APDU (maks. 64 kbajta)<\/h4>\n<\/li>\n<\/ul>\n<\/li>\n<li>\n<h3>SAM su\u010delje:<\/h3>\n<ul>\n<li>\n<h4>SAM utor uskla\u0111en sa ISO 7816, klasa A (5V)<\/h4>\n<\/li>\n<\/ul>\n<\/li>\n<\/ul>\n<\/li>\n<li>\n<h2>Periferije:<\/h2>\n<ul>\n<li>\n<h3>Dvobojna LED dioda koju mo\u017ee kontrolirati korisnik<\/h3>\n<\/li>\n<li>\n<h3>Zujalo koje kontrolira korisnik<\/h3>\n<\/li>\n<li>\n<div>\n<table width=\"551\">\n<tbody>\n<tr>\n<td colspan=\"2\" width=\"551\">Fizi\u010dke karakteristike<\/td>\n<\/tr>\n<tr>\n<td width=\"226\">Dimenzije (mm)<\/td>\n<td width=\"325\">106,6 mm (D) x 67,0 g (\u0160) x 16,0 g (V)<\/td>\n<\/tr>\n<tr>\n<td width=\"226\">Te\u017eina (g)<\/td>\n<td width=\"325\">20,8 g<\/td>\n<\/tr>\n<tr>\n<td colspan=\"2\" width=\"551\">Serijsko su\u010delje<\/td>\n<\/tr>\n<tr>\n<td width=\"226\">Protokol<\/td>\n<td width=\"325\">RS-232<\/td>\n<\/tr>\n<tr>\n<td width=\"226\">Vrsta konektora<\/td>\n<td width=\"325\">DB-9 konektor<\/td>\n<\/tr>\n<tr>\n<td width=\"226\">Izvor napajanja<\/td>\n<td width=\"325\">Putem USB kabela<\/td>\n<\/tr>\n<tr>\n<td width=\"226\">Du\u017eina kabela<\/td>\n<td width=\"325\">1,5 m, odvojivo (opcionalno)<\/td>\n<\/tr>\n<tr>\n<td colspan=\"2\" width=\"551\">Su\u010delje beskontaktne pametne kartice<\/td>\n<\/tr>\n<tr>\n<td width=\"226\">Standard<\/td>\n<td width=\"325\">ISO 14443 A i B, dijelovi 1-4<\/td>\n<\/tr>\n<tr>\n<td rowspan=\"2\" width=\"226\">Protokol<\/td>\n<td width=\"325\">Kartice sukladne ISO14443-4, T=CL<\/td>\n<\/tr>\n<tr>\n<td width=\"325\">MIFARE\u00ae Classic Card Protocol, T=CL<\/td>\n<\/tr>\n<tr>\n<td width=\"226\">Antena<\/td>\n<td width=\"325\">65 mm x 60 mm<\/td>\n<\/tr>\n<tr>\n<td colspan=\"2\" width=\"551\">Su\u010delje SAM kartice<\/td>\n<\/tr>\n<tr>\n<td width=\"226\">Broj utora<\/td>\n<td width=\"325\">1<\/td>\n<\/tr>\n<tr>\n<td width=\"226\">Standard<\/td>\n<td width=\"325\">ISO 7816 dijelovi 1-3, klasa A (5 V)<\/td>\n<\/tr>\n<tr>\n<td width=\"226\">Protokol<\/td>\n<td width=\"325\">T=0; T=1<\/td>\n<\/tr>\n<tr>\n<td colspan=\"2\" width=\"551\">Ugra\u0111ene periferije<\/td>\n<\/tr>\n<tr>\n<td width=\"226\">LED<\/td>\n<td width=\"325\">2 jednobojne: crvena i zelena<\/td>\n<\/tr>\n<tr>\n<td width=\"226\">Zujalo<\/td>\n<td width=\"325\">Monotonija<\/td>\n<\/tr>\n<tr>\n<td colspan=\"2\" width=\"551\">Druge zna\u010dajke<\/td>\n<\/tr>\n<tr>\n<td width=\"226\">Nadogradnja firmvera<\/td>\n<td width=\"325\">Podr\u017eano<\/td>\n<\/tr>\n<tr>\n<td colspan=\"2\" width=\"551\">Certifikati\/sukladnost<\/td>\n<\/tr>\n<tr>\n<td rowspan=\"6\" width=\"226\">Certifikati\/sukladnost<\/td>\n<td width=\"325\">ISO 7816 (SAM utor)<\/td>\n<\/tr>\n<tr>\n<td width=\"325\">ISO 14443<\/td>\n<\/tr>\n<tr>\n<td width=\"325\">CE<\/td>\n<\/tr>\n<tr>\n<td width=\"325\">FCC<\/td>\n<\/tr>\n<tr>\n<td width=\"325\">RoHS<\/td>\n<\/tr>\n<tr>\n<td width=\"325\">DOHVATITI<\/td>\n<\/tr>\n<tr>\n<td colspan=\"2\" width=\"551\">Podr\u0161ka za operativni sustav upravlja\u010dkog programa ure\u0111aja<\/td>\n<\/tr>\n<tr>\n<td rowspan=\"2\" width=\"226\">Podr\u0161ka za operativni sustav upravlja\u010dkog programa ure\u0111aja<\/td>\n<td width=\"325\">Windows\u00ae<\/td>\n<\/tr>\n<tr>\n<td width=\"325\">Linux\u00ae<\/td>\n<\/tr>\n<\/tbody>\n<\/table>\n<\/div>\n<\/li>\n<\/ul>\n<\/li>\n<\/ul>","protected":false},"excerpt":{"rendered":"<p>ACM1281S-C7 je kompaktni serijski beskontaktni \u010dita\u010d sa SAM modulom, koji nudi performanse velike brzine i jednostavnu integraciju za razne ugra\u0111ene aplikacije.<\/p>","protected":false},"featured_media":1567,"template":"","meta":[],"product_brand":[],"product_cat":[45,41],"product_tag":[],"class_list":{"0":"post-1566","1":"product","2":"type-product","3":"status-publish","4":"has-post-thumbnail","6":"product_cat-contactless-nfc-reader","7":"product_cat-module-ic-reader","9":"first","10":"instock","11":"shipping-taxable","12":"product-type-simple"},"_links":{"self":[{"href":"https:\/\/nfc-readers.com\/hr\/wp-json\/wp\/v2\/product\/1566","targetHints":{"allow":["GET"]}}],"collection":[{"href":"https:\/\/nfc-readers.com\/hr\/wp-json\/wp\/v2\/product"}],"about":[{"href":"https:\/\/nfc-readers.com\/hr\/wp-json\/wp\/v2\/types\/product"}],"wp:featuredmedia":[{"embeddable":true,"href":"https:\/\/nfc-readers.com\/hr\/wp-json\/wp\/v2\/media\/1567"}],"wp:attachment":[{"href":"https:\/\/nfc-readers.com\/hr\/wp-json\/wp\/v2\/media?parent=1566"}],"wp:term":[{"taxonomy":"product_brand","embeddable":true,"href":"https:\/\/nfc-readers.com\/hr\/wp-json\/wp\/v2\/product_brand?post=1566"},{"taxonomy":"product_cat","embeddable":true,"href":"https:\/\/nfc-readers.com\/hr\/wp-json\/wp\/v2\/product_cat?post=1566"},{"taxonomy":"product_tag","embeddable":true,"href":"https:\/\/nfc-readers.com\/hr\/wp-json\/wp\/v2\/product_tag?post=1566"}],"curies":[{"name":"wp","href":"https:\/\/api.w.org\/{rel}","templated":true}]}}