{"id":1568,"date":"2024-04-07T06:30:24","date_gmt":"2024-04-07T06:30:24","guid":{"rendered":"https:\/\/nfc-readers.com\/?post_type=product&#038;p=1568"},"modified":"2024-10-16T06:16:19","modified_gmt":"2024-10-16T06:16:19","slug":"acm1252u-y3-usb-nfc-reader-module-with-detachable-antenna-board","status":"publish","type":"product","link":"https:\/\/nfc-readers.com\/hr\/ic-reader\/acm1252u-y3-usb-nfc-reader-module-with-detachable-antenna-board\/","title":{"rendered":"ACM1252U-Y3 USB NFC modul \u010dita\u010da s odvojivom antenskom plo\u010dom"},"content":{"rendered":"<h1>ACM1252U-Y3 USB NFC modul \u010dita\u010da s odvojivom antenskom plo\u010dom<\/h1>\n<p>ACM1252U-Y3 je najsuvremeniji USB \u010dita\u010d NFC pametnih kartica, prikladan za raznolike aplikacije koje zahtijevaju ugra\u0111enu NFC tehnologiju. Sa svojim pro\u0161irenim mogu\u0107nostima dometa, brzim prijenosom podataka i dodatnim zna\u010dajkama koje promi\u010du prilagodljivost i lako\u0107u kori\u0161tenja, ovaj modul je vrhunski izbor za omogu\u0107avanje NFC transakcija u aplikacijama integriranog sustava.<\/p>\n<ul>\n<li>\n<h2>USB 2.0 su\u010delje pune brzine<\/h2>\n<\/li>\n<li>\n<h2>CCID uskla\u0111enost<\/h2>\n<\/li>\n<li>\n<h2>Mogu\u0107nost nadogradnje USB firmvera<\/h2>\n<\/li>\n<li>\n<h2>\u010cita\u010d pametnih kartica:<\/h2>\n<ul>\n<li>\n<h3>Beskontaktno su\u010delje:<\/h3>\n<ul>\n<li>\n<h4>Brzina \u010ditanja\/pisanja do 424 kbps<\/h4>\n<\/li>\n<li>\n<h4>Ugra\u0111ena antena za beskontaktni pristup tagu, s udaljenosti \u010ditanja kartice do 50 mm (ovisno o tipu taga)<\/h4>\n<\/li>\n<li>\n<h4>Podr\u017eava ISO 14443 tip A i B, MIFARE\u00ae i FeliCa kartice i sve 4 vrste NFC (ISO\/IEC 18092) oznaka<\/h4>\n<\/li>\n<li>\n<h4>Podr\u017eava MIFARE\u00ae 7-byte UID, MIFARE\u00ae Plus i MIFARE\u00ae DESfire<\/h4>\n<\/li>\n<li>\n<h4>Ugra\u0111ena zna\u010dajka protiv sudara (u svakom trenutku se pristupa samo 1 oznaci)<\/h4>\n<\/li>\n<li>\n<h4>NFC podr\u0161ka:<\/h4>\n<ul>\n<li>NFC na\u010din \u010ditanja\/pisanja<\/li>\n<li>Peer-to-Peer na\u010din rada<\/li>\n<li>Na\u010din emulacije kartice<\/li>\n<\/ul>\n<\/li>\n<\/ul>\n<\/li>\n<\/ul>\n<\/li>\n<li>\n<h2>Programsko su\u010delje aplikacije:<\/h2>\n<ul>\n<li>\n<h3>Podr\u017eava PC\/SC<\/h3>\n<\/li>\n<li>\n<h3>Podr\u017eava CT-API (kroz omot na vrhu PC\/SC)<\/h3>\n<\/li>\n<\/ul>\n<\/li>\n<li>\n<h2>Periferije:<\/h2>\n<ul>\n<li>\n<h3>Dvobojna LED dioda koju mo\u017ee kontrolirati korisnik<\/h3>\n<\/li>\n<li>\n<h3>Zujalo koje kontrolira korisnik<\/h3>\n<\/li>\n<li>\n<div>\n<table width=\"495\">\n<tbody>\n<tr>\n<td colspan=\"2\" width=\"495\">Fizi\u010dke karakteristike<\/td>\n<\/tr>\n<tr>\n<td rowspan=\"2\" width=\"187\">Dimenzije (mm)<\/td>\n<td width=\"308\">Glavna plo\u010da: 55,0 mm (D) x 45,0 mm (\u0160) x 5,1 mm (V)<\/td>\n<\/tr>\n<tr>\n<td width=\"308\">Antenska plo\u010da: 91,0 mm (D) x 49,5 mm (\u0160) x 5,1 mm (V)<\/td>\n<\/tr>\n<tr>\n<td width=\"187\">Te\u017eina (g)<\/td>\n<td width=\"308\">26,6 g<\/td>\n<\/tr>\n<tr>\n<td colspan=\"2\" width=\"495\">USB su\u010delje<\/td>\n<\/tr>\n<tr>\n<td width=\"187\">Protokol<\/td>\n<td width=\"308\">USB CCID<\/td>\n<\/tr>\n<tr>\n<td width=\"187\">Vrsta konektora<\/td>\n<td width=\"308\">Standardni tip A<\/td>\n<\/tr>\n<tr>\n<td width=\"187\">Izvor napajanja<\/td>\n<td width=\"308\">Iz USB priklju\u010dka<\/td>\n<\/tr>\n<tr>\n<td width=\"187\">Ubrzati<\/td>\n<td width=\"308\">USB pune brzine (12 Mbps)<\/td>\n<\/tr>\n<tr>\n<td width=\"187\">Du\u017eina kabela<\/td>\n<td width=\"308\">1,0 m, odvojivo (opcionalno)<\/td>\n<\/tr>\n<tr>\n<td colspan=\"2\" width=\"495\">Su\u010delje beskontaktne pametne kartice<\/td>\n<\/tr>\n<tr>\n<td width=\"187\">Standard<\/td>\n<td width=\"308\">ISO\/IEC 18092 NFC, ISO 14443 Tip A &amp; B, MIFARE\u00ae, FeliCa<\/td>\n<\/tr>\n<tr>\n<td rowspan=\"4\" width=\"187\">Protokol<\/td>\n<td width=\"308\">ISO 14443-4 kompatibilna kartica, T=CL<\/td>\n<\/tr>\n<tr>\n<td width=\"308\">MIFARE\u00ae Classic Card, T=CL<\/td>\n<\/tr>\n<tr>\n<td width=\"308\">ISO18092, NFC oznake<\/td>\n<\/tr>\n<tr>\n<td width=\"308\">FeliCa<\/td>\n<\/tr>\n<tr>\n<td width=\"187\">Antena<\/td>\n<td width=\"308\">77 mm x 49,5 mm<\/td>\n<\/tr>\n<tr>\n<td colspan=\"2\" width=\"495\">Su\u010delje SAM kartice<\/td>\n<\/tr>\n<tr>\n<td width=\"187\">Broj utora<\/td>\n<td width=\"308\">1 (izborno)<\/td>\n<\/tr>\n<tr>\n<td colspan=\"2\" width=\"495\">Ugra\u0111ene periferije<\/td>\n<\/tr>\n<tr>\n<td width=\"187\">LED<\/td>\n<td width=\"308\">1 dvobojna: crvena i zelena<\/td>\n<\/tr>\n<tr>\n<td width=\"187\">Zujalo<\/td>\n<td width=\"308\">Monotonija<\/td>\n<\/tr>\n<tr>\n<td colspan=\"2\" width=\"495\">Druge zna\u010dajke<\/td>\n<\/tr>\n<tr>\n<td width=\"187\">Nadogradnja firmvera<\/td>\n<td width=\"308\">Podr\u017eano<\/td>\n<\/tr>\n<tr>\n<td colspan=\"2\" width=\"495\">Certifikati\/sukladnost<\/td>\n<\/tr>\n<tr>\n<td rowspan=\"13\" width=\"187\">Certifikati\/sukladnost<\/td>\n<td width=\"308\">EN 60950\/IEC 60950<\/td>\n<\/tr>\n<tr>\n<td width=\"308\">ISO 7816 (SAM utor)<\/td>\n<\/tr>\n<tr>\n<td width=\"308\">ISO 14443<\/td>\n<\/tr>\n<tr>\n<td width=\"308\">ISO 18092<\/td>\n<\/tr>\n<tr>\n<td width=\"308\">USB pune brzine<\/td>\n<\/tr>\n<tr>\n<td width=\"308\">PC\/SC<\/td>\n<\/tr>\n<tr>\n<td width=\"308\">CCID<\/td>\n<\/tr>\n<tr>\n<td width=\"308\">VCCI (Japan)<\/td>\n<\/tr>\n<tr>\n<td width=\"308\">CE<\/td>\n<\/tr>\n<tr>\n<td width=\"308\">FCC<\/td>\n<\/tr>\n<tr>\n<td width=\"308\">RoHS<\/td>\n<\/tr>\n<tr>\n<td width=\"308\">DOHVATITI<\/td>\n<\/tr>\n<tr>\n<td width=\"308\">Microsoft\u00ae WHQL<\/td>\n<\/tr>\n<tr>\n<td colspan=\"2\" width=\"495\">Podr\u0161ka za operativni sustav upravlja\u010dkog programa ure\u0111aja<\/td>\n<\/tr>\n<tr>\n<td rowspan=\"5\" width=\"187\">Podr\u0161ka za operativni sustav upravlja\u010dkog programa ure\u0111aja<\/td>\n<td width=\"308\">Windows\u00ae<\/td>\n<\/tr>\n<tr>\n<td width=\"308\">Linux\u00ae<\/td>\n<\/tr>\n<tr>\n<td width=\"308\">MAC OS\u00ae<\/td>\n<\/tr>\n<tr>\n<td width=\"308\">Solaris<\/td>\n<\/tr>\n<tr>\n<td width=\"308\">Android\u2122<\/td>\n<\/tr>\n<\/tbody>\n<\/table>\n<\/div>\n<\/li>\n<\/ul>\n<\/li>\n<\/ul>","protected":false},"excerpt":{"rendered":"<p>ACM1252U-Y3 je svestrani NFC USB modul koji koristi 13,56M tehnologiju, podr\u017eava brzu razmjenu podataka i idealan je za razne ugra\u0111ene aplikacije.<\/p>","protected":false},"featured_media":1570,"template":"","meta":[],"product_brand":[],"product_cat":[45,41,40],"product_tag":[],"class_list":{"0":"post-1568","1":"product","2":"type-product","3":"status-publish","4":"has-post-thumbnail","6":"product_cat-contactless-nfc-reader","7":"product_cat-module-ic-reader","8":"product_cat-rfid-nfc-reader","10":"first","11":"instock","12":"shipping-taxable","13":"product-type-simple"},"_links":{"self":[{"href":"https:\/\/nfc-readers.com\/hr\/wp-json\/wp\/v2\/product\/1568","targetHints":{"allow":["GET"]}}],"collection":[{"href":"https:\/\/nfc-readers.com\/hr\/wp-json\/wp\/v2\/product"}],"about":[{"href":"https:\/\/nfc-readers.com\/hr\/wp-json\/wp\/v2\/types\/product"}],"wp:featuredmedia":[{"embeddable":true,"href":"https:\/\/nfc-readers.com\/hr\/wp-json\/wp\/v2\/media\/1570"}],"wp:attachment":[{"href":"https:\/\/nfc-readers.com\/hr\/wp-json\/wp\/v2\/media?parent=1568"}],"wp:term":[{"taxonomy":"product_brand","embeddable":true,"href":"https:\/\/nfc-readers.com\/hr\/wp-json\/wp\/v2\/product_brand?post=1568"},{"taxonomy":"product_cat","embeddable":true,"href":"https:\/\/nfc-readers.com\/hr\/wp-json\/wp\/v2\/product_cat?post=1568"},{"taxonomy":"product_tag","embeddable":true,"href":"https:\/\/nfc-readers.com\/hr\/wp-json\/wp\/v2\/product_tag?post=1568"}],"curies":[{"name":"wp","href":"https:\/\/api.w.org\/{rel}","templated":true}]}}