{"id":1598,"date":"2024-04-07T07:36:03","date_gmt":"2024-04-07T07:36:03","guid":{"rendered":"https:\/\/nfc-readers.com\/?post_type=product&#038;p=1598"},"modified":"2024-10-16T03:12:59","modified_gmt":"2024-10-16T03:12:59","slug":"acr1552u-m1-nfc-rfid-reader-writer","status":"publish","type":"product","link":"https:\/\/nfc-readers.com\/hr\/ic-reader\/acr1552u-m1-nfc-rfid-reader-writer\/","title":{"rendered":"ACR1552U-M1 NFC rfid \u010dita\u010d\/pisa\u010d"},"content":{"rendered":"<h1>ACR1552U-M1 NFC rfid \u010dita\u010d\/pisa\u010d<\/h1>\n<p>ACR1552U-M1 USB-C NFC \u010dita\u010d objedinjuje sna\u017ean, svestran ure\u0111aj koji slu\u017ei za mno\u0161tvo funkcija pametnih kartica. Uvjerava korisnike naprednim zna\u010dajkama koje nagla\u0161avaju sigurnost, prilagodljivost i sveobuhvatnu kompatibilnost s pametnim karticama, \u0161to ga \u010dini nezamjenjivim alatom u nizu industrija.<\/p>\n<ul>\n<li>\n<h2>USB 2.0 su\u010delje pune brzine<\/h2>\n<\/li>\n<li>\n<h2>CCID uskla\u0111enost<\/h2>\n<\/li>\n<li>\n<h2>Beskontaktni \u010dita\u010d pametnih kartica:<\/h2>\n<ul>\n<li>\n<h3>Brzina \u010ditanja\/pisanja do 848 kbps<\/h3>\n<\/li>\n<li>\n<h3>Ugra\u0111ena antena za beskontaktni pristup tagu, s udaljenosti \u010ditanja kartice do 70 mm (ovisno o tipu taga)<\/h3>\n<\/li>\n<li>\n<h3>Podr\u017eava kartice ISO 14443 tipa A i B, kartice ISO 15693 i ISO18092 NFC<\/h3>\n<\/li>\n<li>\n<h3>Podr\u017eava MIFARE\u00ae (T=CL), FeliCa, NFC oznake, SRI\/SRIX, CTS, Innovatron, Picopass, Topaz karticu<\/h3>\n<\/li>\n<li>\n<h3>Ugra\u0111ena zna\u010dajka protiv sudara<\/h3>\n<\/li>\n<li>\n<h3>Podr\u017eava pro\u0161ireni APDU (maks. 64 kbajta)<\/h3>\n<\/li>\n<li>\n<h3>Jedan SAM utor uskla\u0111en s ISO7816 (klasa A)<\/h3>\n<\/li>\n<li>\n<h3>NFC podr\u0161ka<\/h3>\n<ul>\n<li>\n<h4>\u00a0 \u00a0Na\u010din \u010ditanja\/pisanja pametnih kartica<\/h4>\n<\/li>\n<li>\n<h4>\u00a0 \u00a0Na\u010din emulacije kartice<\/h4>\n<\/li>\n<li>\n<h4>\u00a0 \u00a0Na\u010din emulacije tipkovnice<\/h4>\n<\/li>\n<\/ul>\n<\/li>\n<\/ul>\n<\/li>\n<li>\n<h2>Programsko su\u010delje aplikacije:<\/h2>\n<ul>\n<li>\n<h3>Podr\u017eava PC\/SC<\/h3>\n<\/li>\n<li>\n<h3>Podr\u017eava CT-API (kroz omot na vrhu PC\/SC)<\/h3>\n<\/li>\n<\/ul>\n<\/li>\n<li>\n<h2>Periferije:<\/h2>\n<ul>\n<li>\n<h3>Dvobojna LED dioda koju mo\u017ee kontrolirati korisnik (plava i zelena)<\/h3>\n<\/li>\n<li>\n<h3>Zujalo koje kontrolira korisnik (Monotono)<\/h3>\n<\/li>\n<li>\n<h3>Jedan SAM utor<\/h3>\n<\/li>\n<\/ul>\n<\/li>\n<li>\n<h2>Mogu\u0107nost nadogradnje USB firmvera<\/h2>\n<\/li>\n<li>\n<div>\n<table width=\"528\">\n<tbody>\n<tr>\n<td colspan=\"2\" width=\"528\">Fizi\u010dke karakteristike<\/td>\n<\/tr>\n<tr>\n<td rowspan=\"2\" width=\"215\">Dimenzije (mm)<\/td>\n<td width=\"313\">Glavno tijelo: 98 x 65 x 12,8 mm<\/td>\n<\/tr>\n<tr>\n<td width=\"313\">Veli\u010dina antene: 50 x 40 mm<\/td>\n<\/tr>\n<tr>\n<td width=\"215\">Te\u017eina (g)<\/td>\n<td width=\"313\">89 g<\/td>\n<\/tr>\n<tr>\n<td colspan=\"2\" width=\"528\">USB su\u010delje<\/td>\n<\/tr>\n<tr>\n<td width=\"215\">Protokol<\/td>\n<td width=\"313\">USB CCID<\/td>\n<\/tr>\n<tr>\n<td width=\"215\">Vrsta konektora<\/td>\n<td width=\"313\">USB vrste A (ACR1552U-M1), USB vrste C (ACR1552U-MF)<\/td>\n<\/tr>\n<tr>\n<td width=\"215\">Izvor napajanja<\/td>\n<td width=\"313\">Iz USB priklju\u010dka<\/td>\n<\/tr>\n<tr>\n<td width=\"215\">Ubrzati<\/td>\n<td width=\"313\">USB pune brzine (12 Mbps)<\/td>\n<\/tr>\n<tr>\n<td width=\"215\">Du\u017eina kabela<\/td>\n<td width=\"313\">1m, neodvojiv<\/td>\n<\/tr>\n<tr>\n<td colspan=\"2\" width=\"528\">Su\u010delje beskontaktne pametne kartice<\/td>\n<\/tr>\n<tr>\n<td width=\"215\">Standard<\/td>\n<td width=\"313\">ISO\/IEC 18092 NFC, ISO 14443 Tip A &amp; B, ISO 15693, MIFARE\u00ae, FeliCa<\/td>\n<\/tr>\n<tr>\n<td rowspan=\"5\" width=\"215\">Protokol<\/td>\n<td width=\"313\">ISO 14443-4 kompatibilna kartica, T=CL<\/td>\n<\/tr>\n<tr>\n<td width=\"313\">MIFARE\u00ae Classic Card, T=CL<\/td>\n<\/tr>\n<tr>\n<td width=\"313\">ISO 15693<\/td>\n<\/tr>\n<tr>\n<td width=\"313\">ISO 18092 NFC oznake<\/td>\n<\/tr>\n<tr>\n<td width=\"313\">FeliCa<\/td>\n<\/tr>\n<tr>\n<td colspan=\"2\" width=\"528\">Su\u010delje SAM kartice<\/td>\n<\/tr>\n<tr>\n<td width=\"215\">Broj utora<\/td>\n<td width=\"313\">1 utor za standardnu SIM karticu<\/td>\n<\/tr>\n<tr>\n<td width=\"215\">Standard<\/td>\n<td width=\"313\">ISO 7816 klasa A (5V)<\/td>\n<\/tr>\n<tr>\n<td width=\"215\">Protokol<\/td>\n<td width=\"313\">T=0; T=1<\/td>\n<\/tr>\n<tr>\n<td colspan=\"2\" width=\"528\">Ugra\u0111ene periferije<\/td>\n<\/tr>\n<tr>\n<td width=\"215\">LED<\/td>\n<td width=\"313\">1 dvobojna: plava i zelena<\/td>\n<\/tr>\n<tr>\n<td width=\"215\">Zujalo<\/td>\n<td width=\"313\">Da<\/td>\n<\/tr>\n<tr>\n<td colspan=\"2\" width=\"528\">Druge zna\u010dajke<\/td>\n<\/tr>\n<tr>\n<td rowspan=\"4\" width=\"215\">Druge zna\u010dajke<\/td>\n<td width=\"313\">Podr\u017eane vrste kartica:<\/td>\n<\/tr>\n<tr>\n<td width=\"313\">ISO 14443 tip A &amp; B dijelovi 1-4, ISO 15693, ISO 18092 NFC, MIFARE\u00ae, FeliCa, SRI\/SRIX, CTS, Innovatron, Picopass, Topaz kartica<\/td>\n<\/tr>\n<tr>\n<td width=\"313\">\u00a0 NFC zna\u010dajke:<\/td>\n<\/tr>\n<tr>\n<td width=\"313\">\u010cita\u010d\/pisa\u010d pametnih kartica, emulacija tipkovnice, emulacija kartice<\/td>\n<\/tr>\n<tr>\n<td width=\"215\">Nadogradnja firmvera<\/td>\n<td width=\"313\">Podr\u017eano<\/td>\n<\/tr>\n<tr>\n<td colspan=\"2\" width=\"528\">Certifikati\/sukladnost<\/td>\n<\/tr>\n<tr>\n<td rowspan=\"4\" width=\"215\">Certifikati\/sukladnost<\/td>\n<td width=\"313\">Certifikati:<\/td>\n<\/tr>\n<tr>\n<td width=\"313\">IEC\/EN 62368, CE, UKCA, FCC, VCCI, KC, J-LIS, RoHS, REACH, WEEE, Microsoft\u00ae WHQL<\/td>\n<\/tr>\n<tr>\n<td width=\"313\">Uskla\u0111enost:<\/td>\n<\/tr>\n<tr>\n<td width=\"313\">USB CCID, PC\/SC<\/td>\n<\/tr>\n<tr>\n<td colspan=\"2\" width=\"528\">Podr\u0161ka za operativni sustav upravlja\u010dkog programa ure\u0111aja<\/td>\n<\/tr>\n<tr>\n<td width=\"215\">Podr\u0161ka za operativni sustav upravlja\u010dkog programa ure\u0111aja<\/td>\n<td width=\"313\">Windows\u00ae, Linux\u00ae, macOS, Android\u2122, iOS\/iPadOS (16 ili noviji)<\/td>\n<\/tr>\n<\/tbody>\n<\/table>\n<\/div>\n<\/li>\n<\/ul>","protected":false},"excerpt":{"rendered":"<p>ACR1552U je brzi NFC USB \u010dita\u010d kompatibilan s CCID i PC\/SC, podr\u017eava ISO 14443 i 15693, idealan za razli\u010dite aplikacije pametnih kartica.<\/p>","protected":false},"featured_media":1599,"template":"","meta":[],"product_brand":[],"product_cat":[45,40],"product_tag":[],"class_list":{"0":"post-1598","1":"product","2":"type-product","3":"status-publish","4":"has-post-thumbnail","6":"product_cat-contactless-nfc-reader","7":"product_cat-rfid-nfc-reader","9":"first","10":"instock","11":"shipping-taxable","12":"product-type-simple"},"_links":{"self":[{"href":"https:\/\/nfc-readers.com\/hr\/wp-json\/wp\/v2\/product\/1598","targetHints":{"allow":["GET"]}}],"collection":[{"href":"https:\/\/nfc-readers.com\/hr\/wp-json\/wp\/v2\/product"}],"about":[{"href":"https:\/\/nfc-readers.com\/hr\/wp-json\/wp\/v2\/types\/product"}],"wp:featuredmedia":[{"embeddable":true,"href":"https:\/\/nfc-readers.com\/hr\/wp-json\/wp\/v2\/media\/1599"}],"wp:attachment":[{"href":"https:\/\/nfc-readers.com\/hr\/wp-json\/wp\/v2\/media?parent=1598"}],"wp:term":[{"taxonomy":"product_brand","embeddable":true,"href":"https:\/\/nfc-readers.com\/hr\/wp-json\/wp\/v2\/product_brand?post=1598"},{"taxonomy":"product_cat","embeddable":true,"href":"https:\/\/nfc-readers.com\/hr\/wp-json\/wp\/v2\/product_cat?post=1598"},{"taxonomy":"product_tag","embeddable":true,"href":"https:\/\/nfc-readers.com\/hr\/wp-json\/wp\/v2\/product_tag?post=1598"}],"curies":[{"name":"wp","href":"https:\/\/api.w.org\/{rel}","templated":true}]}}