{"id":1603,"date":"2024-04-07T07:42:37","date_gmt":"2024-04-07T07:42:37","guid":{"rendered":"https:\/\/nfc-readers.com\/?post_type=product&#038;p=1603"},"modified":"2024-10-16T02:49:08","modified_gmt":"2024-10-16T02:49:08","slug":"acr1581u-c1-15693-dualboost-iii-dual-interface-nfc-reader-writer","status":"publish","type":"product","link":"https:\/\/nfc-readers.com\/hr\/ic-reader\/acr1581u-c1-15693-dualboost-iii-dual-interface-nfc-reader-writer\/","title":{"rendered":"ACR1581U-C1 15693 DualBoost III Dual Interface NFC Reader Writer"},"content":{"rendered":"<h1>ACR1581U-C1 15693 DualBoost III Dual Interface NFC Reader Writer<\/h1>\n<p>ACR1581U DualBoost III je utjelovljenje napredne svestranosti i sigurnosti, u\u010dinkovito spajaju\u0107i kontaktne i beskontaktne tehnologije pod jednim krovom s velikom podr\u0161kom za razli\u010dite formate pametnih kartica. Le\u017ee li va\u0161e ambicije u tehnolo\u0161kom napretku ili robusnoj sigurnosti za funkcije pametnih kartica, ACR1581U je neusporediv zagovornik pouzdanosti u podru\u010dju \u010dita\u010da pametnih kartica.<\/p>\n<ul>\n<li>\n<h2>USB 2.0 su\u010delje pune brzine<\/h2>\n<\/li>\n<li>\n<h2>CCID uskla\u0111enost<\/h2>\n<\/li>\n<li>\n<h2>Beskontaktni \u010dita\u010d pametnih kartica:<\/h2>\n<ul>\n<li>\n<h3>Brzina \u010ditanja\/pisanja ISO 14443A\/B do 848 kbps<\/h3>\n<\/li>\n<li>\n<h3>Radni takt do 13.56MHz<\/h3>\n<\/li>\n<li>\n<h3>Ugra\u0111ena antena za beskontaktni pristup tagu, s udaljenosti \u010ditanja kartice do 70 mm (ovisno o tipu taga)<\/h3>\n<\/li>\n<li>\n<h3>Podr\u017eava ISO 14443 kartice tipa A i B, ISO 15693 kartice<\/h3>\n<\/li>\n<li>\n<h3>Podr\u017eava MIFARE\u00ae, FeliCa, NFC oznake, SRI\/SRIX, CTS, Innovatron, Picopass, Topaz karticu<\/h3>\n<\/li>\n<\/ul>\n<\/li>\n<li>\n<h2>Podr\u017eava pro\u0161ireni APDU (maks. 64 kbajta)<\/h2>\n<\/li>\n<li>\n<h2><strong>Kontaktirajte \u010dita\u010d pametnih kartica<\/strong><\/h2>\n<ul>\n<li>\n<h3>Podr\u017eava ISO 7816 klase A, B i C (5 V, 3 V i 1,8 V) brzine do 1250 kbps<\/h3>\n<\/li>\n<li>\n<h3>Podr\u017eava CAC (Common Access Card)<\/h3>\n<\/li>\n<li>\n<h3>Podr\u017eava PIV (Personal Identity Verification Card)<\/h3>\n<\/li>\n<li>\n<h3>Podr\u017eava mikroprocesorske kartice s T=0 ili T=1 protokolom<\/h3>\n<\/li>\n<li>\n<h3>Podr\u017eava memorijske kartice<\/h3>\n<\/li>\n<li>\n<h3>SAM utor uskla\u0111en sa ISO 7816 (klasa A)<\/h3>\n<\/li>\n<\/ul>\n<\/li>\n<li>\n<h2>Programsko su\u010delje aplikacije:<\/h2>\n<ul>\n<li>\n<h3>Podr\u017eava PC\/SC<\/h3>\n<\/li>\n<\/ul>\n<\/li>\n<li>\n<h2>Periferije:<\/h2>\n<ul>\n<li>\n<h3>Dvobojna LED dioda koju mo\u017ee kontrolirati korisnik (plava i zelena)<\/h3>\n<\/li>\n<li>\n<h3>Zujalo koje kontrolira korisnik<\/h3>\n<\/li>\n<\/ul>\n<\/li>\n<li>\n<h2>Mogu\u0107nost nadogradnje USB firmvera<\/h2>\n<\/li>\n<li>\n<div>\n<table width=\"483\">\n<tbody>\n<tr>\n<td colspan=\"2\" width=\"483\">Fizi\u010dke karakteristike<\/td>\n<\/tr>\n<tr>\n<td width=\"188\">Dimenzije (mm)<\/td>\n<td width=\"295\">120,5 mm (D) x 72,0 mm (\u0160) x 20,4 mm (V)<\/td>\n<\/tr>\n<tr>\n<td width=\"188\">Te\u017eina (g)<\/td>\n<td width=\"295\">143g<\/td>\n<\/tr>\n<tr>\n<td colspan=\"2\" width=\"483\">USB su\u010delje<\/td>\n<\/tr>\n<tr>\n<td width=\"188\">Protokol<\/td>\n<td width=\"295\">USB CCID<\/td>\n<\/tr>\n<tr>\n<td width=\"188\">Vrsta konektora<\/td>\n<td width=\"295\">USB vrste A (ACR1581U-C1), USB vrste C (ACR1581U-CF)<\/td>\n<\/tr>\n<tr>\n<td width=\"188\">Izvor napajanja<\/td>\n<td width=\"295\">Iz USB priklju\u010dka<\/td>\n<\/tr>\n<tr>\n<td width=\"188\">Ubrzati<\/td>\n<td width=\"295\">USB pune brzine (12 Mbps)<\/td>\n<\/tr>\n<tr>\n<td width=\"188\">Du\u017eina kabela<\/td>\n<td width=\"295\">2m, neodvojiv<\/td>\n<\/tr>\n<tr>\n<td colspan=\"2\" width=\"483\">Kontaktirajte su\u010delje pametne kartice<\/td>\n<\/tr>\n<tr>\n<td width=\"188\">Broj utora<\/td>\n<td width=\"295\">1 utor za karticu pune veli\u010dine<\/td>\n<\/tr>\n<tr>\n<td width=\"188\">Standard<\/td>\n<td width=\"295\">ISO 7816 klasa A, B, C (5 V, 3 V, 1,8 V)<\/td>\n<\/tr>\n<tr>\n<td width=\"188\">Protokol<\/td>\n<td width=\"295\">T=0; T=1<\/td>\n<\/tr>\n<tr>\n<td colspan=\"2\" width=\"483\">Su\u010delje beskontaktne pametne kartice<\/td>\n<\/tr>\n<tr>\n<td width=\"188\">Standard<\/td>\n<td width=\"295\">ISO 14443 Tip A &amp; B, ISO 15693, MIFARE\u00ae, FeliCa<\/td>\n<\/tr>\n<tr>\n<td rowspan=\"4\" width=\"188\">Protokol<\/td>\n<td width=\"295\">ISO 14443-4 kompatibilna kartica, T=CL<\/td>\n<\/tr>\n<tr>\n<td width=\"295\">ISO 15693<\/td>\n<\/tr>\n<tr>\n<td width=\"295\">MIFARE\u00ae Classic Card, T=CL<\/td>\n<\/tr>\n<tr>\n<td width=\"295\">FeliCa<\/td>\n<\/tr>\n<tr>\n<td colspan=\"2\" width=\"483\">Su\u010delje SAM kartice<\/td>\n<\/tr>\n<tr>\n<td width=\"188\">Broj utora<\/td>\n<td width=\"295\">1 utor za standardnu SIM karticu<\/td>\n<\/tr>\n<tr>\n<td width=\"188\">Standard<\/td>\n<td width=\"295\">ISO 7816 klasa A (5V)<\/td>\n<\/tr>\n<tr>\n<td width=\"188\">Protokol<\/td>\n<td width=\"295\">T=0; T=1<\/td>\n<\/tr>\n<tr>\n<td colspan=\"2\" width=\"483\">Ugra\u0111ene periferije<\/td>\n<\/tr>\n<tr>\n<td width=\"188\">LED<\/td>\n<td width=\"295\">2 jednobojne: plava i zelena<\/td>\n<\/tr>\n<tr>\n<td width=\"188\">Zujalo<\/td>\n<td width=\"295\">Monotonija<\/td>\n<\/tr>\n<tr>\n<td colspan=\"2\" width=\"483\">Druge zna\u010dajke<\/td>\n<\/tr>\n<tr>\n<td rowspan=\"5\" width=\"188\">Druge zna\u010dajke<\/td>\n<td width=\"295\">Podr\u017eane vrste kartica:<\/td>\n<\/tr>\n<tr>\n<td width=\"295\">ISO 14443 tip A &amp; B dijelovi 1-4,<\/td>\n<\/tr>\n<tr>\n<td width=\"295\">ISO 15693, MIFARE\u00ae, FeliCa, NFC oznake, SRI\/SRIX, CTS, Innovatron, Picopass, Topaz kartica<\/td>\n<\/tr>\n<tr>\n<td width=\"295\">Ostale NFC zna\u010dajke:<\/td>\n<\/tr>\n<tr>\n<td width=\"295\">\u010cita\u010d\/pisa\u010d pametnih kartica, emulacija tipkovnice, emulacija kartice<\/td>\n<\/tr>\n<tr>\n<td width=\"188\">Nadogradnja firmvera<\/td>\n<td width=\"295\">Podr\u017eano<\/td>\n<\/tr>\n<tr>\n<td colspan=\"2\" width=\"483\">Certifikati\/sukladnost<\/td>\n<\/tr>\n<tr>\n<td rowspan=\"4\" width=\"188\">Certifikati\/sukladnost<\/td>\n<td width=\"295\">Certifikati:<\/td>\n<\/tr>\n<tr>\n<td width=\"295\">IEC\/EN 62368, CE, FCC, UKCA, VCCI, RoHS, REACH, WEEE<\/td>\n<\/tr>\n<tr>\n<td width=\"295\">Sukladnosti:<\/td>\n<\/tr>\n<tr>\n<td width=\"295\">USB CCID, PC\/SC<\/td>\n<\/tr>\n<tr>\n<td colspan=\"2\" width=\"483\">Podr\u0161ka za operativni sustav upravlja\u010dkog programa ure\u0111aja<\/td>\n<\/tr>\n<tr>\n<td width=\"188\">Podr\u0161ka za operativni sustav upravlja\u010dkog programa ure\u0111aja<\/td>\n<td width=\"295\">Windows\u00ae, Linux\u00ae, macOS, Android\u2122, iOS\/iPadOS (16 ili noviji)<\/td>\n<\/tr>\n<\/tbody>\n<\/table>\n<\/div>\n<\/li>\n<\/ul>","protected":false},"excerpt":{"rendered":"<p>ACR1581U je NFC \u010dita\u010d pametnih kartica velike brzine koji nudi podr\u0161ku za NFC &amp; ISO\/IEC 15693\uff0c14443.<\/p>","protected":false},"featured_media":1605,"template":"","meta":[],"product_brand":[],"product_cat":[45,40],"product_tag":[],"class_list":{"0":"post-1603","1":"product","2":"type-product","3":"status-publish","4":"has-post-thumbnail","6":"product_cat-contactless-nfc-reader","7":"product_cat-rfid-nfc-reader","9":"first","10":"instock","11":"shipping-taxable","12":"product-type-simple"},"_links":{"self":[{"href":"https:\/\/nfc-readers.com\/hr\/wp-json\/wp\/v2\/product\/1603","targetHints":{"allow":["GET"]}}],"collection":[{"href":"https:\/\/nfc-readers.com\/hr\/wp-json\/wp\/v2\/product"}],"about":[{"href":"https:\/\/nfc-readers.com\/hr\/wp-json\/wp\/v2\/types\/product"}],"wp:featuredmedia":[{"embeddable":true,"href":"https:\/\/nfc-readers.com\/hr\/wp-json\/wp\/v2\/media\/1605"}],"wp:attachment":[{"href":"https:\/\/nfc-readers.com\/hr\/wp-json\/wp\/v2\/media?parent=1603"}],"wp:term":[{"taxonomy":"product_brand","embeddable":true,"href":"https:\/\/nfc-readers.com\/hr\/wp-json\/wp\/v2\/product_brand?post=1603"},{"taxonomy":"product_cat","embeddable":true,"href":"https:\/\/nfc-readers.com\/hr\/wp-json\/wp\/v2\/product_cat?post=1603"},{"taxonomy":"product_tag","embeddable":true,"href":"https:\/\/nfc-readers.com\/hr\/wp-json\/wp\/v2\/product_tag?post=1603"}],"curies":[{"name":"wp","href":"https:\/\/api.w.org\/{rel}","templated":true}]}}