{"id":1608,"date":"2024-04-07T07:46:35","date_gmt":"2024-04-07T07:46:35","guid":{"rendered":"https:\/\/nfc-readers.com\/?post_type=product&#038;p=1608"},"modified":"2024-10-16T02:43:39","modified_gmt":"2024-10-16T02:43:39","slug":"acr1251t-usb-token-nfc-reader-ii","status":"publish","type":"product","link":"https:\/\/nfc-readers.com\/hr\/ic-reader\/acr1251t-usb-token-nfc-reader-ii\/","title":{"rendered":"ACR1251T USB token NFC \u010dita\u010d II"},"content":{"rendered":"<h1>ACR1251T USB token NFC \u010dita\u010d II<\/h1>\n<p>ACR1251T je napredan i brz NFC \u010dita\u010d pametnih kartica, idealan za tvrtke koje tra\u017ee prijenosno i u\u010dinkovito rje\u0161enje. Uz funkciju protiv sudara, \u0161iroku kompatibilnost i dodatne zna\u010dajke jednostavne za kori\u0161tenje, stoji kao robusna opcija za sigurne i brze NFC transakcije u razli\u010ditim radnim okru\u017eenjima.<\/p>\n<ul>\n<li>\n<h2>USB su\u010delje pune brzine<\/h2>\n<\/li>\n<li>\n<h2>CCID uskla\u0111enost<\/h2>\n<\/li>\n<li>\n<h2>\u010cita\u010d pametnih kartica:<\/h2>\n<ul>\n<li>\n<h3>Beskontaktno su\u010delje:<\/h3>\n<ul>\n<li>Brzina \u010ditanja\/pisanja do 424 kbps<\/li>\n<li>Ugra\u0111ena antena za beskontaktni pristup tagu, s udaljenosti \u010ditanja kartice do 30 mm (ovisno o tipu taga)<\/li>\n<li>Podr\u017eava ISO 14443 kartice tipa A i B, MIFARE\u00ae, FeliCa i sve 4 vrste NFC (ISO\/IEC 18092) oznaka<\/li>\n<li>Ugra\u0111ena zna\u010dajka protiv sudara (u svakom trenutku se pristupa samo 1 oznaci)<\/li>\n<li>NFC podr\u0161ka<\/li>\n<li>Na\u010din \u010ditanja\/pisanja kartica<\/li>\n<\/ul>\n<\/li>\n<\/ul>\n<\/li>\n<li>\n<h2>Ugra\u0111ene periferije:<\/h2>\n<ul>\n<li>\n<h3>LED diode:<\/h3>\n<ul>\n<li>Dvobojna LED dioda koju mo\u017ee kontrolirati korisnik<\/li>\n<\/ul>\n<\/li>\n<\/ul>\n<\/li>\n<li>\n<h2>Programsko su\u010delje aplikacije:<\/h2>\n<ul>\n<li>\n<h3>Podr\u017eava PC\/SC<\/h3>\n<\/li>\n<li>\n<h3>Podr\u017eava CT-API (kroz omot na vrhu PC\/SC)<\/h3>\n<\/li>\n<\/ul>\n<\/li>\n<li>\n<h2>Mogu\u0107nost nadogradnje USB firmvera<\/h2>\n<\/li>\n<li>\n<h2>Podr\u017eava Android\u2122 3.1 i novije<\/h2>\n<\/li>\n<li>\n<div>\n<table width=\"582\">\n<tbody>\n<tr>\n<td colspan=\"2\" width=\"582\">Fizi\u010dke karakteristike<\/td>\n<\/tr>\n<tr>\n<td width=\"215\">Dimenzije (mm)<\/td>\n<td width=\"367\">75,0 mm (D) x 30,0 mm (\u0160) x 12,7 mm (V)<\/td>\n<\/tr>\n<tr>\n<td width=\"215\">Te\u017eina (g)<\/td>\n<td width=\"367\">15,8 g<\/td>\n<\/tr>\n<tr>\n<td colspan=\"2\" width=\"582\">USB su\u010delje<\/td>\n<\/tr>\n<tr>\n<td width=\"215\">Protokol<\/td>\n<td width=\"367\">USB CCID<\/td>\n<\/tr>\n<tr>\n<td width=\"215\">Vrsta konektora<\/td>\n<td width=\"367\">Standardni tip A<\/td>\n<\/tr>\n<tr>\n<td width=\"215\">Izvor napajanja<\/td>\n<td width=\"367\">S USB priklju\u010dka<\/td>\n<\/tr>\n<tr>\n<td width=\"215\">Ubrzati<\/td>\n<td width=\"367\">USB pune brzine (12 Mbps)<\/td>\n<\/tr>\n<tr>\n<td colspan=\"2\" width=\"582\">Su\u010delje beskontaktne pametne kartice<\/td>\n<\/tr>\n<tr>\n<td width=\"215\">Standard<\/td>\n<td width=\"367\">ISO\/IEC 18092 NFC, ISO 14443 Tip A &amp; B, MIFARE\u00ae, FeliCa<\/td>\n<\/tr>\n<tr>\n<td rowspan=\"4\" width=\"215\">Protokol<\/td>\n<td width=\"367\">Kartice sukladne ISO14443-4, T=CL<\/td>\n<\/tr>\n<tr>\n<td width=\"367\">MIFARE\u00ae Classic Card Protocol, T=CL<\/td>\n<\/tr>\n<tr>\n<td width=\"367\">ISO 18092, NFC oznake<\/td>\n<\/tr>\n<tr>\n<td width=\"367\">FeliCa<\/td>\n<\/tr>\n<tr>\n<td colspan=\"2\" width=\"582\">Ugra\u0111ene periferije<\/td>\n<\/tr>\n<tr>\n<td width=\"215\">LED<\/td>\n<td width=\"367\">1 dvobojna: zelena i crvena<\/td>\n<\/tr>\n<tr>\n<td colspan=\"2\" width=\"582\">Druge zna\u010dajke<\/td>\n<\/tr>\n<tr>\n<td width=\"215\">Nadogradnja firmvera<\/td>\n<td width=\"367\">Podr\u017eano<\/td>\n<\/tr>\n<tr>\n<td colspan=\"2\" width=\"582\">Certifikati\/sukladnost<\/td>\n<\/tr>\n<tr>\n<td rowspan=\"13\" width=\"215\">Certifikati\/sukladnost<\/td>\n<td width=\"367\">EN 60950\/IEC 60950<\/td>\n<\/tr>\n<tr>\n<td width=\"367\">ISO 18092<\/td>\n<\/tr>\n<tr>\n<td width=\"367\">ISO 14443<\/td>\n<\/tr>\n<tr>\n<td width=\"367\">USB pune brzine<\/td>\n<\/tr>\n<tr>\n<td width=\"367\">PC\/SC<\/td>\n<\/tr>\n<tr>\n<td width=\"367\">CCID<\/td>\n<\/tr>\n<tr>\n<td width=\"367\">VCCI (Japan)<\/td>\n<\/tr>\n<tr>\n<td width=\"367\">MIC (Japan)<\/td>\n<\/tr>\n<tr>\n<td width=\"367\">Microsoft\u00ae WHQL<\/td>\n<\/tr>\n<tr>\n<td width=\"367\">CE<\/td>\n<\/tr>\n<tr>\n<td width=\"367\">FCC<\/td>\n<\/tr>\n<tr>\n<td width=\"367\">RoHS<\/td>\n<\/tr>\n<tr>\n<td width=\"367\">DOHVATITI<\/td>\n<\/tr>\n<tr>\n<td colspan=\"2\" width=\"582\">Podr\u0161ka za operativni sustav upravlja\u010dkog programa ure\u0111aja<\/td>\n<\/tr>\n<tr>\n<td rowspan=\"6\" width=\"215\">Podr\u0161ka za operativni sustav upravlja\u010dkog programa ure\u0111aja<\/td>\n<td width=\"367\">Windows\u00ae CE<\/td>\n<\/tr>\n<tr>\n<td width=\"367\">Windows\u00ae<\/td>\n<\/tr>\n<tr>\n<td width=\"367\">Linux\u00ae<\/td>\n<\/tr>\n<tr>\n<td width=\"367\">MAC OS\u00ae 10.7 i noviji<\/td>\n<\/tr>\n<tr>\n<td width=\"367\">Solaris<\/td>\n<\/tr>\n<tr>\n<td width=\"367\">Android\u2122 3.1 i noviji<\/td>\n<\/tr>\n<\/tbody>\n<\/table>\n<\/div>\n<\/li>\n<\/ul>","protected":false},"excerpt":{"rendered":"<p>ACR1251T je brzi prijenosni NFC \u010dita\u010d pametnih kartica, kompatibilan s NFC &amp; ISO\/IEC 18092, osiguravaju\u0107i u\u010dinkovito \u010ditanje kartica u razli\u010ditim sustavima.<\/p>","protected":false},"featured_media":1609,"template":"","meta":[],"product_brand":[],"product_cat":[45,40],"product_tag":[],"class_list":{"0":"post-1608","1":"product","2":"type-product","3":"status-publish","4":"has-post-thumbnail","6":"product_cat-contactless-nfc-reader","7":"product_cat-rfid-nfc-reader","9":"first","10":"instock","11":"shipping-taxable","12":"product-type-simple"},"_links":{"self":[{"href":"https:\/\/nfc-readers.com\/hr\/wp-json\/wp\/v2\/product\/1608","targetHints":{"allow":["GET"]}}],"collection":[{"href":"https:\/\/nfc-readers.com\/hr\/wp-json\/wp\/v2\/product"}],"about":[{"href":"https:\/\/nfc-readers.com\/hr\/wp-json\/wp\/v2\/types\/product"}],"wp:featuredmedia":[{"embeddable":true,"href":"https:\/\/nfc-readers.com\/hr\/wp-json\/wp\/v2\/media\/1609"}],"wp:attachment":[{"href":"https:\/\/nfc-readers.com\/hr\/wp-json\/wp\/v2\/media?parent=1608"}],"wp:term":[{"taxonomy":"product_brand","embeddable":true,"href":"https:\/\/nfc-readers.com\/hr\/wp-json\/wp\/v2\/product_brand?post=1608"},{"taxonomy":"product_cat","embeddable":true,"href":"https:\/\/nfc-readers.com\/hr\/wp-json\/wp\/v2\/product_cat?post=1608"},{"taxonomy":"product_tag","embeddable":true,"href":"https:\/\/nfc-readers.com\/hr\/wp-json\/wp\/v2\/product_tag?post=1608"}],"curies":[{"name":"wp","href":"https:\/\/api.w.org\/{rel}","templated":true}]}}