{"id":1619,"date":"2024-04-07T07:56:40","date_gmt":"2024-04-07T07:56:40","guid":{"rendered":"https:\/\/nfc-readers.com\/?post_type=product&#038;p=1619"},"modified":"2024-10-16T02:33:14","modified_gmt":"2024-10-16T02:33:14","slug":"acm39u-y3-smart-card-reader-module","status":"publish","type":"product","link":"https:\/\/nfc-readers.com\/hr\/ic-reader\/acm39u-y3-smart-card-reader-module\/","title":{"rendered":"ACM39U-Y3 modul \u010dita\u010da pametnih kartica"},"content":{"rendered":"<h1>ACM39U-Y3 modul \u010dita\u010da pametnih kartica<\/h1>\n<p>ACM39U-Y3 je fleksibilan modul koji se lako instalira i podr\u017eava \u0161irok raspon platformi i su\u010delja, \u0161to ga \u010dini idealnim za rje\u0161enja ugra\u0111enih pametnih kartica. Tako\u0111er nudi mogu\u0107nost integracije modula sigurnog pristupa (SAM) za pobolj\u0161anu sigurnost.<\/p>\n<ul>\n<li>\n<h2>USB 2.0 su\u010delje pune brzine<\/h2>\n<\/li>\n<li>\n<h2>Plug and Play \u2013 CCID podr\u0161ka donosi najve\u0107u mobilnost<\/h2>\n<\/li>\n<li>\n<h2>\u010cita\u010d pametnih kartica:<\/h2>\n<ul>\n<li>\n<h3>Podr\u017eava ISO 7816 kartice klase A, B i C (5 V, 3 V, 1,8 V)<\/h3>\n<\/li>\n<li>\n<h3>Podr\u017eava CAC (Common Access Card)<\/h3>\n<\/li>\n<li>\n<h3>Podr\u017eava SIPRNET karticu<\/h3>\n<\/li>\n<li>\n<h3>Podr\u017eava J-LIS karticu<\/h3>\n<\/li>\n<li>\n<h3>Podr\u017eava mikroprocesorske kartice s T=0 ili T=1 protokolom<\/h3>\n<\/li>\n<li>\n<h3>Podr\u017eava memorijske kartice<\/h3>\n<\/li>\n<li>\n<h3>Podr\u017eava PPS (Protokol i odabir parametara)<\/h3>\n<\/li>\n<li>\n<h3>Sadr\u017ei za\u0161titu od kratkog spoja<\/h3>\n<\/li>\n<\/ul>\n<\/li>\n<li>\n<h2>Programsko su\u010delje aplikacije:<\/h2>\n<ul>\n<li>\n<h3>Podr\u017eava PC\/SC<\/h3>\n<\/li>\n<li>\n<h3>Podr\u017eava CT-API (kroz omot na vrhu PC\/SC)<\/h3>\n<\/li>\n<\/ul>\n<\/li>\n<li>\n<h2>Podr\u017eava Android\u2122 3.1 i novije<\/h2>\n<\/li>\n<li>\n<div>\n<table width=\"491\">\n<tbody>\n<tr>\n<td colspan=\"2\" width=\"491\">Fizi\u010dke karakteristike<\/td>\n<\/tr>\n<tr>\n<td width=\"172\">Dimenzije (mm)<\/td>\n<td width=\"319\">70,0 mm (D) \u00d7 82,0 mm (\u0160) \u00d7 10,0 mm (V)<\/td>\n<\/tr>\n<tr>\n<td width=\"172\">Te\u017eina (g)<\/td>\n<td width=\"319\">32 g<\/td>\n<\/tr>\n<tr>\n<td colspan=\"2\" width=\"491\">USB su\u010delje<\/td>\n<\/tr>\n<tr>\n<td width=\"172\">Protokol<\/td>\n<td width=\"319\">USB CCID<\/td>\n<\/tr>\n<tr>\n<td rowspan=\"2\" width=\"172\">Vrsta konektora<\/td>\n<td width=\"319\">1 x 5 pinski konektor zaglavlja;<\/td>\n<\/tr>\n<tr>\n<td width=\"319\">2 x 3 igle zaglavni konektor<\/td>\n<\/tr>\n<tr>\n<td width=\"172\">Izvor napajanja<\/td>\n<td width=\"319\">S USB priklju\u010dka<\/td>\n<\/tr>\n<tr>\n<td width=\"172\">Ubrzati<\/td>\n<td width=\"319\">USB pune brzine (12 Mbps)<\/td>\n<\/tr>\n<tr>\n<td colspan=\"2\" width=\"491\">Kontaktirajte su\u010delje pametne kartice<\/td>\n<\/tr>\n<tr>\n<td width=\"172\">Broj utora<\/td>\n<td width=\"319\">1 utor za karticu pune veli\u010dine<\/td>\n<\/tr>\n<tr>\n<td width=\"172\">Standard<\/td>\n<td width=\"319\">ISO 7816, dijelovi 1-4, klasa A, B, C (5 V, 3 V, 1,8 V)<\/td>\n<\/tr>\n<tr>\n<td width=\"172\">Protokol<\/td>\n<td width=\"319\">T=0; T=1; Podr\u0161ka za memorijsku karticu<\/td>\n<\/tr>\n<tr>\n<td width=\"172\">Drugi<\/td>\n<td width=\"319\">CAC, PIV, SIPRNET, J-LIS pametne kartice<\/td>\n<\/tr>\n<tr>\n<td colspan=\"2\" width=\"491\">Certifikati\/sukladnost<\/td>\n<\/tr>\n<tr>\n<td rowspan=\"12\" width=\"172\">Certifikati\/sukladnost<\/td>\n<td width=\"319\">EN60950\/IEC 60950<\/td>\n<\/tr>\n<tr>\n<td width=\"319\">ISO 7816<\/td>\n<\/tr>\n<tr>\n<td width=\"319\">USB pune brzine<\/td>\n<\/tr>\n<tr>\n<td width=\"319\">EMV\u2122 razina 1 (kontakt)<\/td>\n<\/tr>\n<tr>\n<td width=\"319\">PC\/SC<\/td>\n<\/tr>\n<tr>\n<td width=\"319\">CCID<\/td>\n<\/tr>\n<tr>\n<td width=\"319\">CE<\/td>\n<\/tr>\n<tr>\n<td width=\"319\">FCC<\/td>\n<\/tr>\n<tr>\n<td width=\"319\">WEEE<\/td>\n<\/tr>\n<tr>\n<td width=\"319\">RoHS<\/td>\n<\/tr>\n<tr>\n<td width=\"319\">DOHVATITI<\/td>\n<\/tr>\n<tr>\n<td width=\"319\">Microsoft\u00ae WHQL<\/td>\n<\/tr>\n<tr>\n<td colspan=\"2\" width=\"491\">Podr\u0161ka za operativni sustav upravlja\u010dkog programa ure\u0111aja<\/td>\n<\/tr>\n<tr>\n<td rowspan=\"5\" width=\"172\">Podr\u0161ka za operativni sustav upravlja\u010dkog programa ure\u0111aja<\/td>\n<td width=\"319\">Windows\u00ae<\/td>\n<\/tr>\n<tr>\n<td width=\"319\">Linux\u00ae<\/td>\n<\/tr>\n<tr>\n<td width=\"319\">MAC OS\u00ae<\/td>\n<\/tr>\n<tr>\n<td width=\"319\">Android\u2122<\/td>\n<\/tr>\n<tr>\n<td width=\"319\">Solaris<\/td>\n<\/tr>\n<\/tbody>\n<\/table>\n<\/div>\n<\/li>\n<\/ul>","protected":false},"excerpt":{"rendered":"<p>ACM39U-Y3 je brzi USB modul \u010dita\u010da kontakata za aplikacije pametnih kartica, podr\u017eava razli\u010dite operativne sustave i opcijski \u010dita\u010d SAM kartica.<\/p>","protected":false},"featured_media":1620,"template":"","meta":[],"product_brand":[],"product_cat":[41],"product_tag":[],"class_list":{"0":"post-1619","1":"product","2":"type-product","3":"status-publish","4":"has-post-thumbnail","6":"product_cat-module-ic-reader","8":"first","9":"instock","10":"shipping-taxable","11":"product-type-simple"},"_links":{"self":[{"href":"https:\/\/nfc-readers.com\/hr\/wp-json\/wp\/v2\/product\/1619","targetHints":{"allow":["GET"]}}],"collection":[{"href":"https:\/\/nfc-readers.com\/hr\/wp-json\/wp\/v2\/product"}],"about":[{"href":"https:\/\/nfc-readers.com\/hr\/wp-json\/wp\/v2\/types\/product"}],"wp:featuredmedia":[{"embeddable":true,"href":"https:\/\/nfc-readers.com\/hr\/wp-json\/wp\/v2\/media\/1620"}],"wp:attachment":[{"href":"https:\/\/nfc-readers.com\/hr\/wp-json\/wp\/v2\/media?parent=1619"}],"wp:term":[{"taxonomy":"product_brand","embeddable":true,"href":"https:\/\/nfc-readers.com\/hr\/wp-json\/wp\/v2\/product_brand?post=1619"},{"taxonomy":"product_cat","embeddable":true,"href":"https:\/\/nfc-readers.com\/hr\/wp-json\/wp\/v2\/product_cat?post=1619"},{"taxonomy":"product_tag","embeddable":true,"href":"https:\/\/nfc-readers.com\/hr\/wp-json\/wp\/v2\/product_tag?post=1619"}],"curies":[{"name":"wp","href":"https:\/\/api.w.org\/{rel}","templated":true}]}}