{"id":1623,"date":"2024-04-07T07:59:43","date_gmt":"2024-04-07T07:59:43","guid":{"rendered":"https:\/\/nfc-readers.com\/?post_type=product&#038;p=1623"},"modified":"2024-09-29T07:34:42","modified_gmt":"2024-09-29T07:34:42","slug":"acr40t-type-a-usb-sim-sized-smart-card-reader","status":"publish","type":"product","link":"https:\/\/nfc-readers.com\/hr\/ic-reader\/acr40t-type-a-usb-sim-sized-smart-card-reader\/","title":{"rendered":"ACR40T Type-A USB \u010dita\u010d pametnih kartica veli\u010dine SIM-a (uklju\u010deni ugra\u0111eni gumb i petlja)"},"content":{"rendered":"<h1>ACR40T Type-A USB \u010dita\u010d pametnih kartica veli\u010dine SIM-a (uklju\u010deni ugra\u0111eni gumb i petlja)<\/h1>\n<p>ACR40T je visoko u\u010dinkovit i a\u017euriran \u010dita\u010d pametnih kartica koji nudi \u0161iroku kompatibilnost s ISO 7816 pametnim karticama i raznim memorijskim karticama, s utorom za pametne kartice koji je jednostavan za kori\u0161tenje u izrazito malom dizajnu.<\/p>\n<ul>\n<li>\n<h2><strong>Podr\u017eava razne vrste kontakt kartica<\/strong><\/h2>\n<ul>\n<li>\n<h3>ISO 7816 klasa A, B i C (5 V, 3 V i 1,8 V)<\/h3>\n<\/li>\n<li>\n<h3>Mikroprocesorska kartica (T=0, T=1)<\/h3>\n<\/li>\n<li>\n<h3>Memorijska kartica<\/h3>\n<\/li>\n<li>\n<h3>Sadr\u017ei za\u0161titu od kratkog spoja<\/h3>\n<\/li>\n<\/ul>\n<\/li>\n<li>\n<h2><strong>Programsko su\u010delje aplikacije:<\/strong><\/h2>\n<ul>\n<li>\n<h3>Podr\u017eava PC\/SC<\/h3>\n<\/li>\n<\/ul>\n<\/li>\n<li>\n<h2><strong>Ugra\u0111ene periferije<\/strong><\/h2>\n<ul>\n<li>\n<h3>1 x programabilni LED (zeleni)<\/h3>\n<\/li>\n<li>\n<table width=\"591\">\n<tbody>\n<tr>\n<td colspan=\"2\" width=\"591\">Fizi\u010dke karakteristike<\/td>\n<\/tr>\n<tr>\n<td rowspan=\"2\" width=\"266\">Dimenzije (mm)<\/td>\n<td width=\"325\">ACR40T-A1: 48,9 mm (D) \u00d7 17,7 mm (\u0160) \u00d7 8,0 mm (V)<\/td>\n<\/tr>\n<tr>\n<td width=\"325\">ACR40T-A5: 44,7 mm (D) \u00d7 17,7 mm (\u0160) \u00d7 8,0 mm (V)<\/td>\n<\/tr>\n<tr>\n<td rowspan=\"2\" width=\"266\">Te\u017eina (g)<\/td>\n<td width=\"325\">ACR40T-A1: 6,8 g \u00b1 1,0 g<\/td>\n<\/tr>\n<tr>\n<td width=\"325\">ACR40T-A5: 5,3 g \u00b1 1,0 g<\/td>\n<\/tr>\n<tr>\n<td colspan=\"2\" width=\"591\">USB su\u010delje<\/td>\n<\/tr>\n<tr>\n<td width=\"266\">Protokol<\/td>\n<td width=\"325\">USB CCID<\/td>\n<\/tr>\n<tr>\n<td rowspan=\"2\" width=\"266\">Vrsta konektora<\/td>\n<td width=\"325\">USB tipa A<\/td>\n<\/tr>\n<tr>\n<td width=\"325\">USB Type-C<\/td>\n<\/tr>\n<tr>\n<td width=\"266\">Izvor napajanja<\/td>\n<td width=\"325\">S USB priklju\u010dka<\/td>\n<\/tr>\n<tr>\n<td width=\"266\">Ubrzati<\/td>\n<td width=\"325\">USB pune brzine (12 Mbps)<\/td>\n<\/tr>\n<tr>\n<td colspan=\"2\" width=\"591\">Kontaktirajte su\u010delje pametne kartice<\/td>\n<\/tr>\n<tr>\n<td width=\"266\">Broj utora<\/td>\n<td width=\"325\">1 utor za SIM karticu (2FF)<\/td>\n<\/tr>\n<tr>\n<td width=\"266\">Protokol<\/td>\n<td width=\"325\">T=0; T=1<\/td>\n<\/tr>\n<tr>\n<td colspan=\"2\" width=\"591\">Ugra\u0111ene periferije<\/td>\n<\/tr>\n<tr>\n<td width=\"266\">LED<\/td>\n<td width=\"325\">zelena<\/td>\n<\/tr>\n<tr>\n<td colspan=\"2\" width=\"591\">Druge zna\u010dajke<\/td>\n<\/tr>\n<tr>\n<td width=\"266\">Druge zna\u010dajke<\/td>\n<td width=\"325\">Podr\u017eava nadogradnju firmvera<\/td>\n<\/tr>\n<tr>\n<td colspan=\"2\" width=\"591\">Certifikati\/sukladnost<\/td>\n<\/tr>\n<tr>\n<td rowspan=\"12\" width=\"266\">Certifikati\/sukladnost<\/td>\n<td width=\"325\">Certifikati:<\/td>\n<\/tr>\n<tr>\n<td width=\"325\">UL 62368<\/td>\n<\/tr>\n<tr>\n<td width=\"325\">CE<\/td>\n<\/tr>\n<tr>\n<td width=\"325\">UKCA<\/td>\n<\/tr>\n<tr>\n<td width=\"325\">FCC<\/td>\n<\/tr>\n<tr>\n<td width=\"325\">RoHS<\/td>\n<\/tr>\n<tr>\n<td width=\"325\">DOHVATITI<\/td>\n<\/tr>\n<tr>\n<td width=\"325\">VCCI<\/td>\n<\/tr>\n<tr>\n<td width=\"325\">Microsoft\u00ae WHQL<\/td>\n<\/tr>\n<tr>\n<td width=\"325\">Sukladnosti:<\/td>\n<\/tr>\n<tr>\n<td width=\"325\">USB CCID<\/td>\n<\/tr>\n<tr>\n<td width=\"325\">PC\/SC<\/td>\n<\/tr>\n<tr>\n<td colspan=\"2\" width=\"591\">Podr\u0161ka za operativni sustav upravlja\u010dkog programa ure\u0111aja<\/td>\n<\/tr>\n<tr>\n<td rowspan=\"4\" width=\"266\">Podr\u0161ka za operativni sustav upravlja\u010dkog programa ure\u0111aja<\/td>\n<td width=\"325\">Windows\u00ae<\/td>\n<\/tr>\n<tr>\n<td width=\"325\">Linux\u00ae<\/td>\n<\/tr>\n<tr>\n<td width=\"325\">macOS<\/td>\n<\/tr>\n<tr>\n<td width=\"325\">Android\u2122<\/td>\n<\/tr>\n<\/tbody>\n<\/table>\n<\/li>\n<\/ul>\n<\/li>\n<\/ul>","protected":false},"excerpt":{"rendered":"<p>ACR40T je brzi USB \u010dita\u010d kontakata prilago\u0111en za kartice veli\u010dine SIM-a, nudi a\u017euriranje firmvera i kompatibilnost s raznim pametnim i memorijskim karticama.<\/p>","protected":false},"featured_media":1624,"template":"","meta":[],"product_brand":[],"product_cat":[39],"product_tag":[],"class_list":{"0":"post-1623","1":"product","2":"type-product","3":"status-publish","4":"has-post-thumbnail","6":"product_cat-usb-ic-smartcard-reader","8":"first","9":"instock","10":"shipping-taxable","11":"product-type-simple"},"_links":{"self":[{"href":"https:\/\/nfc-readers.com\/hr\/wp-json\/wp\/v2\/product\/1623","targetHints":{"allow":["GET"]}}],"collection":[{"href":"https:\/\/nfc-readers.com\/hr\/wp-json\/wp\/v2\/product"}],"about":[{"href":"https:\/\/nfc-readers.com\/hr\/wp-json\/wp\/v2\/types\/product"}],"wp:featuredmedia":[{"embeddable":true,"href":"https:\/\/nfc-readers.com\/hr\/wp-json\/wp\/v2\/media\/1624"}],"wp:attachment":[{"href":"https:\/\/nfc-readers.com\/hr\/wp-json\/wp\/v2\/media?parent=1623"}],"wp:term":[{"taxonomy":"product_brand","embeddable":true,"href":"https:\/\/nfc-readers.com\/hr\/wp-json\/wp\/v2\/product_brand?post=1623"},{"taxonomy":"product_cat","embeddable":true,"href":"https:\/\/nfc-readers.com\/hr\/wp-json\/wp\/v2\/product_cat?post=1623"},{"taxonomy":"product_tag","embeddable":true,"href":"https:\/\/nfc-readers.com\/hr\/wp-json\/wp\/v2\/product_tag?post=1623"}],"curies":[{"name":"wp","href":"https:\/\/api.w.org\/{rel}","templated":true}]}}