{"id":1626,"date":"2024-04-07T08:02:18","date_gmt":"2024-04-07T08:02:18","guid":{"rendered":"https:\/\/nfc-readers.com\/?post_type=product&#038;p=1626"},"modified":"2024-09-29T07:31:36","modified_gmt":"2024-09-29T07:31:36","slug":"acr40u-high-speed-contact-reader-writer","status":"publish","type":"product","link":"https:\/\/nfc-readers.com\/hr\/ic-reader\/acr40u-high-speed-contact-reader-writer\/","title":{"rendered":"ACR40U Brzi kontakt \u010dita\u010d pisa\u010d"},"content":{"rendered":"<h1>ACR40U Brzi kontakt \u010dita\u010d pisa\u010d<\/h1>\n<p>\u010dita\u010d pametnih kartica ACR40U nudi sofisticirano rje\u0161enje za sigurne digitalne transakcije i kontrolu pristupa, nagla\u0161avaju\u0107i brzinu, izdr\u017eljivost i jednostavnost kori\u0161tenja na razli\u010ditim platformama i aplikacijama.<\/p>\n<ul>\n<li>\n<h2>USB 2.0 su\u010delje pune brzine<\/h2>\n<\/li>\n<li>\n<h2>USB tipa A<\/h2>\n<\/li>\n<li>\n<h2>Plug and Play \u2013 CCID podr\u0161ka donosi najve\u0107u mobilnost<\/h2>\n<\/li>\n<li>\n<h2>\u010cita\u010d pametnih kartica:<\/h2>\n<\/li>\n<li>\n<h2>Podr\u017eava ISO 7816 kartice klase A, B i C (5 V, 3 V, 1,8 V)<\/h2>\n<ul>\n<li>\n<h3>Podr\u017eava CAC<\/h3>\n<\/li>\n<li>\n<h3>Podr\u017eava SIPRNET karticu<\/h3>\n<\/li>\n<li>\n<h3>Podr\u017eava MyKad<\/h3>\n<\/li>\n<li>\n<h3>Podr\u017eava J-LIS karticu<\/h3>\n<\/li>\n<li>\n<h3>Podr\u017eava mikroprocesorske kartice s T=0 ili T=1 protokolom<\/h3>\n<\/li>\n<li>\n<h3>Podr\u017eava memorijske kartice<\/h3>\n<\/li>\n<li>\n<h3>Podr\u017eava PPS (Protokol i odabir parametara)<\/h3>\n<\/li>\n<li>\n<h3>Sadr\u017ei za\u0161titu od kratkog spoja<\/h3>\n<\/li>\n<\/ul>\n<\/li>\n<li>\n<h2>Programsko su\u010delje aplikacije:<\/h2>\n<ul>\n<li>\n<h3>Podr\u017eava PC\/SC<\/h3>\n<\/li>\n<li>\n<h3>Podr\u017eava CT-API<\/h3>\n<\/li>\n<\/ul>\n<\/li>\n<li>\n<h2>Podr\u017eava sve glavne operativne sustave<\/h2>\n<ul>\n<li>\n<h3>Windows\u00ae, Linux\u00ae, macOS, iOS, iPadOS, Android\u2122, Solaris\u2122<\/h3>\n<\/li>\n<li>\n<div>\n<table width=\"566\">\n<tbody>\n<tr>\n<td colspan=\"2\" width=\"566\">Fizi\u010dke karakteristike<\/td>\n<\/tr>\n<tr>\n<td width=\"207\">Dimenzije (mm)<\/td>\n<td width=\"359\">55 mm (D) \u00d7 65,0 mm (\u0160) \u00d7 9,0 mm (V)<\/td>\n<\/tr>\n<tr>\n<td width=\"207\">Te\u017eina (g)<\/td>\n<td width=\"359\">40,0 g \u00b1 5,0 g<\/td>\n<\/tr>\n<tr>\n<td colspan=\"2\" width=\"566\">USB su\u010delje<\/td>\n<\/tr>\n<tr>\n<td width=\"207\">Protokol<\/td>\n<td width=\"359\">USB CCID<\/td>\n<\/tr>\n<tr>\n<td width=\"207\">Vrsta konektora<\/td>\n<td width=\"359\">Standardni tip A, tip C<\/td>\n<\/tr>\n<tr>\n<td width=\"207\">Izvor napajanja<\/td>\n<td width=\"359\">S USB priklju\u010dka<\/td>\n<\/tr>\n<tr>\n<td width=\"207\">Ubrzati<\/td>\n<td width=\"359\">USB 2.0 pune brzine (12 Mbps)<\/td>\n<\/tr>\n<tr>\n<td width=\"207\">Du\u017eina kabela<\/td>\n<td width=\"359\">1 m, fiksno<\/td>\n<\/tr>\n<tr>\n<td colspan=\"2\" width=\"566\">Kontaktirajte su\u010delje pametne kartice<\/td>\n<\/tr>\n<tr>\n<td width=\"207\">Broj utora<\/td>\n<td width=\"359\">1 utor za karticu pune veli\u010dine<\/td>\n<\/tr>\n<tr>\n<td width=\"207\">Standard<\/td>\n<td width=\"359\">ISO 7816, dijelovi 1-4, klasa A, B, C (5 V, 3 V, 1,8 V)<\/td>\n<\/tr>\n<tr>\n<td width=\"207\">Protokol<\/td>\n<td width=\"359\">T=0; T=1; Podr\u0161ka za memorijsku karticu<\/td>\n<\/tr>\n<tr>\n<td width=\"207\">Drugi<\/td>\n<td width=\"359\">Mykad, CAC, J-LIS, SIPRNET kartica<\/td>\n<\/tr>\n<tr>\n<td colspan=\"2\" width=\"566\">Certifikati\/sukladnost<\/td>\n<\/tr>\n<tr>\n<td rowspan=\"17\" width=\"207\">Certifikati\/sukladnost<\/td>\n<td width=\"359\">EN62368\/IEC 62368<\/td>\n<\/tr>\n<tr>\n<td width=\"359\">CE<\/td>\n<\/tr>\n<tr>\n<td width=\"359\">FCC<\/td>\n<\/tr>\n<tr>\n<td width=\"359\">RoHS<\/td>\n<\/tr>\n<tr>\n<td width=\"359\">DOHVATITI<\/td>\n<\/tr>\n<tr>\n<td width=\"359\">EMV\u2122 razina 1 (kontakt)<\/td>\n<\/tr>\n<tr>\n<td width=\"359\">UL 62368<\/td>\n<\/tr>\n<tr>\n<td width=\"359\">J-LIS<\/td>\n<\/tr>\n<tr>\n<td width=\"359\">KC<\/td>\n<\/tr>\n<tr>\n<td width=\"359\">PBOC razina 1 (kontakt)<\/td>\n<\/tr>\n<tr>\n<td width=\"359\">TAA<\/td>\n<\/tr>\n<tr>\n<td width=\"359\">UKCA<\/td>\n<\/tr>\n<tr>\n<td width=\"359\">UL<\/td>\n<\/tr>\n<tr>\n<td width=\"359\">VCCI<\/td>\n<\/tr>\n<tr>\n<td width=\"359\">WEEE<\/td>\n<\/tr>\n<tr>\n<td width=\"359\">USB 2.0 pune brzine<\/td>\n<\/tr>\n<tr>\n<td width=\"359\">Microsoft\u00ae WHQL<\/td>\n<\/tr>\n<tr>\n<td colspan=\"2\" width=\"566\">Podr\u0161ka za operativni sustav upravlja\u010dkog programa ure\u0111aja<\/td>\n<\/tr>\n<tr>\n<td rowspan=\"7\" width=\"207\">Podr\u0161ka za operativni sustav upravlja\u010dkog programa ure\u0111aja<\/td>\n<td width=\"359\">Windows\u00ae<\/td>\n<\/tr>\n<tr>\n<td width=\"359\">Linux\u00ae<\/td>\n<\/tr>\n<tr>\n<td width=\"359\">macOS<\/td>\n<\/tr>\n<tr>\n<td width=\"359\">IOS<\/td>\n<\/tr>\n<tr>\n<td width=\"359\">iPadOS<\/td>\n<\/tr>\n<tr>\n<td width=\"359\">Android\u2122<\/td>\n<\/tr>\n<tr>\n<td width=\"359\">Solaris\u2122<\/td>\n<\/tr>\n<\/tbody>\n<\/table>\n<\/div>\n<\/li>\n<\/ul>\n<\/li>\n<\/ul>","protected":false},"excerpt":{"rendered":"<p>ACR40U je brzi USB \u010dita\u010d kontakata koji podr\u017eava EMV kartice, nude\u0107i pouzdanu izvedbu i kompatibilnost na vi\u0161e operativnih sustava za razli\u010dite aplikacije.<\/p>","protected":false},"featured_media":1628,"template":"","meta":[],"product_brand":[],"product_cat":[39],"product_tag":[],"class_list":{"0":"post-1626","1":"product","2":"type-product","3":"status-publish","4":"has-post-thumbnail","6":"product_cat-usb-ic-smartcard-reader","8":"first","9":"instock","10":"shipping-taxable","11":"product-type-simple"},"_links":{"self":[{"href":"https:\/\/nfc-readers.com\/hr\/wp-json\/wp\/v2\/product\/1626","targetHints":{"allow":["GET"]}}],"collection":[{"href":"https:\/\/nfc-readers.com\/hr\/wp-json\/wp\/v2\/product"}],"about":[{"href":"https:\/\/nfc-readers.com\/hr\/wp-json\/wp\/v2\/types\/product"}],"wp:featuredmedia":[{"embeddable":true,"href":"https:\/\/nfc-readers.com\/hr\/wp-json\/wp\/v2\/media\/1628"}],"wp:attachment":[{"href":"https:\/\/nfc-readers.com\/hr\/wp-json\/wp\/v2\/media?parent=1626"}],"wp:term":[{"taxonomy":"product_brand","embeddable":true,"href":"https:\/\/nfc-readers.com\/hr\/wp-json\/wp\/v2\/product_brand?post=1626"},{"taxonomy":"product_cat","embeddable":true,"href":"https:\/\/nfc-readers.com\/hr\/wp-json\/wp\/v2\/product_cat?post=1626"},{"taxonomy":"product_tag","embeddable":true,"href":"https:\/\/nfc-readers.com\/hr\/wp-json\/wp\/v2\/product_tag?post=1626"}],"curies":[{"name":"wp","href":"https:\/\/api.w.org\/{rel}","templated":true}]}}