{"id":1909,"date":"2024-10-15T13:42:27","date_gmt":"2024-10-15T13:42:27","guid":{"rendered":"https:\/\/nfc-readers.com\/?post_type=product&#038;p=1909"},"modified":"2024-10-28T15:36:29","modified_gmt":"2024-10-28T15:36:29","slug":"acr1222l-contactless-rfid-nfc-reader-writer","status":"publish","type":"product","link":"https:\/\/nfc-readers.com\/hr\/ic-reader\/acr1222l-contactless-rfid-nfc-reader-writer\/","title":{"rendered":"ACR1222L beskontaktni RFID NFC \u010dita\u010d za pisanje"},"content":{"rendered":"<p><iframe loading=\"lazy\" title=\"ACR1222L NFC \u010dita\u010d\" width=\"1020\" height=\"765\" src=\"https:\/\/www.youtube.com\/embed\/i-7zrKP8WJo?feature=oembed\" frameborder=\"0\" allow=\"accelerometer; autoplay; clipboard-write; encrypted-media; gyroscope; picture-in-picture; web-share\" referrerpolicy=\"strict-origin-when-cross-origin\" allowfullscreen><\/iframe><\/p>\n<div>\n<h1><strong>ACR1222L beskontaktni RFID NFC \u010dita\u010d za pisanje<\/strong><\/h1>\n<p>The\u00a0<strong>ACR1222L beskontaktni RFID NFC \u010dita\u010d za pisanje<\/strong>\u00a0vrhunski je ure\u0111aj dizajniran za besprijekornu interakciju sa \u0161irokim rasponom beskontaktnih pametnih kartica i NFC oznaka. Uz integraciju napredne tehnologije i zna\u010dajke jednostavne za kori\u0161tenje, ovo\u00a0<strong>NFC \u010dita\u010d<\/strong>\u00a0idealan je za razne aplikacije, uklju\u010duju\u0107i sigurnu kontrolu pristupa, beskontaktno pla\u0107anje i prikupljanje podataka. Ako \u017eelite unaprijediti svoje poslovanje pouzdanim i u\u010dinkovitim\u00a0<strong>\u010dita\u010d kartica<\/strong>, ACR1222L vrijedi razmotriti.<\/p>\n<p>Ovaj ure\u0111aj nudi iznimnu kompatibilnost s vi\u0161estrukim NFC oznakama i pametnim karticama, poma\u017eu\u0107i tvrtkama u postizanju pojednostavljenih transakcija i pobolj\u0161anog anga\u017emana korisnika. Prednosti ulaganja u ACR1222L uklju\u010duju njegove napredne sigurnosne zna\u010dajke, interaktivno su\u010delje s ugra\u0111enim LCD zaslonom i opse\u017enu podr\u0161ku za razli\u010dite vrste kartica. Saznajte vi\u0161e o tome za\u0161to je ovaj ure\u0111aj nezaobilazan za tvrtke koje \u017eele iskoristiti snagu\u00a0<strong>RFID<\/strong>\u00a0tehnologija.<\/p>\n<h3>1. Sveobuhvatna kompatibilnost s vi\u0161estrukim NFC tehnologijama<\/h3>\n<p>ACR1222L izgra\u0111en je na naprednom\u00a0<strong>13,56 MHz RFID tehnologija<\/strong>, osiguravaju\u0107i kompatibilnost sa \u0161irokim spektrom beskontaktnih kartica i\u00a0<strong>NFC<\/strong>\u00a0oznake. Ovo uklju\u010duje\u00a0<strong>ISO 14443 kartice tipa A i B, MIFARE<\/strong>, FeliCa i sve \u010detiri vrste NFC oznaka. Takva svestranost \u010dini ACR1222L bitnim alatom za tvrtke koje \u017eele integrirati beskontaktnu tehnologiju u svoje poslovanje.<\/p>\n<p>\u0160tovi\u0161e,\u00a0<strong>ACR1222L<\/strong>\u00a0podr\u017eava\u00a0<strong>NFC funkcionalnosti<\/strong>\u00a0koji mu omogu\u0107uju u\u010dinkovito \u010ditanje i pisanje NFC oznaka. Ova mogu\u0107nost mo\u017ee biti posebno korisna za tvrtke koje koriste\u00a0<strong>pametni telefon<\/strong>\u00a0transakcije, kao npr\u00a0<strong>Google Pay<\/strong>, omogu\u0107uju\u0107i glatku obradu pla\u0107anja putem ure\u0111aja koji podr\u017eavaju NFC. Bilo da radite s tradicionalnim RFID karticama ili najnovijim\u00a0<strong>NFC \u010dipovi<\/strong>, ovaj se ure\u0111aj isti\u010de kao najbolji izbor na tr\u017ei\u0161tu.<\/p>\n<h3>2. Pobolj\u0161ane sigurnosne zna\u010dajke za sigurne transakcije<\/h3>\n<p>Sigurnost je najve\u0107a briga za svaku organizaciju koja radi s osjetljivim podacima. Zna\u010dajke ACR1222L\u00a0<strong>tri modula sigurnog pristupa (SAM) uskla\u0111ena sa standardom ISO 7816<\/strong>\u00a0utora, pru\u017eaju\u0107i pobolj\u0161anu sigurnost za beskontaktne operacije. Ovi SAM utori omogu\u0107uju sigurno upravljanje kriptografskim klju\u010devima i osiguravaju da se obra\u0111uju samo ovla\u0161tene transakcije.<\/p>\n<p>S ugra\u0111enom tehnologijom protiv sudara, ACR1222L mo\u017ee rukovati s vi\u0161e NFC kartica istovremeno, osiguravaju\u0107i da se u svakom trenutku pristupa samo jednoj oznaci. Ova zna\u010dajka pobolj\u0161ava integritet podataka i smanjuje rizik od neovla\u0161tenog pristupa, kriti\u010dnog razmatranja za sustave kontrole pristupa i financijske transakcije. Kao rezultat toga, ovo\u00a0<strong>NFC \u010dita\u010d<\/strong>\u00a0ne samo da zadovoljava ve\u0107 i prema\u0161uje industrijske standarde za sigurnost.<\/p>\n<h3>3. Intuitivno korisni\u010dko su\u010delje za besprijekornu interakciju<\/h3>\n<p>ACR1222L je opremljen sa\u00a0<strong>dvoredni grafi\u010dki LCD<\/strong>\u00a0koji podr\u017eava vi\u0161e jezika, uklju\u010duju\u0107i kineski, engleski, japanski i nekoliko europskih jezika. Ova vi\u0161ejezi\u010dna podr\u0161ka olak\u0161ava interakciju za raznoliku bazu korisnika, osiguravaju\u0107i da svi korisnici mogu razumjeti ure\u0111aj i njegove funkcije.<\/p>\n<p>Dodatno, interaktivni LCD omogu\u0107uje korisnicima da se kre\u0107u kroz opcije i lako pristupe razli\u010ditim postavkama. Zajedno s\u00a0<strong>\u010detiri LED diode kojima mo\u017ee upravljati korisnik<\/strong>\u00a0i zvu\u010dni zujalica za obavijesti o statusu, ACR1222L jam\u010di jasno i privla\u010dno korisni\u010dko iskustvo. Ovo intuitivno su\u010delje osmi\u0161ljeno je da pobolj\u0161a razumijevanje korisnika i pojednostavi operativne tijekove rada, \u0161to ga \u010dini izvrsnim dodatkom svakom tehnolo\u0161kom nizu.<\/p>\n<h3>4. Svestrane primjene u raznim industrijama<\/h3>\n<p>ACR1222L beskontaktni RFID NFC \u010dita\u010d \u010dita\u010d mo\u017ee se koristiti u raznim industrijama, uklju\u010duju\u0107i maloprodaju, zdravstvo i transport. U maloprodaji, mogu\u0107nost \u010ditanja i pisanja NFC oznaka omogu\u0107uje tvrtkama pojednostavljenje transakcija i pove\u0107anje anga\u017emana kupaca.\u00a0<strong>NFC alati<\/strong>\u00a0mo\u017ee se integrirati za upravljanje programima vjernosti ili olak\u0161avanje beskontaktnog pla\u0107anja, pobolj\u0161avaju\u0107i sveukupno zadovoljstvo korisnika.<\/p>\n<p>U zdravstvu, ACR1222L mo\u017ee pomo\u0107i pojednostaviti prijave pacijenata, odr\u017eati siguran pristup osjetljivim informacijama i osigurati da medicinsko osoblje ima brz pristup podacima. Dodatno, njegova kompatibilnost s RFID karticama \u010dini ga idealnim za kontrolu pristupa ograni\u010denim podru\u010djima, pove\u0107avaju\u0107i sigurnost unutar prometnih \u010dvori\u0161ta.<\/p>\n<h3>5. Tehni\u010dke specifikacije i metrika performansi<\/h3>\n<p>Tehni\u010dka snaga ACR1222L dokazuje se njegovim impresivnim specifikacijama:<\/p>\n<\/div>\n<div>\n<table width=\"702\">\n<tbody>\n<tr>\n<td colspan=\"2\" width=\"702\">Fizi\u010dke karakteristike<\/td>\n<\/tr>\n<tr>\n<td rowspan=\"2\" width=\"250\">Dimenzije (mm)<\/td>\n<td width=\"452\">Glavno tijelo: 133,5 mm (D) x 88,5 mm (\u0160) x 21,0 mm (V)<\/td>\n<\/tr>\n<tr>\n<td width=\"452\">Sa postoljem: 158,0 mm (D) x 95,0 mm (\u0160) x 95,0 mm (V)<\/td>\n<\/tr>\n<tr>\n<td rowspan=\"2\" width=\"250\">Te\u017eina (g)<\/td>\n<td width=\"452\">Glavno tijelo: 173 g<\/td>\n<\/tr>\n<tr>\n<td width=\"452\">Sa postoljem: 415 g<\/td>\n<\/tr>\n<tr>\n<td colspan=\"2\" width=\"702\">USB su\u010delje<\/td>\n<\/tr>\n<tr>\n<td width=\"250\">Protokol<\/td>\n<td width=\"452\">USB CCID<\/td>\n<\/tr>\n<tr>\n<td width=\"250\">Vrsta konektora<\/td>\n<td width=\"452\">Standardni tip A<\/td>\n<\/tr>\n<tr>\n<td width=\"250\">Izvor napajanja<\/td>\n<td width=\"452\">S USB priklju\u010dka<\/td>\n<\/tr>\n<tr>\n<td width=\"250\">Ubrzati<\/td>\n<td width=\"452\">USB pune brzine (12 Mbps)<\/td>\n<\/tr>\n<tr>\n<td width=\"250\">Du\u017eina kabela<\/td>\n<td width=\"452\">1,5 m, Fiksno<\/td>\n<\/tr>\n<tr>\n<td colspan=\"2\" width=\"702\">Su\u010delje beskontaktne pametne kartice<\/td>\n<\/tr>\n<tr>\n<td width=\"250\">Standard<\/td>\n<td width=\"452\">ISO\/IEC 18092 NFC, ISO 14443 Tip A &amp; B, MIFARE\u00ae, FeliCa<\/td>\n<\/tr>\n<tr>\n<td rowspan=\"4\" width=\"250\">Protokol<\/td>\n<td width=\"452\">ISO 14443-4 kompatibilna kartica, T=CL<\/td>\n<\/tr>\n<tr>\n<td width=\"452\">MIFARE\u00ae Classic Card, T=CL<\/td>\n<\/tr>\n<tr>\n<td width=\"452\">ISO18092, NFC oznake<\/td>\n<\/tr>\n<tr>\n<td width=\"452\">FeliCa<\/td>\n<\/tr>\n<tr>\n<td colspan=\"2\" width=\"702\">Su\u010delje SAM kartice<\/td>\n<\/tr>\n<tr>\n<td width=\"250\">Broj utora<\/td>\n<td width=\"452\">3 utora za standardnu SIM karticu<\/td>\n<\/tr>\n<tr>\n<td width=\"250\">Standard<\/td>\n<td width=\"452\">ISO 7816 Klasa A (5 V)<\/td>\n<\/tr>\n<tr>\n<td width=\"250\">Protokol<\/td>\n<td width=\"452\">T=0; T=1<\/td>\n<\/tr>\n<tr>\n<td colspan=\"2\" width=\"702\">Ugra\u0111ene periferije<\/td>\n<\/tr>\n<tr>\n<td rowspan=\"3\" width=\"250\">LCD<\/td>\n<td width=\"452\">Grafi\u010dki LCD sa \u017euto-zelenim pozadinskim osvjetljenjem<\/td>\n<\/tr>\n<tr>\n<td width=\"452\">Rezolucija: 128 x 32 piksela<\/td>\n<\/tr>\n<tr>\n<td width=\"452\">Broj znakova: 16 znakova x 2 retka<\/td>\n<\/tr>\n<tr>\n<td width=\"250\">LED<\/td>\n<td width=\"452\">4 jednobojne: zelena, plava, naran\u010dasta i crvena<\/td>\n<\/tr>\n<tr>\n<td width=\"250\">Zujalo<\/td>\n<td width=\"452\">Monotonija<\/td>\n<\/tr>\n<tr>\n<td colspan=\"2\" width=\"702\">Druge zna\u010dajke<\/td>\n<\/tr>\n<tr>\n<td width=\"250\">Nadogradnja firmvera<\/td>\n<td width=\"452\">Podr\u017eano<\/td>\n<\/tr>\n<tr>\n<td colspan=\"2\" width=\"702\">Certifikati\/sukladnost<\/td>\n<\/tr>\n<tr>\n<td rowspan=\"13\" width=\"250\">Certifikati\/sukladnost<\/td>\n<td width=\"452\">ISO 18092<\/td>\n<\/tr>\n<tr>\n<td width=\"452\">ISO 14443<\/td>\n<\/tr>\n<tr>\n<td width=\"452\">ISO 7816 (SAM utor)<\/td>\n<\/tr>\n<tr>\n<td width=\"452\">USB pune brzine<\/td>\n<\/tr>\n<tr>\n<td width=\"452\">PC\/SC<\/td>\n<\/tr>\n<tr>\n<td width=\"452\">CCID<\/td>\n<\/tr>\n<tr>\n<td width=\"452\">VCCI (Japan)<\/td>\n<\/tr>\n<tr>\n<td width=\"452\">KC (Koreja)<\/td>\n<\/tr>\n<tr>\n<td width=\"452\">Microsoft\u00ae WHQL<\/td>\n<\/tr>\n<tr>\n<td width=\"452\">CE<\/td>\n<\/tr>\n<tr>\n<td width=\"452\">FCC<\/td>\n<\/tr>\n<tr>\n<td width=\"452\">RoHS<\/td>\n<\/tr>\n<tr>\n<td width=\"452\">DOHVATITI<\/td>\n<\/tr>\n<tr>\n<td colspan=\"2\" width=\"702\">Podr\u0161ka za operativni sustav upravlja\u010dkog programa ure\u0111aja<\/td>\n<\/tr>\n<tr>\n<td rowspan=\"5\" width=\"250\">Podr\u0161ka za operativni sustav upravlja\u010dkog programa ure\u0111aja<\/td>\n<td width=\"452\">Windows\u00ae<\/td>\n<\/tr>\n<tr>\n<td width=\"452\">Linux\u00ae<\/td>\n<\/tr>\n<tr>\n<td width=\"452\">MAC OS\u00ae<\/td>\n<\/tr>\n<tr>\n<td width=\"452\">Solaris<\/td>\n<\/tr>\n<tr>\n<td width=\"452\">Android\u2122<\/td>\n<\/tr>\n<\/tbody>\n<\/table>\n<\/div>\n<div><\/div>\n<div>\n<p>Sa svojim mogu\u0107nostima \u010ditanja velike brzine i fleksibilno\u0161\u0107u u upravljanju raznim karticama, ACR1222L isti\u010de se kao sna\u017ean\u00a0<strong>\u010dita\u010d pametnih kartica<\/strong>.<\/p>\n<h3>6. Jednostavno postavljanje i integracija<\/h3>\n<p>Postavljanje ACR1222L je jednostavno, \u0161to ga \u010dini dostupnim i tehni\u010dkim i netehni\u010dkim korisnicima. Ure\u0111aj se mo\u017ee jednostavno integrirati u postoje\u0107e sustave putem\u00a0<strong>USB<\/strong>, osiguravaju\u0107i kompatibilnost s popularnim operativnim sustavima uklju\u010duju\u0107i Windows, Linux i macOS. Nadalje,\u00a0<strong>Mogu\u0107nost nadogradnje USB firmvera<\/strong>\u00a0zna\u010dajka omogu\u0107uje korisnicima da a\u017euriraju svoje ure\u0111aje najnovijim pobolj\u0161anjima i sigurnosnim zna\u010dajkama.<\/p>\n<p>Ova jednostavnost postavljanja posebno je korisna za tvrtke koje \u017eele brzu implementaciju\u00a0<strong>beskontaktna rje\u0161enja<\/strong>\u00a0bez dugih zastoja ili kompliciranih instalacija.<\/p>\n<h3>7. Utjecaj na okoli\u0161 i odr\u017eivo kori\u0161tenje<\/h3>\n<p>Kako tvrtke postaju sve svjesnije svog utjecaja na okoli\u0161, ACR1222L pridr\u017eava se na\u010dela odr\u017eive upotrebe. Uz nisku potro\u0161nju energije, ure\u0111aj ne samo da smanjuje tro\u0161kove energije, ve\u0107 pridonosi i manjem uglji\u010dnom otisku.<\/p>\n<p>Osim toga, ure\u0111aj je dizajniran za dugotrajne performanse, smanjuju\u0107i potrebu za \u010destim zamjenama i smanjuju\u0107i elektroni\u010dki otpad tijekom vremena. Ova privla\u010dnost odr\u017eivosti bitan je \u010dimbenik za organizacije koje \u017eele promovirati zelene inicijative unutar svojih operacija.<\/p>\n<h3>8. Recenzije i povratne informacije kupaca<\/h3>\n<p>Povratne informacije kupaca o ACR1222L isti\u010du njegovu pouzdanost, jednostavnost kori\u0161tenja i sveobuhvatne funkcionalnosti. Korisnici cijene besprijekornu izvedbu pri \u010ditanju i pisanju NFC oznaka, zajedno s njegovim robusnim sigurnosnim zna\u010dajkama.<\/p>\n<p>Jedan je korisnik izjavio: \u201cACR1222L transformirao je na\u0161e transakcijske procese. Brz je, siguran, a ugra\u0111eni zaslon nevjerojatno je koristan za informiranje na\u0161ih kupaca.\u201d<\/p>\n<\/div>\n<div><\/div>\n<div><\/div>","protected":false},"excerpt":{"rendered":"<p>ACR1222L beskontaktni RFID NFC Reader Writer mo\u017ee se koristiti u raznim industrijama, uklju\u010duju\u0107i maloprodaju, zdravstvo i prijevoz. U maloprodaji, mogu\u0107nost \u010ditanja i pisanja NFC oznaka omogu\u0107uje tvrtkama pojednostavljenje transakcija i pove\u0107anje anga\u017emana kupaca. <strong>NFC alati<\/strong>\u00a0mo\u017ee se integrirati za upravljanje programima vjernosti ili olak\u0161avanje beskontaktnog pla\u0107anja, pobolj\u0161avaju\u0107i sveukupno zadovoljstvo korisnika.<\/p>","protected":false},"featured_media":1563,"template":"","meta":[],"product_brand":[],"product_cat":[45,40],"product_tag":[],"class_list":{"0":"post-1909","1":"product","2":"type-product","3":"status-publish","4":"has-post-thumbnail","6":"product_cat-contactless-nfc-reader","7":"product_cat-rfid-nfc-reader","9":"first","10":"instock","11":"shipping-taxable","12":"product-type-simple"},"_links":{"self":[{"href":"https:\/\/nfc-readers.com\/hr\/wp-json\/wp\/v2\/product\/1909","targetHints":{"allow":["GET"]}}],"collection":[{"href":"https:\/\/nfc-readers.com\/hr\/wp-json\/wp\/v2\/product"}],"about":[{"href":"https:\/\/nfc-readers.com\/hr\/wp-json\/wp\/v2\/types\/product"}],"wp:featuredmedia":[{"embeddable":true,"href":"https:\/\/nfc-readers.com\/hr\/wp-json\/wp\/v2\/media\/1563"}],"wp:attachment":[{"href":"https:\/\/nfc-readers.com\/hr\/wp-json\/wp\/v2\/media?parent=1909"}],"wp:term":[{"taxonomy":"product_brand","embeddable":true,"href":"https:\/\/nfc-readers.com\/hr\/wp-json\/wp\/v2\/product_brand?post=1909"},{"taxonomy":"product_cat","embeddable":true,"href":"https:\/\/nfc-readers.com\/hr\/wp-json\/wp\/v2\/product_cat?post=1909"},{"taxonomy":"product_tag","embeddable":true,"href":"https:\/\/nfc-readers.com\/hr\/wp-json\/wp\/v2\/product_tag?post=1909"}],"curies":[{"name":"wp","href":"https:\/\/api.w.org\/{rel}","templated":true}]}}