{"id":2020,"date":"2024-04-19T13:15:51","date_gmt":"2024-04-19T13:15:51","guid":{"rendered":"https:\/\/nfc-readers.com\/?post_type=product&#038;p=2020"},"modified":"2024-09-29T07:28:08","modified_gmt":"2024-09-29T07:28:08","slug":"cr100-bluetooth-emv-nfc-reader-writer","status":"publish","type":"product","link":"https:\/\/nfc-readers.com\/hr\/ic-reader\/cr100-bluetooth-emv-nfc-reader-writer\/","title":{"rendered":"CR100 Bluetooth EMV nfc \u010dita\u010d pisa\u010d"},"content":{"rendered":"<h1>CR100 Bluetooth EMV nfc \u010dita\u010d pisa\u010d<\/h1>\n<p>CR100 je sna\u017ean i fleksibilan mPOS ure\u0111aj koji nudi pouzdanost i jednostavnost integracije za tvrtke, omogu\u0107uju\u0107i EMV i NFC obradu pla\u0107anja u pokretu. Njegova kompatibilnost s razli\u010ditim operativnim sustavima i opcijama povezivanja poput Bluetootha i USB-a \u010dini ga svestranim izborom za moderne aplikacije pla\u0107anja.<\/p>\n<p><iframe loading=\"lazy\" title=\"CR100 EMV NFC \u010dita\u010d\" width=\"1020\" height=\"574\" src=\"https:\/\/www.youtube.com\/embed\/oXxrfqKoQoM?feature=oembed\" frameborder=\"0\" allow=\"accelerometer; autoplay; clipboard-write; encrypted-media; gyroscope; picture-in-picture; web-share\" referrerpolicy=\"strict-origin-when-cross-origin\" allowfullscreen><\/iframe><\/p>\n<table width=\"730\">\n<tbody>\n<tr>\n<td width=\"336\">EMV \u010dita\u010d kartica<\/td>\n<td width=\"394\">EMV\/PBOC \u010cita\u010d kartica s \u010dipom, uskla\u0111en s ISO 7816 Klasa A, B, C<\/td>\n<\/tr>\n<tr>\n<td width=\"336\">NFC \u010dita\u010d<\/td>\n<td width=\"394\">EMV beskontaktno, ISO 14443A\/B<\/td>\n<\/tr>\n<tr>\n<td width=\"336\">Komunikacija<\/td>\n<td width=\"394\">Bluetooth\u00ae v3.0, Bluetooth\u00ae v4.0 i USB<\/td>\n<\/tr>\n<tr>\n<td width=\"336\">Indikator<\/td>\n<td width=\"394\">LED indikator statusa i zujalica<\/td>\n<\/tr>\n<tr>\n<td rowspan=\"3\" width=\"336\">Upravljanje klju\u010dem<\/td>\n<td width=\"394\">DUKPT<\/td>\n<\/tr>\n<tr>\n<td width=\"394\">Fiksni klju\u010d<\/td>\n<\/tr>\n<tr>\n<td width=\"394\">MK\/SK<\/td>\n<\/tr>\n<tr>\n<td rowspan=\"5\" width=\"336\">Algoritam \u0161ifriranja<\/td>\n<td width=\"394\">DES<\/td>\n<\/tr>\n<tr>\n<td width=\"394\">3DES<\/td>\n<\/tr>\n<tr>\n<td width=\"394\">AES<\/td>\n<\/tr>\n<tr>\n<td width=\"394\">RSA<\/td>\n<\/tr>\n<tr>\n<td width=\"394\">SHA-256<\/td>\n<\/tr>\n<tr>\n<td rowspan=\"4\" width=\"336\">Podr\u017eani operativni sustav<\/td>\n<td width=\"394\">Android 2.1 ili noviji<\/td>\n<\/tr>\n<tr>\n<td width=\"394\">iOS 6.0 ili noviji<\/td>\n<\/tr>\n<tr>\n<td width=\"394\">Windows Phone 8<\/td>\n<\/tr>\n<tr>\n<td width=\"394\">MS Windows<\/td>\n<\/tr>\n<tr>\n<td rowspan=\"12\" width=\"336\">Certifikati<\/td>\n<td width=\"394\">EMV L1&amp;L2<\/td>\n<\/tr>\n<tr>\n<td width=\"394\">EMV beskontaktni L1<\/td>\n<\/tr>\n<tr>\n<td width=\"394\">PBOC L1&amp;L2<\/td>\n<\/tr>\n<tr>\n<td width=\"394\">MasterCard PayPass<\/td>\n<\/tr>\n<tr>\n<td width=\"394\">Visa PayWave<\/td>\n<\/tr>\n<tr>\n<td width=\"394\">VISA spremna<\/td>\n<\/tr>\n<tr>\n<td width=\"394\">PCI-PTS 5.x sa SRED<\/td>\n<\/tr>\n<tr>\n<td width=\"394\">MasterCard TQM<\/td>\n<\/tr>\n<tr>\n<td width=\"394\">AMEX Pay<\/td>\n<\/tr>\n<tr>\n<td width=\"394\">Bluetooth BQB<\/td>\n<\/tr>\n<tr>\n<td width=\"394\">FCC<\/td>\n<\/tr>\n<tr>\n<td width=\"394\">CE<\/td>\n<\/tr>\n<tr>\n<td width=\"336\">Na\u010din punjenja<\/td>\n<td width=\"394\">mikro USB<\/td>\n<\/tr>\n<tr>\n<td width=\"336\">Baterija<\/td>\n<td width=\"394\">Litij polimer punjiva baterija 3.7V, ve\u0107a od 250mAh<\/td>\n<\/tr>\n<tr>\n<td width=\"336\">Dimenzije<\/td>\n<td width=\"394\">66 x 66 x 9,8 mm (\u0160xVxD)<\/td>\n<\/tr>\n<tr>\n<td rowspan=\"2\" width=\"336\">Pribor<\/td>\n<td width=\"394\">Micro USB kabel<\/td>\n<\/tr>\n<tr>\n<td width=\"394\">Dock za punjenje<\/td>\n<\/tr>\n<\/tbody>\n<\/table>","protected":false},"excerpt":{"rendered":"<p>CR100 mPOS ure\u0111aj pru\u017ea izvrsne performanse s EMV \u010dita\u010dem i RFID \u010dita\u010dem, osiguravaju\u0107i pouzdanu obradu pla\u0107anja na vi\u0161e platformi.<\/p>","protected":false},"featured_media":2021,"template":"","meta":[],"product_brand":[],"product_cat":[15,45,40],"product_tag":[],"class_list":{"0":"post-2020","1":"product","2":"type-product","3":"status-publish","4":"has-post-thumbnail","6":"product_cat-pos-machine","7":"product_cat-contactless-nfc-reader","8":"product_cat-rfid-nfc-reader","10":"first","11":"instock","12":"shipping-taxable","13":"product-type-simple"},"_links":{"self":[{"href":"https:\/\/nfc-readers.com\/hr\/wp-json\/wp\/v2\/product\/2020","targetHints":{"allow":["GET"]}}],"collection":[{"href":"https:\/\/nfc-readers.com\/hr\/wp-json\/wp\/v2\/product"}],"about":[{"href":"https:\/\/nfc-readers.com\/hr\/wp-json\/wp\/v2\/types\/product"}],"wp:featuredmedia":[{"embeddable":true,"href":"https:\/\/nfc-readers.com\/hr\/wp-json\/wp\/v2\/media\/2021"}],"wp:attachment":[{"href":"https:\/\/nfc-readers.com\/hr\/wp-json\/wp\/v2\/media?parent=2020"}],"wp:term":[{"taxonomy":"product_brand","embeddable":true,"href":"https:\/\/nfc-readers.com\/hr\/wp-json\/wp\/v2\/product_brand?post=2020"},{"taxonomy":"product_cat","embeddable":true,"href":"https:\/\/nfc-readers.com\/hr\/wp-json\/wp\/v2\/product_cat?post=2020"},{"taxonomy":"product_tag","embeddable":true,"href":"https:\/\/nfc-readers.com\/hr\/wp-json\/wp\/v2\/product_tag?post=2020"}],"curies":[{"name":"wp","href":"https:\/\/api.w.org\/{rel}","templated":true}]}}