{"id":2027,"date":"2024-04-19T13:31:13","date_gmt":"2024-04-19T13:31:13","guid":{"rendered":"https:\/\/nfc-readers.com\/?post_type=product&#038;p=2027"},"modified":"2024-09-29T07:26:17","modified_gmt":"2024-09-29T07:26:17","slug":"d60-smart-pos","status":"publish","type":"product","link":"https:\/\/nfc-readers.com\/hr\/ic-reader\/d60-smart-pos\/","title":{"rendered":"D60 Smart POS"},"content":{"rendered":"<h1>D60 Smart POS<\/h1>\n<p>Predstavljamo Smart POS D60, na\u0161 najnoviji vode\u0107i Android POS ure\u0111aj. S prostranim zaslonom osjetljivim na dodir od 6,5 in\u010da i munjevitom brzinom ispisa, nudi impresivno korisni\u010dko iskustvo i u\u010dinkovitu obradu transakcija. Njegov ergonomski dizajn osigurava udobno dr\u017eanje, dok integrirana kamera omogu\u0107uje brzo skeniranje QR koda za besprijekorna pla\u0107anja. Prikladan za d\u017eep i dugotrajan, D60 je va\u0161 pouzdan partner tijekom cijelog dana. Do\u017eivite novu razinu pogodnosti i inovacije sa Smart POS D60.<\/p>\n<table width=\"589\">\n<tbody>\n<tr>\n<td width=\"177\">OS<\/td>\n<td width=\"412\">Android 11<\/td>\n<\/tr>\n<tr>\n<td width=\"177\"><\/td>\n<td width=\"412\">Aplikacijski CPU: 4*A53@ 2.0GHz<\/td>\n<\/tr>\n<tr>\n<td width=\"177\">Procesor<\/td>\n<td width=\"412\">Sigurnosni CPU: 32-bitni ARM 192MHz<\/td>\n<\/tr>\n<tr>\n<td width=\"177\">Memorija<\/td>\n<td width=\"412\">1 GB LPDDR3, 16 GB eMMC<\/td>\n<\/tr>\n<tr>\n<td width=\"177\"><\/td>\n<td width=\"412\">6,5\u201d 1600*720 TFT IPS zaslon<\/td>\n<\/tr>\n<tr>\n<td width=\"177\">Prikaz<\/td>\n<td width=\"412\">Zaslon osjetljiv na dodir<\/td>\n<\/tr>\n<tr>\n<td width=\"177\"><\/td>\n<td width=\"412\">LTE I WCDMA I GSM<\/td>\n<\/tr>\n<tr>\n<td width=\"177\">Komunikacije<\/td>\n<td width=\"412\">Bluetooth 5.0 I WiFi: 802.11 a\/b\/g\/n\/ac, 2,4 GHz &amp; 5G, podr\u017eava AP<\/td>\n<\/tr>\n<tr>\n<td width=\"177\">Satelitsko pozicioniranje<\/td>\n<td width=\"412\">GPS | A-GPS | GLONASS | BEIDOU<\/td>\n<\/tr>\n<tr>\n<td width=\"177\">Fotoaparat<\/td>\n<td width=\"412\">2M FF piksela<\/td>\n<\/tr>\n<tr>\n<td width=\"177\">Printer<\/td>\n<td width=\"412\">Brzi termalni pisa\u010d I Rola papira, \u0161irina: 58 mm I Promjer role papira: 40 mm<\/td>\n<\/tr>\n<tr>\n<td width=\"177\">EMV \u010dita\u010d kartica<\/td>\n<td width=\"412\">EMV\/PBOC \u010cita\u010d kartica s \u010dipom, uskla\u0111en s ISO 7816 Klasa A, B, C<\/td>\n<\/tr>\n<tr>\n<td width=\"177\">NFC \u010dita\u010d<\/td>\n<td width=\"412\">EMV beskontaktno, ISO 14443A\/B, Mifare<\/td>\n<\/tr>\n<tr>\n<td width=\"177\">\u010cita\u010d kartica s magnetskom trakom<\/td>\n<td width=\"412\">ISO-7811\/7813\/7810<\/td>\n<\/tr>\n<tr>\n<td width=\"177\">Upravljanje klju\u010dem<\/td>\n<td width=\"412\">DUKPT, MK\/SK<\/td>\n<\/tr>\n<tr>\n<td width=\"177\">Algoritam \u0161ifriranja<\/td>\n<td width=\"412\">DES, 3DES, RSA, AES, SHA-256<\/td>\n<\/tr>\n<tr>\n<td width=\"177\"><\/td>\n<td width=\"412\">PCI PTS 6.x SRED<\/td>\n<\/tr>\n<tr>\n<td width=\"177\">Certifikati<\/td>\n<td width=\"412\">EMV L1&amp;L2, beskontaktni L1<\/td>\n<\/tr>\n<tr>\n<td width=\"177\"><\/td>\n<td width=\"412\">Visa Paywave, MasterCard Paypass, Amex Expresspay, MasterCard TQM CE, FCC, RoHS<\/td>\n<\/tr>\n<tr>\n<td width=\"177\">Adapter<\/td>\n<td width=\"412\">DC 5V 2A<\/td>\n<\/tr>\n<tr>\n<td width=\"177\">Baterija<\/td>\n<td width=\"412\">2500 mAh, 7,2 V<\/td>\n<\/tr>\n<tr>\n<td width=\"177\"><\/td>\n<td width=\"412\">1 tip-C (OTG)<\/td>\n<\/tr>\n<tr>\n<td width=\"177\">Periferni priklju\u010dci<\/td>\n<td width=\"412\">1 Nano SIM + 1 Mini SIM + 1 Mini SAM<\/td>\n<\/tr>\n<tr>\n<td width=\"177\"><\/td>\n<td width=\"412\">1 utor za mikro SD karticu, podr\u017eava do 128 GB<\/td>\n<\/tr>\n<tr>\n<td width=\"177\"><\/td>\n<td width=\"412\">Radna temperatura (0 \u2103 do + 50 \u2103)<\/td>\n<\/tr>\n<tr>\n<td width=\"177\">Uvjeti okoline<\/td>\n<td width=\"412\">Radna vla\u017enost (5% do 95% bez kondenzacije)<\/td>\n<\/tr>\n<tr>\n<td width=\"177\">Dimenzije<\/td>\n<td width=\"412\">186,4 mm x 79 mm x 54,6 ~ 25,85 mm, 384 g (uklju\u010duju\u0107i bateriju)<\/td>\n<\/tr>\n<tr>\n<td width=\"177\">Standardni pribor<\/td>\n<td width=\"412\">1 adapter za napajanje, 1 kabel tipa C<\/td>\n<\/tr>\n<\/tbody>\n<\/table>","protected":false},"excerpt":{"rendered":"<p>Upoznajte Smart POS D60, kompaktni Android mPOS sa 6,5\u2033 zaslonom osjetljivim na dodir, brzim skeniranjem QR koda i RFID \u010dita\u010dem za u\u010dinkovite transakcije tijekom cijelog dana.<\/p>","protected":false},"featured_media":2028,"template":"","meta":[],"product_brand":[],"product_cat":[15,45],"product_tag":[],"class_list":{"0":"post-2027","1":"product","2":"type-product","3":"status-publish","4":"has-post-thumbnail","6":"product_cat-pos-machine","7":"product_cat-contactless-nfc-reader","9":"first","10":"instock","11":"shipping-taxable","12":"product-type-simple"},"_links":{"self":[{"href":"https:\/\/nfc-readers.com\/hr\/wp-json\/wp\/v2\/product\/2027","targetHints":{"allow":["GET"]}}],"collection":[{"href":"https:\/\/nfc-readers.com\/hr\/wp-json\/wp\/v2\/product"}],"about":[{"href":"https:\/\/nfc-readers.com\/hr\/wp-json\/wp\/v2\/types\/product"}],"wp:featuredmedia":[{"embeddable":true,"href":"https:\/\/nfc-readers.com\/hr\/wp-json\/wp\/v2\/media\/2028"}],"wp:attachment":[{"href":"https:\/\/nfc-readers.com\/hr\/wp-json\/wp\/v2\/media?parent=2027"}],"wp:term":[{"taxonomy":"product_brand","embeddable":true,"href":"https:\/\/nfc-readers.com\/hr\/wp-json\/wp\/v2\/product_brand?post=2027"},{"taxonomy":"product_cat","embeddable":true,"href":"https:\/\/nfc-readers.com\/hr\/wp-json\/wp\/v2\/product_cat?post=2027"},{"taxonomy":"product_tag","embeddable":true,"href":"https:\/\/nfc-readers.com\/hr\/wp-json\/wp\/v2\/product_tag?post=2027"}],"curies":[{"name":"wp","href":"https:\/\/api.w.org\/{rel}","templated":true}]}}