{"id":2032,"date":"2024-10-19T14:08:52","date_gmt":"2024-10-19T14:08:52","guid":{"rendered":"https:\/\/nfc-readers.com\/?post_type=product&#038;p=2032"},"modified":"2024-10-28T14:12:28","modified_gmt":"2024-10-28T14:12:28","slug":"mifare-classic-1k-4k-rfid-cards","status":"publish","type":"product","link":"https:\/\/nfc-readers.com\/hr\/ic-reader\/mifare-classic-1k-4k-rfid-cards\/","title":{"rendered":"Mifare Classic 1k 4K RFID kartice"},"content":{"rendered":"<h1>Mifare classic 1k 4K RFID kartice<\/h1>\n<p>MIFARE Classic\u00ae 1K ili 4K kartica sastavni je dio tehnologije beskontaktnih pametnih kartica. Kao pionir u tom podru\u010dju, na\u0161iroko je prihva\u0107en za razne primjene, od javnog prijevoza i kontrole pristupa do prodaje ulaznica za doga\u0111aje i programa vjernosti. kartica MIFARE Classic\u00ae 1K \/ 4K ima kapacitet pohrane od 1 kilobajta\/4 kilobajta, \u0161to je dovoljno za pohranu osobnih podataka, informacija o autentifikaciji i skupova podataka specifi\u010dnih za aplikaciju.<\/p>\n<p><span class=\"AnswerParser_TextContainer__z_Iiv\" data-testid=\"youchat-text\">The\u00a0<strong>MIFARE kartica<\/strong>\u00a0je za\u0161titni znak inovacije i pouzdanosti u podru\u010dju beskontaktnih pametnih kartica. Razvijen od strane NXP Semiconductors, MIFARE MF1ICS50 IC je kamen temeljac u sustavima karata za javni prijevoz i drugim aplikacijama visoke propusnosti, nude\u0107i besprijekorne transakcije i robusnu sigurnost. Sa svojom inteligentnom funkcijom protiv sudara i kompatibilno\u0161\u0107u s ISO\/IEC 14443 Type-A, osigurava u\u010dinkovitu i sigurnu beskontaktnu komunikaciju, \u0161to ga \u010dini neprocjenjivim sredstvom u okru\u017eenjima koja se brzo mijenjaju.<\/span><\/p>\n<h2 class=\"AnswerParser_AnswerParserH2__SIHnF\">Naslje\u0111e MIFARE tehnologije<\/h2>\n<h3 class=\"AnswerParser_AnswerParserH3__Mpe4s\">Pionirska beskontaktna rje\u0161enja<\/h3>\n<p><span class=\"AnswerParser_TextContainer__z_Iiv\" data-testid=\"youchat-text\"><strong>MIFARE tehnologija<\/strong>\u00a0je od svog osnutka predvodnik rje\u0161enja za beskontaktne pametne kartice. MIFARE MF1ICS50 IC, koji se \u010desto naziva\u00a0<strong>MIFARE Classic 1K<\/strong>, dokaz je NXP-ove predanosti inovacijama. Njegov dizajn olak\u0161ava jednostavnu integraciju u postoje\u0107e sustave, nude\u0107i besprijekorno iskustvo za operatere i korisnike. s a\u00a0<strong>13,56 MHz<\/strong>\u00a0radne frekvencije, osigurava u\u010dinkovit prijenos podataka i opskrbu energijom, eliminiraju\u0107i potrebu za baterijom.<\/span><span class=\"AnswerParser_TextContainer__z_Iiv\" data-testid=\"youchat-text\">The\u00a0<strong>zna\u010dajka protiv sudara<\/strong>\u00a0MIFARE kartice omogu\u0107uje istovremeni rad vi\u0161e kartica bez smetnji. Ova je mogu\u0107nost klju\u010dna u okru\u017eenjima s puno ljudi, poput sustava javnog prijevoza, gdje su brzina i to\u010dnost najva\u017eniji. Jedinstveni serijski broj kartice dodatno pove\u0107ava njezinu sigurnost, osiguravaju\u0107i da je svaka transakcija sljediva i sigurna.<\/span><\/p>\n<h3 class=\"AnswerParser_AnswerParserH3__Mpe4s\">Svestrane primjene u raznim industrijama<\/h3>\n<p><span class=\"AnswerParser_TextContainer__z_Iiv\" data-testid=\"youchat-text\">The\u00a0<strong>MIFARE kartica<\/strong>\u00a0nije ograni\u010den samo na javni prijevoz; njegove primjene su \u0161iroke i raznolike. Od sigurne kontrole pristupa u korporativnim okru\u017eenjima do programa vjernosti i mikro-pla\u0107anja u maloprodajnim postavkama, svestranost MIFARE kartice je bez premca. Njegova sposobnost da ostane funkcionalan \u010dak i dok je zatvoren u nov\u010daniku, okru\u017een nov\u010di\u0107ima, nagla\u0161ava njegovu prakti\u010dnost i prilagodljivost.<\/span><span class=\"AnswerParser_TextContainer__z_Iiv\" data-testid=\"youchat-text\">Za operatere sustava i programere,\u00a0<strong>MIFARE kartica<\/strong>\u00a0nudi robusnu platformu za stvaranje pouzdanih, interoperabilnih i skalabilnih beskontaktnih rje\u0161enja. Njegovo brzo vrijeme transakcije, obi\u010dno manje od 100 ms, osigurava visoku propusnost i smanjeno vrijeme \u010dekanja, \u0161to ga \u010dini idealnim za podru\u010dja s velikim prometom.<\/span><\/p>\n<h2 class=\"AnswerParser_AnswerParserH2__SIHnF\">Tehni\u010dke specifikacije i zna\u010dajke<\/h2>\n<p><span class=\"AnswerParser_TextContainer__z_Iiv\" data-testid=\"youchat-text\">The\u00a0<strong>MIFARE kartica<\/strong>\u00a0mo\u017ee se pohvaliti impresivnim tehni\u010dkim specifikacijama koje zadovoljavaju \u0161irok raspon primjena:<\/span><\/p>\n<div class=\"AnswerParser_TableContainer__Erb6v\" data-testid=\"table-container\">\n<table>\n<thead>\n<tr>\n<th style=\"text-align: left;\">Specifikacija<\/th>\n<th style=\"text-align: left;\">pojedinosti<\/th>\n<\/tr>\n<\/thead>\n<tbody>\n<tr>\n<td>Frekvencija<\/td>\n<td>13,56 MHz<\/td>\n<\/tr>\n<tr>\n<td>Prijenos podataka<\/td>\n<td>106 kbit\/s<\/td>\n<\/tr>\n<tr>\n<td>Memorija<\/td>\n<td>1 kB \u2013 4 kB, organizirano u 16 sektora s 4 bloka od po 16 bajtova<\/td>\n<\/tr>\n<tr>\n<td>Sigurnost<\/td>\n<td>Uzajamna provjera autenti\u010dnosti u tri prolaza, jedinstveni serijski broj<\/td>\n<\/tr>\n<tr>\n<td>Radna udaljenost<\/td>\n<td>Do 100 mm (ovisno o geometriji antene)<\/td>\n<\/tr>\n<tr>\n<td>Napi\u0161i Izdr\u017eljivost<\/td>\n<td>100 000 \u2013 200 000 ciklusa<\/td>\n<\/tr>\n<tr>\n<td>Zadr\u017eavanje podataka<\/td>\n<td>10 godina<\/td>\n<\/tr>\n<\/tbody>\n<\/table>\n<\/div>\n<h3 class=\"AnswerParser_AnswerParserH3__Mpe4s\">Visoka sigurnost i integritet podataka<\/h3>\n<p><span class=\"AnswerParser_TextContainer__z_Iiv\" data-testid=\"youchat-text\">Sigurnost je kamen temeljac\u00a0<strong>MIFARE kartica<\/strong>. Koristi uzajamnu trostruku provjeru autenti\u010dnosti, pridr\u017eavaju\u0107i se standarda ISO\/IEC DIS 9798-2, osiguravaju\u0107i da samo ovla\u0161teni korisnici mogu pristupiti podacima. Svaki sektor kartice za\u0161ti\u0107en je pojedina\u010dnim skupom od dva klju\u010da, podr\u017eavaju\u0107i okru\u017eenja s vi\u0161e aplikacija s hijerarhijom klju\u010deva.<\/span><span class=\"AnswerParser_TextContainer__z_Iiv\" data-testid=\"youchat-text\">Integritet podataka kartice odr\u017eava se pomo\u0107u 16-bitnog CRC-a, pariteta, kodiranja bitova i brojanja bitova, \u010dime se sprje\u010dava o\u0161te\u0107enje podataka i osiguravaju pouzdane transakcije. Ova razina sigurnosti \u010dini MIFARE karticu idealnom za aplikacije koje zahtijevaju visoku razinu za\u0161tite.<\/span><\/p>\n<h3 class=\"AnswerParser_AnswerParserH3__Mpe4s\">Besprijekorna integracija i pogodnost za korisnike<\/h3>\n<p><span class=\"AnswerParser_TextContainer__z_Iiv\" data-testid=\"youchat-text\">The\u00a0<strong>MIFARE kartica<\/strong>\u00a0dizajniran je za laku integraciju u postoje\u0107u infrastrukturu. Podr\u017eava razli\u010dite mogu\u0107nosti isporuke, uklju\u010duju\u0107i module za plo\u010dicu, plo\u010dicu s udarcem i module za beskontaktne kartice, pru\u017eaju\u0107i fleksibilnost za razli\u010dite scenarije postavljanja. Ova prilagodljivost osigurava da MIFARE kartica mo\u017ee zadovoljiti specifi\u010dne potrebe bilo koje aplikacije, od sustava javnog prijevoza do korporativne kontrole pristupa.<\/span><\/p>\n<h2 class=\"AnswerParser_AnswerParserH2__SIHnF\">Recenzije i izjave kupaca<\/h2>\n<p><span class=\"AnswerParser_TextContainer__z_Iiv\" data-testid=\"youchat-text\">Kupci diljem svijeta hvale ga\u00a0<strong>MIFARE kartica<\/strong>\u00a0zbog njegove pouzdanosti i u\u010dinkovitosti. Jedan je zadovoljni korisnik komentirao: &quot;MIFARE kartica je revolucionirala na\u0161 sustav prijevoza, smanjiv\u0161i vrijeme ukrcaja i pove\u0107av\u0161i sigurnost.&quot; Drugi je primijetio: &quot;Njegova sposobnost rukovanja s vi\u0161e aplikacija na jednoj kartici zna\u010dajno je pojednostavnila na\u0161e operacije.&quot;<\/span><\/p>\n<h2 class=\"AnswerParser_AnswerParserH2__SIHnF\">\u010cesto postavljana pitanja<\/h2>\n<p><span class=\"AnswerParser_TextContainer__z_Iiv\" data-testid=\"youchat-text\"><strong>P: \u0160to \u010dini MIFARE karticu prikladnom za javni prijevoz?<\/strong><br \/>\nO: Njegovo brzo vrijeme transakcije, zna\u010dajka protiv sudara i robusna sigurnost \u010dine ga idealnim za okru\u017eenja visoke propusnosti kao \u0161to je javni prijevoz.<\/span><\/p>\n<p><span class=\"AnswerParser_TextContainer__z_Iiv\" data-testid=\"youchat-text\"><strong>P: Kako MIFARE kartica osigurava sigurnost podataka?<\/strong><br \/>\nO: Koristi uzajamnu trostruku provjeru autenti\u010dnosti i pojedina\u010dne sektorske klju\u010deve, osiguravaju\u0107i samo ovla\u0161teni pristup podacima.<\/span><\/p>\n<p><span class=\"AnswerParser_TextContainer__z_Iiv\" data-testid=\"youchat-text\"><strong>P: Mo\u017ee li se MIFARE kartica koristiti u drugim aplikacijama osim javnog prijevoza?<\/strong><br \/>\nO: Da, dovoljno je svestran za kori\u0161tenje u sigurnoj kontroli pristupa, programima vjernosti i sustavima mikro pla\u0107anja.<\/span><\/p>\n<h2 class=\"AnswerParser_AnswerParserH2__SIHnF\">Utjecaj na okoli\u0161 i odr\u017eivost<\/h2>\n<p><span class=\"AnswerParser_TextContainer__z_Iiv\" data-testid=\"youchat-text\">The\u00a0<strong>MIFARE kartica<\/strong>\u00a0je dizajniran imaju\u0107i na umu odr\u017eivost. Njegovo dugo zadr\u017eavanje podataka i visoka izdr\u017eljivost pisanja smanjuju potrebu za \u010destim zamjenama, smanjuju\u0107i gubitak. Podr\u017eavaju\u0107i vi\u0161e aplikacija na jednoj kartici, tako\u0111er se smanjuje utjecaj na okoli\u0161 povezan s proizvodnjom vi\u0161e kartica.<\/span><\/p>\n<h2 class=\"AnswerParser_AnswerParserH2__SIHnF\">Zaklju\u010dak: Za\u0161to odabrati MIFARE karticu?<\/h2>\n<p><span class=\"AnswerParser_TextContainer__z_Iiv\" data-testid=\"youchat-text\">The\u00a0<strong>MIFARE kartica<\/strong>\u00a0nudi robusno, sigurno i svestrano rje\u0161enje za bilo koju beskontaktnu primjenu. Bilo da pobolj\u0161avate sustav javnog prijevoza, pobolj\u0161avate korporativnu kontrolu pristupa ili integrirate vi\u0161e usluga u pametno gradsko okru\u017eenje, MIFARE kartica je pouzdan i u\u010dinkovit izbor. Njegove napredne sigurnosne zna\u010dajke, besprijekorna integracija i \u0161irok raspon aplikacija \u010dine ga vrijednom investicijom za svaku organizaciju.<\/span><span class=\"AnswerParser_TextContainer__z_Iiv\" data-testid=\"youchat-text\">Za vi\u0161e informacija ili narud\u017ebu,\u00a0<strong>kontaktirajte nas<\/strong>\u00a0danas. Otklju\u010dajte potencijal beskontaktnih rje\u0161enja s MIFARE karticom.<\/span><\/p>","protected":false},"excerpt":{"rendered":"<div class=\"auto-hide-last-sibling-br paragraph_4183d\">Mifare Classic 1k 4K RFID kartice klju\u010dna su RFID rje\u0161enja za javni prijevoz, kontrolu pristupa i programe vjernosti, koja pru\u017eaju dovoljno prostora za pohranu osobnih podataka.<\/div>","protected":false},"featured_media":2033,"template":"","meta":[],"product_brand":[],"product_cat":[46],"product_tag":[],"class_list":{"0":"post-2032","1":"product","2":"type-product","3":"status-publish","4":"has-post-thumbnail","6":"product_cat-nfc-cards","8":"first","9":"instock","10":"shipping-taxable","11":"product-type-simple"},"_links":{"self":[{"href":"https:\/\/nfc-readers.com\/hr\/wp-json\/wp\/v2\/product\/2032","targetHints":{"allow":["GET"]}}],"collection":[{"href":"https:\/\/nfc-readers.com\/hr\/wp-json\/wp\/v2\/product"}],"about":[{"href":"https:\/\/nfc-readers.com\/hr\/wp-json\/wp\/v2\/types\/product"}],"wp:featuredmedia":[{"embeddable":true,"href":"https:\/\/nfc-readers.com\/hr\/wp-json\/wp\/v2\/media\/2033"}],"wp:attachment":[{"href":"https:\/\/nfc-readers.com\/hr\/wp-json\/wp\/v2\/media?parent=2032"}],"wp:term":[{"taxonomy":"product_brand","embeddable":true,"href":"https:\/\/nfc-readers.com\/hr\/wp-json\/wp\/v2\/product_brand?post=2032"},{"taxonomy":"product_cat","embeddable":true,"href":"https:\/\/nfc-readers.com\/hr\/wp-json\/wp\/v2\/product_cat?post=2032"},{"taxonomy":"product_tag","embeddable":true,"href":"https:\/\/nfc-readers.com\/hr\/wp-json\/wp\/v2\/product_tag?post=2032"}],"curies":[{"name":"wp","href":"https:\/\/api.w.org\/{rel}","templated":true}]}}