{"id":2046,"date":"2024-04-20T12:17:56","date_gmt":"2024-04-20T12:17:56","guid":{"rendered":"https:\/\/nfc-readers.com\/?post_type=product&#038;p=2046"},"modified":"2024-09-29T07:20:59","modified_gmt":"2024-09-29T07:20:59","slug":"fudan-f08-nfc-card","status":"publish","type":"product","link":"https:\/\/nfc-readers.com\/hr\/ic-reader\/fudan-f08-nfc-card\/","title":{"rendered":"Fudan F08 NFC kartica"},"content":{"rendered":"<h1>Fudan F08 NFC kartica<\/h1>\n<p>Fudan F08 NFC kartica je visokofrekventna beskontaktna pametna kartica koju je razvila Fudan Microelectronics Group sa sjedi\u0161tem u \u0160angaju, Kina. Uklju\u010duje napredne sigurnosne tehnologije i algoritme \u0161ifriranja, nude\u0107i sigurnu i pouzdanu provjeru identiteta i prijenos podataka za razli\u010dite aplikacije. Fudan F08 primarno se koristi u sustavima kontrole pristupa, sustavima pra\u0107enja prisutnosti, naplati karata za prijevoz, kampusnim karticama itd. kartica Fudan F08 kompatibilna je s aplikacijama kartice MIFARE Classic\u00ae 1K, pru\u017eaju\u0107i korisnicima dodatne mogu\u0107nosti izbora.<\/p>\n<table width=\"388\">\n<tbody>\n<tr style=\"font-style: inherit; font-weight: inherit;\">\n<td style=\"font-style: inherit;\" width=\"137\">\n<p data-spm-anchor-id=\"a2700.details.0.i74.641d36fcHPDT7G\">Materijal<\/p>\n<\/td>\n<td style=\"font-style: inherit;\" width=\"251\">PVC, PETG<\/td>\n<\/tr>\n<tr style=\"font-style: inherit; font-weight: inherit;\">\n<td style=\"font-style: inherit;\" width=\"137\">Veli\u010dina<\/td>\n<td style=\"font-style: inherit;\" width=\"251\">\n<p data-spm-anchor-id=\"a2700.details.0.i69.641d36fcHPDT7G\">CR80 85,5*54 mm kao kreditna kartica ili prilago\u0111ene veli\u010dine ili nepravilnog oblika<\/p>\n<\/td>\n<\/tr>\n<tr style=\"font-style: inherit; font-weight: inherit;\">\n<td style=\"font-style: inherit;\" width=\"137\">Debljina<\/td>\n<td style=\"font-style: inherit;\" width=\"251\">0,84 mm kao kreditna kartica ili prilago\u0111ena debljina<\/td>\n<\/tr>\n<tr style=\"font-style: inherit; font-weight: inherit;\">\n<td style=\"font-style: inherit;\" width=\"137\">Ispis<\/td>\n<td style=\"font-style: inherit;\" width=\"251\">Heidelberg ofsetni tisak \/ Pantone tisak u boji \/ Sitotisak: 100% odgovara \u017eeljenoj boji ili uzorku kupca<\/td>\n<\/tr>\n<tr style=\"font-style: inherit; font-weight: inherit;\">\n<td style=\"font-style: inherit;\" width=\"137\">Povr\u0161inski<\/td>\n<td style=\"font-style: inherit;\" width=\"251\">Sjajni, mat, svjetlucavi, metalik, laswer ili s prekrivanjem za termalni printer ili s posebnim lakom za Epson inkjet printer<\/td>\n<\/tr>\n<tr style=\"font-style: inherit; font-weight: inherit;\">\n<td style=\"font-style: inherit;\" rowspan=\"10\" width=\"137\">Personizacija ili specijalni obrt<\/td>\n<td style=\"font-style: inherit;\" width=\"251\">Magnetska traka: Loco 300oe, Hico 2750oe, 2 ili 3 trake, crna\/zlatna\/srebrna mag.<\/td>\n<\/tr>\n<tr>\n<td width=\"251\">Crti\u010dni kod: EAN-13, EAN-128, CODE128, CODE39, QR bar kod, itd.<\/td>\n<\/tr>\n<tr>\n<td width=\"251\">Utiskivanje brojeva ili slova u srebrnoj ili zlatnoj boji<\/td>\n<\/tr>\n<tr>\n<td width=\"251\">Metalik tisak na zlatnoj ili srebrnoj pozadini<\/td>\n<\/tr>\n<tr>\n<td width=\"251\">Plo\u010da s potpisom \/ plo\u010da za ogrebotine<\/td>\n<\/tr>\n<tr>\n<td width=\"251\">Lasersko graviranje brojeva<\/td>\n<\/tr>\n<tr>\n<td width=\"251\">\u0160tancanje zlatnom\/srebrnom folijom<\/td>\n<\/tr>\n<tr>\n<td width=\"251\">UV spot ispis<\/td>\n<\/tr>\n<tr>\n<td width=\"251\">Torbica okrugla ili ovalna rupa<\/td>\n<\/tr>\n<tr>\n<td width=\"251\">Sigurnosni ispis: Hologram, OVI sigurnosni ispis, Braille, Fluorescentna za\u0161tita od krivotvorenja, Ispis mikro teksta<\/td>\n<\/tr>\n<tr style=\"font-style: inherit; font-weight: inherit;\">\n<td style=\"font-style: inherit;\" width=\"137\">Dostupan \u010dip od 13,56 Mhz<\/td>\n<td style=\"font-style: inherit;\" width=\"251\">NTAG213,NTAG215,NTAG216 itd.<\/td>\n<\/tr>\n<tr style=\"font-style: inherit; font-weight: inherit;\">\n<td style=\"font-style: inherit;\" rowspan=\"2\" width=\"137\">Prijave<\/td>\n<td style=\"font-style: inherit;\" width=\"251\">\n<p data-spm-anchor-id=\"a2700.details.0.i70.641d36fcHPDT7G\">Poduze\u0107a, \u0161kola, klub, ogla\u0161avanje, promet, supermarket, parking, banka, vlada, osiguranje, medicinska njega, promocija,<\/p>\n<\/td>\n<\/tr>\n<tr>\n<td width=\"251\">posje\u0107ivanje itd.<\/td>\n<\/tr>\n<\/tbody>\n<\/table>","protected":false},"excerpt":{"rendered":"<p>Fudan F08 NFC \u010dip je sigurna pametna kartica idealna za kontrolu pristupa i izdavanje karata, kompatibilna s RFID MIFARE Classic\u00ae 1K aplikacijama za dodatnu fleksibilnost.<\/p>","protected":false},"featured_media":2047,"template":"","meta":[],"product_brand":[],"product_cat":[46],"product_tag":[],"class_list":{"0":"post-2046","1":"product","2":"type-product","3":"status-publish","4":"has-post-thumbnail","6":"product_cat-nfc-cards","8":"first","9":"instock","10":"shipping-taxable","11":"product-type-simple"},"_links":{"self":[{"href":"https:\/\/nfc-readers.com\/hr\/wp-json\/wp\/v2\/product\/2046","targetHints":{"allow":["GET"]}}],"collection":[{"href":"https:\/\/nfc-readers.com\/hr\/wp-json\/wp\/v2\/product"}],"about":[{"href":"https:\/\/nfc-readers.com\/hr\/wp-json\/wp\/v2\/types\/product"}],"wp:featuredmedia":[{"embeddable":true,"href":"https:\/\/nfc-readers.com\/hr\/wp-json\/wp\/v2\/media\/2047"}],"wp:attachment":[{"href":"https:\/\/nfc-readers.com\/hr\/wp-json\/wp\/v2\/media?parent=2046"}],"wp:term":[{"taxonomy":"product_brand","embeddable":true,"href":"https:\/\/nfc-readers.com\/hr\/wp-json\/wp\/v2\/product_brand?post=2046"},{"taxonomy":"product_cat","embeddable":true,"href":"https:\/\/nfc-readers.com\/hr\/wp-json\/wp\/v2\/product_cat?post=2046"},{"taxonomy":"product_tag","embeddable":true,"href":"https:\/\/nfc-readers.com\/hr\/wp-json\/wp\/v2\/product_tag?post=2046"}],"curies":[{"name":"wp","href":"https:\/\/api.w.org\/{rel}","templated":true}]}}