{"id":2081,"date":"2024-10-22T01:16:34","date_gmt":"2024-10-22T01:16:34","guid":{"rendered":"https:\/\/nfc-readers.com\/?post_type=product&#038;p=2081"},"modified":"2024-10-28T14:02:37","modified_gmt":"2024-10-28T14:02:37","slug":"mifare-plus-s-2k-4k-rfid-cards","status":"publish","type":"product","link":"https:\/\/nfc-readers.com\/hr\/ic-reader\/mifare-plus-s-2k-4k-rfid-cards\/","title":{"rendered":"\u00a0MIFARE Plus\u00ae S 2k 4k RFID kartice"},"content":{"rendered":"<h1>\u00a0MIFARE Plus\u00ae S 2k 4k RFID kartice<\/h1>\n<table style=\"height: 505px;\" width=\"655\">\n<tbody>\n<tr style=\"font-style: inherit; font-weight: inherit;\">\n<td style=\"font-style: inherit;\" width=\"172\">\n<p data-spm-anchor-id=\"a2700.details.0.i71.17213ba4RCuUOM\">Artikal<\/p>\n<\/td>\n<td style=\"font-style: inherit;\" width=\"252\">\u00a0MIFARE Plus\u00ae S 2k 4k RFID kartica<\/td>\n<\/tr>\n<tr style=\"font-style: inherit; font-weight: inherit;\">\n<td style=\"font-style: inherit;\" width=\"172\">Posebne zna\u010dajke<\/td>\n<td style=\"font-style: inherit;\" width=\"252\">Vodootporan\/otporan na vremenske uvjete<\/td>\n<\/tr>\n<tr style=\"font-style: inherit; font-weight: inherit;\">\n<td style=\"font-style: inherit;\" width=\"172\">Komunikacijsko su\u010delje<\/td>\n<td style=\"font-style: inherit;\" width=\"252\">RFID<\/td>\n<\/tr>\n<tr style=\"font-style: inherit; font-weight: inherit;\">\n<td style=\"font-style: inherit;\" width=\"172\">Mjesto podrijetla<\/td>\n<td style=\"font-style: inherit;\" width=\"252\">Guangdong, Kina<\/td>\n<\/tr>\n<tr style=\"font-style: inherit; font-weight: inherit;\">\n<td style=\"font-style: inherit;\" width=\"172\">Frekvencija<\/td>\n<td style=\"font-style: inherit;\" width=\"252\">13,56 MHz<\/td>\n<\/tr>\n<tr style=\"font-style: inherit; font-weight: inherit;\">\n<td style=\"font-style: inherit;\" width=\"172\">\u010cip<\/td>\n<td style=\"font-style: inherit;\" width=\"252\">MIFARE Plus\u00ae S 2K (MIFARE\u00ae i MIFARE Plus\u00ae registrirani su za\u0161titni znakovi NXP BV i koriste se pod licencom.)<\/td>\n<\/tr>\n<tr style=\"font-style: inherit; font-weight: inherit;\">\n<td style=\"font-style: inherit;\" width=\"172\">Materijal<\/td>\n<td style=\"font-style: inherit;\" width=\"252\">PVC<\/td>\n<\/tr>\n<tr style=\"font-style: inherit; font-weight: inherit;\">\n<td style=\"font-style: inherit;\" width=\"172\">Primjena<\/td>\n<td style=\"font-style: inherit;\" width=\"252\">Sustav kontrole pristupa<\/td>\n<\/tr>\n<tr style=\"font-style: inherit; font-weight: inherit;\">\n<td style=\"font-style: inherit;\" width=\"172\">Protokol<\/td>\n<td style=\"font-style: inherit;\" width=\"252\">ISO 14443A<\/td>\n<\/tr>\n<tr style=\"font-style: inherit; font-weight: inherit;\">\n<td style=\"font-style: inherit;\" width=\"172\">Debljina<\/td>\n<td style=\"font-style: inherit;\" width=\"252\">0,84 mm\/Prilago\u0111eno<\/td>\n<\/tr>\n<tr style=\"font-style: inherit; font-weight: inherit;\">\n<td style=\"font-style: inherit;\" width=\"172\">Povr\u0161inska obrada<\/td>\n<td style=\"font-style: inherit;\" width=\"252\">Sjajni.mat.mat<\/td>\n<\/tr>\n<tr style=\"font-style: inherit; font-weight: inherit;\">\n<td style=\"font-style: inherit;\" width=\"172\">Ulazni kapacitet [pF]<\/td>\n<td style=\"font-style: inherit;\" width=\"252\">17\/70 PF<\/td>\n<\/tr>\n<tr style=\"font-style: inherit; font-weight: inherit;\">\n<td style=\"font-style: inherit;\" width=\"172\">Duljina klju\u010da<\/td>\n<td style=\"font-style: inherit;\" width=\"252\">48-bitni Crypto-1, 128-bitni AES<\/td>\n<\/tr>\n<tr style=\"font-style: inherit; font-weight: inherit;\">\n<td style=\"font-style: inherit;\" width=\"172\">Model memorije<\/td>\n<td style=\"font-style: inherit;\" width=\"252\">Kompaktno, sektori i 16-bajtni blokovi<\/td>\n<\/tr>\n<tr style=\"font-style: inherit; font-weight: inherit;\">\n<td style=\"font-style: inherit;\" width=\"172\">NFC uskla\u0111enost<\/td>\n<td style=\"font-style: inherit;\" width=\"252\">Omogu\u0107en NFC u SL3<\/td>\n<\/tr>\n<\/tbody>\n<\/table>\n<p>&nbsp;<\/p>\n<p><span class=\"AnswerParser_TextContainer__z_Iiv\" data-testid=\"youchat-text\"><strong>MIFARE Plus\u00ae S 2k 4k RFID kartice<\/strong>\u00a0su industrijsko rje\u0161enje za unapre\u0111enje va\u0161ih postoje\u0107ih sustava na vi\u0161u razinu. Ove kartice pru\u017eaju besprijekornu migraciju s MIFARE Classic, osiguravaju\u0107i ve\u0107u sigurnost kroz AES-128 enkripciju i odr\u017eavaju\u0107i kompatibilnost s va\u0161om trenutnom infrastrukturom. Uz vrhunski integritet podataka i sigurnu komunikaciju, oni su krajnji izbor za pobolj\u0161anje va\u0161ih RFID aplikacija.<\/span><\/p>\n<h2 class=\"AnswerParser_AnswerParserH2__SIHnF\">Otklju\u010dajte rje\u0161enja visoke sigurnosti uz MIFARE Plus\u00ae S<\/h2>\n<p><span class=\"AnswerParser_TextContainer__z_Iiv\" data-testid=\"youchat-text\">The\u00a0<strong>MIFARE Plus\u00ae S 2k 4k RFID kartice<\/strong>\u00a0isti\u010du se kao svestrana opcija za organizacije koje \u017eele nadograditi svoje sustave. Dizajnirane s fokusom na sigurnost, ove kartice implementiraju AES-128 enkripciju, osiguravaju\u0107i da va\u0161i podaci ostanu za\u0161ti\u0107eni od neovla\u0161tenog pristupa. Kori\u0161tenje naprednih kriptografskih metoda jam\u010di da \u0107e va\u0161i podaci zadr\u017eati svoj integritet i povjerljivost.<\/span><span class=\"AnswerParser_TextContainer__z_Iiv\" data-testid=\"youchat-text\">Ove pametne kartice su kompatibilne s MIFARE Classic, \u0161to tvrtkama olak\u0161ava prijelaz bez zamjene postoje\u0107eg hardvera. Ova kompatibilnost omogu\u0107uje isplativu nadogradnju, pru\u017eaju\u0107i pobolj\u0161ane sigurnosne zna\u010dajke bez ometanja va\u0161ih operacija.<\/span><\/p>\n<h3 class=\"AnswerParser_AnswerParserH3__Mpe4s\">Robusna RFID tehnologija<\/h3>\n<p><span class=\"AnswerParser_TextContainer__z_Iiv\" data-testid=\"youchat-text\">S frekvencijom od 13,56MHz,\u00a0<strong>MIFARE Plus\u00ae S 2k 4k RFID kartice<\/strong>\u00a0nude pouzdanu i u\u010dinkovitu komunikaciju. Kartice su napravljene da izdr\u017ee razli\u010dite uvjete okoline, zahvaljuju\u0107i svojoj konstrukciji otpornoj na vodu i vremenske uvjete. Izra\u0111ene od izdr\u017eljivog PVC materijala, dizajnirane su za dugotrajnu upotrebu u bilo kojem okru\u017eenju.<\/span><span class=\"AnswerParser_TextContainer__z_Iiv\" data-testid=\"youchat-text\">Kompaktan dizajn ovih RFID kartica, debljine 0,84 mm, osigurava jednostavnu integraciju u va\u0161e postoje\u0107e sustave. Njihove prilagodljive opcije zavr\u0161ne obrade, uklju\u010duju\u0107i sjajnu, matiranu i mat, nude dodatnu fleksibilnost kako bi zadovoljili va\u0161e specifi\u010dne potrebe dizajna.<\/span><\/p>\n<h3 class=\"AnswerParser_AnswerParserH3__Mpe4s\">Napredne sigurnosne zna\u010dajke<\/h3>\n<p><span class=\"AnswerParser_TextContainer__z_Iiv\" data-testid=\"youchat-text\">Sigurnost je u srcu\u00a0<strong>MIFARE Plus\u00ae S 2k 4k RFID kartice<\/strong>. Ugradnjom AES-128 enkripcije, ove kartice nude naprednu razinu za\u0161tite. Ova kriptografska metoda ne samo da autentificira korisnike, ve\u0107 tako\u0111er osigurava integritet podataka i enkripciju, \u0161tite\u0107i osjetljive informacije od potencijalnih prijetnji.<\/span><span class=\"AnswerParser_TextContainer__z_Iiv\" data-testid=\"youchat-text\">Kartice podr\u017eavaju 48-bitne Crypto-1 i 128-bitne AES duljine klju\u010deva, pru\u017eaju\u0107i vi\u0161e slojeva sigurnosti. To ih \u010dini idealnim za aplikacije koje zahtijevaju visoku razinu za\u0161tite, kao \u0161to su korporativni sustavi kontrole pristupa, javni prijevoz i financijske transakcije.<\/span><\/p>\n<h3 class=\"AnswerParser_AnswerParserH3__Mpe4s\">Besprijekorna integracija i kompatibilnost<\/h3>\n<p><span class=\"AnswerParser_TextContainer__z_Iiv\" data-testid=\"youchat-text\">Jedna od zna\u010dajnih prednosti\u00a0<strong>MIFARE Plus\u00ae S 2k 4k RFID kartice<\/strong>\u00a0je njihova besprijekorna integracija s postoje\u0107im sustavima. Ove kartice ne samo da su kompatibilne s MIFARE Classic, ve\u0107 se tako\u0111er pridr\u017eavaju standarda protokola ISO 14443A, osiguravaju\u0107i glatku integraciju u va\u0161u trenutnu infrastrukturu. Uskla\u0111enost s NFC-om u SL3 dodatno pobolj\u0161ava njihovu primjenjivost u \u0161irokom rasponu okru\u017eenja.<\/span><\/p>\n<h3 class=\"AnswerParser_AnswerParserH3__Mpe4s\">Recenzije i izjave kupaca<\/h3>\n<p><span class=\"AnswerParser_TextContainer__z_Iiv\" data-testid=\"youchat-text\"><strong>Kupci su pohvalili MIFARE Plus\u00ae S 2k 4k RFID kartice<\/strong>\u00a0zbog njihove pouzdanosti i jednostavnosti kori\u0161tenja. Jedan je korisnik primijetio: \u201eNadogradnja na\u0161eg sustava kontrole pristupa ovim karticama bila je besprijekorna. Pobolj\u0161ane sigurnosne zna\u010dajke daju nam mir.\u201d Drugi je dodao: &quot;Cijenimo izdr\u017eljivost i dosljednu izvedbu ovih kartica u razli\u010ditim okru\u017eenjima.&quot;<\/span><\/p>\n<h3 class=\"AnswerParser_AnswerParserH3__Mpe4s\">\u010cesto postavljana pitanja<\/h3>\n<p><span class=\"AnswerParser_TextContainer__z_Iiv\" data-testid=\"youchat-text\"><strong>P: Kako MIFARE Plus\u00ae S 2k 4k RFID kartice pove\u0107avaju sigurnost?<\/strong><br \/>\nO: Ove kartice koriste AES-128 enkripciju, osiguravaju\u0107i integritet podataka i za\u0161titu od neovla\u0161tenog pristupa.<\/span><\/p>\n<p><span class=\"AnswerParser_TextContainer__z_Iiv\" data-testid=\"youchat-text\"><strong>P: Jesu li ove kartice kompatibilne s postoje\u0107im sustavima MIFARE Classic?<\/strong><br \/>\nO: Da, nude kompatibilnost s MIFARE Classic, omogu\u0107uju\u0107i glatki prijelaz bez potrebe za novim hardverom.<\/span><\/p>\n<p><span class=\"AnswerParser_TextContainer__z_Iiv\" data-testid=\"youchat-text\"><strong>P: Koja je tipi\u010dna primjena ovih RFID kartica?<\/strong><br \/>\nO: Idealni su za sustave kontrole pristupa, korporativna okru\u017eenja i sustave javnog prijevoza koji zahtijevaju visoku sigurnost.<\/span><\/p>\n<h3 class=\"AnswerParser_AnswerParserH3__Mpe4s\">Utjecaj na okoli\u0161 i odr\u017eivost<\/h3>\n<p><span class=\"AnswerParser_TextContainer__z_Iiv\" data-testid=\"youchat-text\">The\u00a0<strong>MIFARE Plus\u00ae S 2k 4k RFID kartice<\/strong>\u00a0dizajnirani su imaju\u0107i na umu odr\u017eivost. Njihova izdr\u017eljiva PVC konstrukcija osigurava dug vijek trajanja proizvoda, smanjuju\u0107i otpad i potrebu za \u010destim zamjenama. Nadogradnjom na MIFARE Plus, organizacije tako\u0111er mogu minimizirati svoj utjecaj na okoli\u0161 produljenjem \u017eivotnog vijeka postoje\u0107ih sustava umjesto da ih potpuno zamijene.<\/span><\/p>\n<h3 class=\"AnswerParser_AnswerParserH3__Mpe4s\">Zaklju\u010dak: Za\u0161to odabrati MIFARE Plus\u00ae S 2k 4k RFID kartice?<\/h3>\n<p><span class=\"AnswerParser_TextContainer__z_Iiv\" data-testid=\"youchat-text\">The\u00a0<strong>MIFARE Plus\u00ae S 2k 4k RFID kartice<\/strong>\u00a0nude savr\u0161enu ravnote\u017eu sigurnosti, kompatibilnosti i trajnosti za bilo koji sustav kontrole pristupa. Bilo da \u017eelite nadograditi svoju trenutnu infrastrukturu ili tra\u017eite pouzdano rje\u0161enje za nove instalacije, ove kartice pru\u017eaju robusnu i sigurnu opciju. Njihove napredne mogu\u0107nosti \u0161ifriranja i besprijekorna integracija \u010dine ih vrijednom investicijom za organizacije kojima su sigurnost i u\u010dinkovitost prioritet.<\/span><span class=\"AnswerParser_TextContainer__z_Iiv\" data-testid=\"youchat-text\">Za vi\u0161e informacija ili narud\u017ebu,\u00a0<strong>kontaktirajte nas<\/strong>\u00a0danas. Otklju\u010dajte sljede\u0107u razinu sigurnosti i u\u010dinkovitosti uz MIFARE Plus.<\/span><\/p>","protected":false},"excerpt":{"rendered":"<p>NXP-ova MIFARE Plus kartica je sigurno rje\u0161enje NFC \u010dipa uskla\u0111eno s RFID standardima, idealno za javni prijevoz, kontrolu pristupa i aplikacije pla\u0107anja.<\/p>","protected":false},"featured_media":2082,"template":"","meta":[],"product_brand":[],"product_cat":[46],"product_tag":[],"class_list":{"0":"post-2081","1":"product","2":"type-product","3":"status-publish","4":"has-post-thumbnail","6":"product_cat-nfc-cards","8":"first","9":"instock","10":"shipping-taxable","11":"product-type-simple"},"_links":{"self":[{"href":"https:\/\/nfc-readers.com\/hr\/wp-json\/wp\/v2\/product\/2081","targetHints":{"allow":["GET"]}}],"collection":[{"href":"https:\/\/nfc-readers.com\/hr\/wp-json\/wp\/v2\/product"}],"about":[{"href":"https:\/\/nfc-readers.com\/hr\/wp-json\/wp\/v2\/types\/product"}],"wp:featuredmedia":[{"embeddable":true,"href":"https:\/\/nfc-readers.com\/hr\/wp-json\/wp\/v2\/media\/2082"}],"wp:attachment":[{"href":"https:\/\/nfc-readers.com\/hr\/wp-json\/wp\/v2\/media?parent=2081"}],"wp:term":[{"taxonomy":"product_brand","embeddable":true,"href":"https:\/\/nfc-readers.com\/hr\/wp-json\/wp\/v2\/product_brand?post=2081"},{"taxonomy":"product_cat","embeddable":true,"href":"https:\/\/nfc-readers.com\/hr\/wp-json\/wp\/v2\/product_cat?post=2081"},{"taxonomy":"product_tag","embeddable":true,"href":"https:\/\/nfc-readers.com\/hr\/wp-json\/wp\/v2\/product_tag?post=2081"}],"curies":[{"name":"wp","href":"https:\/\/api.w.org\/{rel}","templated":true}]}}