{"id":2133,"date":"2024-04-22T03:16:50","date_gmt":"2024-04-22T03:16:50","guid":{"rendered":"https:\/\/nfc-readers.com\/?post_type=product&#038;p=2133"},"modified":"2024-09-24T06:04:13","modified_gmt":"2024-09-24T06:04:13","slug":"silicone-rfid-nfc-wristbands","status":"publish","type":"product","link":"https:\/\/nfc-readers.com\/hr\/ic-reader\/silicone-rfid-nfc-wristbands\/","title":{"rendered":"Silikonske RFID NFC narukvice"},"content":{"rendered":"<table width=\"476\">\n<tbody>\n<tr style=\"font-style: inherit; font-weight: inherit;\">\n<td style=\"font-style: inherit;\" width=\"187\"><span style=\"font-style: inherit; font-weight: inherit;\" data-spm-anchor-id=\"a2700.details.0.i62.23d334f5zYksZe\">Proizvod<\/span><\/td>\n<td style=\"font-style: inherit;\" width=\"289\"><span style=\"font-style: inherit; font-weight: inherit;\">\u00a0RFID silikonska narukvica\u00a0<\/span><\/td>\n<\/tr>\n<tr style=\"font-style: inherit; font-weight: inherit;\">\n<td style=\"font-style: inherit;\" width=\"187\"><span style=\"font-style: inherit; font-weight: inherit;\">\u00a0Materijal\u00a0<\/span><\/td>\n<td style=\"font-style: inherit;\" width=\"289\"><span style=\"font-style: inherit; font-weight: inherit;\">\u00a0Silikon<\/span><\/td>\n<\/tr>\n<tr style=\"font-style: inherit; font-weight: inherit;\">\n<td style=\"font-style: inherit;\" width=\"187\"><span style=\"font-style: inherit; font-weight: inherit;\">\u00a0Veli\u010dina<\/span><\/td>\n<td style=\"font-style: inherit;\" width=\"289\"><span style=\"font-style: inherit; font-weight: inherit;\">\u00a0Prilago\u0111eno<\/span><\/td>\n<\/tr>\n<tr style=\"font-style: inherit; font-weight: inherit;\">\n<td style=\"font-style: inherit;\" width=\"187\"><span style=\"font-style: inherit; font-weight: inherit;\">\u00a0Boja<\/span><\/td>\n<td style=\"font-style: inherit;\" width=\"289\"><span style=\"font-style: inherit; font-weight: inherit;\">\u00a0Plavo\/crveno\/crno\/bijelo\/\u017euto\/sivo\/zeleno\/ru\u017ei\u010dasto, itd., ili prilago\u0111eno<\/span><\/td>\n<\/tr>\n<tr style=\"font-style: inherit; font-weight: inherit;\">\n<td style=\"font-style: inherit;\" width=\"187\"><span style=\"font-style: inherit; font-weight: inherit;\">\u00a0Protokol<\/span><\/td>\n<td width=\"289\"><span style=\"font-style: inherit; font-weight: inherit;\">\u00a0ISO14443A, ISO15693<\/span><\/td>\n<\/tr>\n<tr style=\"font-style: inherit; font-weight: inherit;\">\n<td style=\"font-style: inherit;\" width=\"187\"><span style=\"font-style: inherit; font-weight: inherit;\">\u00a0HF \u010dip (13,56MHz)\u00a0<\/span><\/td>\n<td style=\"font-style: inherit;\" width=\"289\"><span style=\"font-style: inherit; font-weight: inherit;\">\u00a0FM11RF08, S50, S70, M1K, nfc oznaka 213\/216 itd<\/span><\/td>\n<\/tr>\n<tr style=\"font-style: inherit; font-weight: inherit;\">\n<td style=\"font-style: inherit;\" rowspan=\"4\" width=\"187\"><span style=\"font-style: inherit; font-weight: inherit;\">\u00a0Zanat<\/span><\/td>\n<td style=\"font-style: inherit;\" width=\"289\"><span style=\"font-style: inherit; font-weight: inherit;\">\u00a0Prilagodite ispis<\/span><\/td>\n<\/tr>\n<tr>\n<td width=\"289\"><span style=\"font-style: inherit; font-weight: inherit;\">\u00a0Dostupna usluga kodiranja<\/span><\/td>\n<\/tr>\n<tr>\n<td width=\"289\">\u00a0Laserski\/ispisni UID ili serijski broj na kartici<\/td>\n<\/tr>\n<tr>\n<td width=\"289\">\u00a0UID i serijski broj mogu se dostaviti u excel formatu<\/td>\n<\/tr>\n<tr style=\"font-style: inherit; font-weight: inherit;\">\n<td style=\"font-style: inherit;\" width=\"187\"><span style=\"font-style: inherit; font-weight: inherit;\">\u00a0Zna\u010dajke<\/span><\/td>\n<td style=\"font-style: inherit;\" width=\"289\"><span style=\"font-style: inherit; font-weight: inherit;\">\u00a0Jednostavan za no\u0161enje i kori\u0161tenje, visoka u\u010dinkovitost, niska cijena, ekolo\u0161ki prihvatljiv, netoksi\u010dan<\/span><\/td>\n<\/tr>\n<tr style=\"font-style: inherit; font-weight: inherit;\">\n<td style=\"font-style: inherit;\" width=\"187\"><span style=\"font-style: inherit; font-weight: inherit;\">\u00a0Primjena\u00a0<\/span><\/td>\n<td style=\"font-style: inherit;\" width=\"289\"><span style=\"font-style: inherit; font-weight: inherit;\">\u00a0\u0160iroko se primjenjuje na zabavama, sportskim doga\u0111ajima, teretanama, restoranima, maratonima itd., kao kontrola pristupa i pla\u0107anja<\/span><\/td>\n<\/tr>\n<\/tbody>\n<\/table>\n<div>Silikonske RFID narukvice<\/div>\n<div><\/div>\n<div>RFID NARUKVICE ZA RV PARKOVE I KAMPOVE Sigurna pogodnost. Koristite RFID narukvice u svom parku za kamp prikolice ili kampovima kako biste omogu\u0107ili sigurnu kontrolu pristupa razli\u010ditim dijelovima va\u0161e stranice i kako biste stvorili bezgotovinski posjed u kojem se svime rukuje dodirom. Bezgotovinska kupnja.<\/div>\n<div><\/div>\n<div>RFID narukvice za obiteljske centre za zabavu. Koristite na\u0161e RFID narukvice za sigurne debitne, NFC i POS transakcije u obiteljskim zabavnim centrima, igraonicama, kasinima i igraonicama.<\/div>\n<div><\/div>\n<div>Za bilo koju primjenu. Stavite na\u0161e vodootporne silikonske RFID narukvice bilo gdje: u teretanu, bazen, spa, vodeni park ili hotel. Platite hranu, usluge i sadr\u017eaje jednim dodirom na na\u0161em sustavu ili na POS terminalu. Silikonske RFID narukvice tako\u0111er su prikladne za RFID kontrolu pristupa, zaklju\u010davanje i aplikacije za nadzor osoblja u va\u0161oj zgradi, uredu, laboratoriju ili skladi\u0161tu.<\/div>\n<div><\/div>\n<div><img loading=\"lazy\" decoding=\"async\" class=\"alignnone wp-image-2134\" src=\"https:\/\/nfc-readers.com\/wp-content\/uploads\/2024\/04\/H41cec2b20d6746e4bf71ea249b81ff01N-300x246.jpg\" alt=\"\" width=\"525\" height=\"431\" srcset=\"https:\/\/nfc-readers.com\/wp-content\/uploads\/2024\/04\/H41cec2b20d6746e4bf71ea249b81ff01N-300x246.jpg 300w, https:\/\/nfc-readers.com\/wp-content\/uploads\/2024\/04\/H41cec2b20d6746e4bf71ea249b81ff01N-1024x839.jpg 1024w, https:\/\/nfc-readers.com\/wp-content\/uploads\/2024\/04\/H41cec2b20d6746e4bf71ea249b81ff01N-768x629.jpg 768w, https:\/\/nfc-readers.com\/wp-content\/uploads\/2024\/04\/H41cec2b20d6746e4bf71ea249b81ff01N-1536x1258.jpg 1536w, https:\/\/nfc-readers.com\/wp-content\/uploads\/2024\/04\/H41cec2b20d6746e4bf71ea249b81ff01N-2048x1678.jpg 2048w, https:\/\/nfc-readers.com\/wp-content\/uploads\/2024\/04\/H41cec2b20d6746e4bf71ea249b81ff01N-600x491.jpg 600w\" sizes=\"auto, (max-width: 525px) 100vw, 525px\" \/><\/div>\n<div><img loading=\"lazy\" decoding=\"async\" class=\"alignnone wp-image-2135\" src=\"https:\/\/nfc-readers.com\/wp-content\/uploads\/2024\/04\/HTB1OdAhDr9YBuNjy0Fgq6AxcXXaH-300x300.jpg\" alt=\"\" width=\"527\" height=\"527\" srcset=\"https:\/\/nfc-readers.com\/wp-content\/uploads\/2024\/04\/HTB1OdAhDr9YBuNjy0Fgq6AxcXXaH-300x300.jpg 300w, https:\/\/nfc-readers.com\/wp-content\/uploads\/2024\/04\/HTB1OdAhDr9YBuNjy0Fgq6AxcXXaH-150x150.jpg 150w, https:\/\/nfc-readers.com\/wp-content\/uploads\/2024\/04\/HTB1OdAhDr9YBuNjy0Fgq6AxcXXaH-600x600.jpg 600w, https:\/\/nfc-readers.com\/wp-content\/uploads\/2024\/04\/HTB1OdAhDr9YBuNjy0Fgq6AxcXXaH-100x100.jpg 100w, https:\/\/nfc-readers.com\/wp-content\/uploads\/2024\/04\/HTB1OdAhDr9YBuNjy0Fgq6AxcXXaH.jpg 750w\" sizes=\"auto, (max-width: 527px) 100vw, 527px\" \/><\/div>\n<div><\/div>\n<div>\n<p>FAQ:<\/p>\n<p><strong>1. MO\u017dETE LI NAM PONUDITI NEKOLIKO UZORAKA?<\/strong><\/p>\n<p>Nakon \u0161to jasno znamo koji su vam proizvodi potrebni, mo\u017eemo ponuditi sli\u010dan postoje\u0107i uzorak za va\u0161u referencu.<\/p>\n<p>Uzorak besplatan uz tro\u0161ak dostave koji ste platili.<\/p>\n<p>Ako trebate prilago\u0111eni uzorak oznake na temelju va\u0161eg dizajna i zahtjeva, postoji razumna cijena uzorka koja se napla\u0107uje u skladu s tim.<\/p>\n<p>&nbsp;<\/p>\n<p><strong>2. MI NISMO STRU\u010cNI KUPAC ZA VA\u0160U TEHNOLOGIJU, KOJE INFORMACIJE TREBATE OD NAS KAKO BISTE PONUDILI?<\/strong><\/p>\n<p>Dragi prijatelju, jasno nam recite aplikaciju oznake, koji cilj \u017eelite posti\u0107i,<\/p>\n<p>predlo\u017eit \u0107emo vam odgovaraju\u0107i proizvod po dobroj cijeni<\/p>\n<p>&nbsp;<\/p>\n<p><strong>3. MO\u017dEMO LI POSJETITI VA\u0160U TVORNICU?<\/strong><\/p>\n<p>Da, toplo pozdravljamo va\u0161 obilazak tvornice. I \u010dast je biti va\u0161 vodi\u010d na va\u0161em putovanju u Kinu.<\/p>\n<p>&nbsp;<\/p>\n<\/div>\n<p>&nbsp;<\/p>","protected":false},"excerpt":{"rendered":"<p>Silikonske RFID narukvice s tehnologijom NFC \u010dipa omogu\u0107uju beskontaktnu identifikaciju za prodaju karata, kontrolu pristupa i u\u010dinkovito upravljanje doga\u0111ajima.<\/p>","protected":false},"featured_media":2136,"template":"","meta":[],"product_brand":[],"product_cat":[50],"product_tag":[],"class_list":{"0":"post-2133","1":"product","2":"type-product","3":"status-publish","4":"has-post-thumbnail","6":"product_cat-silicone-rfid-nfc-wristbands","8":"first","9":"instock","10":"shipping-taxable","11":"product-type-simple"},"_links":{"self":[{"href":"https:\/\/nfc-readers.com\/hr\/wp-json\/wp\/v2\/product\/2133","targetHints":{"allow":["GET"]}}],"collection":[{"href":"https:\/\/nfc-readers.com\/hr\/wp-json\/wp\/v2\/product"}],"about":[{"href":"https:\/\/nfc-readers.com\/hr\/wp-json\/wp\/v2\/types\/product"}],"wp:featuredmedia":[{"embeddable":true,"href":"https:\/\/nfc-readers.com\/hr\/wp-json\/wp\/v2\/media\/2136"}],"wp:attachment":[{"href":"https:\/\/nfc-readers.com\/hr\/wp-json\/wp\/v2\/media?parent=2133"}],"wp:term":[{"taxonomy":"product_brand","embeddable":true,"href":"https:\/\/nfc-readers.com\/hr\/wp-json\/wp\/v2\/product_brand?post=2133"},{"taxonomy":"product_cat","embeddable":true,"href":"https:\/\/nfc-readers.com\/hr\/wp-json\/wp\/v2\/product_cat?post=2133"},{"taxonomy":"product_tag","embeddable":true,"href":"https:\/\/nfc-readers.com\/hr\/wp-json\/wp\/v2\/product_tag?post=2133"}],"curies":[{"name":"wp","href":"https:\/\/api.w.org\/{rel}","templated":true}]}}