{"id":2144,"date":"2024-04-22T03:53:51","date_gmt":"2024-04-22T03:53:51","guid":{"rendered":"https:\/\/nfc-readers.com\/?post_type=product&#038;p=2144"},"modified":"2024-09-24T06:02:28","modified_gmt":"2024-09-24T06:02:28","slug":"nfc-smart-ring","status":"publish","type":"product","link":"https:\/\/nfc-readers.com\/hr\/ic-reader\/nfc-smart-ring\/","title":{"rendered":"NFC pametni prsten"},"content":{"rendered":"<table width=\"443\">\n<tbody>\n<tr style=\"font-style: inherit; font-weight: inherit;\">\n<td style=\"font-style: inherit;\" width=\"152\">Naziv proizvoda<\/td>\n<td style=\"font-style: inherit;\" width=\"291\">NFC prsten<\/td>\n<\/tr>\n<tr style=\"font-style: inherit; font-weight: inherit;\">\n<td style=\"font-style: inherit;\" width=\"152\">Materijal<\/td>\n<td style=\"font-style: inherit;\" width=\"291\">Cirkonska keramika glavnog tijela, epoksidna smola povr\u0161ine<\/td>\n<\/tr>\n<tr style=\"font-style: inherit; font-weight: inherit;\">\n<td style=\"font-style: inherit;\" width=\"152\">Unutarnji promjer prstena<\/td>\n<td style=\"font-style: inherit;\" width=\"291\">16 mm, 17 mm, 18 mm, 19 mm, 20 mm, 21 mm, 22 mm, 23 mm<\/td>\n<\/tr>\n<tr style=\"font-style: inherit; font-weight: inherit;\">\n<td style=\"font-style: inherit;\" width=\"152\">\u010cip<\/td>\n<td style=\"font-style: inherit;\" width=\"291\">NFC 215 213 216, IC(UID),ID(EM4305)<\/td>\n<\/tr>\n<tr style=\"font-style: inherit; font-weight: inherit;\">\n<td style=\"font-style: inherit;\" width=\"152\">Protokol<\/td>\n<td style=\"font-style: inherit;\" width=\"291\">NFC forum tipa 2 ISO14443A<\/td>\n<\/tr>\n<tr style=\"font-style: inherit; font-weight: inherit;\">\n<td style=\"font-style: inherit;\" width=\"152\">Frekvencija<\/td>\n<td style=\"font-style: inherit;\" width=\"291\">13,56MHz<\/td>\n<\/tr>\n<tr style=\"font-style: inherit; font-weight: inherit;\">\n<td style=\"font-style: inherit;\" width=\"152\">Osjeti smjer<\/td>\n<td style=\"font-style: inherit;\" width=\"291\">Svesmjerno osjetanje<\/td>\n<\/tr>\n<tr style=\"font-style: inherit; font-weight: inherit;\">\n<td style=\"font-style: inherit;\" width=\"152\">Osje\u0107aj udaljenosti<\/td>\n<td style=\"font-style: inherit;\" width=\"291\">0-10 cm (Ovisi o \u010dita\u010du)<\/td>\n<\/tr>\n<tr style=\"font-style: inherit; font-weight: inherit;\">\n<td style=\"font-style: inherit;\" width=\"152\">Paket<\/td>\n<td style=\"font-style: inherit;\" width=\"291\">NFC prsten + priru\u010dnik<\/td>\n<\/tr>\n<\/tbody>\n<\/table>\n<p>&nbsp;<\/p>\n<p>Zna\u010dajka:<br \/>\nPametni prsten je komponenta gadgeta koji se mo\u017ee nositi, pokre\u0107e \u010darobne funkcije na mobilnom telefonu, upravlja mobilnom funkcijom i dijeli podatke putem NFC be\u017ei\u010dne frekvencijske komunikacijske tehnologije, funkcije naprednog dizajna su sljede\u0107e: zaklju\u010davanje APP-a, automatsko pokretanje, skrivanje APP-a, Podijelite posjetnicu, Podijelite internetsku vezu, Podijelite tekst i Podijelite online datoteku. Oblik proizvoda dizajniran je u skladu s me\u0111unarodnim popularnim elementima, stvoren od \u010distog medicinskog titana, nema potrebe za punjenjem, visoko je vodootporan i prikladan za sve ljude u bilo koje vrijeme.<\/p>\n<p>&nbsp;<\/p>\n<p><iframe loading=\"lazy\" title=\"NFC prsten\" width=\"1020\" height=\"574\" src=\"https:\/\/www.youtube.com\/embed\/rflL5fkvj6c?feature=oembed\" frameborder=\"0\" allow=\"accelerometer; autoplay; clipboard-write; encrypted-media; gyroscope; picture-in-picture; web-share\" referrerpolicy=\"strict-origin-when-cross-origin\" allowfullscreen><\/iframe><\/p>\n<p>&nbsp;<\/p>\n<p><span class=\"magic-26\"><b data-spm-anchor-id=\"a2700.details.0.i59.2acc580aDAbgjP\">A) Kako mogu dobiti uzorak? <\/b><\/span><\/p>\n<div><span class=\"magic-26\">Prije nego \u0161to primimo prvu narud\u017ebu, priu\u0161tite si cijenu uzorka i ekspresnu naknadu. Vratit \u0107emo<br \/>\ntro\u0161ak uzorka vam se vra\u0107a unutar va\u0161e prve narud\u017ebe. <\/span><\/div>\n<div><\/div>\n<div><\/div>\n<div><\/div>\n<div><span class=\"magic-26\"><b>B) Mo\u017eete li staviti na\u0161 brend na svoje proizvode?<\/b><\/span><\/div>\n<div><span class=\"magic-26\">Da. Mo\u017eemo ispisati va\u0161 logotip i na proizvodima i na paketima ako mo\u017eete zadovoljiti na\u0161 MOQ. <\/span><\/div>\n<div><span class=\"magic-26\">\u00a0<\/span><\/div>\n<div><span class=\"magic-26\"><b>C) Mo\u017eete li izraditi svoje proizvode po na\u0161oj boji? <\/b><\/span><\/div>\n<div><span class=\"magic-26\">Da, boja proizvoda mo\u017ee se prilagoditi ako mo\u017eete zadovoljiti na\u0161 MOQ. <\/span><\/div>\n<div><span class=\"magic-26\">\u00a0<\/span><\/div>\n<div><span class=\"magic-26\"><b>D) Kako jam\u010diti kvalitetu svojih proizvoda? <\/b><\/span><\/div>\n<div><span class=\"magic-26\" data-spm-anchor-id=\"a2700.details.0.i60.2acc580aDAbgjP\">1) Stroga detekcija tijekom proizvodnje. <\/span><\/div>\n<div><span class=\"magic-26\">2) Osigurati strogu inspekciju uzorkovanja proizvoda prije otpreme i netaknuto pakiranje proizvoda<\/span><\/div>","protected":false},"excerpt":{"rendered":"<p>NFC Smart Ring, s NFC \u010dipom i RFID tehnologijom na 13,56M, nudi moderan na\u010din be\u017ei\u010dne interakcije s pametnim telefonima i pristupnim sustavima.<\/p>","protected":false},"featured_media":2145,"template":"","meta":[],"product_brand":[],"product_cat":[52],"product_tag":[],"class_list":{"0":"post-2144","1":"product","2":"type-product","3":"status-publish","4":"has-post-thumbnail","6":"product_cat-nfc-smart-ring","8":"first","9":"instock","10":"shipping-taxable","11":"product-type-simple"},"_links":{"self":[{"href":"https:\/\/nfc-readers.com\/hr\/wp-json\/wp\/v2\/product\/2144","targetHints":{"allow":["GET"]}}],"collection":[{"href":"https:\/\/nfc-readers.com\/hr\/wp-json\/wp\/v2\/product"}],"about":[{"href":"https:\/\/nfc-readers.com\/hr\/wp-json\/wp\/v2\/types\/product"}],"wp:featuredmedia":[{"embeddable":true,"href":"https:\/\/nfc-readers.com\/hr\/wp-json\/wp\/v2\/media\/2145"}],"wp:attachment":[{"href":"https:\/\/nfc-readers.com\/hr\/wp-json\/wp\/v2\/media?parent=2144"}],"wp:term":[{"taxonomy":"product_brand","embeddable":true,"href":"https:\/\/nfc-readers.com\/hr\/wp-json\/wp\/v2\/product_brand?post=2144"},{"taxonomy":"product_cat","embeddable":true,"href":"https:\/\/nfc-readers.com\/hr\/wp-json\/wp\/v2\/product_cat?post=2144"},{"taxonomy":"product_tag","embeddable":true,"href":"https:\/\/nfc-readers.com\/hr\/wp-json\/wp\/v2\/product_tag?post=2144"}],"curies":[{"name":"wp","href":"https:\/\/api.w.org\/{rel}","templated":true}]}}