{"id":2259,"date":"2024-04-26T08:18:30","date_gmt":"2024-04-26T08:18:30","guid":{"rendered":"https:\/\/nfc-readers.com\/?post_type=product&#038;p=2259"},"modified":"2024-09-24T02:58:25","modified_gmt":"2024-09-24T02:58:25","slug":"apple-pay-mobile-walletmate-vas-nfc-reader","status":"publish","type":"product","link":"https:\/\/nfc-readers.com\/hr\/ic-reader\/apple-pay-mobile-walletmate-vas-nfc-reader\/","title":{"rendered":"Apple Pay Mobile WalletMate VAS NFC \u010dita\u010d"},"content":{"rendered":"<h1>Apple Pay Mobile WalletMate VAS NFC \u010dita\u010d<\/h1>\n<p>WalletMate Mobile Wallet NFC \u010dita\u010d predstavlja vrhunski alat koji uklju\u010duje VAS protokole i funkcije \u010dita\u010da za kontrolu pristupa nfc kako bi ponudio optimizirano iskustvo bez kartice. S dodatkom POS terminala s nfc \u010dita\u010dem, pove\u0107anom sigurno\u0161\u0107u i \u0161irokom kompatibilno\u0161\u0107u aplikacija, uvodi novu eru pogodnosti i u\u010dinkovitosti. To ga \u010dini bitnim sredstvom za korisnike i tvrtke koji \u017eele iskoristiti snagu NFC tehnologije za besprijekorne, sigurne i brze transakcije.<\/p>\n<p><iframe loading=\"lazy\" title=\"ACS WalletMate Apple\/Google VAS alat za testiranje - Demo\" width=\"1020\" height=\"574\" src=\"https:\/\/www.youtube.com\/embed\/aOWbdgwvHDg?feature=oembed\" frameborder=\"0\" allow=\"accelerometer; autoplay; clipboard-write; encrypted-media; gyroscope; picture-in-picture; web-share\" referrerpolicy=\"strict-origin-when-cross-origin\" allowfullscreen><\/iframe><\/p>\n<ul>\n<li>\n<h2>USB 2.0 su\u010delje pune brzine<\/h2>\n<\/li>\n<li>\n<h2>CCID uskla\u0111enost<\/h2>\n<\/li>\n<li>\n<h2>Mobilni nov\u010danik i beskontaktni \u010dita\u010d pametnih kartica:<\/h2>\n<ul>\n<li>\n<h3>Apple VAS &amp; Google Smart Tap Certified (WalletMate je samo VAS, a ne terminali za pla\u0107anje)<\/h3>\n<\/li>\n<\/ul>\n<\/li>\n<li>\n<h3>Brzina \u010ditanja\/pisanja do 424 kbps<\/h3>\n<\/li>\n<li>\n<h3>Ugra\u0111ena antena za beskontaktni pristup tagu, s udaljenosti \u010ditanja kartice do 50 mm (ovisno o tipu taga)<\/h3>\n<\/li>\n<li>\n<h3>Podr\u017eava ISO 14443 kartice tipa A i B, MIFARE\u00ae, FeliCa i sve 4 vrste NFC (ISO\/IEC 18092) oznaka<\/h3>\n<\/li>\n<li>\n<h3>Podr\u017eava MIFARE\u00ae 7-byte UID, MIFARE\u00ae Plus i MIFARE\u00ae DESfire<\/h3>\n<\/li>\n<li>\n<h3>Ugra\u0111ena zna\u010dajka protiv sudara (u svakom trenutku se pristupa samo 1 oznaci)<\/h3>\n<\/li>\n<li>\n<h2>NFC podr\u0161ka:<\/h2>\n<ul>\n<li>\n<h3>NFC na\u010din \u010ditanja\/pisanja<\/h3>\n<\/li>\n<li>\n<h3>Peer-to-Peer na\u010din rada<\/h3>\n<\/li>\n<li>\n<h3>Na\u010din emulacije kartice<\/h3>\n<\/li>\n<\/ul>\n<\/li>\n<li>\n<h2>Programsko su\u010delje aplikacije:<\/h2>\n<ul>\n<li>\n<h3>Apple VAS &amp; Google Smart Tap API za Windows i Linux platforme<\/h3>\n<\/li>\n<li>\n<h3>Podr\u017eava PC\/SC<\/h3>\n<\/li>\n<li>\n<h3>Podr\u017eava CT-API (kroz omot na vrhu PC\/SC)<\/h3>\n<\/li>\n<\/ul>\n<\/li>\n<li>\n<h2>Periferije:<\/h2>\n<ul>\n<li>\n<h3>Dvobojna LED dioda koju mo\u017ee kontrolirati korisnik<\/h3>\n<\/li>\n<li>\n<h3>Zujalo koje kontrolira korisnik<\/h3>\n<\/li>\n<\/ul>\n<\/li>\n<li>\n<h2>Mogu\u0107nost nadogradnje USB firmvera<\/h2>\n<\/li>\n<li>\n<table width=\"559\">\n<tbody>\n<tr>\n<td colspan=\"2\" width=\"559\">Fizi\u010dke karakteristike<\/td>\n<\/tr>\n<tr>\n<td width=\"214\">Dimenzije (mm)<\/td>\n<td width=\"345\">98,0 mm (D) x 65,0 mm (\u0160) x 12,8 mm (V)<\/td>\n<\/tr>\n<tr>\n<td width=\"214\">Te\u017eina (g)<\/td>\n<td width=\"345\">81g<\/td>\n<\/tr>\n<tr>\n<td colspan=\"2\" width=\"559\">USB su\u010delje<\/td>\n<\/tr>\n<tr>\n<td width=\"214\">Protokol<\/td>\n<td width=\"345\">USB CCID<\/td>\n<\/tr>\n<tr>\n<td width=\"214\">Vrsta konektora<\/td>\n<td width=\"345\">USB vrste A (ACR1252U-MW)<\/td>\n<\/tr>\n<tr>\n<td width=\"214\">Izvor napajanja<\/td>\n<td width=\"345\">Iz USB priklju\u010dka<\/td>\n<\/tr>\n<tr>\n<td width=\"214\">Ubrzati<\/td>\n<td width=\"345\">USB pune brzine (12 Mbps)<\/td>\n<\/tr>\n<tr>\n<td width=\"214\">Du\u017eina kabela<\/td>\n<td width=\"345\">1,0 m, neodvojiv<\/td>\n<\/tr>\n<tr>\n<td colspan=\"2\" width=\"559\">Su\u010delje beskontaktne pametne kartice<\/td>\n<\/tr>\n<tr>\n<td width=\"214\">Standard<\/td>\n<td width=\"345\">ISO\/IEC 18092 NFC, ISO 14443 Tip A &amp; B, MIFARE\u00ae, FeliCa<\/td>\n<\/tr>\n<tr>\n<td rowspan=\"4\" width=\"214\">Protokol<\/td>\n<td width=\"345\">ISO 14443-4 kompatibilna kartica, T=CL<\/td>\n<\/tr>\n<tr>\n<td width=\"345\">MIFARE\u00ae Classic Card, T=CL<\/td>\n<\/tr>\n<tr>\n<td width=\"345\">ISO18092, NFC oznake<\/td>\n<\/tr>\n<tr>\n<td width=\"345\">FeliCa<\/td>\n<\/tr>\n<tr>\n<td colspan=\"2\" width=\"559\">Ugra\u0111ene periferije<\/td>\n<\/tr>\n<tr>\n<td width=\"214\">LED<\/td>\n<td width=\"345\">1 dvobojna: crvena i zelena<\/td>\n<\/tr>\n<tr>\n<td width=\"214\">Zujalo<\/td>\n<td width=\"345\">Monotonija<\/td>\n<\/tr>\n<tr>\n<td colspan=\"2\" width=\"559\">Druge zna\u010dajke<\/td>\n<\/tr>\n<tr>\n<td width=\"214\">Nadogradnja firmvera<\/td>\n<td width=\"345\">Podr\u017eano<\/td>\n<\/tr>\n<tr>\n<td colspan=\"2\" width=\"559\">Certifikati\/sukladnost<\/td>\n<\/tr>\n<tr>\n<td rowspan=\"4\" width=\"214\">Certifikati\/sukladnost<\/td>\n<td width=\"345\">Certifikati:<\/td>\n<\/tr>\n<tr>\n<td width=\"345\">Apple VAS, Google Smart Tap, NFC Forum Certification Mark, IEC\/EN 62368, CE, FCC, UKCA, J-LIS, VCCI, TELEC, KC, BIS, RoHS, REACH, WEEE<\/td>\n<\/tr>\n<tr>\n<td width=\"345\">Sukladnosti:<\/td>\n<\/tr>\n<tr>\n<td width=\"345\">USB CCID, PC\/SC<\/td>\n<\/tr>\n<tr>\n<td colspan=\"2\" width=\"559\">Podr\u0161ka za operativni sustav upravlja\u010dkog programa ure\u0111aja<\/td>\n<\/tr>\n<tr>\n<td width=\"214\">Podr\u0161ka za operativni sustav upravlja\u010dkog programa ure\u0111aja<\/td>\n<td width=\"345\">Windows\u00ae, Linux\u00ae, macOS (U razvoju), Android\u2122 (U razvoju)<\/td>\n<\/tr>\n<\/tbody>\n<\/table>\n<\/li>\n<\/ul>","protected":false},"excerpt":{"rendered":"<div>WalletMate, inovativni NFC \u010dita\u010d podr\u017eava anga\u017eman bez kartice s digitalnim propusnicama, uz podr\u0161ku VAS Apple i Google VAS za iOS i Android ure\u0111aje.<\/div>","protected":false},"featured_media":2260,"template":"","meta":[],"product_brand":[],"product_cat":[45,40],"product_tag":[],"class_list":{"0":"post-2259","1":"product","2":"type-product","3":"status-publish","4":"has-post-thumbnail","6":"product_cat-contactless-nfc-reader","7":"product_cat-rfid-nfc-reader","9":"first","10":"instock","11":"shipping-taxable","12":"product-type-simple"},"_links":{"self":[{"href":"https:\/\/nfc-readers.com\/hr\/wp-json\/wp\/v2\/product\/2259","targetHints":{"allow":["GET"]}}],"collection":[{"href":"https:\/\/nfc-readers.com\/hr\/wp-json\/wp\/v2\/product"}],"about":[{"href":"https:\/\/nfc-readers.com\/hr\/wp-json\/wp\/v2\/types\/product"}],"wp:featuredmedia":[{"embeddable":true,"href":"https:\/\/nfc-readers.com\/hr\/wp-json\/wp\/v2\/media\/2260"}],"wp:attachment":[{"href":"https:\/\/nfc-readers.com\/hr\/wp-json\/wp\/v2\/media?parent=2259"}],"wp:term":[{"taxonomy":"product_brand","embeddable":true,"href":"https:\/\/nfc-readers.com\/hr\/wp-json\/wp\/v2\/product_brand?post=2259"},{"taxonomy":"product_cat","embeddable":true,"href":"https:\/\/nfc-readers.com\/hr\/wp-json\/wp\/v2\/product_cat?post=2259"},{"taxonomy":"product_tag","embeddable":true,"href":"https:\/\/nfc-readers.com\/hr\/wp-json\/wp\/v2\/product_tag?post=2259"}],"curies":[{"name":"wp","href":"https:\/\/api.w.org\/{rel}","templated":true}]}}