{"id":2262,"date":"2024-04-26T08:49:56","date_gmt":"2024-04-26T08:49:56","guid":{"rendered":"https:\/\/nfc-readers.com\/?post_type=product&#038;p=2262"},"modified":"2024-09-24T03:06:20","modified_gmt":"2024-09-24T03:06:20","slug":"pocketkey-fido-certified-usb-security-key","status":"publish","type":"product","link":"https:\/\/nfc-readers.com\/hr\/ic-reader\/pocketkey-fido-certified-usb-security-key\/","title":{"rendered":"PocketKey FIDO\u00ae certificirani USB sigurnosni klju\u010d"},"content":{"rendered":"<h1>PocketKey FIDO\u00ae certificirani USB sigurnosni klju\u010d<\/h1>\n<p>PocketKey se nametnuo kao uvjerljiv alat u sektoru digitalne sigurnosti, promi\u010du\u0107i sigurnu metodu prijave bez lozinke koja se lako prenosi i koristi na razli\u010ditim platformama. Njegova sna\u017ena autentifikacija s vi\u0161e faktora, podr\u0161ka za vi\u0161e platformi i jednostavna implementacija, \u010dine PocketKey vrhunskim izborom za korisnike i administraciju koji te\u017ee oja\u010danom i u\u010dinkovitom iskustvu autentifikacije.<\/p>\n<ul>\n<li>\n<h2>\u00a0Certifikati\/sukladnosti<\/h2>\n<ul>\n<li>\n<h3>Sustavi\/standardi:<\/h3>\n<ul>\n<li>\n<h3>FIDO U2F<\/h3>\n<\/li>\n<li>\n<h3>FIDO2 L1<\/h3>\n<\/li>\n<\/ul>\n<\/li>\n<li>\n<h2>Regulatorno\/ekolo\u0161ki:<\/h2>\n<ul>\n<li>\n<h3>CE<\/h3>\n<\/li>\n<li>\n<h3>UKCA<\/h3>\n<\/li>\n<li>\n<h3>FCC<\/h3>\n<\/li>\n<li>\n<h3>RoHS<\/h3>\n<\/li>\n<li>\n<h3>DOHVATITI<\/h3>\n<\/li>\n<\/ul>\n<\/li>\n<\/ul>\n<\/li>\n<li>\n<h2>Podr\u017eava glavne web preglednike<\/h2>\n<ul>\n<li>\n<h3>ChromeTM, Safari\u00ae, Microsoft Edge\u00ae i Firefox\u00ae<\/h3>\n<\/li>\n<\/ul>\n<\/li>\n<li>\n<h2>Podr\u017eava Key Manager<\/h2>\n<\/li>\n<li>\n<h2>Kriptografska specifikacija<\/h2>\n<ul>\n<li>\n<h3>ECC str.256<\/h3>\n<\/li>\n<\/ul>\n<\/li>\n<li>\u00a0Periferije\n<ul>\n<li>Mehani\u010dki prekida\u010d za provjeru prisutnosti<\/li>\n<li>\n<table width=\"470\">\n<tbody>\n<tr>\n<td colspan=\"2\" width=\"470\">Fizi\u010dke karakteristike<\/td>\n<\/tr>\n<tr>\n<td width=\"191\">Dimenzije (mm)<\/td>\n<td width=\"279\">29,0 mm (D) \u00d7 14,5 mm (\u0160) \u00d7 10,5 mm (V)<\/td>\n<\/tr>\n<tr>\n<td width=\"191\">Te\u017eina (g)<\/td>\n<td width=\"279\">4,48 g \u00b1 0,44 g<\/td>\n<\/tr>\n<tr>\n<td colspan=\"2\" width=\"470\">USB su\u010delje<\/td>\n<\/tr>\n<tr>\n<td width=\"191\">Protokol<\/td>\n<td width=\"279\">USB HID<\/td>\n<\/tr>\n<tr>\n<td width=\"191\">Vrsta konektora<\/td>\n<td width=\"279\">USB Standard Type-A<\/td>\n<\/tr>\n<tr>\n<td width=\"191\">Izvor napajanja<\/td>\n<td width=\"279\">S USB priklju\u010dka<\/td>\n<\/tr>\n<tr>\n<td width=\"191\">Ubrzati<\/td>\n<td width=\"279\">USB 2.0 pune brzine (12 Mbps)<\/td>\n<\/tr>\n<tr>\n<td colspan=\"2\" width=\"470\">Kontaktirajte su\u010delje pametne kartice<\/td>\n<\/tr>\n<tr>\n<td rowspan=\"6\" width=\"191\">Drugi<\/td>\n<td width=\"279\">Struja napajanja<\/td>\n<\/tr>\n<tr>\n<td width=\"279\">Maks. 100 mA<\/td>\n<\/tr>\n<tr>\n<td width=\"279\">Kriptografska specifikacija<\/td>\n<\/tr>\n<tr>\n<td width=\"279\">ECC str.256<\/td>\n<\/tr>\n<tr>\n<td width=\"279\">Upravitelj klju\u010deva<\/td>\n<\/tr>\n<tr>\n<td width=\"279\">podr\u0161ka<\/td>\n<\/tr>\n<tr>\n<td colspan=\"2\" width=\"470\">Druge zna\u010dajke<\/td>\n<\/tr>\n<tr>\n<td rowspan=\"4\" width=\"191\">Sigurnost<\/td>\n<td width=\"279\">Autentifikatori:<\/td>\n<\/tr>\n<tr>\n<td width=\"279\">FIDO U2F<\/td>\n<\/tr>\n<tr>\n<td width=\"279\">FIDO2<\/td>\n<\/tr>\n<tr>\n<td width=\"279\">FIDO2 CTAP2.1<\/td>\n<\/tr>\n<tr>\n<td colspan=\"2\" width=\"470\">Certifikati\/sukladnost<\/td>\n<\/tr>\n<tr>\n<td rowspan=\"9\" width=\"191\">Certifikati\/sukladnost<\/td>\n<td width=\"279\">Sustavi\/standardi:<\/td>\n<\/tr>\n<tr>\n<td width=\"279\">FIDO U2F<\/td>\n<\/tr>\n<tr>\n<td width=\"279\">FIDO2 L1<\/td>\n<\/tr>\n<tr>\n<td width=\"279\">Regulatorno\/ekolo\u0161ki:<\/td>\n<\/tr>\n<tr>\n<td width=\"279\">CE<\/td>\n<\/tr>\n<tr>\n<td width=\"279\">UKCA<\/td>\n<\/tr>\n<tr>\n<td width=\"279\">FCC<\/td>\n<\/tr>\n<tr>\n<td width=\"279\">RoHS<\/td>\n<\/tr>\n<tr>\n<td width=\"279\">DOHVATITI<\/td>\n<\/tr>\n<tr>\n<td colspan=\"2\" width=\"470\">Podr\u0161ka za operativni sustav upravlja\u010dkog programa ure\u0111aja<\/td>\n<\/tr>\n<tr>\n<td rowspan=\"9\" width=\"191\">Podr\u0161ka za operativni sustav upravlja\u010dkog programa ure\u0111aja<\/td>\n<td width=\"279\">Windows\u00ae<\/td>\n<\/tr>\n<tr>\n<td width=\"279\">Linux\u00ae<\/td>\n<\/tr>\n<tr>\n<td width=\"279\">macOS<\/td>\n<\/tr>\n<tr>\n<td width=\"279\">Android\u2122<\/td>\n<\/tr>\n<tr>\n<td width=\"279\">Preglednici:<\/td>\n<\/tr>\n<tr>\n<td width=\"279\">Chrome\u2122<\/td>\n<\/tr>\n<tr>\n<td width=\"279\">Safari\u00ae<\/td>\n<\/tr>\n<tr>\n<td width=\"279\">Firefox\u00ae<\/td>\n<\/tr>\n<tr>\n<td width=\"279\">Microsoft Edge\u00ae<\/td>\n<\/tr>\n<\/tbody>\n<\/table>\n<\/li>\n<li>1.\u00a0<a href=\"https:\/\/youtu.be\/fbDyXZaPvQM\" target=\"_blank\" rel=\"noopener\">Microsoft<sup>\u00ae<\/sup>\u00a0Outlook<sup>TM<\/sup>\u00a0Demo prijave<\/a><\/li>\n<li><iframe loading=\"lazy\" title=\"PocketKey: Demo prijava u Microsoft\u00ae OutlookTM s autentifikacijom bez lozinke\" width=\"1020\" height=\"574\" src=\"https:\/\/www.youtube.com\/embed\/fbDyXZaPvQM?feature=oembed\" frameborder=\"0\" allow=\"accelerometer; autoplay; clipboard-write; encrypted-media; gyroscope; picture-in-picture; web-share\" referrerpolicy=\"strict-origin-when-cross-origin\" allowfullscreen><\/iframe><\/li>\n<li>2.\u00a0<a href=\"https:\/\/www.youtube.com\/watch?v=1MTW9mSfv8A\" target=\"_blank\" rel=\"noopener\">\u00a0Google<sup>\u00ae<\/sup>\u00a0Demo prijave na ra\u010dun<\/a><\/li>\n<li><iframe loading=\"lazy\" title=\"PocketKey: Demo prijave na Google\u00ae ra\u010dun\" width=\"1020\" height=\"574\" src=\"https:\/\/www.youtube.com\/embed\/1MTW9mSfv8A?feature=oembed\" frameborder=\"0\" allow=\"accelerometer; autoplay; clipboard-write; encrypted-media; gyroscope; picture-in-picture; web-share\" referrerpolicy=\"strict-origin-when-cross-origin\" allowfullscreen><\/iframe><\/li>\n<li>3. \u00a0<a href=\"https:\/\/youtu.be\/Pjeif9S-PMQ\" target=\"_blank\" rel=\"noopener\">Apple ID<sup>\u00ae<\/sup>\u00a0i iCloud<sup>\u00ae<\/sup>\u00a0Demo prijave<\/a><\/li>\n<li><iframe loading=\"lazy\" title=\"PocketKey: Demo prijave za Apple ID\u00ae i iCloud\u00ae\" width=\"1020\" height=\"574\" src=\"https:\/\/www.youtube.com\/embed\/Pjeif9S-PMQ?feature=oembed\" frameborder=\"0\" allow=\"accelerometer; autoplay; clipboard-write; encrypted-media; gyroscope; picture-in-picture; web-share\" referrerpolicy=\"strict-origin-when-cross-origin\" allowfullscreen><\/iframe><\/li>\n<\/ul>\n<\/li>\n<\/ul>","protected":false},"excerpt":{"rendered":"<p>PocketKey pobolj\u0161ava digitalnu sigurnost vi\u0161estrukom autentifikacijom, zamjenjuju\u0107i zastarjele sustave lozinki i podr\u017eavaju\u0107i FIDO U2F protokole za siguran pristup.<\/p>","protected":false},"featured_media":2263,"template":"","meta":[],"product_brand":[],"product_cat":[39,46],"product_tag":[],"class_list":{"0":"post-2262","1":"product","2":"type-product","3":"status-publish","4":"has-post-thumbnail","6":"product_cat-usb-ic-smartcard-reader","7":"product_cat-nfc-cards","9":"first","10":"instock","11":"shipping-taxable","12":"product-type-simple"},"_links":{"self":[{"href":"https:\/\/nfc-readers.com\/hr\/wp-json\/wp\/v2\/product\/2262","targetHints":{"allow":["GET"]}}],"collection":[{"href":"https:\/\/nfc-readers.com\/hr\/wp-json\/wp\/v2\/product"}],"about":[{"href":"https:\/\/nfc-readers.com\/hr\/wp-json\/wp\/v2\/types\/product"}],"wp:featuredmedia":[{"embeddable":true,"href":"https:\/\/nfc-readers.com\/hr\/wp-json\/wp\/v2\/media\/2263"}],"wp:attachment":[{"href":"https:\/\/nfc-readers.com\/hr\/wp-json\/wp\/v2\/media?parent=2262"}],"wp:term":[{"taxonomy":"product_brand","embeddable":true,"href":"https:\/\/nfc-readers.com\/hr\/wp-json\/wp\/v2\/product_brand?post=2262"},{"taxonomy":"product_cat","embeddable":true,"href":"https:\/\/nfc-readers.com\/hr\/wp-json\/wp\/v2\/product_cat?post=2262"},{"taxonomy":"product_tag","embeddable":true,"href":"https:\/\/nfc-readers.com\/hr\/wp-json\/wp\/v2\/product_tag?post=2262"}],"curies":[{"name":"wp","href":"https:\/\/api.w.org\/{rel}","templated":true}]}}