{"id":2730,"date":"2024-06-07T08:01:07","date_gmt":"2024-06-07T08:01:07","guid":{"rendered":"https:\/\/nfc-readers.com\/?post_type=product&#038;p=2730"},"modified":"2024-09-24T02:54:03","modified_gmt":"2024-09-24T02:54:03","slug":"wallet-mate-nfc-reader-writer-support-apple-pay-and-google-vas","status":"publish","type":"product","link":"https:\/\/nfc-readers.com\/hr\/ic-reader\/wallet-mate-nfc-reader-writer-support-apple-pay-and-google-vas\/","title":{"rendered":"Wallet Mate NFC Reader Writer - Podr\u017eava Apple Pay i Google VAS"},"content":{"rendered":"<h1>Wallet Mate NFC Reader Writer - Podr\u017eava Apple Pay i Google VAS<\/h1>\n<div><\/div>\n<div class=\"auto-hide-last-sibling-br paragraph_1252f paragraph-element\"><strong>Wallet Mate NFC Reader Writer<\/strong> pojavljuje se kao najsuvremeniji gadget, koji integrira VAS protokole i NFC zna\u010dajke \u010dita\u010da kontrole pristupa za pobolj\u0161anu interakciju bez kartice. Popra\u0107en POS terminalom s NFC \u010dita\u010dem, robusnim sigurnosnim mjerama i \u0161irokom rasponom kompatibilnosti aplikacija, predstavlja pionira novog standarda udobnosti i u\u010dinkovitosti. Njegov dizajn i funkcionalnost \u010dine ga nezamjenjivim dijelom opreme za one koji \u017eele iskoristiti prednosti NFC tehnologije za sigurne, glatke i brze transakcije.<\/div>\n<div><\/div>\n<h2 class=\"auto-hide-last-sibling-br paragraph_1252f paragraph-element\">USB 2.0 su\u010delje velike brzine<\/h2>\n<h3 class=\"auto-hide-last-sibling-br paragraph_1252f paragraph-element\"><br class=\"container_e695a wrapper_ad07b undefined\" \/>Sukladnost s CCID standardima<br class=\"container_e695a wrapper_ad07b undefined\" \/>Mobilni nov\u010danik i beskontaktni \u010dita\u010d pametnih kartica:<br class=\"container_e695a wrapper_ad07b undefined\" \/>Certificiran od strane Apple VAS &amp; Google Smart Tap (Napomena: WalletMate je certificiran samo za VAS, ne i za terminale za pla\u0107anje) Brzine prijenosa podataka koje dose\u017eu 424 kbps<br class=\"container_e695a wrapper_ad07b undefined\" \/>Ugra\u0111ena antena za beskontaktnu dostupnost oznake, nudi udaljenost \u010ditanja kartice do 50 mm (ovisno o vrsti oznake)<br class=\"container_e695a wrapper_ad07b undefined\" \/>Kompatibilnost s karticama ISO 14443 tipa A i B, MIFARE\u00ae, FeliCa i sva \u010detiri tipa NFC (ISO\/IEC 18092) oznaka<br class=\"container_e695a wrapper_ad07b undefined\" \/>Podr\u0161ka za MIFARE\u00ae 7-byte UID, MIFARE\u00ae Plus i MIFARE\u00ae DESfire<br class=\"container_e695a wrapper_ad07b undefined\" \/>Integrirana zna\u010dajka protiv sudara (mo\u017ee se pristupiti samo jednoj oznaci u bilo kojem trenutku)<\/h3>\n<h2 class=\"auto-hide-last-sibling-br paragraph_1252f paragraph-element\"><br class=\"container_e695a wrapper_ad07b undefined\" \/>NFC podr\u0161ka:<\/h2>\n<h3 class=\"auto-hide-last-sibling-br paragraph_1252f paragraph-element\"><br class=\"container_e695a wrapper_ad07b undefined\" \/>Funkcionalnost u na\u010dinu \u010ditanja\/pisanja<br class=\"container_e695a wrapper_ad07b undefined\" \/>Peer-to-Peer na\u010din rada<br class=\"container_e695a wrapper_ad07b undefined\" \/>Na\u010din emulacije kartice<\/h3>\n<h2 class=\"auto-hide-last-sibling-br paragraph_1252f paragraph-element\"><br class=\"container_e695a wrapper_ad07b undefined\" \/>Programsko su\u010delje aplikacije:<\/h2>\n<h3 class=\"auto-hide-last-sibling-br paragraph_1252f paragraph-element\"><br class=\"container_e695a wrapper_ad07b undefined\" \/>Apple VAS &amp; Google Smart Tap API kompatibilnost s Windows i Linux platformama<br class=\"container_e695a wrapper_ad07b undefined\" \/>Podr\u0161ka za PC\/SC<br class=\"container_e695a wrapper_ad07b undefined\" \/>Podr\u0161ka za CT-API (olak\u0161ano omotom temeljenim na PC\/SC)<\/h3>\n<h2 class=\"auto-hide-last-sibling-br paragraph_1252f paragraph-element\">Dodatne zna\u010dajke:<\/h2>\n<h3 class=\"auto-hide-last-sibling-br paragraph_1252f paragraph-element\"><br class=\"container_e695a wrapper_ad07b undefined\" \/>Dvobojna LED dioda koju mo\u017ee kontrolirati korisnik<br class=\"container_e695a wrapper_ad07b undefined\" \/>Sustav zvu\u010dnog upozorenja kojim mo\u017ee upravljati korisnik<br class=\"container_e695a wrapper_ad07b undefined\" \/>Mogu\u0107nost a\u017euriranja USB firmvera<\/h3>\n<p>&nbsp;<\/p>\n<ul>\n<li>\n<table width=\"559\">\n<tbody>\n<tr>\n<td colspan=\"2\" width=\"559\">Fizi\u010dke karakteristike<\/td>\n<\/tr>\n<tr>\n<td width=\"214\">Dimenzije (mm)<\/td>\n<td width=\"345\">98,0 mm (D) x 65,0 mm (\u0160) x 12,8 mm (V)<\/td>\n<\/tr>\n<tr>\n<td width=\"214\">Te\u017eina (g)<\/td>\n<td width=\"345\">81g<\/td>\n<\/tr>\n<tr>\n<td colspan=\"2\" width=\"559\">USB su\u010delje<\/td>\n<\/tr>\n<tr>\n<td width=\"214\">Protokol<\/td>\n<td width=\"345\">USB CCID<\/td>\n<\/tr>\n<tr>\n<td width=\"214\">Vrsta konektora<\/td>\n<td width=\"345\">USB vrste A (ACR1252U-MW)<\/td>\n<\/tr>\n<tr>\n<td width=\"214\">Izvor napajanja<\/td>\n<td width=\"345\">Iz USB priklju\u010dka<\/td>\n<\/tr>\n<tr>\n<td width=\"214\">Ubrzati<\/td>\n<td width=\"345\">USB pune brzine (12 Mbps)<\/td>\n<\/tr>\n<tr>\n<td width=\"214\">Du\u017eina kabela<\/td>\n<td width=\"345\">1,0 m, neodvojiv<\/td>\n<\/tr>\n<tr>\n<td colspan=\"2\" width=\"559\">Su\u010delje beskontaktne pametne kartice<\/td>\n<\/tr>\n<tr>\n<td width=\"214\">Standard<\/td>\n<td width=\"345\">ISO\/IEC 18092 NFC, ISO 14443 Tip A &amp; B, MIFARE\u00ae, FeliCa<\/td>\n<\/tr>\n<tr>\n<td rowspan=\"4\" width=\"214\">Protokol<\/td>\n<td width=\"345\">ISO 14443-4 kompatibilna kartica, T=CL<\/td>\n<\/tr>\n<tr>\n<td width=\"345\">MIFARE\u00ae Classic Card, T=CL<\/td>\n<\/tr>\n<tr>\n<td width=\"345\">ISO18092, NFC oznake<\/td>\n<\/tr>\n<tr>\n<td width=\"345\">FeliCa<\/td>\n<\/tr>\n<tr>\n<td colspan=\"2\" width=\"559\">Ugra\u0111ene periferije<\/td>\n<\/tr>\n<tr>\n<td width=\"214\">LED<\/td>\n<td width=\"345\">1 dvobojna: crvena i zelena<\/td>\n<\/tr>\n<tr>\n<td width=\"214\">Zujalo<\/td>\n<td width=\"345\">Monotonija<\/td>\n<\/tr>\n<tr>\n<td colspan=\"2\" width=\"559\">Druge zna\u010dajke<\/td>\n<\/tr>\n<tr>\n<td width=\"214\">Nadogradnja firmvera<\/td>\n<td width=\"345\">Podr\u017eano<\/td>\n<\/tr>\n<tr>\n<td colspan=\"2\" width=\"559\">Certifikati\/sukladnost<\/td>\n<\/tr>\n<tr>\n<td rowspan=\"4\" width=\"214\">Certifikati\/sukladnost<\/td>\n<td width=\"345\">Certifikati:<\/td>\n<\/tr>\n<tr>\n<td width=\"345\">Apple VAS, Google Smart Tap, NFC Forum Certification Mark, IEC\/EN 62368, CE, FCC, UKCA, J-LIS, VCCI, TELEC, KC, BIS, RoHS, REACH, WEEE<\/td>\n<\/tr>\n<tr>\n<td width=\"345\">Sukladnosti:<\/td>\n<\/tr>\n<tr>\n<td width=\"345\">USB CCID, PC\/SC<\/td>\n<\/tr>\n<tr>\n<td colspan=\"2\" width=\"559\">Podr\u0161ka za operativni sustav upravlja\u010dkog programa ure\u0111aja<\/td>\n<\/tr>\n<tr>\n<td width=\"214\">Podr\u0161ka za operativni sustav upravlja\u010dkog programa ure\u0111aja<\/td>\n<td width=\"345\">Windows\u00ae, Linux\u00ae, macOS (U razvoju), Android\u2122 (U razvoju)<\/td>\n<\/tr>\n<\/tbody>\n<\/table>\n<\/li>\n<\/ul>","protected":false},"excerpt":{"rendered":"<div>Mobilni nov\u010danik, inovativni NFC \u010dita\u010d podr\u017eava anga\u017eman bez kartice s digitalnim propusnicama, uz podr\u0161ku VAS Apple i Google VAS za iOS i Android ure\u0111aje.<\/div>\n<div><\/div>","protected":false},"featured_media":2731,"template":"","meta":[],"product_brand":[],"product_cat":[45,40],"product_tag":[],"class_list":{"0":"post-2730","1":"product","2":"type-product","3":"status-publish","4":"has-post-thumbnail","6":"product_cat-contactless-nfc-reader","7":"product_cat-rfid-nfc-reader","9":"first","10":"instock","11":"shipping-taxable","12":"product-type-simple"},"_links":{"self":[{"href":"https:\/\/nfc-readers.com\/hr\/wp-json\/wp\/v2\/product\/2730","targetHints":{"allow":["GET"]}}],"collection":[{"href":"https:\/\/nfc-readers.com\/hr\/wp-json\/wp\/v2\/product"}],"about":[{"href":"https:\/\/nfc-readers.com\/hr\/wp-json\/wp\/v2\/types\/product"}],"wp:featuredmedia":[{"embeddable":true,"href":"https:\/\/nfc-readers.com\/hr\/wp-json\/wp\/v2\/media\/2731"}],"wp:attachment":[{"href":"https:\/\/nfc-readers.com\/hr\/wp-json\/wp\/v2\/media?parent=2730"}],"wp:term":[{"taxonomy":"product_brand","embeddable":true,"href":"https:\/\/nfc-readers.com\/hr\/wp-json\/wp\/v2\/product_brand?post=2730"},{"taxonomy":"product_cat","embeddable":true,"href":"https:\/\/nfc-readers.com\/hr\/wp-json\/wp\/v2\/product_cat?post=2730"},{"taxonomy":"product_tag","embeddable":true,"href":"https:\/\/nfc-readers.com\/hr\/wp-json\/wp\/v2\/product_tag?post=2730"}],"curies":[{"name":"wp","href":"https:\/\/api.w.org\/{rel}","templated":true}]}}