{"id":2732,"date":"2024-10-07T08:34:31","date_gmt":"2024-10-07T08:34:31","guid":{"rendered":"https:\/\/nfc-readers.com\/?post_type=product&#038;p=2732"},"modified":"2024-10-28T14:32:27","modified_gmt":"2024-10-28T14:32:27","slug":"nfc-reader-writer-support-apple-pay-and-google-vas","status":"publish","type":"product","link":"https:\/\/nfc-readers.com\/hr\/ic-reader\/nfc-reader-writer-support-apple-pay-and-google-vas\/","title":{"rendered":"NFC Reader Writer Podr\u0161ka za Apple Pay i Google VAS"},"content":{"rendered":"<div class=\"auto-hide-last-sibling-br paragraph_1252f paragraph-element\">\n<h1>NFC Reader Writer Podr\u0161ka za Apple Pay i Google VAS<\/h1>\n<p>Unesite\u00a0<strong>NFC \u010dita\u010d<\/strong>, sofisticirani komad tehnologije dizajniran za pobolj\u0161anje beskontaktnih transakcija i pojednostavljenje kontrole pristupa s neusporedivom u\u010dinkovito\u0161\u0107u. Bilo da \u017eelite ubrzati svoje transakcije, pove\u0107ati sigurnost ili jednostavno unaprijediti svoju tehnologiju, NFC \u010dita\u010d je bitan alat u va\u0161em arsenalu. Sa sposobno\u0161\u0107u \u010ditanja i pisanja\u00a0<strong>NFC oznake<\/strong>\u00a0i kartice, uklju\u010duju\u0107i popularne formate kao \u0161to su\u00a0<strong>MIFARE<\/strong>, ovaj je ure\u0111aj na \u010delu inovativnih rje\u0161enja pla\u0107anja.<\/p>\n<h2>Prednosti odabira NFC \u010dita\u010da<\/h2>\n<p>Ulaganje u NFC \u010dita\u010d nije samo kupnja; to je nadogradnja va\u0161ih mogu\u0107nosti pla\u0107anja koja nudi brojne prednosti. Prije svega, pove\u0107ava sigurnost omogu\u0107avanjem\u00a0<strong>beskontaktno<\/strong>\u00a0pla\u0107anja, smanjuju\u0107i rizik povezan s gotovinskim transakcijama. Tako\u0111er je dizajniran za jednostavnu upotrebu, mo\u017ee se pohvaliti jednostavnim postupkom postavljanja koji se putem USB-a mo\u017ee povezati sa \u0161irokim rasponom ure\u0111aja, omogu\u0107uju\u0107i integraciju s va\u0161im postoje\u0107im sustavima. Kompaktan i prijenosan dizajn osigurava da svoju NFC sposobnost mo\u017eete ponijeti kamo god idete, \u0161to ga \u010dini idealnim za trgovce i pojedince.<\/p>\n<h3>1.\u00a0<strong>Sveobuhvatna NFC podr\u0161ka<\/strong><\/h3>\n<p>The\u00a0<strong>NFC \u010dita\u010d<\/strong>\u00a0podr\u017eava vi\u0161estruke NFC funkcije, uklju\u010duju\u0107i na\u010din \u010ditanja\/pisanja, na\u010din ravnopravnog povezivanja i na\u010din emulacije kartice. Ova svestranost osigurava kompatibilnost s raznim transakcijama, od \u010ditanja\u00a0<strong>NFC kartice<\/strong>\u00a0za olak\u0161avanje mobilnog pla\u0107anja putem\u00a0<strong>Google Pay<\/strong>\u00a0i\u00a0<strong>Apple Pay<\/strong>.<\/p>\n<h4>Na\u010din \u010ditanja\/pisca<\/h4>\n<p>Uz Reader\/Writer Mode, korisnici mogu bez napora\u00a0<strong>\u010ditati i pisati<\/strong>\u00a0podataka u NFC oznake, \u010dine\u0107i ure\u0111aj savr\u0161enim za aplikacije u upravljanju zalihama i marketin\u0161kim kampanjama.<\/p>\n<h4>Peer-to-Peer na\u010din rada<\/h4>\n<p>Peer-to-Peer na\u010din rada olak\u0161ava dijeljenje podataka izme\u0111u dva ure\u0111aja s omogu\u0107enom NFC-om, omogu\u0107uju\u0107i besprijekorne transakcije ili prijenose informacija, pove\u0107avaju\u0107i pogodnost za korisnike.<\/p>\n<h3>2.\u00a0<strong>Visoki standardi kompatibilnosti<\/strong><\/h3>\n<p>Ovaj NFC \u010dita\u010d kompatibilan je sa \u0161irokim spektrom pametnih kartica, uklju\u010duju\u0107i ISO 14443 kartice tipa A i B, \u0161to ga \u010dini univerzalnim rje\u0161enjem za tvrtke koje zahtijevaju\u00a0<strong>\u010dita\u010d kartica<\/strong>\u00a0za vi\u0161e vrsta kartica.<\/p>\n<h4>Podr\u017eava razli\u010dite NFC oznake<\/h4>\n<p>Uz ISO standarde, ure\u0111aj tako\u0111er podr\u017eava formate kao \u0161to su MIFARE\u00ae i FeliCa, osiguravaju\u0107i sveobuhvatnu podr\u0161ku za gotovo sve korisnike.<\/p>\n<h4>USB povezivanje<\/h4>\n<p>S USB 2.0 su\u010deljem velike brzine mo\u017eete jednostavno povezati NFC \u010dita\u010d s pametnim telefonima ili tabletima za brz prijenos podataka\u2014sve je spremno za kori\u0161tenje\u00a0<strong>putem USB-a<\/strong>.<\/p>\n<h3>3.\u00a0<strong>Robusne sigurnosne zna\u010dajke<\/strong><\/h3>\n<p>Sigurnost je najva\u017enija za svaki ure\u0111aj za transakcije, a NFC \u010dita\u010d isti\u010de se svojom integriranom zna\u010dajkom protiv sudara, osiguravaju\u0107i da se samo jedna oznaka \u010dita istovremeno, zna\u010dajno smanjuju\u0107i \u0161anse za o\u0161te\u0107enje podataka ili prijevaru.<\/p>\n<h4>Napredno \u0161ifriranje<\/h4>\n<p>NFC Reader podr\u017eava razli\u010dite tehnike \u0161ifriranja za siguran prijenos podataka, osiguravaju\u0107i da osjetljive informacije ostanu za\u0161ti\u0107ene tijekom cijelog procesa transakcije.<\/p>\n<h4>Obavijesti korisnika<\/h4>\n<p>Opremljeni sustavom zvu\u010dnog upozorenja kojim korisnik mo\u017ee upravljati, korisnici mogu dobiti trenutnu povratnu informaciju tijekom rada, pove\u0107avaju\u0107i upotrebljivost i osiguravaju\u0107i da su korisnici svjesni uspje\u0161nog o\u010ditavanja.<\/p>\n<h3>4.\u00a0<strong>Utjecaj na okoli\u0161<\/strong><\/h3>\n<p>Kako tvrtke postaju sve svjesnije svog utjecaja na okoli\u0161, NFC Reader dizajniran je imaju\u0107i na umu odr\u017eivost. Ure\u0111aj koristi minimalnu snagu i mo\u017ee se priklju\u010diti na postoje\u0107e sustave bez opse\u017enih nadogradnji hardvera, \u010dime se smanjuje otpad.<\/p>\n<h4>U\u010dinkovito kori\u0161tenje energije<\/h4>\n<p>Rade\u0107i na 13,56 MHz, NFC \u010dita\u010d je energetski u\u010dinkovit, \u0161to omogu\u0107uje opse\u017enu upotrebu bez visokih tro\u0161kova elektri\u010dne energije. Tvrtke mogu koristiti ovu tehnologiju bez straha od pove\u0107anja potra\u017enje za energijom.<\/p>\n<h3>5.\u00a0<strong>Dizajn prilago\u0111en korisniku<\/strong><\/h3>\n<p>NFC Reader odlikuje se kompaktnim i elegantnim dizajnom koji se neprimjetno integrira u va\u0161 tijek rada. Dvobojna LED dioda koju kontrolira korisnik pru\u017ea neposrednu vizualnu povratnu informaciju tijekom rada, u\u010dinkovito obavje\u0161tavaju\u0107i korisnike o statusima transakcija.<\/p>\n<h4>Prenosivost<\/h4>\n<p>Njegov lagani okvir \u010dini ga idealnim rje\u0161enjem za tvrtke u pokretu, od maloprodajnih trgovina do kamiona s hranom, omogu\u0107uju\u0107i brzo postavljanje gdje god je potrebno, \u0161to ga \u010dini vrlo u\u010dinkovitim i za privremene i za trajne instalacije.<\/p>\n<h3>6.\u00a0<strong>Kompatibilnost ekosustava<\/strong><\/h3>\n<p>NFC \u010dita\u010d kompatibilan je s razli\u010ditim operativnim sustavima kao \u0161to su Windows, Linux i Android, omogu\u0107uju\u0107i \u0161iroku primjenu u razli\u010ditim okru\u017eenjima.<\/p>\n<h4>Jednostavna integracija s etabliranim sustavima<\/h4>\n<p>Unaprijedite svoje postoje\u0107e POS sustave koriste\u0107i NFC Reader dok iskori\u0161tavate njegovu kompatibilnost s \u0161iroko kori\u0161tenim trgovinama aplikacija za preuzimanje relevantnih aplikacija za va\u0161e poslovne potrebe.<\/p>\n<\/div>\n<table width=\"559\">\n<tbody>\n<tr>\n<td colspan=\"2\" width=\"559\">Fizi\u010dke karakteristike<\/td>\n<\/tr>\n<tr>\n<td width=\"214\">Dimenzije (mm)<\/td>\n<td width=\"345\">98,0 mm (D) x 65,0 mm (\u0160) x 12,8 mm (V)<\/td>\n<\/tr>\n<tr>\n<td width=\"214\">Te\u017eina (g)<\/td>\n<td width=\"345\">81g<\/td>\n<\/tr>\n<tr>\n<td colspan=\"2\" width=\"559\">USB su\u010delje<\/td>\n<\/tr>\n<tr>\n<td width=\"214\">Protokol<\/td>\n<td width=\"345\">USB CCID<\/td>\n<\/tr>\n<tr>\n<td width=\"214\">Vrsta konektora<\/td>\n<td width=\"345\">USB vrste A (ACR1252U-MW)<\/td>\n<\/tr>\n<tr>\n<td width=\"214\">Izvor napajanja<\/td>\n<td width=\"345\">Iz USB priklju\u010dka<\/td>\n<\/tr>\n<tr>\n<td width=\"214\">Ubrzati<\/td>\n<td width=\"345\">USB pune brzine (12 Mbps)<\/td>\n<\/tr>\n<tr>\n<td width=\"214\">Du\u017eina kabela<\/td>\n<td width=\"345\">1,0 m, neodvojiv<\/td>\n<\/tr>\n<tr>\n<td colspan=\"2\" width=\"559\">Su\u010delje beskontaktne pametne kartice<\/td>\n<\/tr>\n<tr>\n<td width=\"214\">Standard<\/td>\n<td width=\"345\">ISO\/IEC 18092 NFC, ISO 14443 Tip A &amp; B, MIFARE\u00ae, FeliCa<\/td>\n<\/tr>\n<tr>\n<td rowspan=\"4\" width=\"214\">Protokol<\/td>\n<td width=\"345\">ISO 14443-4 kompatibilna kartica, T=CL<\/td>\n<\/tr>\n<tr>\n<td width=\"345\">MIFARE\u00ae Classic Card, T=CL<\/td>\n<\/tr>\n<tr>\n<td width=\"345\">ISO18092, NFC oznake<\/td>\n<\/tr>\n<tr>\n<td width=\"345\">FeliCa<\/td>\n<\/tr>\n<tr>\n<td colspan=\"2\" width=\"559\">Ugra\u0111ene periferije<\/td>\n<\/tr>\n<tr>\n<td width=\"214\">LED<\/td>\n<td width=\"345\">1 dvobojna: crvena i zelena<\/td>\n<\/tr>\n<tr>\n<td width=\"214\">Zujalo<\/td>\n<td width=\"345\">Monotonija<\/td>\n<\/tr>\n<tr>\n<td colspan=\"2\" width=\"559\">Druge zna\u010dajke<\/td>\n<\/tr>\n<tr>\n<td width=\"214\">Nadogradnja firmvera<\/td>\n<td width=\"345\">Podr\u017eano<\/td>\n<\/tr>\n<tr>\n<td colspan=\"2\" width=\"559\">Certifikati\/sukladnost<\/td>\n<\/tr>\n<tr>\n<td rowspan=\"4\" width=\"214\">Certifikati\/sukladnost<\/td>\n<td width=\"345\">Certifikati:<\/td>\n<\/tr>\n<tr>\n<td width=\"345\">Apple VAS, Google Smart Tap, NFC Forum Certification Mark, IEC\/EN 62368, CE, FCC, UKCA, J-LIS, VCCI, TELEC, KC, BIS, RoHS, REACH, WEEE<\/td>\n<\/tr>\n<tr>\n<td width=\"345\">Sukladnosti:<\/td>\n<\/tr>\n<tr>\n<td width=\"345\">USB CCID, PC\/SC<\/td>\n<\/tr>\n<tr>\n<td colspan=\"2\" width=\"559\">Podr\u0161ka za operativni sustav upravlja\u010dkog programa ure\u0111aja<\/td>\n<\/tr>\n<tr>\n<td width=\"214\">Podr\u0161ka za operativni sustav upravlja\u010dkog programa ure\u0111aja<\/td>\n<td width=\"345\">Windows\u00ae, Linux\u00ae, macOS (U razvoju), Android\u2122 (U razvoju)<\/td>\n<\/tr>\n<\/tbody>\n<\/table>\n<h2>Recenzije kupaca<\/h2>\n<blockquote><p>\u201cNFC \u010dita\u010d promijenio je na\u010din na koji obra\u0111ujemo pla\u0107anja. Brz je, siguran i nevjerojatno jednostavan za integraciju s na\u0161im postoje\u0107im sustavima!\u201d \u2013\u00a0<strong>James T.<\/strong>, voditelj maloprodaje<\/p><\/blockquote>\n<blockquote><p>\u201cSvi\u0111a mi se koliko je ovaj NFC \u010dita\u010d prenosiv! Savr\u0161eno je za moj posao s kamionima s hranom.\u201d \u2013\u00a0<strong>Sandra W.<\/strong>, vlasnik male tvrtke<\/p><\/blockquote>\n<h2>\u010cesto postavljana pitanja (FAQ)<\/h2>\n<p><strong>1. Koje vrste kartica mo\u017ee \u010ditati NFC \u010dita\u010d?<\/strong><br \/>\nNFC \u010dita\u010d podr\u017eava kartice ISO 14443 tipa A i B, MIFARE\u00ae, FeliCa i sve NFC oznake koje su u skladu sa standardima ISO\/IEC 18092.<\/p>\n<p><strong>2. Je li NFC Reader kompatibilan s pametnim telefonima?<\/strong><br \/>\nDa, NFC \u010dita\u010d mo\u017eete jednostavno povezati s ve\u0107inom pametnih telefona putem USB-a kako biste olak\u0161ali brze transakcije i dijeljenje podataka.<\/p>\n<p><strong>3. Mogu li a\u017eurirati firmware?<\/strong><br \/>\nDa, NFC \u010dita\u010d podr\u017eava USB a\u017euriranja firmvera, osiguravaju\u0107i najnovije zna\u010dajke i sigurnosne nadogradnje.<\/p>\n<p><strong>4. Koliko daleko mogu \u010ditati NFC oznake?<\/strong><br \/>\nNFC Reader ima udaljenost \u010ditanja do 50 mm, ovisno o vrsti oznake i njegovim specifi\u010dnim mogu\u0107nostima.<\/p>\n<hr \/>\n<p>Odabirom NFC \u010dita\u010da ne ula\u017eete samo u proizvod; usvajate pametniji na\u010din transakcije. Bilo da ga integrirate za osobnu upotrebu ili za posao, u\u010dinkovitost, kompatibilnost i sigurnost ovog ure\u0111aja \u010dine ga doista nezamjenjivim. Do\u017eivite sljede\u0107u generaciju beskontaktnog pla\u0107anja i otkrijte razliku koju ono mo\u017ee napraviti u va\u0161im transakcijama ve\u0107 danas!<\/p>","protected":false},"excerpt":{"rendered":"<div>NFC Reader Writer Podr\u0161ka za Apple Pay i Google VAS, odobreno putem VAS-a<strong>\u00a0Apple i Google VAS (usluga s dodanom vrijedno\u0161\u0107u) <\/strong> protokola industrijskih divova Applea i Googlea, ovaj ure\u0111aj utire put revolucionarnom anga\u017emanu bez kartice podr\u017eavaju\u0107i \u0161iroku lepezu digitalnih propusnica, uklju\u010duju\u0107i, ali ne ograni\u010davaju\u0107i se na sheme vjernosti, pristupne karte i identifikacijske vjerodajnice za pojedince u korporativnim ili obrazovnim postavkama na iOS-u i Android ure\u0111ajima.<\/div>\n<div><\/div>","protected":false},"featured_media":2731,"template":"","meta":[],"product_brand":[],"product_cat":[45,40],"product_tag":[],"class_list":{"0":"post-2732","1":"product","2":"type-product","3":"status-publish","4":"has-post-thumbnail","6":"product_cat-contactless-nfc-reader","7":"product_cat-rfid-nfc-reader","9":"first","10":"instock","11":"shipping-taxable","12":"product-type-simple"},"_links":{"self":[{"href":"https:\/\/nfc-readers.com\/hr\/wp-json\/wp\/v2\/product\/2732","targetHints":{"allow":["GET"]}}],"collection":[{"href":"https:\/\/nfc-readers.com\/hr\/wp-json\/wp\/v2\/product"}],"about":[{"href":"https:\/\/nfc-readers.com\/hr\/wp-json\/wp\/v2\/types\/product"}],"wp:featuredmedia":[{"embeddable":true,"href":"https:\/\/nfc-readers.com\/hr\/wp-json\/wp\/v2\/media\/2731"}],"wp:attachment":[{"href":"https:\/\/nfc-readers.com\/hr\/wp-json\/wp\/v2\/media?parent=2732"}],"wp:term":[{"taxonomy":"product_brand","embeddable":true,"href":"https:\/\/nfc-readers.com\/hr\/wp-json\/wp\/v2\/product_brand?post=2732"},{"taxonomy":"product_cat","embeddable":true,"href":"https:\/\/nfc-readers.com\/hr\/wp-json\/wp\/v2\/product_cat?post=2732"},{"taxonomy":"product_tag","embeddable":true,"href":"https:\/\/nfc-readers.com\/hr\/wp-json\/wp\/v2\/product_tag?post=2732"}],"curies":[{"name":"wp","href":"https:\/\/api.w.org\/{rel}","templated":true}]}}