{"id":2752,"date":"2024-06-11T12:30:21","date_gmt":"2024-06-11T12:30:21","guid":{"rendered":"https:\/\/nfc-readers.com\/?post_type=product&#038;p=2752"},"modified":"2024-09-23T06:29:25","modified_gmt":"2024-09-23T06:29:25","slug":"acm1323u-hid-contactless-reader-writer","status":"publish","type":"product","link":"https:\/\/nfc-readers.com\/hr\/ic-reader\/acm1323u-hid-contactless-reader-writer\/","title":{"rendered":"ACM1323U HID beskontaktni \u010dita\u010d Writer"},"content":{"rendered":"<h1>ACM1323U HID beskontaktni \u010dita\u010d Writer<\/h1>\n<p>ACM1323 je modul \u010dita\u010da pametnih kartica baziran na 13,56MHz beskontaktnoj tehnologiji. Usvaja HID protokol i nijedan upravlja\u010dki program nije instaliran na USB su\u010delju. Podr\u017eava \u010ditanje i pisanje pametnih kartica klase A koje su u skladu s ISO144431 do dijela 4, uklju\u010duju\u0107i CPU kartice, MIFARE Classic, Mifare 1K\/4K, Mifare Plus i DESFire. ACM1323 je pravi plug and play ure\u0111aj koji se mo\u017ee koristiti bez ikakvih upravlja\u010dkih programa i dizajniran je za brzu integraciju u ugra\u0111ene sustave, prikladan za razne scenarije primjene kao \u0161to su mjesta za punjenje, tableti, automati za prodaju, javni prijevoz, kontrola pristupa mre\u017ei, dolazak i druge integrirane sustave. Tako\u0111er podr\u017eava nadogradnju firmvera bez potrebe za dodatnim modifikacijama hardvera.<\/p>\n<table width=\"628\">\n<tbody>\n<tr>\n<td colspan=\"2\" width=\"628\">Fizi\u010dke karakteristike<\/td>\n<\/tr>\n<tr>\n<td width=\"335\">Dimenzije (mm)<\/td>\n<td width=\"293\">73,5 x 40,0 x 5,0<\/td>\n<\/tr>\n<tr>\n<td width=\"335\">Te\u017eina (g)<\/td>\n<td width=\"293\">7.2<\/td>\n<\/tr>\n<tr>\n<td colspan=\"2\" width=\"628\">USB su\u010delje<\/td>\n<\/tr>\n<tr>\n<td width=\"335\">Protokol<\/td>\n<td width=\"293\">HID<\/td>\n<\/tr>\n<tr>\n<td width=\"335\">Vrsta konektora<\/td>\n<td width=\"293\">USB<\/td>\n<\/tr>\n<tr>\n<td width=\"335\">Izvor napajanja<\/td>\n<td width=\"293\">Iz USB priklju\u010dka<\/td>\n<\/tr>\n<tr>\n<td width=\"335\">Ubrzati<\/td>\n<td width=\"293\">USB 2.0 pune brzine (12 Mbps) kompatibilan s USB 3.0<\/td>\n<\/tr>\n<tr>\n<td width=\"335\">Du\u017eina kabela<\/td>\n<td width=\"293\">1m, odvojivo (na zahtjev)<\/td>\n<\/tr>\n<tr>\n<td colspan=\"2\" width=\"628\">Su\u010delje beskontaktne pametne kartice<\/td>\n<\/tr>\n<tr>\n<td width=\"335\">Standard<\/td>\n<td width=\"293\">ISO 14443 tip A CPU kartica MIFARE Classic, Mifare 1K\/4K, Mifare Plus i DESFire<\/td>\n<\/tr>\n<tr>\n<td rowspan=\"2\" width=\"335\">Protokol<\/td>\n<td width=\"293\">ISO 14443-4 kompatibilna kartica, T=CL<\/td>\n<\/tr>\n<tr>\n<td width=\"293\">MIFARE\u00ae Classic Card, T=CL<\/td>\n<\/tr>\n<tr>\n<td colspan=\"2\" width=\"628\">Ugra\u0111ene periferije<\/td>\n<\/tr>\n<tr>\n<td width=\"335\">LED<\/td>\n<td width=\"293\">1 dvobojna: plava i zelena<\/td>\n<\/tr>\n<tr>\n<td colspan=\"2\" width=\"628\">Druge zna\u010dajke<\/td>\n<\/tr>\n<tr>\n<td rowspan=\"3\" width=\"335\">Druge zna\u010dajke<\/td>\n<td width=\"293\">Podr\u017eane vrste kartica:<\/td>\n<\/tr>\n<tr>\n<td width=\"293\">ISO 14443 tip A &amp; B dijelovi 1-4,<\/td>\n<\/tr>\n<tr>\n<td width=\"293\">MIFARE Classic\u00ae, MIFARE DESFire\u00ae, MIFARE Ultralight\u00ae, MIFARE Plus\u00ae<\/td>\n<\/tr>\n<tr>\n<td width=\"335\">Nadogradnja firmvera<\/td>\n<td width=\"293\">Podr\u017eano<\/td>\n<\/tr>\n<tr>\n<td colspan=\"2\" width=\"628\">Certifikati\/sukladnost<\/td>\n<\/tr>\n<tr>\n<td rowspan=\"4\" width=\"335\">Certifikati\/sukladnost<\/td>\n<td width=\"293\">Certifikati:<\/td>\n<\/tr>\n<tr>\n<td width=\"293\">IEC\/EN 62368, CE, UKCA, FCC, VCCI, RoHS, REACH, WEEE, Microsoft\u00ae WHQL<\/td>\n<\/tr>\n<tr>\n<td width=\"293\">\u00a0 Uskla\u0111enost:<\/td>\n<\/tr>\n<tr>\n<td width=\"293\">sakrio se<\/td>\n<\/tr>\n<tr>\n<td colspan=\"2\" width=\"628\">Podr\u0161ka za operativni sustav upravlja\u010dkog programa ure\u0111aja<\/td>\n<\/tr>\n<tr>\n<td width=\"335\">Podr\u0161ka za operativni sustav upravlja\u010dkog programa ure\u0111aja<\/td>\n<td width=\"293\">Windows\u00ae, Linux\u00ae, macOS, Android\u2122<\/td>\n<\/tr>\n<\/tbody>\n<\/table>","protected":false},"excerpt":{"rendered":"<p>ACM1323U je svestrani USB HID \u010dita\u010d kartica koji podr\u017eava razli\u010dite kartice klase A i neprimjetno se integrira u ugra\u0111ene sustave.<\/p>","protected":false},"featured_media":2753,"template":"","meta":[],"product_brand":[],"product_cat":[41],"product_tag":[],"class_list":{"0":"post-2752","1":"product","2":"type-product","3":"status-publish","4":"has-post-thumbnail","6":"product_cat-module-ic-reader","8":"first","9":"instock","10":"shipping-taxable","11":"product-type-simple"},"_links":{"self":[{"href":"https:\/\/nfc-readers.com\/hr\/wp-json\/wp\/v2\/product\/2752","targetHints":{"allow":["GET"]}}],"collection":[{"href":"https:\/\/nfc-readers.com\/hr\/wp-json\/wp\/v2\/product"}],"about":[{"href":"https:\/\/nfc-readers.com\/hr\/wp-json\/wp\/v2\/types\/product"}],"wp:featuredmedia":[{"embeddable":true,"href":"https:\/\/nfc-readers.com\/hr\/wp-json\/wp\/v2\/media\/2753"}],"wp:attachment":[{"href":"https:\/\/nfc-readers.com\/hr\/wp-json\/wp\/v2\/media?parent=2752"}],"wp:term":[{"taxonomy":"product_brand","embeddable":true,"href":"https:\/\/nfc-readers.com\/hr\/wp-json\/wp\/v2\/product_brand?post=2752"},{"taxonomy":"product_cat","embeddable":true,"href":"https:\/\/nfc-readers.com\/hr\/wp-json\/wp\/v2\/product_cat?post=2752"},{"taxonomy":"product_tag","embeddable":true,"href":"https:\/\/nfc-readers.com\/hr\/wp-json\/wp\/v2\/product_tag?post=2752"}],"curies":[{"name":"wp","href":"https:\/\/api.w.org\/{rel}","templated":true}]}}