{"id":2765,"date":"2024-06-11T13:24:05","date_gmt":"2024-06-11T13:24:05","guid":{"rendered":"https:\/\/nfc-readers.com\/?post_type=product&#038;p=2765"},"modified":"2024-09-23T06:21:32","modified_gmt":"2024-09-23T06:21:32","slug":"acr1552u-a2-aquaguard-nfc-usb-contactless-reader-writer","status":"publish","type":"product","link":"https:\/\/nfc-readers.com\/hr\/ic-reader\/acr1552u-a2-aquaguard-nfc-usb-contactless-reader-writer\/","title":{"rendered":"ACR1552U-A2 AquaGuard NFC USB beskontaktni \u010dita\u010d pisa\u010d"},"content":{"rendered":"<h1>ACR1552U-A2 AquaGuard NFC USB beskontaktni \u010dita\u010d pisa\u010d<\/h1>\n<p>ACR1552U-A2 AquaGuard NFC USB \u010dita\u010d robustan je ure\u0111aj \u010detvrte generacije izgra\u0111en na beskontaktnoj tehnologiji od 13,56 MHz. Radi s beskontaktnim karticama i ure\u0111ajima u skladu sa standardima IS0 14443Type A i B, ISO 15693 i ISO 18092. Oznaka IP67 ozna\u010dava njegovu iznimnu otpornost na pra\u0161inu i vodu, osiguravaju\u0107i nesmetan rad \u010dak i u te\u0161kim uvjetima. U skladu s CCID i PC\/SC standardima, ACR1552U-A2 AquaGuard NFC USB \u010dita\u010d nudi komunikaciju velike brzine do 848 kbps. Ku\u0107i\u0161te \u010dita\u010da s IP67 certifikatom sadr\u017ei zna\u010dajke nadogradive USB firmvera, pro\u0161iruju\u0107i njegovu svestranost i isplativost u brojnim sektorima, uklju\u010duju\u0107i financije, zdravstvo i vladu. Ovaj NFC \u010dita\u010d s oznakom IP67 inteligentno podr\u017eava tri na\u010dina NFC-a: \u010dita\u010d\/pisa\u010d, emulacija kartice i emulacija tipkovnice. Njegova robusnost i svestranost otvaraju \u0161iroku lepezu potencijalnih primjena kao \u0161to su e-pla\u0107anje, sustavi kontrole pristupa i izdavanje karata za prijevoz. ACR1552U-A2AquaGuard NFC USB Reader, sa svojom IP67 podr\u0161kom, predstavlja otporan i pouzdan izbor u NFC tehnologiji.<\/p>\n<ul>\n<li>\n<h2>USB 2.0 su\u010delje pune brzine<\/h2>\n<\/li>\n<li>\n<h2>CCID uskla\u0111enost<\/h2>\n<\/li>\n<li>\n<h2>Beskontaktni \u010dita\u010d pametnih kartica:<\/h2>\n<ul>\n<li>\n<h3>Brzina \u010ditanja\/pisanja do 848 kbps<\/h3>\n<\/li>\n<li>\n<h3>Ugra\u0111ena antena za beskontaktni pristup tagu, s udaljenosti \u010ditanja kartice do 70 mm (ovisno o tipu taga)<\/h3>\n<\/li>\n<li>\n<h3>Podr\u017eava kartice ISO 14443 tipa A i B, kartice ISO 15693 i ISO18092 NFC<\/h3>\n<\/li>\n<li>\n<h3>Podr\u017eava MIFARE\u00ae (T=CL), FeliCa, NFC oznake, SRI\/SRIX, CTS, Innovatron, Picopass, Topaz karticu<\/h3>\n<\/li>\n<li>\n<h3>Ugra\u0111ena zna\u010dajka protiv sudara<\/h3>\n<\/li>\n<li>\n<h3>Podr\u017eava pro\u0161ireni APDU (maks. 64 kbajta)<\/h3>\n<\/li>\n<li>\n<h3>Jedan SAM utor uskla\u0111en s ISO7816 (klasa A)<\/h3>\n<\/li>\n<li>\n<h3>NFC podr\u0161ka<\/h3>\n<ul>\n<li>\u00a0 \u00a0Na\u010din \u010ditanja\/pisanja pametnih kartica<\/li>\n<li>\u00a0 \u00a0Na\u010din emulacije kartice<\/li>\n<li>\u00a0 \u00a0Na\u010din emulacije tipkovnice<\/li>\n<\/ul>\n<\/li>\n<\/ul>\n<\/li>\n<li>\n<h2>Programsko su\u010delje aplikacije:<\/h2>\n<ul>\n<li>\n<h3>Podr\u017eava PC\/SC<\/h3>\n<\/li>\n<li>\n<h3>Podr\u017eava CT-API (kroz omot na vrhu PC\/SC)<\/h3>\n<\/li>\n<\/ul>\n<\/li>\n<li>\n<h2>Periferije:<\/h2>\n<ul>\n<li>\n<h3>Dvobojna LED dioda koju mo\u017ee kontrolirati korisnik (plava i zelena)<\/h3>\n<\/li>\n<li>\n<h3>Zujalo koje kontrolira korisnik (Monotono)<\/h3>\n<\/li>\n<li>\n<h3>Jedan SAM utor<\/h3>\n<\/li>\n<\/ul>\n<\/li>\n<li>\n<h2>Mogu\u0107nost nadogradnje USB firmvera<\/h2>\n<\/li>\n<\/ul>\n<table width=\"598\">\n<tbody>\n<tr>\n<td colspan=\"2\" width=\"598\">Fizi\u010dke karakteristike<\/td>\n<\/tr>\n<tr>\n<td width=\"225\">Dimenzije (mm)<\/td>\n<td width=\"373\">Glavno tijelo: 98 x 65 x 12,8 mm<\/td>\n<\/tr>\n<tr>\n<td width=\"225\">Te\u017eina (g)<\/td>\n<td width=\"373\">89 g<\/td>\n<\/tr>\n<tr>\n<td colspan=\"2\" width=\"598\">USB su\u010delje<\/td>\n<\/tr>\n<tr>\n<td width=\"225\">Protokol<\/td>\n<td width=\"373\">USB CCID<\/td>\n<\/tr>\n<tr>\n<td width=\"225\">Vrsta konektora<\/td>\n<td width=\"373\">USB vrste A (ACR1552U-A2), USB vrste C (ACR1552U-MF)<\/td>\n<\/tr>\n<tr>\n<td width=\"225\">Izvor napajanja<\/td>\n<td width=\"373\">Iz USB priklju\u010dka<\/td>\n<\/tr>\n<tr>\n<td width=\"225\">Ubrzati<\/td>\n<td width=\"373\">USB pune brzine (12 Mbps)<\/td>\n<\/tr>\n<tr>\n<td width=\"225\">Du\u017eina kabela<\/td>\n<td width=\"373\">1m, neodvojiv<\/td>\n<\/tr>\n<tr>\n<td colspan=\"2\" width=\"598\">Su\u010delje beskontaktne pametne kartice<\/td>\n<\/tr>\n<tr>\n<td width=\"225\">Standard<\/td>\n<td width=\"373\">ISO\/IEC 18092 NFC, ISO 14443 Tip A &amp; B, ISO 15693, MIFARE\u00ae, FeliCa<\/td>\n<\/tr>\n<tr>\n<td rowspan=\"5\" width=\"225\">Protokol<\/td>\n<td width=\"373\">ISO 14443-4 kompatibilna kartica, T=CL<\/td>\n<\/tr>\n<tr>\n<td width=\"373\">MIFARE\u00ae Classic Card, T=CL<\/td>\n<\/tr>\n<tr>\n<td width=\"373\">ISO 15693<\/td>\n<\/tr>\n<tr>\n<td width=\"373\">ISO 18092 NFC oznake<\/td>\n<\/tr>\n<tr>\n<td width=\"373\">FeliCa<\/td>\n<\/tr>\n<tr>\n<td colspan=\"2\" width=\"598\">Ugra\u0111ene periferije<\/td>\n<\/tr>\n<tr>\n<td width=\"225\">LED<\/td>\n<td width=\"373\">1 dvobojna: plava i zelena<\/td>\n<\/tr>\n<tr>\n<td width=\"225\">Zujalo<\/td>\n<td width=\"373\">Da<\/td>\n<\/tr>\n<tr>\n<td colspan=\"2\" width=\"598\">Druge zna\u010dajke<\/td>\n<\/tr>\n<tr>\n<td rowspan=\"4\" width=\"225\">Druge zna\u010dajke<\/td>\n<td width=\"373\">Podr\u017eane vrste kartica:<\/td>\n<\/tr>\n<tr>\n<td width=\"373\">ISO 14443 tip A &amp; B dijelovi 1-4, ISO 15693, ISO 18092 NFC, MIFARE\u00ae, FeliCa, SRI\/SRIX, CTS, Innovatron, Picopass, Topaz kartica<\/td>\n<\/tr>\n<tr>\n<td width=\"373\">\u00a0 NFC zna\u010dajke:<\/td>\n<\/tr>\n<tr>\n<td width=\"373\">\u010cita\u010d\/pisa\u010d pametnih kartica, emulacija tipkovnice, emulacija kartice<\/td>\n<\/tr>\n<tr>\n<td width=\"225\">Nadogradnja firmvera<\/td>\n<td width=\"373\">Podr\u017eano<\/td>\n<\/tr>\n<tr>\n<td colspan=\"2\" width=\"598\">Certifikati\/sukladnost<\/td>\n<\/tr>\n<tr>\n<td rowspan=\"4\" width=\"225\">Certifikati\/sukladnost<\/td>\n<td width=\"373\">Certifikati:<\/td>\n<\/tr>\n<tr>\n<td width=\"373\">IEC\/EN 62368, CE, UKCA, FCC, VCCI, KC, J-LIS, RoHS, REACH, WEEE, Microsoft\u00ae WHQL, IP67<\/td>\n<\/tr>\n<tr>\n<td width=\"373\">Uskla\u0111enost:<\/td>\n<\/tr>\n<tr>\n<td width=\"373\">USB CCID, PC\/SC<\/td>\n<\/tr>\n<tr>\n<td colspan=\"2\" width=\"598\">Podr\u0161ka za operativni sustav upravlja\u010dkog programa ure\u0111aja<\/td>\n<\/tr>\n<tr>\n<td width=\"225\">Podr\u0161ka za operativni sustav upravlja\u010dkog programa ure\u0111aja<\/td>\n<td width=\"373\">Windows\u00ae, Linux\u00ae, macOS, Android\u2122, iOS\/iPadOS (16 ili noviji)<\/td>\n<\/tr>\n<tr>\n<td><\/td>\n<td><\/td>\n<\/tr>\n<\/tbody>\n<\/table>","protected":false},"excerpt":{"rendered":"<p>ACR1552U-A2 AquaGuard NFC USB UID \u010dita\u010d kartica je robustan ure\u0111aj dizajniran za pouzdan rad u izazovnim okru\u017eenjima.<\/p>","protected":false},"featured_media":2770,"template":"","meta":[],"product_brand":[],"product_cat":[45,40],"product_tag":[],"class_list":{"0":"post-2765","1":"product","2":"type-product","3":"status-publish","4":"has-post-thumbnail","6":"product_cat-contactless-nfc-reader","7":"product_cat-rfid-nfc-reader","9":"first","10":"instock","11":"shipping-taxable","12":"product-type-simple"},"_links":{"self":[{"href":"https:\/\/nfc-readers.com\/hr\/wp-json\/wp\/v2\/product\/2765","targetHints":{"allow":["GET"]}}],"collection":[{"href":"https:\/\/nfc-readers.com\/hr\/wp-json\/wp\/v2\/product"}],"about":[{"href":"https:\/\/nfc-readers.com\/hr\/wp-json\/wp\/v2\/types\/product"}],"wp:featuredmedia":[{"embeddable":true,"href":"https:\/\/nfc-readers.com\/hr\/wp-json\/wp\/v2\/media\/2770"}],"wp:attachment":[{"href":"https:\/\/nfc-readers.com\/hr\/wp-json\/wp\/v2\/media?parent=2765"}],"wp:term":[{"taxonomy":"product_brand","embeddable":true,"href":"https:\/\/nfc-readers.com\/hr\/wp-json\/wp\/v2\/product_brand?post=2765"},{"taxonomy":"product_cat","embeddable":true,"href":"https:\/\/nfc-readers.com\/hr\/wp-json\/wp\/v2\/product_cat?post=2765"},{"taxonomy":"product_tag","embeddable":true,"href":"https:\/\/nfc-readers.com\/hr\/wp-json\/wp\/v2\/product_tag?post=2765"}],"curies":[{"name":"wp","href":"https:\/\/api.w.org\/{rel}","templated":true}]}}