{"id":2773,"date":"2024-06-11T14:17:35","date_gmt":"2024-06-11T14:17:35","guid":{"rendered":"https:\/\/nfc-readers.com\/?post_type=product&#038;p=2773"},"modified":"2024-09-23T06:15:02","modified_gmt":"2024-09-23T06:15:02","slug":"acr1555u-a1-bluetooth-nfc-usb-contactless-reader-writer","status":"publish","type":"product","link":"https:\/\/nfc-readers.com\/hr\/ic-reader\/acr1555u-a1-bluetooth-nfc-usb-contactless-reader-writer\/","title":{"rendered":"ACR1555U-A1 Bluetooth NFC USB beskontaktni \u010dita\u010d pisa\u010d"},"content":{"rendered":"<h1>ACR1555U-A1 Bluetooth NFC USB beskontaktni \u010dita\u010d pisa\u010d<\/h1>\n<div class=\"auto-hide-last-sibling-br paragraph_1252f paragraph-element\">ACR1555U-A1 NFC Bluetooth\u00ae \u010dita\u010d uskla\u0111en je sa standardima ISO 14443 dijelovi 1-4 i ISO 18092, podr\u017eavaju\u0107i \u0161irok raspon beskontaktnih kartica, uklju\u010duju\u0107i MIFARE kartice, FeliCa\u2122 kartice, ISO 7816 klase A, B i C (5V, 3V i 1.8V) SAM kartice i NFC oznake. \u010cita\u010d podr\u017eava Bluetooth Standard 5.2 u single-mode radu i tako\u0111er je USB Type-C ure\u0111aj, osiguravaju\u0107i kompatibilnost s razli\u010ditim operativnim sustavima kao \u0161to su iOS, Android\u2122, Linux i Windows. Za napajanje, ACR1555U je opremljen s 450mAh 3.7 V Li-ion baterija. Sadr\u017ei 3 LED diode i zujalicu za ozna\u010davanje operativnog statusa ure\u0111aja, zajedno s 2 tipke za kontrolu baterije, statusa ure\u0111aja i Bluetooth statusa. To \u010dini ACR1555U svestranim i korisniku prilago\u0111enim NFC Bluetooth\u00ae \u010dita\u010dem prikladnim za razli\u010dite primjene.<\/div>\n<table width=\"641\">\n<tbody>\n<tr>\n<td colspan=\"2\" width=\"641\">Fizi\u010dke karakteristike<\/td>\n<\/tr>\n<tr>\n<td width=\"210\">Dimenzije (mm)<\/td>\n<td width=\"431\">93 mm (D) x 58 mm (\u0160) x 6,0 mm (V)<\/td>\n<\/tr>\n<tr>\n<td width=\"210\"><\/td>\n<td width=\"431\">94 mm (D) x 60,2 mm (\u0160) x 9,0 mm (V) (s dr\u017ea\u010dem kartice)<\/td>\n<\/tr>\n<tr>\n<td width=\"210\">Te\u017eina (g)<\/td>\n<td width=\"431\">31,0 g (\u010dita\u010d kartica)<\/td>\n<\/tr>\n<tr>\n<td width=\"210\"><\/td>\n<td width=\"431\">39,0 g (sa dr\u017ea\u010dem kartice)<\/td>\n<\/tr>\n<tr>\n<td colspan=\"2\" width=\"641\">Bluetooth su\u010delje<\/td>\n<\/tr>\n<tr>\n<td width=\"210\">Protokol<\/td>\n<td width=\"431\">Bluetooth\u00ae (Bluetooth 5.2)<\/td>\n<\/tr>\n<tr>\n<td width=\"210\">Izvor napajanja<\/td>\n<td width=\"431\">Punjiva litij-ionska baterija (punjenje preko USB-a)<\/td>\n<\/tr>\n<tr>\n<td colspan=\"2\" width=\"641\">USB su\u010delje<\/td>\n<\/tr>\n<tr>\n<td width=\"210\">Protokol<\/td>\n<td width=\"431\">USB CCID<\/td>\n<\/tr>\n<tr>\n<td width=\"210\">Vrsta konektora<\/td>\n<td width=\"431\">USB TIP C<\/td>\n<\/tr>\n<tr>\n<td width=\"210\">Izvor napajanja<\/td>\n<td width=\"431\">S USB priklju\u010dka<\/td>\n<\/tr>\n<tr>\n<td width=\"210\">Ubrzati<\/td>\n<td width=\"431\">USB pune brzine (12 Mbps)<\/td>\n<\/tr>\n<tr>\n<td width=\"210\">Du\u017eina kabela<\/td>\n<td width=\"431\">1 m, Odvojivi<\/td>\n<\/tr>\n<tr>\n<td colspan=\"2\" width=\"641\">Su\u010delje beskontaktne pametne kartice<\/td>\n<\/tr>\n<tr>\n<td width=\"210\">Standard<\/td>\n<td width=\"431\">ISO\/IEC 18092 NFC,ISO15693, ISO 14443 Tip A &amp; B, MIFARE, FeliCa<\/td>\n<\/tr>\n<tr>\n<td width=\"210\">Protokol<\/td>\n<td width=\"431\">ISO 14443-4 kompatibilna kartica, T=CL<br \/>\nMIFARE Classic Card, T=CL<br \/>\nISO 18092, NFC oznake<br \/>\nFeliCa<\/td>\n<\/tr>\n<tr>\n<td colspan=\"2\" width=\"641\">Ugra\u0111ene periferije<\/td>\n<\/tr>\n<tr>\n<td width=\"210\">LED<\/td>\n<td width=\"431\">2 dvobojne boje: crvena i plava, crvena i zelena<\/td>\n<\/tr>\n<tr>\n<td width=\"210\">Podr\u017eava razne NFC zna\u010dajke<\/td>\n<td width=\"431\"><\/td>\n<\/tr>\n<tr>\n<td width=\"210\"><\/td>\n<td width=\"431\">Na\u010din \u010ditanja\/pisanja kartica<\/td>\n<\/tr>\n<tr>\n<td width=\"210\"><\/td>\n<td width=\"431\">Na\u010din emulacije kartice<\/td>\n<\/tr>\n<tr>\n<td width=\"210\"><\/td>\n<td width=\"431\">Podr\u017eava na\u010din emulacije tipkovnice<\/td>\n<\/tr>\n<tr>\n<td colspan=\"2\" width=\"641\">Druge zna\u010dajke<\/td>\n<\/tr>\n<tr>\n<td width=\"210\">\u0160ifriranje<\/td>\n<td width=\"431\">Algoritam \u0161ifriranja AES 128 u ure\u0111aju<\/td>\n<\/tr>\n<tr>\n<td width=\"210\">Nadogradnja firmvera<\/td>\n<td width=\"431\">Podr\u017eano<\/td>\n<\/tr>\n<tr>\n<td colspan=\"2\" width=\"641\">Certifikati\/sukladnost<\/td>\n<\/tr>\n<tr>\n<td rowspan=\"14\" width=\"210\">Certifikati\/sukladnost<\/td>\n<td>EN \/IEC 62368<\/td>\n<\/tr>\n<tr>\n<td>ISO 18092<\/td>\n<\/tr>\n<tr>\n<td>ISO 14443<\/td>\n<\/tr>\n<tr>\n<td>ISO 15693<\/td>\n<\/tr>\n<tr>\n<td>Bluetooth\u00aeBQB<\/td>\n<\/tr>\n<tr>\n<td>KCC<\/td>\n<\/tr>\n<tr>\n<td>UKCA<\/td>\n<\/tr>\n<tr>\n<td>CE<\/td>\n<\/tr>\n<tr>\n<td>FCC<\/td>\n<\/tr>\n<tr>\n<td>RoHS<\/td>\n<\/tr>\n<tr>\n<td>DOHVATITI<\/td>\n<\/tr>\n<tr>\n<td>TELEC (Japan)<\/td>\n<\/tr>\n<tr>\n<td>VCCI<\/td>\n<\/tr>\n<tr>\n<td>Microsoft\u00ae WHQL<\/td>\n<\/tr>\n<tr>\n<td colspan=\"2\" width=\"641\">Podr\u0161ka za operativni sustav upravlja\u010dkog programa ure\u0111aja<\/td>\n<\/tr>\n<tr>\n<td rowspan=\"5\" width=\"210\">Podr\u0161ka za operativni sustav upravlja\u010dkog programa ure\u0111aja<\/td>\n<td width=\"431\">Windows\u00ae<\/td>\n<\/tr>\n<tr>\n<td width=\"431\">Linux\u00ae<\/td>\n<\/tr>\n<tr>\n<td width=\"431\">MAC OS\u00ae 10.7 i noviji<\/td>\n<\/tr>\n<tr>\n<td width=\"431\">Android\u2122 4.3 i noviji<\/td>\n<\/tr>\n<tr>\n<td width=\"431\">iOS 8.0 i noviji<\/td>\n<\/tr>\n<\/tbody>\n<\/table>\n<p>&nbsp;<\/p>","protected":false},"excerpt":{"rendered":"<div class=\"auto-hide-last-sibling-br paragraph_1252f paragraph-element\">ACR1555U-A1 je prijenosni Bluetooth\u00ae NFC \u010dita\u010d koji omogu\u0107uje pametne kartice i NFC aplikacije u pokretu.<\/div>","protected":false},"featured_media":2774,"template":"","meta":[],"product_brand":[],"product_cat":[45,38],"product_tag":[],"class_list":{"0":"post-2773","1":"product","2":"type-product","3":"status-publish","4":"has-post-thumbnail","6":"product_cat-contactless-nfc-reader","7":"product_cat-mobile-ble-nfc-reader","9":"first","10":"instock","11":"shipping-taxable","12":"product-type-simple"},"_links":{"self":[{"href":"https:\/\/nfc-readers.com\/hr\/wp-json\/wp\/v2\/product\/2773","targetHints":{"allow":["GET"]}}],"collection":[{"href":"https:\/\/nfc-readers.com\/hr\/wp-json\/wp\/v2\/product"}],"about":[{"href":"https:\/\/nfc-readers.com\/hr\/wp-json\/wp\/v2\/types\/product"}],"wp:featuredmedia":[{"embeddable":true,"href":"https:\/\/nfc-readers.com\/hr\/wp-json\/wp\/v2\/media\/2774"}],"wp:attachment":[{"href":"https:\/\/nfc-readers.com\/hr\/wp-json\/wp\/v2\/media?parent=2773"}],"wp:term":[{"taxonomy":"product_brand","embeddable":true,"href":"https:\/\/nfc-readers.com\/hr\/wp-json\/wp\/v2\/product_brand?post=2773"},{"taxonomy":"product_cat","embeddable":true,"href":"https:\/\/nfc-readers.com\/hr\/wp-json\/wp\/v2\/product_cat?post=2773"},{"taxonomy":"product_tag","embeddable":true,"href":"https:\/\/nfc-readers.com\/hr\/wp-json\/wp\/v2\/product_tag?post=2773"}],"curies":[{"name":"wp","href":"https:\/\/api.w.org\/{rel}","templated":true}]}}