{"id":2875,"date":"2024-07-02T01:48:57","date_gmt":"2024-07-02T01:48:57","guid":{"rendered":"https:\/\/nfc-readers.com\/?post_type=product&#038;p=2875"},"modified":"2024-09-23T05:44:47","modified_gmt":"2024-09-23T05:44:47","slug":"acr39t-a5-usb-type-c-contact-sim-sized-smartcard-reader-writer","status":"publish","type":"product","link":"https:\/\/nfc-readers.com\/hr\/ic-reader\/acr39t-a5-usb-type-c-contact-sim-sized-smartcard-reader-writer\/","title":{"rendered":"ACR39T-A5 USB tip C Kontakt \u010dita\u010d pametnih kartica veli\u010dine SIM kartice Writer"},"content":{"rendered":"<h1>ACR39T-A5 USB tip C Kontakt \u010dita\u010d pametnih kartica veli\u010dine SIM kartice Writer<\/h1>\n<div class=\"auto-hide-last-sibling-br paragraph_9dc5f paragraph-element\">ACR39T-A5 predstavlja proboj u podru\u010dju \u010dita\u010da pametnih kartica, prikazuju\u0107i i naprednu tehnologiju i suvremeni dizajn. Ovaj \u010dita\u010d pametnih kartica veli\u010dine SIM-a je mo\u017eda kompaktan, ali je prepun brojnih zna\u010dajki. Kombiniraju\u0107i vrhunsku tehnologiju s elegantnim dizajnom, ACR39T-A5 projektiran je da zadovolji stroge zahtjeve u razli\u010ditim aplikacijama pametnih kartica. ACR39T-A5 je kompatibilan s ISO 7816 klasa A, B i C pametnim karticama (rade na 5 V, 3 V i 1,8 V) i u\u010dinkovito rukuje \u0161irokim rasponom memorijskih kartica i mikroprocesorskih kartica koje koriste protokol T=0 i T=1. Uz USB Full Speed su\u010delje s USB Type C konektorom, ure\u0111aj podr\u017eava brzine \u010ditanja\/pisanja pametne kartice do 600 Kbps. To ga \u010dini izvrsnim izborom za niz rje\u0161enja, uklju\u010duju\u0107i fizi\u010dku i logi\u010dku kontrolu pristupa, digitalne potpise i internetsko bankarstvo.<\/div>\n<div>\n<ul>\n<li>\n<h2>USB 2.0 su\u010delje pune brzine<\/h2>\n<\/li>\n<li>\n<h2>USB tip C konektor<\/h2>\n<\/li>\n<li>\n<h2>Plug and Play \u2013 CCID podr\u0161ka donosi najve\u0107u mobilnost<\/h2>\n<\/li>\n<li>\n<h2>\u010cita\u010d pametnih kartica:<\/h2>\n<ul>\n<li>\n<h3>Podr\u017eava ISO 7816 kartice klase A, B i C (5 V, 3 V, 1,8 V)<\/h3>\n<\/li>\n<li>\n<h3>Podr\u017eava mikroprocesorske kartice s T=0 ili T=1 protokolom<\/h3>\n<\/li>\n<li>\n<h3>Podr\u017eava memorijske kartice<\/h3>\n<\/li>\n<li>\n<h3>Podr\u017eava PPS (Protokol i odabir parametara)<\/h3>\n<\/li>\n<li>\n<h3>Sadr\u017ei za\u0161titu od kratkog spoja<\/h3>\n<\/li>\n<\/ul>\n<\/li>\n<li>\n<h2>Programsko su\u010delje aplikacije:<\/h2>\n<ul>\n<li>\n<h3>Podr\u017eava PC\/SC<\/h3>\n<\/li>\n<li>\n<h3>Podr\u017eava CT-API (kroz omot na vrhu PC\/SC)<\/h3>\n<\/li>\n<\/ul>\n<\/li>\n<li>\n<h2>Podr\u017eava Android\u2122 3.1 i novije<\/h2>\n<\/li>\n<\/ul>\n<table width=\"636\">\n<tbody>\n<tr>\n<td colspan=\"2\" width=\"636\">\n<h2>Fizi\u010dke karakteristike<\/h2>\n<\/td>\n<\/tr>\n<tr>\n<td width=\"223\">Dimenzije (mm)<\/td>\n<td width=\"413\">49,5 mm (D) \u00d7 21,5 mm (\u0160) \u00d7 9,0 mm (V)<\/td>\n<\/tr>\n<tr>\n<td width=\"223\">Te\u017eina (g)<\/td>\n<td width=\"413\">7 g<\/td>\n<\/tr>\n<tr>\n<td colspan=\"2\" width=\"636\">USB su\u010delje<\/td>\n<\/tr>\n<tr>\n<td width=\"223\">Protokol<\/td>\n<td width=\"413\">USB CCID<\/td>\n<\/tr>\n<tr>\n<td width=\"223\">Vrsta konektora<\/td>\n<td width=\"413\">Standardni tip C<\/td>\n<\/tr>\n<tr>\n<td width=\"223\">Izvor napajanja<\/td>\n<td width=\"413\">S USB priklju\u010dka<\/td>\n<\/tr>\n<tr>\n<td width=\"223\">Ubrzati<\/td>\n<td width=\"413\">USB pune brzine (12 Mbps)<\/td>\n<\/tr>\n<tr>\n<td colspan=\"2\" width=\"636\">Kontaktirajte su\u010delje pametne kartice<\/td>\n<\/tr>\n<tr>\n<td width=\"223\">Broj utora<\/td>\n<td width=\"413\">1 utor za SIM karticu<\/td>\n<\/tr>\n<tr>\n<td width=\"223\">Standard<\/td>\n<td width=\"413\">ISO 7816, dijelovi 1-4, klasa A, B, C (5 V, 3 V, 1,8 V)<\/td>\n<\/tr>\n<tr>\n<td width=\"223\">Protokol<\/td>\n<td width=\"413\">T=0; T=1; Podr\u0161ka za memorijsku karticu<\/td>\n<\/tr>\n<tr>\n<td colspan=\"2\" width=\"636\">Ugra\u0111ene periferije<\/td>\n<\/tr>\n<tr>\n<td width=\"223\">LED<\/td>\n<td width=\"413\">1 jednobojna: zelena<\/td>\n<\/tr>\n<tr>\n<td colspan=\"2\" width=\"636\">Certifikati\/sukladnost<\/td>\n<\/tr>\n<tr>\n<td rowspan=\"13\" width=\"223\">Certifikati\/sukladnost<\/td>\n<td width=\"413\">EN62368\/IEC 62368<\/td>\n<\/tr>\n<tr>\n<td width=\"413\">CE<\/td>\n<\/tr>\n<tr>\n<td width=\"413\">FCC<\/td>\n<\/tr>\n<tr>\n<td width=\"413\">RoHS<\/td>\n<\/tr>\n<tr>\n<td width=\"413\">DOHVATITI<\/td>\n<\/tr>\n<tr>\n<td width=\"413\">UKCA<\/td>\n<\/tr>\n<tr>\n<td width=\"413\">VCCI<\/td>\n<\/tr>\n<tr>\n<td width=\"413\">WEEE<\/td>\n<\/tr>\n<tr>\n<td width=\"413\">ISO 7816<\/td>\n<\/tr>\n<tr>\n<td width=\"413\">USB 2.0 pune brzine<\/td>\n<\/tr>\n<tr>\n<td width=\"413\">PC\/SC<\/td>\n<\/tr>\n<tr>\n<td width=\"413\">CCID<\/td>\n<\/tr>\n<tr>\n<td width=\"413\">Microsoft\u00ae WHQL<\/td>\n<\/tr>\n<tr>\n<td colspan=\"2\" width=\"636\">Podr\u0161ka za operativni sustav upravlja\u010dkog programa ure\u0111aja<\/td>\n<\/tr>\n<tr>\n<td rowspan=\"4\" width=\"223\">Podr\u0161ka za operativni sustav upravlja\u010dkog programa ure\u0111aja<\/td>\n<td width=\"413\">Windows\u00ae<\/td>\n<\/tr>\n<tr>\n<td width=\"413\">Linux\u00ae<\/td>\n<\/tr>\n<tr>\n<td width=\"413\">macOS\u00ae 10.7 i noviji<\/td>\n<\/tr>\n<tr>\n<td width=\"413\">Android\u2122 3.1 i noviji Solaris\u2122<\/td>\n<\/tr>\n<\/tbody>\n<\/table>\n<\/div>\n<div><\/div>","protected":false},"excerpt":{"rendered":"<div class=\"auto-hide-last-sibling-br paragraph_9dc5f paragraph-element\">ACR39T-A5 je kompaktni \u010dita\u010d SIM kartica koji koristi naprednu tehnologiju za u\u010dinkovit rad pametnih kartica.<\/div>","protected":false},"featured_media":2876,"template":"","meta":[],"product_brand":[],"product_cat":[39],"product_tag":[],"class_list":{"0":"post-2875","1":"product","2":"type-product","3":"status-publish","4":"has-post-thumbnail","6":"product_cat-usb-ic-smartcard-reader","8":"first","9":"instock","10":"shipping-taxable","11":"product-type-simple"},"_links":{"self":[{"href":"https:\/\/nfc-readers.com\/hr\/wp-json\/wp\/v2\/product\/2875","targetHints":{"allow":["GET"]}}],"collection":[{"href":"https:\/\/nfc-readers.com\/hr\/wp-json\/wp\/v2\/product"}],"about":[{"href":"https:\/\/nfc-readers.com\/hr\/wp-json\/wp\/v2\/types\/product"}],"wp:featuredmedia":[{"embeddable":true,"href":"https:\/\/nfc-readers.com\/hr\/wp-json\/wp\/v2\/media\/2876"}],"wp:attachment":[{"href":"https:\/\/nfc-readers.com\/hr\/wp-json\/wp\/v2\/media?parent=2875"}],"wp:term":[{"taxonomy":"product_brand","embeddable":true,"href":"https:\/\/nfc-readers.com\/hr\/wp-json\/wp\/v2\/product_brand?post=2875"},{"taxonomy":"product_cat","embeddable":true,"href":"https:\/\/nfc-readers.com\/hr\/wp-json\/wp\/v2\/product_cat?post=2875"},{"taxonomy":"product_tag","embeddable":true,"href":"https:\/\/nfc-readers.com\/hr\/wp-json\/wp\/v2\/product_tag?post=2875"}],"curies":[{"name":"wp","href":"https:\/\/api.w.org\/{rel}","templated":true}]}}