{"id":3178,"date":"2024-10-29T13:08:37","date_gmt":"2024-10-29T13:08:37","guid":{"rendered":"https:\/\/nfc-readers.com\/?post_type=product&#038;p=3178"},"modified":"2024-10-29T14:04:44","modified_gmt":"2024-10-29T14:04:44","slug":"optional-random-id-mifare-ultralight-aes-sticker-iso1443a","status":"publish","type":"product","link":"https:\/\/nfc-readers.com\/hr\/ic-reader\/optional-random-id-mifare-ultralight-aes-sticker-iso1443a\/","title":{"rendered":"izborna Random ID Mifare Ultralight AES naljepnica ISO1443A"},"content":{"rendered":"<h1><strong>izborna Random ID Mifare Ultralight AES naljepnica ISO1443A<\/strong><\/h1>\n<p>The\u00a0<strong>Dodatni nasumi\u010dni ID Mifare Ultralight AES naljepnica ISO14443A<\/strong>\u00a0predstavlja vrhunac moderne tehnologije prodaje karata i kontrole pristupa. Kombiniraju\u0107i prednosti RFID i NFC komunikacije, ova svestrana pametna kartica osigurava visoku sigurnost i prakti\u010dnost, \u0161to je \u010dini idealnom za razne primjene kao \u0161to su kupnja ulaznica za doga\u0111aje i kartice vjernosti. Ako tra\u017eite pouzdano rje\u0161enje koje se isti\u010de u performansama uz besprijekorno korisni\u010dko iskustvo, ne tra\u017eite dalje od ovog inovativnog proizvoda.<\/p>\n<h2>Za\u0161to odabrati Mifare Ultralight AES naljepnicu?<\/h2>\n<p>Mifare Ultralight AES naljepnica dizajnirana je za pove\u0107anje sigurnosti i upotrebljivosti u mno\u0161tvu slu\u010dajeva upotrebe. Svojom AES enkripcijom va\u0161i su podaci za\u0161ti\u0107eni od neovla\u0161tenog pristupa, \u0161to osigurava bezbri\u017enost. Kompaktan dizajn omogu\u0107uje jednostavnu integraciju u postoje\u0107e sustave, dok \u0161irok raspon o\u010ditanja (do 100 cm) nudi neusporedivu prakti\u010dnost. Ulaganje u ovaj proizvod zna\u010di ulaganje u vrhunsku tehnologiju koja zadovoljava razli\u010dite potrebe.<\/p>\n<h3><strong>Visoka sigurnost s AES enkripcijom<\/strong><\/h3>\n<p>Sr\u017e Mifare Ultralight AES naljepnice je visoka razina sigurnosti koju pru\u017ea\u00a0<strong>AES (napredni standard \u0161ifriranja)<\/strong>. Ova najsuvremenija tehnologija \u0161ifriranja \u0161titi korisni\u010dke podatke i osigurava sigurnu komunikaciju izme\u0111u naljepnice i \u010dita\u010da kartica. Kako sigurnosni problemi nastavljaju rasti u dana\u0161njem digitalnom krajoliku, posjedovanje pouzdanog rje\u0161enja za pametne kartice klju\u010dno je za tvrtke koje \u017eele za\u0161tititi osjetljive informacije.<\/p>\n<h3><strong>Svestrana podru\u010dja primjene<\/strong><\/h3>\n<p>Mifare Ultralight AES naljepnica nije samo pametna kartica; to je svestrano rje\u0161enje koje se mo\u017ee koristiti u raznim primjenama. To uklju\u010duje prodaju ulaznica za doga\u0111aje, programe vjernosti, kartice za prijevoz i sustave kontrole pristupa. The\u00a0<strong>ISO 14443A<\/strong>\u00a0uskla\u0111enost osigurava globalnu kompatibilnost, \u0161to ga \u010dini visoko prilagodljivim za tvrtke koje \u017eele pojednostaviti poslovanje i pobolj\u0161ati korisni\u010dko iskustvo.<\/p>\n<h3><strong>Kompaktan i prilagodljiv dizajn<\/strong><\/h3>\n<p>The\u00a0<strong>Veli\u010dina 30 mm<\/strong>\u00a0Mifare Ultralight AES naljepnica pogodna je za jednostavno pri\u010dvr\u0161\u0107ivanje na razne predmete, od bed\u017eeva do privjesaka za klju\u010deve. Njegove prilagodljive opcije pru\u017eaju tvrtkama priliku da neprimjetno ugrade brendiranje, osiguravaju\u0107i da svaka naljepnica ne samo da u\u010dinkovito funkcionira, ve\u0107 i u\u010dinkovito predstavlja va\u0161 brend.<\/p>\n<table class=\"preview\" style=\"height: 270px;\" width=\"553\">\n<thead>\n<tr>\n<th>Zna\u010dajka<\/th>\n<th>Specifikacija<\/th>\n<\/tr>\n<\/thead>\n<tbody>\n<tr>\n<td>Materijal<\/td>\n<td>PET\/premazani papir<\/td>\n<\/tr>\n<tr>\n<td>\u010cip<\/td>\n<td>Ultralaki AES<\/td>\n<\/tr>\n<tr>\n<td>Frekvencija<\/td>\n<td>13,56 MHz<\/td>\n<\/tr>\n<tr>\n<td>Raspon \u010ditanja<\/td>\n<td>0-100 cm<\/td>\n<\/tr>\n<tr>\n<td>Memorija<\/td>\n<td>144 bajta<\/td>\n<\/tr>\n<tr>\n<td>Protokol<\/td>\n<td>ISO 14443A<\/td>\n<\/tr>\n<tr>\n<td>Prodaja jedinica<\/td>\n<td>Pojedina\u010dna stavka<\/td>\n<\/tr>\n<tr>\n<td>Veli\u010dina pakiranja<\/td>\n<td>0,1 x 0,1 x 0,02 cm<\/td>\n<\/tr>\n<tr>\n<td>Bruto te\u017eina<\/td>\n<td>0,010 kg<\/td>\n<\/tr>\n<\/tbody>\n<\/table>\n<p>&nbsp;<\/p>","protected":false},"excerpt":{"rendered":"<p>Dodatna Random ID MIFARE Ultralight AES naljepnica, uskla\u0111ena s ISO 14443A, nudi pobolj\u0161ane sigurnosne zna\u010dajke i fleksibilno upravljanje podacima za u\u010dinkovitu kontrolu pristupa i rje\u0161enja za identifikaciju. Njegov kompaktni dizajn omogu\u0107uje jednostavnu integraciju u razli\u010dite aplikacije uz osiguravanje pouzdanog rada.<\/p>","protected":false},"featured_media":3179,"template":"","meta":[],"product_brand":[],"product_cat":[48],"product_tag":[],"class_list":{"0":"post-3178","1":"product","2":"type-product","3":"status-publish","4":"has-post-thumbnail","6":"product_cat-nfc-stickers","8":"first","9":"instock","10":"shipping-taxable","11":"product-type-simple"},"_links":{"self":[{"href":"https:\/\/nfc-readers.com\/hr\/wp-json\/wp\/v2\/product\/3178","targetHints":{"allow":["GET"]}}],"collection":[{"href":"https:\/\/nfc-readers.com\/hr\/wp-json\/wp\/v2\/product"}],"about":[{"href":"https:\/\/nfc-readers.com\/hr\/wp-json\/wp\/v2\/types\/product"}],"wp:featuredmedia":[{"embeddable":true,"href":"https:\/\/nfc-readers.com\/hr\/wp-json\/wp\/v2\/media\/3179"}],"wp:attachment":[{"href":"https:\/\/nfc-readers.com\/hr\/wp-json\/wp\/v2\/media?parent=3178"}],"wp:term":[{"taxonomy":"product_brand","embeddable":true,"href":"https:\/\/nfc-readers.com\/hr\/wp-json\/wp\/v2\/product_brand?post=3178"},{"taxonomy":"product_cat","embeddable":true,"href":"https:\/\/nfc-readers.com\/hr\/wp-json\/wp\/v2\/product_cat?post=3178"},{"taxonomy":"product_tag","embeddable":true,"href":"https:\/\/nfc-readers.com\/hr\/wp-json\/wp\/v2\/product_tag?post=3178"}],"curies":[{"name":"wp","href":"https:\/\/api.w.org\/{rel}","templated":true}]}}